{"id":160304,"date":"2015-02-18T16:52:58","date_gmt":"2015-02-18T15:52:58","guid":{"rendered":"https:\/\/mini-bob.com\/milka-mini-bob\/"},"modified":"2025-11-25T09:59:53","modified_gmt":"2025-11-25T08:59:53","slug":"milka-mini-bob","status":"publish","type":"page","link":"https:\/\/mini-bob.com\/es\/milka-mini-bob\/","title":{"rendered":"Milka mini bob"},"content":{"rendered":"<div class=\"wpb-content-wrapper\"><p>[vc_row][vc_column][vc_custom_heading text=\u00bbmini bob con dise\u00f1o MILKA\u00bb google_fonts=\u00bbfont_family:Roboto%20Condensed%3A300%2C300italic%2Cregular%2Citalic%2C700%2C700italic|font_style:400%20regular%3A400%3Anormal\u00bb][vc_column_text]MILKA y mini bob han formado una s\u00f3lida asociaci\u00f3n.<br \/>\nEl resultado es el mini bob con dise\u00f1o MILKA.[\/vc_column_text][\/vc_column][\/vc_row][vc_row][vc_column width=\u00bb1\/2&#8243;][vc_single_image image=\u00bb160307&#8243; img_size=\u00bblarge\u00bb][\/vc_column][vc_column width=\u00bb1\/2&#8243;][vc_column_text]El mini bob con dise\u00f1o MILKA es un mini bob original y, por tanto, ofrece todas las caracter\u00edsticas habituales de diversi\u00f3n al montar. El color es MILKA: morado chocolate y blanco. El mini bob con dise\u00f1o MILKA es una serie especial limitada.  <\/p>\n<p>\u00bfTe interesa un mini bob con dise\u00f1o MILKA? Puedes pedir el mini bob con dise\u00f1o MILKA a trav\u00e9s de la tienda web de Milka. <\/p>\n<p>&nbsp;<\/p>\n<p>++ \u00a1Lamentablemente, el mini bob con dise\u00f1o MILKA ya est\u00e1 agotado! ++[\/vc_column_text]<style type=\"text\/css\" data-type=\"the7_shortcodes-inline-css\">#default-btn-4757544a21381d9a340830bf2a295a65.ico-right-side > i {\n  margin-right: 0px;\n  margin-left: 8px;\n}\n#default-btn-4757544a21381d9a340830bf2a295a65 > i {\n  margin-right: 8px;\n}<\/style><a href=\"https:\/\/mini-bob.com\/es\/tienda-original-mini-bob-zipfelbob\/\" class=\"default-btn-shortcode dt-btn dt-btn-l link-hover-off btn-inline-left \" id=\"default-btn-4757544a21381d9a340830bf2a295a65\" title=\"Original mini bob (Zipfelbob) Shop\"><span>COMPRAR MINI BOB<\/span><\/a>[vc_empty_space][vc_column_text]\u00bfBuscas un regalo personalizado y de alta calidad para un cliente o quieres representar a tu empresa con un art\u00edculo promocional adecuado?<\/p>\n<p>\u00a1El mini bob transmite tu mensaje en el verdadero sentido de la palabra! Es divertido en la nieve para grandes y peque\u00f1os e impresiona por su fiabilidad y calidad - Fabricado en Alemania. <\/p>\n<p>Estaremos encantados de fabricar el mini bob con los colores de tu empresa y tambi\u00e9n podemos realizar peticiones individuales para ti.<\/p>\n<p>Puedes encontrar ejemplos de ello en nuestra p\u00e1gina: <a href=\"https:\/\/mini-bob.com\/werbemittel\/\">la peque\u00f1a bobina de pl\u00e1stico como soporte publicitario<\/a><\/p>\n<p>Ponte en contacto con nosotros y encontraremos una soluci\u00f3n adecuada para ti.[\/vc_column_text][\/vc_column][\/vc_row][vc_row][vc_column][vc_custom_heading text=\u00bbmini bob con dise\u00f1o Milka\u00bb font_container=\u00bbtag:h3|text_align:left\u00bb google_fonts=\u00bbfont_family:Roboto%20Condensed%3A300%2C300italic%2Cregular%2Citalic%2C700%2C700italic|font_style:400%20regular%3A400%3Anormal\u00bb][\/vc_column][\/vc_row][vc_row][vc_column]<style type=\"text\/css\" data-type=\"the7_shortcodes-inline-css\">.gallery-shortcode.gallery-masonry-shortcode-id-22e790befea13240da82b6975b40ec6c figure,\n.gallery-shortcode.gallery-masonry-shortcode-id-22e790befea13240da82b6975b40ec6c .rollover,\n.gallery-shortcode.gallery-masonry-shortcode-id-22e790befea13240da82b6975b40ec6c img,\n.gallery-shortcode.gallery-masonry-shortcode-id-22e790befea13240da82b6975b40ec6c .gallery-rollover {\n  border-radius: 0px;\n}\n.gallery-shortcode.gallery-masonry-shortcode-id-22e790befea13240da82b6975b40ec6c.enable-bg-rollover .gallery-rollover {\n  background: -webkit-linear-gradient();\n  background: linear-gradient();\n}\n.gallery-shortcode.gallery-masonry-shortcode-id-22e790befea13240da82b6975b40ec6c.enable-bg-rollover.hover-scale figure .rollover:after {\n  background: -webkit-linear-gradient();\n  background: linear-gradient();\n}\n.gallery-shortcode.gallery-masonry-shortcode-id-22e790befea13240da82b6975b40ec6c .gallery-zoom-ico {\n  width: 44px;\n  height: 44px;\n  line-height: 44px;\n  border-radius: 100px;\n  margin: -22px 0 0 -22px;\n  border-width: 0px;\n  color: #ffffff;\n}\n.dt-icon-bg-on.gallery-shortcode.gallery-masonry-shortcode-id-22e790befea13240da82b6975b40ec6c .gallery-zoom-ico {\n  background: rgba(255,255,255,0.3);\n  box-shadow: none;\n}\n.gallery-shortcode.gallery-masonry-shortcode-id-22e790befea13240da82b6975b40ec6c .gallery-zoom-ico:before,\n.gallery-shortcode.gallery-masonry-shortcode-id-22e790befea13240da82b6975b40ec6c .gallery-zoom-ico span {\n  font-size: 32px;\n  line-height: 44px;\n  color: #ffffff;\n}\n.gallery-shortcode.gallery-masonry-shortcode-id-22e790befea13240da82b6975b40ec6c:not(.resize-by-browser-width) .dt-css-grid {\n  grid-row-gap: 10px;\n  grid-column-gap: 10px;\n  grid-template-columns: repeat(auto-fill,minmax(,1fr));\n}\n.gallery-shortcode.gallery-masonry-shortcode-id-22e790befea13240da82b6975b40ec6c:not(.resize-by-browser-width) .dt-css-grid .double-width {\n  grid-column: span 2;\n}\n.cssgridlegacy.no-cssgrid .gallery-shortcode.gallery-masonry-shortcode-id-22e790befea13240da82b6975b40ec6c:not(.resize-by-browser-width) .dt-css-grid,\n.no-cssgridlegacy.no-cssgrid .gallery-shortcode.gallery-masonry-shortcode-id-22e790befea13240da82b6975b40ec6c:not(.resize-by-browser-width) .dt-css-grid {\n  display: flex;\n  flex-flow: row wrap;\n  margin: -5px;\n}\n.cssgridlegacy.no-cssgrid .gallery-shortcode.gallery-masonry-shortcode-id-22e790befea13240da82b6975b40ec6c:not(.resize-by-browser-width) .dt-css-grid .wf-cell,\n.no-cssgridlegacy.no-cssgrid .gallery-shortcode.gallery-masonry-shortcode-id-22e790befea13240da82b6975b40ec6c:not(.resize-by-browser-width) .dt-css-grid .wf-cell {\n  flex: 1 0 ;\n  max-width: 100%;\n  padding: 5px;\n  box-sizing: border-box;\n}\n.gallery-shortcode.gallery-masonry-shortcode-id-22e790befea13240da82b6975b40ec6c.resize-by-browser-width .dt-css-grid {\n  grid-template-columns: repeat(3,1fr);\n  grid-template-rows: auto;\n  grid-column-gap: 10px;\n  grid-row-gap: 10px;\n}\n.gallery-shortcode.gallery-masonry-shortcode-id-22e790befea13240da82b6975b40ec6c.resize-by-browser-width .dt-css-grid .double-width {\n  grid-column: span 2;\n}\n.cssgridlegacy.no-cssgrid .gallery-shortcode.gallery-masonry-shortcode-id-22e790befea13240da82b6975b40ec6c.resize-by-browser-width .dt-css-grid {\n  margin: -5px;\n}\n.cssgridlegacy.no-cssgrid .gallery-shortcode.gallery-masonry-shortcode-id-22e790befea13240da82b6975b40ec6c.resize-by-browser-width .dt-css-grid .wf-cell {\n  width: 33.333333333333%;\n  padding: 5px;\n}\n.cssgridlegacy.no-cssgrid .gallery-shortcode.gallery-masonry-shortcode-id-22e790befea13240da82b6975b40ec6c.resize-by-browser-width .dt-css-grid .wf-cell.double-width {\n  width: calc(33.333333333333%) * 2;\n}\n.gallery-shortcode.gallery-masonry-shortcode-id-22e790befea13240da82b6975b40ec6c.resize-by-browser-width:not(.centered-layout-list):not(.content-bg-on) .dt-css-grid {\n  grid-row-gap: 10px - ;\n}\n@media screen and (max-width: 1199px) {\n  .gallery-shortcode.gallery-masonry-shortcode-id-22e790befea13240da82b6975b40ec6c.resize-by-browser-width .dt-css-grid {\n    grid-template-columns: repeat(3,1fr);\n  }\n  .cssgridlegacy.no-cssgrid .gallery-shortcode.gallery-masonry-shortcode-id-22e790befea13240da82b6975b40ec6c.resize-by-browser-width .dt-css-grid .wf-cell,\n  .no-cssgridlegacy.no-cssgrid .gallery-shortcode.gallery-masonry-shortcode-id-22e790befea13240da82b6975b40ec6c.resize-by-browser-width .dt-css-grid .wf-cell {\n    width: 33.333333333333%;\n  }\n  .cssgridlegacy.no-cssgrid .gallery-shortcode.gallery-masonry-shortcode-id-22e790befea13240da82b6975b40ec6c.resize-by-browser-width .dt-css-grid .wf-cell.double-width,\n  .no-cssgridlegacy.no-cssgrid .gallery-shortcode.gallery-masonry-shortcode-id-22e790befea13240da82b6975b40ec6c.resize-by-browser-width .dt-css-grid .wf-cell.double-width {\n    width: calc(33.333333333333%)*2;\n  }\n}\n@media screen and (max-width: 991px) {\n  .gallery-shortcode.gallery-masonry-shortcode-id-22e790befea13240da82b6975b40ec6c.resize-by-browser-width .dt-css-grid {\n    grid-template-columns: repeat(3,1fr);\n  }\n  .cssgridlegacy.no-cssgrid .gallery-shortcode.gallery-masonry-shortcode-id-22e790befea13240da82b6975b40ec6c.resize-by-browser-width .dt-css-grid .wf-cell,\n  .no-cssgridlegacy.no-cssgrid .gallery-shortcode.gallery-masonry-shortcode-id-22e790befea13240da82b6975b40ec6c.resize-by-browser-width .dt-css-grid .wf-cell {\n    width: 33.333333333333%;\n  }\n  .cssgridlegacy.no-cssgrid .gallery-shortcode.gallery-masonry-shortcode-id-22e790befea13240da82b6975b40ec6c.resize-by-browser-width .dt-css-grid .wf-cell.double-width,\n  .no-cssgridlegacy.no-cssgrid .gallery-shortcode.gallery-masonry-shortcode-id-22e790befea13240da82b6975b40ec6c.resize-by-browser-width .dt-css-grid .wf-cell.double-width {\n    width: calc(33.333333333333%)*2;\n  }\n}\n@media screen and (max-width: 767px) {\n  .gallery-shortcode.gallery-masonry-shortcode-id-22e790befea13240da82b6975b40ec6c.resize-by-browser-width .dt-css-grid {\n    grid-template-columns: repeat(2,1fr);\n  }\n  .cssgridlegacy.no-cssgrid .gallery-shortcode.gallery-masonry-shortcode-id-22e790befea13240da82b6975b40ec6c.resize-by-browser-width .dt-css-grid .wf-cell,\n  .no-cssgridlegacy.no-cssgrid .gallery-shortcode.gallery-masonry-shortcode-id-22e790befea13240da82b6975b40ec6c.resize-by-browser-width .dt-css-grid .wf-cell {\n    width: 50%;\n  }\n  .cssgridlegacy.no-cssgrid .gallery-shortcode.gallery-masonry-shortcode-id-22e790befea13240da82b6975b40ec6c.resize-by-browser-width .dt-css-grid .wf-cell.double-width,\n  .no-cssgridlegacy.no-cssgrid .gallery-shortcode.gallery-masonry-shortcode-id-22e790befea13240da82b6975b40ec6c.resize-by-browser-width .dt-css-grid .wf-cell.double-width {\n    width: calc(50%)*2;\n  }\n}<\/style><div class=\"gallery-shortcode dt-gallery-container gallery-masonry-shortcode-id-22e790befea13240da82b6975b40ec6c mode-masonry jquery-filter dt-icon-bg-off quick-scale-img enable-bg-rollover resize-by-browser-width  hover-fade loading-effect-fade-in description-on-hover\" data-padding=\"5px\" data-cur-page=\"1\" data-post-limit=\"-1\" data-pagination-mode=\"none\" data-desktop-columns-num=\"3\" data-v-tablet-columns-num=\"3\" data-h-tablet-columns-num=\"3\" data-phone-columns-num=\"2\" data-width=\"0px\" data-columns=\"0\"><div class=\"iso-container\" ><\/div><!-- iso-container|iso-grid --><\/div>[\/vc_column][\/vc_row]<\/p>\n<\/div>","protected":false},"excerpt":{"rendered":"<p>[vc_row][vc_column][vc_custom_heading text=\u00bbmini bob con dise\u00f1o MILKA\u00bb google_fonts=\u00bbfont_family:Roboto%20Condensed%3A300%2C300italic%2Cregular%2Citalic%2C700%2C700italic|font_style:400%20regular%3A400%3Anormal\u00bb][vc_column_text]MILKA y mini bob han formado una s\u00f3lida asociaci\u00f3n. El resultado es el mini bob con dise\u00f1o MILKA.[\/vc_column_text][\/vc_column][\/vc_row][vc_row][vc_column width=\u00bb1\/2&#8243;][vc_single_image image=\u00bb160307&#8243; img_size=\u00bblarge\u00bb][\/vc_column][vc_column width=\u00bb1\/2&#8243;][vc_column_text]El mini bob con dise\u00f1o MILKA es un mini bob original y, por tanto, ofrece todas las caracter\u00edsticas habituales de diversi\u00f3n al montar. El color es MILKA: morado&hellip;<\/p>\n","protected":false},"author":1,"featured_media":0,"parent":0,"menu_order":0,"comment_status":"closed","ping_status":"closed","template":"","meta":{"_acf_changed":false,"footnotes":""},"class_list":["post-160304","page","type-page","status-publish","hentry","description-off"],"acf":[],"_links":{"self":[{"href":"https:\/\/mini-bob.com\/es\/wp-json\/wp\/v2\/pages\/160304","targetHints":{"allow":["GET"]}}],"collection":[{"href":"https:\/\/mini-bob.com\/es\/wp-json\/wp\/v2\/pages"}],"about":[{"href":"https:\/\/mini-bob.com\/es\/wp-json\/wp\/v2\/types\/page"}],"author":[{"embeddable":true,"href":"https:\/\/mini-bob.com\/es\/wp-json\/wp\/v2\/users\/1"}],"replies":[{"embeddable":true,"href":"https:\/\/mini-bob.com\/es\/wp-json\/wp\/v2\/comments?post=160304"}],"version-history":[{"count":6,"href":"https:\/\/mini-bob.com\/es\/wp-json\/wp\/v2\/pages\/160304\/revisions"}],"predecessor-version":[{"id":161319,"href":"https:\/\/mini-bob.com\/es\/wp-json\/wp\/v2\/pages\/160304\/revisions\/161319"}],"wp:attachment":[{"href":"https:\/\/mini-bob.com\/es\/wp-json\/wp\/v2\/media?parent=160304"}],"curies":[{"name":"wp","href":"https:\/\/api.w.org\/{rel}","templated":true}]}}