{"id":160337,"date":"2015-08-07T11:32:01","date_gmt":"2015-08-07T09:32:01","guid":{"rendered":"https:\/\/mini-bob.com\/bob-de-plastico-comprar-trineos-de-plastico\/"},"modified":"2025-11-25T09:59:56","modified_gmt":"2025-11-25T08:59:56","slug":"bob-de-plastico-comprar-trineos-de-plastico","status":"publish","type":"page","link":"https:\/\/mini-bob.com\/es\/bob-de-plastico-comprar-trineos-de-plastico\/","title":{"rendered":"Bob de pl\u00e1stico - Comprar trineos de pl\u00e1stico"},"content":{"rendered":"<div class=\"wpb-content-wrapper\"><p>[vc_row][vc_column][vc_custom_heading text=\u00bbComprar plastic bob - el mini bob original desde 1976&#8243; google_fonts=\u00bbfont_family:Roboto%3A100%2C100italic%2C300%2C300italic%2Cregular%2Citalic%2C500%2C500italic%2C700%2C700italic%2C900%2C900italic|font_style:400%20regular%3A400%3Anormal\u00bb][vc_column_text]\u00bfEst\u00e1s buscando el mejor bob de pl\u00e1stico o trineo de pl\u00e1stico para ti o para tus hijos?<\/p>\n<p>Tanto si quieres comprar un bob de pl\u00e1stico como regalo como si buscas la m\u00e1xima diversi\u00f3n en trineo para ti mismo&#8230;<\/p>\n<p>\u00a1has venido al lugar adecuado con el original mini bob!<\/p>\n<p>\u00a1Descubre aqu\u00ed cu\u00e1l es quiz\u00e1s el mejor bob de pl\u00e1stico o trineo de pl\u00e1stico![\/vc_column_text][\/vc_column][\/vc_row][vc_row][vc_column]<style type=\"text\/css\" data-type=\"the7_shortcodes-inline-css\">#default-btn-8526daed820d37d0ae8fc99fe0b7c8b9.ico-right-side > i {\n  margin-right: 0px;\n  margin-left: 8px;\n}\n#default-btn-8526daed820d37d0ae8fc99fe0b7c8b9 > i {\n  margin-right: 8px;\n}<\/style><a href=\"https:\/\/mini-bob.com\/es\/tienda-original-mini-bob-zipfelbob\/\" class=\"default-btn-shortcode dt-btn dt-btn-l link-hover-off btn-inline-left \" id=\"default-btn-8526daed820d37d0ae8fc99fe0b7c8b9\" title=\"Original mini bob (Zipfelbob) Shop\"><i class=\"icomoon-the7-font-the7-arrow-27\"><\/i><span>comprar minibob original ahora<\/span><\/a>[\/vc_column][\/vc_row][vc_row][vc_column width=\u00bb1\/2&#8243;][vc_wp_text]<\/p>\n<p><a href=\"\/\"><img decoding=\"async\" class=\"wp-image-1733 size-medium\" src=\"\/wp-content\/uploads\/2014\/03\/mini-bob-rot-350px.png\" alt=\"Comprar bob de pl\u00e1stico\" width=\"500\"><\/a><\/p>\n<p>[\/vc_wp_text][\/vc_column][vc_column width=\u00bb1\/2&#8243;][vc_wp_text]<\/p>\n<p>&nbsp;<\/p>\n<p>&nbsp;<\/p>\n<p>&nbsp;<\/p>\n<p>&nbsp;<\/p>\n<p><a href=\"\/\"><img decoding=\"async\" class=\"wp-image-1733 size-medium\" src=\"\/wp-content\/uploads\/2015\/02\/mini-bob-logo-original10-300x152.png\" alt=\"Logotipo Original Zipflbob\" width=\"300\" srcset=\"https:\/\/mini-bob.com\/wp-content\/uploads\/2015\/02\/mini-bob-logo-original10-300x152.png 300w, https:\/\/mini-bob.com\/wp-content\/uploads\/2015\/02\/mini-bob-logo-original10.png 500w\" sizes=\"(max-width: 300px) 100vw, 300px\" \/><\/a><\/p>\n<p>[\/vc_wp_text][\/vc_column][\/vc_row][vc_row][vc_column]<style type=\"text\/css\" data-type=\"the7_shortcodes-inline-css\">.gallery-shortcode.gallery-masonry-shortcode-id-f48d8b6e84b09c1f137d732db6ef2108 figure,\n.gallery-shortcode.gallery-masonry-shortcode-id-f48d8b6e84b09c1f137d732db6ef2108 .rollover,\n.gallery-shortcode.gallery-masonry-shortcode-id-f48d8b6e84b09c1f137d732db6ef2108 img,\n.gallery-shortcode.gallery-masonry-shortcode-id-f48d8b6e84b09c1f137d732db6ef2108 .gallery-rollover {\n  border-radius: 0px;\n}\n.gallery-shortcode.gallery-masonry-shortcode-id-f48d8b6e84b09c1f137d732db6ef2108.enable-bg-rollover .gallery-rollover {\n  background: -webkit-linear-gradient();\n  background: linear-gradient();\n}\n.gallery-shortcode.gallery-masonry-shortcode-id-f48d8b6e84b09c1f137d732db6ef2108.enable-bg-rollover.hover-scale figure .rollover:after {\n  background: -webkit-linear-gradient();\n  background: linear-gradient();\n}\n.gallery-shortcode.gallery-masonry-shortcode-id-f48d8b6e84b09c1f137d732db6ef2108 .gallery-zoom-ico {\n  width: 44px;\n  height: 44px;\n  line-height: 44px;\n  border-radius: 100px;\n  margin: -22px 0 0 -22px;\n  border-width: 0px;\n  color: #ffffff;\n}\n.dt-icon-bg-on.gallery-shortcode.gallery-masonry-shortcode-id-f48d8b6e84b09c1f137d732db6ef2108 .gallery-zoom-ico {\n  background: rgba(255,255,255,0.3);\n  box-shadow: none;\n}\n.gallery-shortcode.gallery-masonry-shortcode-id-f48d8b6e84b09c1f137d732db6ef2108 .gallery-zoom-ico:before,\n.gallery-shortcode.gallery-masonry-shortcode-id-f48d8b6e84b09c1f137d732db6ef2108 .gallery-zoom-ico span {\n  font-size: 32px;\n  line-height: 44px;\n  color: #ffffff;\n}\n.gallery-shortcode.gallery-masonry-shortcode-id-f48d8b6e84b09c1f137d732db6ef2108:not(.resize-by-browser-width) .dt-css-grid {\n  grid-row-gap: 10px;\n  grid-column-gap: 10px;\n  grid-template-columns: repeat(auto-fill,minmax(,1fr));\n}\n.gallery-shortcode.gallery-masonry-shortcode-id-f48d8b6e84b09c1f137d732db6ef2108:not(.resize-by-browser-width) .dt-css-grid .double-width {\n  grid-column: span 2;\n}\n.cssgridlegacy.no-cssgrid .gallery-shortcode.gallery-masonry-shortcode-id-f48d8b6e84b09c1f137d732db6ef2108:not(.resize-by-browser-width) .dt-css-grid,\n.no-cssgridlegacy.no-cssgrid .gallery-shortcode.gallery-masonry-shortcode-id-f48d8b6e84b09c1f137d732db6ef2108:not(.resize-by-browser-width) .dt-css-grid {\n  display: flex;\n  flex-flow: row wrap;\n  margin: -5px;\n}\n.cssgridlegacy.no-cssgrid .gallery-shortcode.gallery-masonry-shortcode-id-f48d8b6e84b09c1f137d732db6ef2108:not(.resize-by-browser-width) .dt-css-grid .wf-cell,\n.no-cssgridlegacy.no-cssgrid .gallery-shortcode.gallery-masonry-shortcode-id-f48d8b6e84b09c1f137d732db6ef2108:not(.resize-by-browser-width) .dt-css-grid .wf-cell {\n  flex: 1 0 ;\n  max-width: 100%;\n  padding: 5px;\n  box-sizing: border-box;\n}\n.gallery-shortcode.gallery-masonry-shortcode-id-f48d8b6e84b09c1f137d732db6ef2108.resize-by-browser-width .dt-css-grid {\n  grid-template-columns: repeat(3,1fr);\n  grid-template-rows: auto;\n  grid-column-gap: 10px;\n  grid-row-gap: 10px;\n}\n.gallery-shortcode.gallery-masonry-shortcode-id-f48d8b6e84b09c1f137d732db6ef2108.resize-by-browser-width .dt-css-grid .double-width {\n  grid-column: span 2;\n}\n.cssgridlegacy.no-cssgrid .gallery-shortcode.gallery-masonry-shortcode-id-f48d8b6e84b09c1f137d732db6ef2108.resize-by-browser-width .dt-css-grid {\n  margin: -5px;\n}\n.cssgridlegacy.no-cssgrid .gallery-shortcode.gallery-masonry-shortcode-id-f48d8b6e84b09c1f137d732db6ef2108.resize-by-browser-width .dt-css-grid .wf-cell {\n  width: 33.333333333333%;\n  padding: 5px;\n}\n.cssgridlegacy.no-cssgrid .gallery-shortcode.gallery-masonry-shortcode-id-f48d8b6e84b09c1f137d732db6ef2108.resize-by-browser-width .dt-css-grid .wf-cell.double-width {\n  width: calc(33.333333333333%) * 2;\n}\n.gallery-shortcode.gallery-masonry-shortcode-id-f48d8b6e84b09c1f137d732db6ef2108.resize-by-browser-width:not(.centered-layout-list):not(.content-bg-on) .dt-css-grid {\n  grid-row-gap: 10px - ;\n}\n@media screen and (max-width: 1199px) {\n  .gallery-shortcode.gallery-masonry-shortcode-id-f48d8b6e84b09c1f137d732db6ef2108.resize-by-browser-width .dt-css-grid {\n    grid-template-columns: repeat(3,1fr);\n  }\n  .cssgridlegacy.no-cssgrid .gallery-shortcode.gallery-masonry-shortcode-id-f48d8b6e84b09c1f137d732db6ef2108.resize-by-browser-width .dt-css-grid .wf-cell,\n  .no-cssgridlegacy.no-cssgrid .gallery-shortcode.gallery-masonry-shortcode-id-f48d8b6e84b09c1f137d732db6ef2108.resize-by-browser-width .dt-css-grid .wf-cell {\n    width: 33.333333333333%;\n  }\n  .cssgridlegacy.no-cssgrid .gallery-shortcode.gallery-masonry-shortcode-id-f48d8b6e84b09c1f137d732db6ef2108.resize-by-browser-width .dt-css-grid .wf-cell.double-width,\n  .no-cssgridlegacy.no-cssgrid .gallery-shortcode.gallery-masonry-shortcode-id-f48d8b6e84b09c1f137d732db6ef2108.resize-by-browser-width .dt-css-grid .wf-cell.double-width {\n    width: calc(33.333333333333%)*2;\n  }\n}\n@media screen and (max-width: 991px) {\n  .gallery-shortcode.gallery-masonry-shortcode-id-f48d8b6e84b09c1f137d732db6ef2108.resize-by-browser-width .dt-css-grid {\n    grid-template-columns: repeat(3,1fr);\n  }\n  .cssgridlegacy.no-cssgrid .gallery-shortcode.gallery-masonry-shortcode-id-f48d8b6e84b09c1f137d732db6ef2108.resize-by-browser-width .dt-css-grid .wf-cell,\n  .no-cssgridlegacy.no-cssgrid .gallery-shortcode.gallery-masonry-shortcode-id-f48d8b6e84b09c1f137d732db6ef2108.resize-by-browser-width .dt-css-grid .wf-cell {\n    width: 33.333333333333%;\n  }\n  .cssgridlegacy.no-cssgrid .gallery-shortcode.gallery-masonry-shortcode-id-f48d8b6e84b09c1f137d732db6ef2108.resize-by-browser-width .dt-css-grid .wf-cell.double-width,\n  .no-cssgridlegacy.no-cssgrid .gallery-shortcode.gallery-masonry-shortcode-id-f48d8b6e84b09c1f137d732db6ef2108.resize-by-browser-width .dt-css-grid .wf-cell.double-width {\n    width: calc(33.333333333333%)*2;\n  }\n}\n@media screen and (max-width: 767px) {\n  .gallery-shortcode.gallery-masonry-shortcode-id-f48d8b6e84b09c1f137d732db6ef2108.resize-by-browser-width .dt-css-grid {\n    grid-template-columns: repeat(2,1fr);\n  }\n  .cssgridlegacy.no-cssgrid .gallery-shortcode.gallery-masonry-shortcode-id-f48d8b6e84b09c1f137d732db6ef2108.resize-by-browser-width .dt-css-grid .wf-cell,\n  .no-cssgridlegacy.no-cssgrid .gallery-shortcode.gallery-masonry-shortcode-id-f48d8b6e84b09c1f137d732db6ef2108.resize-by-browser-width .dt-css-grid .wf-cell {\n    width: 50%;\n  }\n  .cssgridlegacy.no-cssgrid .gallery-shortcode.gallery-masonry-shortcode-id-f48d8b6e84b09c1f137d732db6ef2108.resize-by-browser-width .dt-css-grid .wf-cell.double-width,\n  .no-cssgridlegacy.no-cssgrid .gallery-shortcode.gallery-masonry-shortcode-id-f48d8b6e84b09c1f137d732db6ef2108.resize-by-browser-width .dt-css-grid .wf-cell.double-width {\n    width: calc(50%)*2;\n  }\n}<\/style><div class=\"gallery-shortcode dt-gallery-container gallery-masonry-shortcode-id-f48d8b6e84b09c1f137d732db6ef2108 mode-masonry jquery-filter dt-icon-bg-off quick-scale-img enable-bg-rollover resize-by-browser-width  hover-fade loading-effect-none description-on-hover\" data-padding=\"5px\" data-cur-page=\"1\" data-post-limit=\"-1\" data-pagination-mode=\"none\" data-desktop-columns-num=\"3\" data-v-tablet-columns-num=\"3\" data-h-tablet-columns-num=\"3\" data-phone-columns-num=\"2\" data-width=\"0px\" data-columns=\"0\"><div class=\"iso-container\" ><div class=\"wf-cell iso-item\" data-post-id=\"160180\" data-date=\"2015-03-03T16:38:49+01:00\" data-name=\"JUMP-09-1024\"><figure class=\"post visible\"><a href=\"https:\/\/mini-bob.com\/wp-content\/uploads\/2015\/03\/JUMP-09-1024.jpg\" class=\"rollover dt-pswp-item layzr-bg\" data-large_image_width=\"1024\" data-large_image_height=\"683\" data-dt-img-description=\"\" title=\"JUMP-09-1024\"><img fetchpriority=\"high\" decoding=\"async\" class=\"preload-me iso-lazy-load aspect\" src=\"data:image\/svg+xml,%3Csvg%20xmlns%3D&#039;http%3A%2F%2Fwww.w3.org%2F2000%2Fsvg&#039;%20viewBox%3D&#039;0%200%20379%20253&#039;%2F%3E\" data-src=\"https:\/\/mini-bob.com\/wp-content\/uploads\/2015\/03\/JUMP-09-1024-379x253.jpg\" data-srcset=\"https:\/\/mini-bob.com\/wp-content\/uploads\/2015\/03\/JUMP-09-1024-379x253.jpg 379w, https:\/\/mini-bob.com\/wp-content\/uploads\/2015\/03\/JUMP-09-1024-569x380.jpg 569w\" loading=\"eager\" style=\"--ratio: 379 \/ 253\" sizes=\"(max-width: 379px) 100vw, 379px\" alt=\"\" width=\"379\" height=\"253\"><span class=\"gallery-rollover\"><span class=\"gallery-zoom-ico icomoon-the7-font-the7-zoom-06\"><span><\/span><\/span><\/span><\/a><\/figure><\/div><div class=\"wf-cell iso-item\" data-post-id=\"160204\" data-date=\"2015-01-20T15:58:56+01:00\" data-name=\"mini bob\"><figure class=\"post visible\"><a href=\"https:\/\/mini-bob.com\/wp-content\/uploads\/2015\/01\/mini-bob-race6.jpg\" class=\"rollover dt-pswp-item layzr-bg\" data-large_image_width=\"1179\" data-large_image_height=\"758\" data-dt-img-description=\"\" title=\"mini bob\"><img decoding=\"async\" class=\"preload-me iso-lazy-load aspect\" src=\"data:image\/svg+xml,%3Csvg%20xmlns%3D&#039;http%3A%2F%2Fwww.w3.org%2F2000%2Fsvg&#039;%20viewBox%3D&#039;0%200%20379%20244&#039;%2F%3E\" data-src=\"https:\/\/mini-bob.com\/wp-content\/uploads\/2015\/01\/mini-bob-race6-379x244.jpg\" data-srcset=\"https:\/\/mini-bob.com\/wp-content\/uploads\/2015\/01\/mini-bob-race6-379x244.jpg 379w, https:\/\/mini-bob.com\/wp-content\/uploads\/2015\/01\/mini-bob-race6-569x366.jpg 569w\" loading=\"eager\" style=\"--ratio: 379 \/ 244\" sizes=\"(max-width: 379px) 100vw, 379px\" alt=\"\" width=\"379\" height=\"244\"><span class=\"gallery-rollover\"><span class=\"gallery-zoom-ico icomoon-the7-font-the7-zoom-06\"><span><\/span><\/span><\/span><\/a><\/figure><\/div><div class=\"wf-cell iso-item\" data-post-id=\"160025\" data-date=\"2018-02-27T16:24:25+01:00\" data-name=\"Zipfelbob azul y rojo - Dammkar\"><figure class=\"post visible\"><a href=\"https:\/\/mini-bob.com\/wp-content\/uploads\/2018\/02\/Zipfelbob-Dammkar.jpg\" class=\"rollover dt-pswp-item layzr-bg\" data-large_image_width=\"1210\" data-large_image_height=\"907\" data-dt-img-description=\"\" title=\"Zipfelbob azul y rojo - Dammkar\"><img decoding=\"async\" class=\"preload-me iso-lazy-load aspect\" src=\"data:image\/svg+xml,%3Csvg%20xmlns%3D&#39;http%3A%2F%2Fwww.w3.org%2F2000%2Fsvg&#39;%20viewBox%3D&#39;0%200%20379%20284&#39;%2F%3E\" data-src=\"https:\/\/mini-bob.com\/wp-content\/uploads\/2018\/02\/Zipfelbob-Dammkar-379x284.jpg\" data-srcset=\"https:\/\/mini-bob.com\/wp-content\/uploads\/2018\/02\/Zipfelbob-Dammkar-379x284.jpg 379w, https:\/\/mini-bob.com\/wp-content\/uploads\/2018\/02\/Zipfelbob-Dammkar-569x426.jpg 569w\" loading=\"eager\" style=\"--ratio: 379 \/ 284\" sizes=\"(max-width: 379px) 100vw, 379px\" alt=\"Descenso de Dammkar Zipfy\" width=\"379\" height=\"284\"  \/><span class=\"gallery-rollover\"><span class=\"gallery-zoom-ico icomoon-the7-font-the7-zoom-06\"><span><\/span><\/span><\/span><\/a><\/figure><\/div><\/div><!-- iso-container|iso-grid --><\/div>[\/vc_column][\/vc_row][vc_row][vc_column][vc_wp_text]<\/p>\n<p>Bob de pl\u00e1stico: \u00abM\u00e1xima diversi\u00f3n con mini bob\u00bb para ni\u00f1os y adultos - \u00a1\u00e9ste es el lema del peque\u00f1o bob de pl\u00e1stico desde 1976!<\/p>\n<p>Al igual que el trineo Davos, el trineo de pl\u00e1stico, el bob de pl\u00e1stico, el tobog\u00e1n, el <a href=\"https:\/\/mini-bob.com\/es\/poporutscher-plato-de-plastico-o-mini-bob\/\">trineo popo<\/a>, el tobog\u00e1n, el bob, el bol de pl\u00e1stico, la placa deslizante, el tobog\u00e1n de nieve, el tobog\u00e1n de culo, el deslizador de nieve, el streaker de nieve, el wok de nieve, el airboard o un simple tobog\u00e1n, el trineo de pl\u00e1stico \u00abmini bob\u00bb es el veh\u00edculo ideal para divertirse al m\u00e1ximo en invierno en la nieve, en la pista de esqu\u00ed, en la pista de tobog\u00e1n o simplemente en la pista del pueblo. Un trineo cl\u00e1sico de madera se dirige siempre con los pies tocando el suelo. Con el llamado airboard, un tipo de trineo hinchable, vuelas sobre la pista de trineo (parecido a un aerodeslizador sobre el agua). El bob de pl\u00e1stico \u00abmini bob\u00bb se controla muy f\u00e1cilmente utilizando el joystick y desplazando tu peso. Los bobsleds, toboganes y trineos son, por tanto, equipos deportivos ideales para la diversi\u00f3n invernal de peque\u00f1os y mayores.    <\/p>\n<p>El peque\u00f1o bob o trineo de pl\u00e1stico \u00abmini bob\u00bb es ideal para los ni\u00f1os, ya que se puede controlar de forma r\u00e1pida y segura: tu hijo se divertir\u00e1 r\u00e1pidamente en la pista de trineo y ser\u00e1 el \u00abrey\u00bb en la pista.<\/p>\n<p>Si quieres comprar un nuevo bob o trineo de pl\u00e1stico para ti o para tus hijos, debes prestar atenci\u00f3n a algunas cosas:<\/p>\n<p>1. calidad - el bob de pl\u00e1stico no debe ser un producto barato de calidad inferior - el mini bob original se fabrica exclusivamente en Alemania - cada bob se comprueba para ver si tiene defectos despu\u00e9s de la producci\u00f3n y se retoca a mano si es necesario.<\/p>\n<p>2. peso del jinete junto con el bob de pl\u00e1stico. El mini bob est\u00e1 dise\u00f1ado para ni\u00f1os a partir de 3 a\u00f1os y adultos de hasta 90 kg de peso. <\/p>\n<p>3. desarrollo - la bobina de pl\u00e1stico debe haber sido probada durante muchos a\u00f1os y funcionar siempre a la perfecci\u00f3n. Debe garantizarse siempre una larga vida \u00fatil a pesar del uso intensivo. El mini bob original lleva en el mercado sin cambios desde 1976 y ha gozado de gran popularidad durante generaciones.  <\/p>\n<p>As\u00ed que opta por un bob o trineo de pl\u00e1stico que os proporcionar\u00e1 a ti, a tu familia y a tus amigos mucha diversi\u00f3n durante mucho tiempo. El bob de pl\u00e1stico \u00abmini bob\u00bb est\u00e1 disponible en tiendas de deportes y juguetes bien surtidas, \u00a1as\u00ed como en muchas tiendas online! Sin embargo, busca siempre el logotipo original del mini bob y pregunta al vendedor por \u00abel original\u00bb cuando compres el bob de pl\u00e1stico.  <\/p>\n<p>Puedes encontrar distribuidores en nuestra p\u00e1gina<a href=\"https:\/\/mini-bob.com\/es\/comprar-mini-bob-zipfelbob\/\">\u00abComprar el mini bob<\/a>\u00ab.<\/p>\n<p>[\/vc_wp_text][\/vc_column][\/vc_row][vc_row][vc_column]<style type=\"text\/css\" data-type=\"the7_shortcodes-inline-css\">#default-btn-8526daed820d37d0ae8fc99fe0b7c8b9.ico-right-side > i {\n  margin-right: 0px;\n  margin-left: 8px;\n}\n#default-btn-8526daed820d37d0ae8fc99fe0b7c8b9 > i {\n  margin-right: 8px;\n}<\/style><a href=\"https:\/\/mini-bob.com\/es\/tienda-original-mini-bob-zipfelbob\/\" class=\"default-btn-shortcode dt-btn dt-btn-l link-hover-off btn-inline-left \" id=\"default-btn-8526daed820d37d0ae8fc99fe0b7c8b9\" title=\"Original mini bob (Zipfelbob) Shop\"><i class=\"icomoon-the7-font-the7-arrow-27\"><\/i><span>compra el minibob original - \u00a1bob de pl\u00e1stico!<\/span><\/a>[\/vc_column][\/vc_row]<\/p>\n<\/div>","protected":false},"excerpt":{"rendered":"<p>[vc_row][vc_column][vc_custom_heading text=\u00bbComprar plastic bob - el mini bob original desde 1976&#8243; google_fonts=\u00bbfont_family:Roboto%3A100%2C100italic%2C300%2C300italic%2Cregular%2Citalic%2C500%2C500italic%2C700%2C700italic%2C900%2C900italic|font_style:400%20regular%3A400%3Anormal\u00bb][vc_column_text]\u00bfEst\u00e1s buscando el mejor bob de pl\u00e1stico o trineo de pl\u00e1stico para ti o para tus hijos? Tanto si quieres comprar un bob de pl\u00e1stico como regalo como si buscas la m\u00e1xima diversi\u00f3n en trineo para ti mismo&#8230; \u00a1has venido al lugar adecuado con&hellip;<\/p>\n","protected":false},"author":1,"featured_media":0,"parent":0,"menu_order":0,"comment_status":"closed","ping_status":"closed","template":"","meta":{"_acf_changed":false,"footnotes":""},"class_list":["post-160337","page","type-page","status-publish","hentry","description-off"],"acf":[],"_links":{"self":[{"href":"https:\/\/mini-bob.com\/es\/wp-json\/wp\/v2\/pages\/160337","targetHints":{"allow":["GET"]}}],"collection":[{"href":"https:\/\/mini-bob.com\/es\/wp-json\/wp\/v2\/pages"}],"about":[{"href":"https:\/\/mini-bob.com\/es\/wp-json\/wp\/v2\/types\/page"}],"author":[{"embeddable":true,"href":"https:\/\/mini-bob.com\/es\/wp-json\/wp\/v2\/users\/1"}],"replies":[{"embeddable":true,"href":"https:\/\/mini-bob.com\/es\/wp-json\/wp\/v2\/comments?post=160337"}],"version-history":[{"count":2,"href":"https:\/\/mini-bob.com\/es\/wp-json\/wp\/v2\/pages\/160337\/revisions"}],"predecessor-version":[{"id":161322,"href":"https:\/\/mini-bob.com\/es\/wp-json\/wp\/v2\/pages\/160337\/revisions\/161322"}],"wp:attachment":[{"href":"https:\/\/mini-bob.com\/es\/wp-json\/wp\/v2\/media?parent=160337"}],"curies":[{"name":"wp","href":"https:\/\/api.w.org\/{rel}","templated":true}]}}