{"id":160359,"date":"2015-02-14T11:09:58","date_gmt":"2015-02-14T10:09:58","guid":{"rendered":"https:\/\/mini-bob.com\/el-mini-bob-en-los-anos-80\/"},"modified":"2025-11-23T18:51:25","modified_gmt":"2025-11-23T17:51:25","slug":"el-mini-bob-en-los-anos-80","status":"publish","type":"page","link":"https:\/\/mini-bob.com\/es\/el-mini-bob-en-los-anos-80\/","title":{"rendered":"el mini bob en los a\u00f1os 80"},"content":{"rendered":"<div class=\"wpb-content-wrapper\"><p>[vc_row][vc_column][vc_custom_heading text=\u00bbA\u00f1os 80&#8243; google_fonts=\u00bbfont_family:Roboto%20Condensed%3A300%2C300italic%2Cregular%2Citalic%2C700%2C700italic|font_style:400%20regular%3A400%3Anormal\u00bb][vc_column_text]Lo que empez\u00f3 en los a\u00f1os 70 despeg\u00f3 en los 80. El peque\u00f1o bob de pl\u00e1stico \u00abmini bob\u00bb se hizo cada vez m\u00e1s popular. <\/p>\n<p>Cada vez m\u00e1s grandes tiendas de deportes y mayoristas reconocieron el potencial del peque\u00f1o bob de pl\u00e1stico. Sobre todo los ni\u00f1os descubrieron la diversi\u00f3n de deslizarse por la nueva interpretaci\u00f3n de la pala de carb\u00f3n: el mini bob. Pero tambi\u00e9n los adultos disfrutaron cada vez m\u00e1s con el mini bob. Gracias a la t\u00e9cnica de deslizamiento de juego de ni\u00f1os del mini bob, todo el mundo se entusiasm\u00f3 y se entusiasma de inmediato. Basta con empujar el joystick y el peso del cuerpo en la direcci\u00f3n deseada y el mini bob despega. Tira del joystick hacia tu cuerpo y frena. Esta sencillez de los deportes de invierno era revolucionaria y cualquiera pod\u00eda dominarla enseguida.      <\/p>\n<p>Adem\u00e1s de los colores cl\u00e1sicos rojo, amarillo y azul (que han estado disponibles desde la primera serie de producci\u00f3n), el mini bob tambi\u00e9n estuvo disponible durante un breve periodo de tiempo en los colores de moda de la \u00e9poca: verde ne\u00f3n, rosa ne\u00f3n y amarillo ne\u00f3n.<\/p>\n<p>Debido a su forma \u00fanica, el mini bob adquiri\u00f3 r\u00e1pidamente el apodo de \u00abZipflbob\u00bb \/ \u00abZipfelbob\u00bb en la regi\u00f3n alpina.[\/vc_column_text][vc_empty_space]<style type=\"text\/css\" data-type=\"the7_shortcodes-inline-css\">#default-btn-2ae1ddfbc179874f8d16ff1118ee48ad.ico-right-side > i {\n  margin-right: 0px;\n  margin-left: 8px;\n}\n#default-btn-2ae1ddfbc179874f8d16ff1118ee48ad > i {\n  margin-right: 8px;\n}<\/style><a href=\"https:\/\/mini-bob.com\/es\/el-mini-bob-en-los-anos-90\/\" class=\"default-btn-shortcode dt-btn dt-btn-l link-hover-off btn-inline-left \" id=\"default-btn-2ae1ddfbc179874f8d16ff1118ee48ad\" title=\"der mini bob in den 1990er Jahren\"><span>AQU\u00cd ENTRA EN LA D\u00c9CADA DE 1990<\/span><\/a>[\/vc_column][\/vc_row][vc_row][vc_column][vc_empty_space][\/vc_column][\/vc_row][vc_row][vc_column]<style type=\"text\/css\" data-type=\"the7_shortcodes-inline-css\">.gallery-shortcode.gallery-masonry-shortcode-id-f4bae21a5fb4eb66162e4853db4d2f5a figure,\n.gallery-shortcode.gallery-masonry-shortcode-id-f4bae21a5fb4eb66162e4853db4d2f5a .rollover,\n.gallery-shortcode.gallery-masonry-shortcode-id-f4bae21a5fb4eb66162e4853db4d2f5a img,\n.gallery-shortcode.gallery-masonry-shortcode-id-f4bae21a5fb4eb66162e4853db4d2f5a .gallery-rollover {\n  border-radius: 0px;\n}\n.gallery-shortcode.gallery-masonry-shortcode-id-f4bae21a5fb4eb66162e4853db4d2f5a.enable-bg-rollover .gallery-rollover {\n  background: -webkit-linear-gradient();\n  background: linear-gradient();\n}\n.gallery-shortcode.gallery-masonry-shortcode-id-f4bae21a5fb4eb66162e4853db4d2f5a.enable-bg-rollover.hover-scale figure .rollover:after {\n  background: -webkit-linear-gradient();\n  background: linear-gradient();\n}\n.gallery-shortcode.gallery-masonry-shortcode-id-f4bae21a5fb4eb66162e4853db4d2f5a .gallery-zoom-ico {\n  width: 44px;\n  height: 44px;\n  line-height: 44px;\n  border-radius: 100px;\n  margin: -22px 0 0 -22px;\n  border-width: 0px;\n  color: #ffffff;\n}\n.dt-icon-bg-on.gallery-shortcode.gallery-masonry-shortcode-id-f4bae21a5fb4eb66162e4853db4d2f5a .gallery-zoom-ico {\n  background: rgba(255,255,255,0.3);\n  box-shadow: none;\n}\n.gallery-shortcode.gallery-masonry-shortcode-id-f4bae21a5fb4eb66162e4853db4d2f5a .gallery-zoom-ico:before,\n.gallery-shortcode.gallery-masonry-shortcode-id-f4bae21a5fb4eb66162e4853db4d2f5a .gallery-zoom-ico span {\n  font-size: 32px;\n  line-height: 44px;\n  color: #ffffff;\n}\n.gallery-shortcode.gallery-masonry-shortcode-id-f4bae21a5fb4eb66162e4853db4d2f5a:not(.resize-by-browser-width) .dt-css-grid {\n  grid-row-gap: 10px;\n  grid-column-gap: 10px;\n  grid-template-columns: repeat(auto-fill,minmax(,1fr));\n}\n.gallery-shortcode.gallery-masonry-shortcode-id-f4bae21a5fb4eb66162e4853db4d2f5a:not(.resize-by-browser-width) .dt-css-grid .double-width {\n  grid-column: span 2;\n}\n.cssgridlegacy.no-cssgrid .gallery-shortcode.gallery-masonry-shortcode-id-f4bae21a5fb4eb66162e4853db4d2f5a:not(.resize-by-browser-width) .dt-css-grid,\n.no-cssgridlegacy.no-cssgrid .gallery-shortcode.gallery-masonry-shortcode-id-f4bae21a5fb4eb66162e4853db4d2f5a:not(.resize-by-browser-width) .dt-css-grid {\n  display: flex;\n  flex-flow: row wrap;\n  margin: -5px;\n}\n.cssgridlegacy.no-cssgrid .gallery-shortcode.gallery-masonry-shortcode-id-f4bae21a5fb4eb66162e4853db4d2f5a:not(.resize-by-browser-width) .dt-css-grid .wf-cell,\n.no-cssgridlegacy.no-cssgrid .gallery-shortcode.gallery-masonry-shortcode-id-f4bae21a5fb4eb66162e4853db4d2f5a:not(.resize-by-browser-width) .dt-css-grid .wf-cell {\n  flex: 1 0 ;\n  max-width: 100%;\n  padding: 5px;\n  box-sizing: border-box;\n}\n.gallery-shortcode.gallery-masonry-shortcode-id-f4bae21a5fb4eb66162e4853db4d2f5a.resize-by-browser-width .dt-css-grid {\n  grid-template-columns: repeat(6,1fr);\n  grid-template-rows: auto;\n  grid-column-gap: 10px;\n  grid-row-gap: 10px;\n}\n.gallery-shortcode.gallery-masonry-shortcode-id-f4bae21a5fb4eb66162e4853db4d2f5a.resize-by-browser-width .dt-css-grid .double-width {\n  grid-column: span 2;\n}\n.cssgridlegacy.no-cssgrid .gallery-shortcode.gallery-masonry-shortcode-id-f4bae21a5fb4eb66162e4853db4d2f5a.resize-by-browser-width .dt-css-grid {\n  margin: -5px;\n}\n.cssgridlegacy.no-cssgrid .gallery-shortcode.gallery-masonry-shortcode-id-f4bae21a5fb4eb66162e4853db4d2f5a.resize-by-browser-width .dt-css-grid .wf-cell {\n  width: 16.666666666667%;\n  padding: 5px;\n}\n.cssgridlegacy.no-cssgrid .gallery-shortcode.gallery-masonry-shortcode-id-f4bae21a5fb4eb66162e4853db4d2f5a.resize-by-browser-width .dt-css-grid .wf-cell.double-width {\n  width: calc(16.666666666667%) * 2;\n}\n.gallery-shortcode.gallery-masonry-shortcode-id-f4bae21a5fb4eb66162e4853db4d2f5a.resize-by-browser-width:not(.centered-layout-list):not(.content-bg-on) .dt-css-grid {\n  grid-row-gap: 10px - ;\n}\n@media screen and (max-width: 1199px) {\n  .gallery-shortcode.gallery-masonry-shortcode-id-f4bae21a5fb4eb66162e4853db4d2f5a.resize-by-browser-width .dt-css-grid {\n    grid-template-columns: repeat(4,1fr);\n  }\n  .cssgridlegacy.no-cssgrid .gallery-shortcode.gallery-masonry-shortcode-id-f4bae21a5fb4eb66162e4853db4d2f5a.resize-by-browser-width .dt-css-grid .wf-cell,\n  .no-cssgridlegacy.no-cssgrid .gallery-shortcode.gallery-masonry-shortcode-id-f4bae21a5fb4eb66162e4853db4d2f5a.resize-by-browser-width .dt-css-grid .wf-cell {\n    width: 25%;\n  }\n  .cssgridlegacy.no-cssgrid .gallery-shortcode.gallery-masonry-shortcode-id-f4bae21a5fb4eb66162e4853db4d2f5a.resize-by-browser-width .dt-css-grid .wf-cell.double-width,\n  .no-cssgridlegacy.no-cssgrid .gallery-shortcode.gallery-masonry-shortcode-id-f4bae21a5fb4eb66162e4853db4d2f5a.resize-by-browser-width .dt-css-grid .wf-cell.double-width {\n    width: calc(25%)*2;\n  }\n}\n@media screen and (max-width: 991px) {\n  .gallery-shortcode.gallery-masonry-shortcode-id-f4bae21a5fb4eb66162e4853db4d2f5a.resize-by-browser-width .dt-css-grid {\n    grid-template-columns: repeat(3,1fr);\n  }\n  .cssgridlegacy.no-cssgrid .gallery-shortcode.gallery-masonry-shortcode-id-f4bae21a5fb4eb66162e4853db4d2f5a.resize-by-browser-width .dt-css-grid .wf-cell,\n  .no-cssgridlegacy.no-cssgrid .gallery-shortcode.gallery-masonry-shortcode-id-f4bae21a5fb4eb66162e4853db4d2f5a.resize-by-browser-width .dt-css-grid .wf-cell {\n    width: 33.333333333333%;\n  }\n  .cssgridlegacy.no-cssgrid .gallery-shortcode.gallery-masonry-shortcode-id-f4bae21a5fb4eb66162e4853db4d2f5a.resize-by-browser-width .dt-css-grid .wf-cell.double-width,\n  .no-cssgridlegacy.no-cssgrid .gallery-shortcode.gallery-masonry-shortcode-id-f4bae21a5fb4eb66162e4853db4d2f5a.resize-by-browser-width .dt-css-grid .wf-cell.double-width {\n    width: calc(33.333333333333%)*2;\n  }\n}\n@media screen and (max-width: 767px) {\n  .gallery-shortcode.gallery-masonry-shortcode-id-f4bae21a5fb4eb66162e4853db4d2f5a.resize-by-browser-width .dt-css-grid {\n    grid-template-columns: repeat(2,1fr);\n  }\n  .cssgridlegacy.no-cssgrid .gallery-shortcode.gallery-masonry-shortcode-id-f4bae21a5fb4eb66162e4853db4d2f5a.resize-by-browser-width .dt-css-grid .wf-cell,\n  .no-cssgridlegacy.no-cssgrid .gallery-shortcode.gallery-masonry-shortcode-id-f4bae21a5fb4eb66162e4853db4d2f5a.resize-by-browser-width .dt-css-grid .wf-cell {\n    width: 50%;\n  }\n  .cssgridlegacy.no-cssgrid .gallery-shortcode.gallery-masonry-shortcode-id-f4bae21a5fb4eb66162e4853db4d2f5a.resize-by-browser-width .dt-css-grid .wf-cell.double-width,\n  .no-cssgridlegacy.no-cssgrid .gallery-shortcode.gallery-masonry-shortcode-id-f4bae21a5fb4eb66162e4853db4d2f5a.resize-by-browser-width .dt-css-grid .wf-cell.double-width {\n    width: calc(50%)*2;\n  }\n}<\/style><div class=\"gallery-shortcode dt-gallery-container gallery-masonry-shortcode-id-f4bae21a5fb4eb66162e4853db4d2f5a mode-masonry jquery-filter dt-icon-bg-off quick-scale-img enable-bg-rollover resize-by-browser-width  hover-fade loading-effect-fade-in description-on-hover\" data-padding=\"5px\" data-cur-page=\"1\" data-post-limit=\"-1\" data-pagination-mode=\"none\" data-desktop-columns-num=\"6\" data-v-tablet-columns-num=\"3\" data-h-tablet-columns-num=\"4\" data-phone-columns-num=\"2\" data-width=\"0px\" data-columns=\"0\"><div class=\"iso-container\" ><div class=\"wf-cell iso-item\" data-post-id=\"160305\" data-date=\"2025-11-23T18:50:56+01:00\" data-name=\"Zipflbob 1970 azul\"><figure class=\"post visible\"><a href=\"https:\/\/mini-bob.com\/wp-content\/uploads\/2015\/02\/IMG_2812-1024.jpg\" class=\"rollover dt-pswp-item layzr-bg\" data-large_image_width=\"1024\" data-large_image_height=\"683\" data-dt-img-description=\"\" title=\"Zipflbob 1970 azul\"><img fetchpriority=\"high\" decoding=\"async\" class=\"preload-me iso-lazy-load aspect\" src=\"data:image\/svg+xml,%3Csvg%20xmlns%3D&#39;http%3A%2F%2Fwww.w3.org%2F2000%2Fsvg&#39;%20viewBox%3D&#39;0%200%20379%20379&#39;%2F%3E\" data-src=\"https:\/\/mini-bob.com\/wp-content\/uploads\/2015\/02\/IMG_2812-1024-379x379.jpg\" data-srcset=\"https:\/\/mini-bob.com\/wp-content\/uploads\/2015\/02\/IMG_2812-1024-379x379.jpg 379w, https:\/\/mini-bob.com\/wp-content\/uploads\/2015\/02\/IMG_2812-1024-569x569.jpg 569w\" loading=\"eager\" style=\"--ratio: 379 \/ 379\" sizes=\"(max-width: 379px) 100vw, 379px\" alt=\"Zipfybob Zipflbob prototipo 1970\" width=\"379\" height=\"379\"  \/><span class=\"gallery-rollover\"><span class=\"gallery-zoom-ico icomoon-the7-font-the7-zoom-06\"><span><\/span><\/span><\/span><\/a><\/figure><\/div><div class=\"wf-cell iso-item\" data-post-id=\"160252\" data-date=\"2025-11-23T18:50:30+01:00\" data-name=\"cl-23\"><figure class=\"post visible\"><a href=\"https:\/\/mini-bob.com\/wp-content\/uploads\/2015\/02\/cl-23.jpg\" class=\"rollover dt-pswp-item layzr-bg\" data-large_image_width=\"1920\" data-large_image_height=\"1866\" data-dt-img-description=\"\" title=\"cl-23\"><img decoding=\"async\" class=\"preload-me iso-lazy-load aspect\" src=\"data:image\/svg+xml,%3Csvg%20xmlns%3D&#039;http%3A%2F%2Fwww.w3.org%2F2000%2Fsvg&#039;%20viewBox%3D&#039;0%200%20379%20379&#039;%2F%3E\" data-src=\"https:\/\/mini-bob.com\/wp-content\/uploads\/2015\/02\/cl-23-379x379.jpg\" data-srcset=\"https:\/\/mini-bob.com\/wp-content\/uploads\/2015\/02\/cl-23-379x379.jpg 379w, https:\/\/mini-bob.com\/wp-content\/uploads\/2015\/02\/cl-23-569x569.jpg 569w\" loading=\"eager\" style=\"--ratio: 379 \/ 379\" sizes=\"(max-width: 379px) 100vw, 379px\" alt=\"\" width=\"379\" height=\"379\"><span class=\"gallery-rollover\"><span class=\"gallery-zoom-ico icomoon-the7-font-the7-zoom-06\"><span><\/span><\/span><\/span><\/a><\/figure><\/div><\/div><!-- iso-container|iso-grid --><\/div>[\/vc_column][\/vc_row]<\/p>\n<\/div>","protected":false},"excerpt":{"rendered":"<p>[vc_row][vc_column][vc_custom_heading text=\u00bbA\u00f1os 80&#8243; google_fonts=\u00bbfont_family:Roboto%20Condensed%3A300%2C300italic%2Cregular%2Citalic%2C700%2C700italic|font_style:400%20regular%3A400%3Anormal\u00bb][vc_column_text]Lo que empez\u00f3 en los a\u00f1os 70 despeg\u00f3 en los 80. El peque\u00f1o bob de pl\u00e1stico \u00abmini bob\u00bb se hizo cada vez m\u00e1s popular. Cada vez m\u00e1s grandes tiendas de deportes y mayoristas reconocieron el potencial del peque\u00f1o bob de pl\u00e1stico. Sobre todo los ni\u00f1os descubrieron la diversi\u00f3n de deslizarse por la&hellip;<\/p>\n","protected":false},"author":1,"featured_media":0,"parent":0,"menu_order":0,"comment_status":"closed","ping_status":"closed","template":"","meta":{"_acf_changed":false,"footnotes":""},"class_list":["post-160359","page","type-page","status-publish","hentry","description-off"],"acf":[],"_links":{"self":[{"href":"https:\/\/mini-bob.com\/es\/wp-json\/wp\/v2\/pages\/160359","targetHints":{"allow":["GET"]}}],"collection":[{"href":"https:\/\/mini-bob.com\/es\/wp-json\/wp\/v2\/pages"}],"about":[{"href":"https:\/\/mini-bob.com\/es\/wp-json\/wp\/v2\/types\/page"}],"author":[{"embeddable":true,"href":"https:\/\/mini-bob.com\/es\/wp-json\/wp\/v2\/users\/1"}],"replies":[{"embeddable":true,"href":"https:\/\/mini-bob.com\/es\/wp-json\/wp\/v2\/comments?post=160359"}],"version-history":[{"count":8,"href":"https:\/\/mini-bob.com\/es\/wp-json\/wp\/v2\/pages\/160359\/revisions"}],"predecessor-version":[{"id":160393,"href":"https:\/\/mini-bob.com\/es\/wp-json\/wp\/v2\/pages\/160359\/revisions\/160393"}],"wp:attachment":[{"href":"https:\/\/mini-bob.com\/es\/wp-json\/wp\/v2\/media?parent=160359"}],"curies":[{"name":"wp","href":"https:\/\/api.w.org\/{rel}","templated":true}]}}