{"id":160363,"date":"2015-02-05T15:56:44","date_gmt":"2015-02-05T14:56:44","guid":{"rendered":"https:\/\/mini-bob.com\/mercancia\/"},"modified":"2025-11-23T18:51:32","modified_gmt":"2025-11-23T17:51:32","slug":"mercancia","status":"publish","type":"page","link":"https:\/\/mini-bob.com\/es\/mercancia\/","title":{"rendered":"Mercanc\u00eda"},"content":{"rendered":"<div class=\"wpb-content-wrapper\"><p>[vc_row][vc_column width=\u00bb1\/4&#8243;][vc_single_image image=\u00bb160366&#8243; img_size=\u00bbfull\u00bb alignment=\u00bbcenter\u00bb][\/vc_column][vc_column width=\u00bb3\/4&#8243;][vc_empty_space][vc_column_text]<\/p>\n<h4>&#8230;\u00a1y el culto contin\u00faa!<\/h4>\n<p>El<strong> mini bob<\/strong> es un objeto de culto y tambi\u00e9n hay un sombrero ic\u00f3nico de Pink Bommel: concepto tradicional, dise\u00f1o innovador, alta calidad y 100% hecho a mano \u00abmade in Germany\u00bb.<\/p>\n<p>Los sombreros de bolitas rosas no est\u00e1n disponibles en todas las esquinas y cada sombrero es \u00fanico.<\/p>\n<p>Puedes encontrar m\u00e1s informaci\u00f3n sobre el bommel rosa y las opciones de pedido en la p\u00e1gina de inicio:[\/vc_column_text]<style type=\"text\/css\" data-type=\"the7_shortcodes-inline-css\">#default-btn-101af4a422ac950ebcd67c83d48182bf.ico-right-side > i {\n  margin-right: 0px;\n  margin-left: 8px;\n}\n#default-btn-101af4a422ac950ebcd67c83d48182bf > i {\n  margin-right: 8px;\n}<\/style><a href=\"http:\/\/www.pinkbommel.de\/\" class=\"default-btn-shortcode dt-btn dt-btn-l pulse animate-element animation-builder link-hover-off btn-inline-left \" id=\"default-btn-101af4a422ac950ebcd67c83d48182bf\" title=\"Pinkbommel Website\" rel=\"nofollow noopener\" target=\"_blank\"><span>P\u00c1GINA DE INICIO DE PINKBOMMEL<\/span><\/a>[\/vc_column][\/vc_row][vc_row][vc_column][vc_custom_heading text=\u00bbBolillo rosa\u00bb font_container=\u00bbtag:h3|text_align:left\u00bb google_fonts=\u00bbfont_family:Roboto%20Condensed%3A300%2C300italic%2Cregular%2Citalic%2C700%2C700italic|font_style:400%20regular%3A400%3Anormal\u00bb][\/vc_column][\/vc_row][vc_row][vc_column]<style type=\"text\/css\" data-type=\"the7_shortcodes-inline-css\">.gallery-shortcode.gallery-masonry-shortcode-id-65746c6d45fa3cce07138ebc74047f40 figure,\n.gallery-shortcode.gallery-masonry-shortcode-id-65746c6d45fa3cce07138ebc74047f40 .rollover,\n.gallery-shortcode.gallery-masonry-shortcode-id-65746c6d45fa3cce07138ebc74047f40 img,\n.gallery-shortcode.gallery-masonry-shortcode-id-65746c6d45fa3cce07138ebc74047f40 .gallery-rollover {\n  border-radius: 0px;\n}\n.gallery-shortcode.gallery-masonry-shortcode-id-65746c6d45fa3cce07138ebc74047f40.enable-bg-rollover .gallery-rollover {\n  background: -webkit-linear-gradient();\n  background: linear-gradient();\n}\n.gallery-shortcode.gallery-masonry-shortcode-id-65746c6d45fa3cce07138ebc74047f40.enable-bg-rollover.hover-scale figure .rollover:after {\n  background: -webkit-linear-gradient();\n  background: linear-gradient();\n}\n.gallery-shortcode.gallery-masonry-shortcode-id-65746c6d45fa3cce07138ebc74047f40 .gallery-zoom-ico {\n  width: 44px;\n  height: 44px;\n  line-height: 44px;\n  border-radius: 100px;\n  margin: -22px 0 0 -22px;\n  border-width: 0px;\n  color: #ffffff;\n}\n.dt-icon-bg-on.gallery-shortcode.gallery-masonry-shortcode-id-65746c6d45fa3cce07138ebc74047f40 .gallery-zoom-ico {\n  background: rgba(255,255,255,0.3);\n  box-shadow: none;\n}\n.gallery-shortcode.gallery-masonry-shortcode-id-65746c6d45fa3cce07138ebc74047f40 .gallery-zoom-ico:before,\n.gallery-shortcode.gallery-masonry-shortcode-id-65746c6d45fa3cce07138ebc74047f40 .gallery-zoom-ico span {\n  font-size: 32px;\n  line-height: 44px;\n  color: #ffffff;\n}\n.gallery-shortcode.gallery-masonry-shortcode-id-65746c6d45fa3cce07138ebc74047f40:not(.resize-by-browser-width) .dt-css-grid {\n  grid-row-gap: 10px;\n  grid-column-gap: 10px;\n  grid-template-columns: repeat(auto-fill,minmax(,1fr));\n}\n.gallery-shortcode.gallery-masonry-shortcode-id-65746c6d45fa3cce07138ebc74047f40:not(.resize-by-browser-width) .dt-css-grid .double-width {\n  grid-column: span 2;\n}\n.cssgridlegacy.no-cssgrid .gallery-shortcode.gallery-masonry-shortcode-id-65746c6d45fa3cce07138ebc74047f40:not(.resize-by-browser-width) .dt-css-grid,\n.no-cssgridlegacy.no-cssgrid .gallery-shortcode.gallery-masonry-shortcode-id-65746c6d45fa3cce07138ebc74047f40:not(.resize-by-browser-width) .dt-css-grid {\n  display: flex;\n  flex-flow: row wrap;\n  margin: -5px;\n}\n.cssgridlegacy.no-cssgrid .gallery-shortcode.gallery-masonry-shortcode-id-65746c6d45fa3cce07138ebc74047f40:not(.resize-by-browser-width) .dt-css-grid .wf-cell,\n.no-cssgridlegacy.no-cssgrid .gallery-shortcode.gallery-masonry-shortcode-id-65746c6d45fa3cce07138ebc74047f40:not(.resize-by-browser-width) .dt-css-grid .wf-cell {\n  flex: 1 0 ;\n  max-width: 100%;\n  padding: 5px;\n  box-sizing: border-box;\n}\n.gallery-shortcode.gallery-masonry-shortcode-id-65746c6d45fa3cce07138ebc74047f40.resize-by-browser-width .dt-css-grid {\n  grid-template-columns: repeat(3,1fr);\n  grid-template-rows: auto;\n  grid-column-gap: 10px;\n  grid-row-gap: 10px;\n}\n.gallery-shortcode.gallery-masonry-shortcode-id-65746c6d45fa3cce07138ebc74047f40.resize-by-browser-width .dt-css-grid .double-width {\n  grid-column: span 2;\n}\n.cssgridlegacy.no-cssgrid .gallery-shortcode.gallery-masonry-shortcode-id-65746c6d45fa3cce07138ebc74047f40.resize-by-browser-width .dt-css-grid {\n  margin: -5px;\n}\n.cssgridlegacy.no-cssgrid .gallery-shortcode.gallery-masonry-shortcode-id-65746c6d45fa3cce07138ebc74047f40.resize-by-browser-width .dt-css-grid .wf-cell {\n  width: 33.333333333333%;\n  padding: 5px;\n}\n.cssgridlegacy.no-cssgrid .gallery-shortcode.gallery-masonry-shortcode-id-65746c6d45fa3cce07138ebc74047f40.resize-by-browser-width .dt-css-grid .wf-cell.double-width {\n  width: calc(33.333333333333%) * 2;\n}\n.gallery-shortcode.gallery-masonry-shortcode-id-65746c6d45fa3cce07138ebc74047f40.resize-by-browser-width:not(.centered-layout-list):not(.content-bg-on) .dt-css-grid {\n  grid-row-gap: 10px - ;\n}\n@media screen and (max-width: 1199px) {\n  .gallery-shortcode.gallery-masonry-shortcode-id-65746c6d45fa3cce07138ebc74047f40.resize-by-browser-width .dt-css-grid {\n    grid-template-columns: repeat(3,1fr);\n  }\n  .cssgridlegacy.no-cssgrid .gallery-shortcode.gallery-masonry-shortcode-id-65746c6d45fa3cce07138ebc74047f40.resize-by-browser-width .dt-css-grid .wf-cell,\n  .no-cssgridlegacy.no-cssgrid .gallery-shortcode.gallery-masonry-shortcode-id-65746c6d45fa3cce07138ebc74047f40.resize-by-browser-width .dt-css-grid .wf-cell {\n    width: 33.333333333333%;\n  }\n  .cssgridlegacy.no-cssgrid .gallery-shortcode.gallery-masonry-shortcode-id-65746c6d45fa3cce07138ebc74047f40.resize-by-browser-width .dt-css-grid .wf-cell.double-width,\n  .no-cssgridlegacy.no-cssgrid .gallery-shortcode.gallery-masonry-shortcode-id-65746c6d45fa3cce07138ebc74047f40.resize-by-browser-width .dt-css-grid .wf-cell.double-width {\n    width: calc(33.333333333333%)*2;\n  }\n}\n@media screen and (max-width: 991px) {\n  .gallery-shortcode.gallery-masonry-shortcode-id-65746c6d45fa3cce07138ebc74047f40.resize-by-browser-width .dt-css-grid {\n    grid-template-columns: repeat(3,1fr);\n  }\n  .cssgridlegacy.no-cssgrid .gallery-shortcode.gallery-masonry-shortcode-id-65746c6d45fa3cce07138ebc74047f40.resize-by-browser-width .dt-css-grid .wf-cell,\n  .no-cssgridlegacy.no-cssgrid .gallery-shortcode.gallery-masonry-shortcode-id-65746c6d45fa3cce07138ebc74047f40.resize-by-browser-width .dt-css-grid .wf-cell {\n    width: 33.333333333333%;\n  }\n  .cssgridlegacy.no-cssgrid .gallery-shortcode.gallery-masonry-shortcode-id-65746c6d45fa3cce07138ebc74047f40.resize-by-browser-width .dt-css-grid .wf-cell.double-width,\n  .no-cssgridlegacy.no-cssgrid .gallery-shortcode.gallery-masonry-shortcode-id-65746c6d45fa3cce07138ebc74047f40.resize-by-browser-width .dt-css-grid .wf-cell.double-width {\n    width: calc(33.333333333333%)*2;\n  }\n}\n@media screen and (max-width: 767px) {\n  .gallery-shortcode.gallery-masonry-shortcode-id-65746c6d45fa3cce07138ebc74047f40.resize-by-browser-width .dt-css-grid {\n    grid-template-columns: repeat(2,1fr);\n  }\n  .cssgridlegacy.no-cssgrid .gallery-shortcode.gallery-masonry-shortcode-id-65746c6d45fa3cce07138ebc74047f40.resize-by-browser-width .dt-css-grid .wf-cell,\n  .no-cssgridlegacy.no-cssgrid .gallery-shortcode.gallery-masonry-shortcode-id-65746c6d45fa3cce07138ebc74047f40.resize-by-browser-width .dt-css-grid .wf-cell {\n    width: 50%;\n  }\n  .cssgridlegacy.no-cssgrid .gallery-shortcode.gallery-masonry-shortcode-id-65746c6d45fa3cce07138ebc74047f40.resize-by-browser-width .dt-css-grid .wf-cell.double-width,\n  .no-cssgridlegacy.no-cssgrid .gallery-shortcode.gallery-masonry-shortcode-id-65746c6d45fa3cce07138ebc74047f40.resize-by-browser-width .dt-css-grid .wf-cell.double-width {\n    width: calc(50%)*2;\n  }\n}<\/style><div class=\"gallery-shortcode dt-gallery-container gallery-masonry-shortcode-id-65746c6d45fa3cce07138ebc74047f40 mode-masonry jquery-filter dt-icon-bg-off quick-scale-img enable-bg-rollover resize-by-browser-width  hover-fade loading-effect-fade-in description-on-hover\" data-padding=\"5px\" data-cur-page=\"1\" data-post-limit=\"-1\" data-pagination-mode=\"none\" data-desktop-columns-num=\"3\" data-v-tablet-columns-num=\"3\" data-h-tablet-columns-num=\"3\" data-phone-columns-num=\"2\" data-width=\"0px\" data-columns=\"0\"><div class=\"iso-container\" ><\/div><!-- iso-container|iso-grid --><\/div>[\/vc_column][\/vc_row]<\/p>\n<\/div>","protected":false},"excerpt":{"rendered":"<p>[vc_row][vc_column width=\u00bb1\/4&#8243;][vc_single_image image=\u00bb160366&#8243; img_size=\u00bbfull\u00bb alignment=\u00bbcenter\u00bb][\/vc_column][vc_column width=\u00bb3\/4&#8243;][vc_empty_space][vc_column_text] &#8230;\u00a1y el culto contin\u00faa! El mini bob es un objeto de culto y tambi\u00e9n hay un sombrero ic\u00f3nico de Pink Bommel: concepto tradicional, dise\u00f1o innovador, alta calidad y 100% hecho a mano \u00abmade in Germany\u00bb. Los sombreros de bolitas rosas no est\u00e1n disponibles en todas las esquinas y cada&hellip;<\/p>\n","protected":false},"author":1,"featured_media":0,"parent":0,"menu_order":0,"comment_status":"closed","ping_status":"closed","template":"","meta":{"_acf_changed":false,"footnotes":""},"class_list":["post-160363","page","type-page","status-publish","hentry","description-off"],"acf":[],"_links":{"self":[{"href":"https:\/\/mini-bob.com\/es\/wp-json\/wp\/v2\/pages\/160363","targetHints":{"allow":["GET"]}}],"collection":[{"href":"https:\/\/mini-bob.com\/es\/wp-json\/wp\/v2\/pages"}],"about":[{"href":"https:\/\/mini-bob.com\/es\/wp-json\/wp\/v2\/types\/page"}],"author":[{"embeddable":true,"href":"https:\/\/mini-bob.com\/es\/wp-json\/wp\/v2\/users\/1"}],"replies":[{"embeddable":true,"href":"https:\/\/mini-bob.com\/es\/wp-json\/wp\/v2\/comments?post=160363"}],"version-history":[{"count":3,"href":"https:\/\/mini-bob.com\/es\/wp-json\/wp\/v2\/pages\/160363\/revisions"}],"predecessor-version":[{"id":160399,"href":"https:\/\/mini-bob.com\/es\/wp-json\/wp\/v2\/pages\/160363\/revisions\/160399"}],"wp:attachment":[{"href":"https:\/\/mini-bob.com\/es\/wp-json\/wp\/v2\/media?parent=160363"}],"curies":[{"name":"wp","href":"https:\/\/api.w.org\/{rel}","templated":true}]}}