{"id":160364,"date":"2014-05-30T13:54:44","date_gmt":"2014-05-30T11:54:44","guid":{"rendered":"https:\/\/mini-bob.com\/inicio-de-mini-bob-el-zipflbob-original\/"},"modified":"2026-01-01T21:35:08","modified_gmt":"2026-01-01T20:35:08","slug":"inicio-de-mini-bob-el-zipflbob-original","status":"publish","type":"page","link":"https:\/\/mini-bob.com\/es\/","title":{"rendered":"Inicio de mini bob - el zipflbob original"},"content":{"rendered":"<div class=\"wpb-content-wrapper\"><p>[vc_row][vc_column][vc_custom_heading text=\u00bbel Zipfelbob original desde 1976 - el mini bob\u00bb font_container=\u00bbtag:h3|text_align:left\u00bb google_fonts=\u00bbfont_family:Roboto%20Condensed%3A300%2C300italic%2Cregular%2Citalic%2C700%2C700italic|font_style:400%20regular%3A400%3Anormal\u00bb][vc_empty_space]<script>console.log(\"mini bob intro 1: No active slides found\")<\/script>\n[vc_separator][vc_custom_heading text=\u00bbCalidad made in Germany desde 1976&#8243; font_container=\u00bbtag:h3|text_align:left\u00bb google_fonts=\u00bbfont_family:Roboto%20Condensed%3A300%2C300italic%2Cregular%2Citalic%2C700%2C700italic|font_style:400%20regular%3A400%3Anormal\u00bb][vc_separator][vc_column_text css=\u00bb\u00bb]Desde hace m\u00e1s de 50 a\u00f1os, el mini bob (Zipflbob original) sigue demostrando de qu\u00e9 est\u00e1 hecho. Nacido en Austria en la d\u00e9cada de 1970, el mini bob, tambi\u00e9n conocido cari\u00f1osamente como \u00abZipflbob\u00bb en la regi\u00f3n alpina, sigue vivo gracias a las ideas y la creatividad de su entusiasta comunidad de fans. Sin embargo, hay algo que siempre ha estado en primer plano&#8230; MAXISPASS para grandes y peque\u00f1os con el original mini bob.[\/vc_column_text][vc_empty_space][\/vc_column][\/vc_row][vc_row][vc_column width=\u00bb1\/2&#8243;][vc_wp_text]<\/p>\n<p style=\"margin-left: 60px; margin-top: 47px;\"><img loading=\"lazy\" decoding=\"async\" title=\"Zipfelbob original - Zipflbob rojo\" src=\"\/wp-content\/uploads\/2015\/01\/mini-bob-rot-500px.png\" alt=\"mini bob - el zipflbob original Zipfelbob\" width=\"500\" height=\"433\"><\/p>\n<p>[\/vc_wp_text][\/vc_column][vc_column width=\u00bb1\/2&#8243;][vc_accordion active_tab=\u00bb1&#8243; title=\u00bbmini bob - \u00bfPor qu\u00e9 el original?\u00bb][vc_accordion_tab title=\u00bbCon \u00e9xito y sin cambios desde 1976&#8243;][vc_column_text]Desde su desarrollo en la d\u00e9cada de 1970, el mini bob ha pasado por muchas etapas de evoluci\u00f3n hasta alcanzar la forma y la perfecci\u00f3n que tiene hoy en d\u00eda.<\/p>\n<p>El mini bob se fabrica con este dise\u00f1o perfeccionado en Alemania desde 1976; ya entonces se ten\u00edan en cuenta la funci\u00f3n, el dise\u00f1o, la durabilidad y la compatibilidad medioambiental en los materiales y la producci\u00f3n.<\/p>\n<p>El mini bob tiene una forma de asiento ergon\u00f3mica y un asa perfectamente moldeada, que garantiza la m\u00e1xima diversi\u00f3n y seguridad para los peque\u00f1os y los j\u00f3venes de coraz\u00f3n.<\/p>\n<p>Gracias a su joystick y a su forma especial, el mini bob puede dirigirse con precisi\u00f3n, rapidez y seguridad. Su intuitivo concepto de manejo hace que sea un placer conducirlo desde el primer minuto. <\/p>\n<p>A\u00f1os antes de la introducci\u00f3n de la legislaci\u00f3n pertinente, se tuvo cuidado de garantizar que el mini bob se fabricara sin ftalatos (sin plastificantes). Incluso hoy, el mini bob supera las pruebas m\u00e1s exigentes de materiales y seguridad sin ninguna queja.[\/vc_column_text][\/vc_accordion_tab][vc_accordion_tab title=\u00bbGalardonado una vez m\u00e1s con el Premio Bob.art de la Industria 2014&#8243;][vc_column_text]\u00a1No s\u00f3lo en la F\u00f3rmula 1 la combinaci\u00f3n de peso, velocidad, estabilidad, equilibrio perfecto y dise\u00f1o es garant\u00eda de victorias!<\/p>\n<p>A diferencia de las r\u00e9plicas de nuestro producto, esta garant\u00eda ha formado parte del mini bob original desde el principio. Esto te garantiza el m\u00e1ximo nivel posible de diversi\u00f3n al conducir con seguridad.[\/vc_column_text][\/vc_accordion_tab][vc_accordion_tab title=\u00bbInventado en Austria - Fabricado en Alemania\u00bb][vc_column_text]Desde su invenci\u00f3n en los a\u00f1os 70, el mini bob se fabrica exclusivamente en Alemania. Esto asegura las altas exigencias impuestas a este producto de alta calidad y garantiza al usuario la m\u00e1xima seguridad y durabilidad. <\/p>\n<p>El mini bob original es un producto de calidad para generaciones, no un aburrido bob de pl\u00e1stico.[\/vc_column_text][\/vc_accordion_tab][\/vc_accordion][\/vc_column][\/vc_row][vc_row][vc_column][vc_separator][\/vc_column][\/vc_row][vc_row][vc_column][vc_empty_space][vc_cta h2=\u00bbHaz clic aqu\u00ed para ir a la tienda online\u00bb txt_align=\u00bbjustify\u00bb shape=\u00bbsquare\u00bb add_button=\u00bbleft\u00bb btn_title=\u00bba la tienda mini bob\u00bb btn_shape=\u00bbsquare\u00bb btn_color=\u00bbdanger\u00bb btn_size=\u00bblg\u00bb btn_align=\u00bbright\u00bb btn_i_type=\u00bbthe7&#8243; btn_i_icon_the7=\u00bbicomoon-the7-font-the7-arrow-27&#8243; btn_button_block=\u00bbtrue\u00bb btn_add_icon=\u00bbtrue\u00bb btn_link=\u00bburl:https%3A%2F%2Fmini-bob.com%2Fmini-bob-zipfelbob-shop%2F|title:mini%20bob%20%28Zipfelbob%29%20kaufen|\u00bb]Tambi\u00e9n puedes comprar todos los colores disponibles actualmente en nuestra tienda web[\/vc_cta][vc_cta h2=\u00bb\u00bfcomprar mini bob - zipflelbob?\u00bb txt_align=\u00bbjustify\u00bb shape=\u00bbsquare\u00bb add_button=\u00bbleft\u00bb btn_title=\u00bbcomprar mini bob\u00bb btn_shape=\u00bbsquare\u00bb btn_color=\u00bbdanger\u00bb btn_size=\u00bblg\u00bb btn_i_type=\u00bbthe7&#8243; btn_i_icon_the7=\u00bbicomoon-the7-font-the7-arrow-27&#8243; btn_add_icon=\u00bbtrue\u00bb btn_link=\u00bburl:https%3A%2F%2Fmini-bob.com%2Fes%2Fcomprar-mini-bob-zipfelbob%2F|title:mini%20bob%20%28Zipfelbob%29%20kaufen|\u00bb]\u00a1Puedes comprar el mini bob original en distribuidores autorizados aqu\u00ed![\/vc_cta][vc_cta h2=\u00bb\u00bfConvertirse en socio comercial?\u00bb txt_align=\u00bbjustify\u00bb shape=\u00bbsquare\u00bb add_button=\u00bbleft\u00bb btn_title=\u00bbConsulta para socios\u00bb btn_shape=\u00bbsquare\u00bb btn_color=\u00bbdanger\u00bb btn_size=\u00bblg\u00bb btn_align=\u00bbright\u00bb btn_i_type=\u00bbthe7&#8243; btn_i_icon_the7=\u00bbicomoon-the7-font-the7-arrow-27&#8243; btn_button_block=\u00bbtrue\u00bb btn_add_icon=\u00bbtrue\u00bb btn_link=\u00bburl:https%3A%2F%2Fmini-bob.com%2Fes%2Fesperamos-tu-consulta%2F|title:mini%20bob%20%28Zipfelbob%29%20kaufen|\u00bb]\u00bfTienes una tienda o una tienda online y te gustar\u00eda vender el mini bob original?[\/vc_cta][\/vc_column][\/vc_row][vc_row][vc_column][vc_empty_space][vc_basic_grid post_type=\u00bbpost\u00bb max_items=\u00bb10&#8243; element_width=\u00bb3&#8243; grid_id=\u00bbvc_gid:1767299586999-9e25d1ab-97fc-2&#8243;][\/vc_column][\/vc_row]<\/p>\n<\/div>","protected":false},"excerpt":{"rendered":"<p>[vc_row][vc_column][vc_custom_heading text=\u00bbel Zipfelbob original desde 1976 - el mini bob\u00bb font_container=\u00bbtag:h3|text_align:left\u00bb google_fonts=\u00bbfont_family:Roboto%20Condensed%3A300%2C300italic%2Cregular%2Citalic%2C700%2C700italic|font_style:400%20regular%3A400%3Anormal\u00bb][vc_empty_space][vc_separator][vc_custom_heading text=\u00bbCalidad made in Germany desde 1976&#8243; font_container=\u00bbtag:h3|text_align:left\u00bb google_fonts=\u00bbfont_family:Roboto%20Condensed%3A300%2C300italic%2Cregular%2Citalic%2C700%2C700italic|font_style:400%20regular%3A400%3Anormal\u00bb][vc_separator][vc_column_text css=\u00bb\u00bb]Desde hace m\u00e1s de 50 a\u00f1os, el mini bob (Zipflbob original) sigue demostrando de qu\u00e9 est\u00e1 hecho. Nacido en Austria en la d\u00e9cada de 1970, el mini bob, tambi\u00e9n conocido cari\u00f1osamente como \u00abZipflbob\u00bb en la&hellip;<\/p>\n","protected":false},"author":1,"featured_media":0,"parent":0,"menu_order":0,"comment_status":"closed","ping_status":"closed","template":"","meta":{"_acf_changed":false,"footnotes":""},"class_list":["post-160364","page","type-page","status-publish","hentry","description-off"],"acf":[],"_links":{"self":[{"href":"https:\/\/mini-bob.com\/es\/wp-json\/wp\/v2\/pages\/160364","targetHints":{"allow":["GET"]}}],"collection":[{"href":"https:\/\/mini-bob.com\/es\/wp-json\/wp\/v2\/pages"}],"about":[{"href":"https:\/\/mini-bob.com\/es\/wp-json\/wp\/v2\/types\/page"}],"author":[{"embeddable":true,"href":"https:\/\/mini-bob.com\/es\/wp-json\/wp\/v2\/users\/1"}],"replies":[{"embeddable":true,"href":"https:\/\/mini-bob.com\/es\/wp-json\/wp\/v2\/comments?post=160364"}],"version-history":[{"count":14,"href":"https:\/\/mini-bob.com\/es\/wp-json\/wp\/v2\/pages\/160364\/revisions"}],"predecessor-version":[{"id":165373,"href":"https:\/\/mini-bob.com\/es\/wp-json\/wp\/v2\/pages\/160364\/revisions\/165373"}],"wp:attachment":[{"href":"https:\/\/mini-bob.com\/es\/wp-json\/wp\/v2\/media?parent=160364"}],"curies":[{"name":"wp","href":"https:\/\/api.w.org\/{rel}","templated":true}]}}