{"id":160372,"date":"2015-02-05T15:21:38","date_gmt":"2015-02-05T14:21:38","guid":{"rendered":"https:\/\/mini-bob.com\/instrucciones-de-conduccion\/"},"modified":"2025-11-23T18:51:32","modified_gmt":"2025-11-23T17:51:32","slug":"instrucciones-de-conduccion","status":"publish","type":"page","link":"https:\/\/mini-bob.com\/es\/instrucciones-de-conduccion\/","title":{"rendered":"Instrucciones de conducci\u00f3n"},"content":{"rendered":"<div class=\"wpb-content-wrapper\"><p>[vc_row][vc_column][vc_custom_heading text=\u00bbInstrucciones de conducci\u00f3n Zipfelbob\u00bb google_fonts=\u00bbfont_family:Roboto%20Condensed%3A300%2C300italic%2Cregular%2Citalic%2C700%2C700italic|font_style:400%20regular%3A400%3Anormal\u00bb][vc_column_text]\u00a1Aprender\u00e1s a dominar con seguridad el mini bob en un abrir y cerrar de ojos!<br \/>\nPrueba y aprende primero la t\u00e9cnica de conducci\u00f3n en terrenos con una pendiente suave antes de utilizar el mini bob en pendientes pronunciadas: \u00a1ayuda a los ni\u00f1os a aprender![\/vc_column_text][\/vc_column][\/vc_row][vc_row][vc_column width=\u00bb1\/2&#8243;][vc_single_image image=\u00bb160375&#8243; img_size=\u00bblarge\u00bb][\/vc_column][vc_column width=\u00bb1\/2&#8243;][vc_single_image image=\u00bb160376&#8243; img_size=\u00bblarge\u00bb][\/vc_column][\/vc_row][vc_row][vc_column][vc_column_text]<strong>Para conductores noveles:<\/strong><\/p>\n<p>Frenado: Tira de la palanca de control hacia tu cuerpo (s\u00f3lo se utiliza para ello el borde trasero del mini bob), manteniendo erguida la parte superior del cuerpo. No utilices los pies para frenar, \u00a1s\u00f3lo sirven para la estabilidad! <\/p>\n<p>Direcci\u00f3n: Desplaza la parte superior del cuerpo hacia la izquierda o la derecha, seg\u00fan la direcci\u00f3n en la que quieras dirigirte, \u00a1sujetando siempre bien la empu\u00f1adura!<\/p>\n<p>Monta: Si\u00e9ntate c\u00f3modamente en el mini bob y agarra el manillar con ambas manos. Tus piernas deben descansar siempre sobre la superficie de apoyo: tus pies no deben tocar el suelo durante el recorrido. <\/p>\n<p><strong>Consejos para profesionales:<\/strong><\/p>\n<p>Arranque \/ tramos llanos: Comprueba que est\u00e1s bien sentado en el mini bob y sujeta la palanca de control entre las piernas. Ahora puedes propulsarte con ambos brazos. <\/p>\n<p>Direcci\u00f3n: Para dirigirte en las curvas cerradas, tambi\u00e9n puedes soltar la mano de la parte interior de la curva de la empu\u00f1adura y estirarla hacia un lado, introduci\u00e9ndola ligeramente en la nieve. (Aseg\u00farate de llevar guantes adecuados y de ser consciente de los peligros potenciales, como piedras en la nieve). <\/p>\n<p>Velocidad: Los profesionales reducen la resistencia del aire desplazando la parte superior del cuerpo lo m\u00e1s atr\u00e1s posible y estirando las piernas (\u00a1por favor, no sueltes la empu\u00f1adura!), lo que optimiza su velocidad de conducci\u00f3n.<\/p>\n<p><strong>Nota:<\/strong> Las piernas y los pies no son necesarios para las maniobras de conducci\u00f3n. S\u00f3lo proporcionan estabilidad. Lee tambi\u00e9n nuestras instrucciones sobre la vestimenta en las <a title=\"PREGUNTAS FRECUENTES\" href=\"https:\/\/mini-bob.com\/faq\/\">FAQ<\/a>. Todo el mundo controla el mini bob con seguridad, porque obedece a su jinete, sea joven o mayor, \u00abal pie de la letra\u00bb. Si\u00e9ntate en \u00e9l y en marcha.[\/vc_column_text][\/vc_column][\/vc_row][vc_row][vc_column][vc_custom_heading text=\u00bbInstrucciones de conducci\u00f3n hist\u00f3ricas de 1970&#8243; google_fonts=\u00bbfont_family:Roboto%20Condensed%3A300%2C300italic%2Cregular%2Citalic%2C700%2C700italic|font_style:400%20regular%3A400%3Anormal\u00bb][vc_single_image image=\u00bb160378&#8243; img_size=\u00bblarge\u00bb][\/vc_column][\/vc_row]<\/p>\n<\/div>","protected":false},"excerpt":{"rendered":"<p>[vc_row][vc_column][vc_custom_heading text=\u00bbInstrucciones de conducci\u00f3n Zipfelbob\u00bb google_fonts=\u00bbfont_family:Roboto%20Condensed%3A300%2C300italic%2Cregular%2Citalic%2C700%2C700italic|font_style:400%20regular%3A400%3Anormal\u00bb][vc_column_text]\u00a1Aprender\u00e1s a dominar con seguridad el mini bob en un abrir y cerrar de ojos! Prueba y aprende primero la t\u00e9cnica de conducci\u00f3n en terrenos con una pendiente suave antes de utilizar el mini bob en pendientes pronunciadas: \u00a1ayuda a los ni\u00f1os a aprender![\/vc_column_text][\/vc_column][\/vc_row][vc_row][vc_column width=\u00bb1\/2&#8243;][vc_single_image image=\u00bb160375&#8243; img_size=\u00bblarge\u00bb][\/vc_column][vc_column width=\u00bb1\/2&#8243;][vc_single_image image=\u00bb160376&#8243; img_size=\u00bblarge\u00bb][\/vc_column][\/vc_row][vc_row][vc_column][vc_column_text]Para&hellip;<\/p>\n","protected":false},"author":1,"featured_media":0,"parent":0,"menu_order":0,"comment_status":"closed","ping_status":"closed","template":"","meta":{"_acf_changed":false,"footnotes":""},"class_list":["post-160372","page","type-page","status-publish","hentry","description-off"],"acf":[],"_links":{"self":[{"href":"https:\/\/mini-bob.com\/es\/wp-json\/wp\/v2\/pages\/160372","targetHints":{"allow":["GET"]}}],"collection":[{"href":"https:\/\/mini-bob.com\/es\/wp-json\/wp\/v2\/pages"}],"about":[{"href":"https:\/\/mini-bob.com\/es\/wp-json\/wp\/v2\/types\/page"}],"author":[{"embeddable":true,"href":"https:\/\/mini-bob.com\/es\/wp-json\/wp\/v2\/users\/1"}],"replies":[{"embeddable":true,"href":"https:\/\/mini-bob.com\/es\/wp-json\/wp\/v2\/comments?post=160372"}],"version-history":[{"count":2,"href":"https:\/\/mini-bob.com\/es\/wp-json\/wp\/v2\/pages\/160372\/revisions"}],"predecessor-version":[{"id":160400,"href":"https:\/\/mini-bob.com\/es\/wp-json\/wp\/v2\/pages\/160372\/revisions\/160400"}],"wp:attachment":[{"href":"https:\/\/mini-bob.com\/es\/wp-json\/wp\/v2\/media?parent=160372"}],"curies":[{"name":"wp","href":"https:\/\/api.w.org\/{rel}","templated":true}]}}