{"id":160385,"date":"2015-02-05T14:52:33","date_gmt":"2015-02-05T13:52:33","guid":{"rendered":"https:\/\/mini-bob.com\/origen-del-mini-bob\/"},"modified":"2025-11-23T18:51:32","modified_gmt":"2025-11-23T17:51:32","slug":"origen-del-mini-bob","status":"publish","type":"page","link":"https:\/\/mini-bob.com\/es\/origen-del-mini-bob\/","title":{"rendered":"Origen del mini bob"},"content":{"rendered":"<div class=\"wpb-content-wrapper\"><p>[vc_row][vc_column][vc_custom_heading text=\u00bbLa idea\u00bb google_fonts=\u00bbfont_family:Roboto%20Condensed%3A300%2C300italic%2Cregular%2Citalic%2C700%2C700italic|font_style:400%20regular%3A400%3Anormal\u00bb][\/vc_column][\/vc_row][vc_row][vc_column width=\u00bb1\/2&#8243;][vc_column_text]La idea naci\u00f3 durante unas vacaciones de esqu\u00ed en Kitzb\u00fchel en los a\u00f1os 70.<br \/>\nLa pala de carb\u00f3n sirvi\u00f3 de idea para la forma b\u00e1sica posterior.<\/p>\n<p>Por aquel entonces, los ni\u00f1os sol\u00edan deslizarse por la monta\u00f1a con una gran variedad de equipos y, recordando su propia infancia en Austria, donde les gustaba deslizarse por la ladera con palas de carb\u00f3n -el mango por delante-, surgi\u00f3 la idea de fabricar un equipo deportivo que pudieran utilizar tanto los j\u00f3venes como los mayores para practicar deportes de invierno.[\/vc_column_text][\/vc_column][vc_column width=\u00bb1\/2&#8243;][vc_single_image image=\u00bb160389&#8243; img_size=\u00bbmedium\u00bb alignment=\u00bbcenter\u00bb][\/vc_column][\/vc_row][vc_row][vc_column][vc_custom_heading text=\u00bbEl desarrollo\u00bb google_fonts=\u00bbfont_family:Roboto%20Condensed%3A300%2C300italic%2Cregular%2Citalic%2C700%2C700italic|font_style:400%20regular%3A400%3Anormal\u00bb][\/vc_column][\/vc_row][vc_row][vc_column]<style type=\"text\/css\" data-type=\"the7_shortcodes-inline-css\">.gallery-shortcode.gallery-masonry-shortcode-id-f8ab2e66a08fd1795e377b21f9e7b96d figure,\n.gallery-shortcode.gallery-masonry-shortcode-id-f8ab2e66a08fd1795e377b21f9e7b96d .rollover,\n.gallery-shortcode.gallery-masonry-shortcode-id-f8ab2e66a08fd1795e377b21f9e7b96d img,\n.gallery-shortcode.gallery-masonry-shortcode-id-f8ab2e66a08fd1795e377b21f9e7b96d .gallery-rollover {\n  border-radius: 0px;\n}\n.gallery-shortcode.gallery-masonry-shortcode-id-f8ab2e66a08fd1795e377b21f9e7b96d.enable-bg-rollover .gallery-rollover {\n  background: -webkit-linear-gradient();\n  background: linear-gradient();\n}\n.gallery-shortcode.gallery-masonry-shortcode-id-f8ab2e66a08fd1795e377b21f9e7b96d.enable-bg-rollover.hover-scale figure .rollover:after {\n  background: -webkit-linear-gradient();\n  background: linear-gradient();\n}\n.gallery-shortcode.gallery-masonry-shortcode-id-f8ab2e66a08fd1795e377b21f9e7b96d .gallery-zoom-ico {\n  width: 44px;\n  height: 44px;\n  line-height: 44px;\n  border-radius: 100px;\n  margin: -22px 0 0 -22px;\n  border-width: 0px;\n  color: #ffffff;\n}\n.dt-icon-bg-on.gallery-shortcode.gallery-masonry-shortcode-id-f8ab2e66a08fd1795e377b21f9e7b96d .gallery-zoom-ico {\n  background: rgba(255,255,255,0.3);\n  box-shadow: none;\n}\n.gallery-shortcode.gallery-masonry-shortcode-id-f8ab2e66a08fd1795e377b21f9e7b96d .gallery-zoom-ico:before,\n.gallery-shortcode.gallery-masonry-shortcode-id-f8ab2e66a08fd1795e377b21f9e7b96d .gallery-zoom-ico span {\n  font-size: 32px;\n  line-height: 44px;\n  color: #ffffff;\n}\n.gallery-shortcode.gallery-masonry-shortcode-id-f8ab2e66a08fd1795e377b21f9e7b96d:not(.resize-by-browser-width) .dt-css-grid {\n  grid-row-gap: 10px;\n  grid-column-gap: 10px;\n  grid-template-columns: repeat(auto-fill,minmax(,1fr));\n}\n.gallery-shortcode.gallery-masonry-shortcode-id-f8ab2e66a08fd1795e377b21f9e7b96d:not(.resize-by-browser-width) .dt-css-grid .double-width {\n  grid-column: span 2;\n}\n.cssgridlegacy.no-cssgrid .gallery-shortcode.gallery-masonry-shortcode-id-f8ab2e66a08fd1795e377b21f9e7b96d:not(.resize-by-browser-width) .dt-css-grid,\n.no-cssgridlegacy.no-cssgrid .gallery-shortcode.gallery-masonry-shortcode-id-f8ab2e66a08fd1795e377b21f9e7b96d:not(.resize-by-browser-width) .dt-css-grid {\n  display: flex;\n  flex-flow: row wrap;\n  margin: -5px;\n}\n.cssgridlegacy.no-cssgrid .gallery-shortcode.gallery-masonry-shortcode-id-f8ab2e66a08fd1795e377b21f9e7b96d:not(.resize-by-browser-width) .dt-css-grid .wf-cell,\n.no-cssgridlegacy.no-cssgrid .gallery-shortcode.gallery-masonry-shortcode-id-f8ab2e66a08fd1795e377b21f9e7b96d:not(.resize-by-browser-width) .dt-css-grid .wf-cell {\n  flex: 1 0 ;\n  max-width: 100%;\n  padding: 5px;\n  box-sizing: border-box;\n}\n.gallery-shortcode.gallery-masonry-shortcode-id-f8ab2e66a08fd1795e377b21f9e7b96d.resize-by-browser-width .dt-css-grid {\n  grid-template-columns: repeat(4,1fr);\n  grid-template-rows: auto;\n  grid-column-gap: 10px;\n  grid-row-gap: 10px;\n}\n.gallery-shortcode.gallery-masonry-shortcode-id-f8ab2e66a08fd1795e377b21f9e7b96d.resize-by-browser-width .dt-css-grid .double-width {\n  grid-column: span 2;\n}\n.cssgridlegacy.no-cssgrid .gallery-shortcode.gallery-masonry-shortcode-id-f8ab2e66a08fd1795e377b21f9e7b96d.resize-by-browser-width .dt-css-grid {\n  margin: -5px;\n}\n.cssgridlegacy.no-cssgrid .gallery-shortcode.gallery-masonry-shortcode-id-f8ab2e66a08fd1795e377b21f9e7b96d.resize-by-browser-width .dt-css-grid .wf-cell {\n  width: 25%;\n  padding: 5px;\n}\n.cssgridlegacy.no-cssgrid .gallery-shortcode.gallery-masonry-shortcode-id-f8ab2e66a08fd1795e377b21f9e7b96d.resize-by-browser-width .dt-css-grid .wf-cell.double-width {\n  width: calc(25%) * 2;\n}\n.gallery-shortcode.gallery-masonry-shortcode-id-f8ab2e66a08fd1795e377b21f9e7b96d.resize-by-browser-width:not(.centered-layout-list):not(.content-bg-on) .dt-css-grid {\n  grid-row-gap: 10px - ;\n}\n@media screen and (max-width: 1199px) {\n  .gallery-shortcode.gallery-masonry-shortcode-id-f8ab2e66a08fd1795e377b21f9e7b96d.resize-by-browser-width .dt-css-grid {\n    grid-template-columns: repeat(4,1fr);\n  }\n  .cssgridlegacy.no-cssgrid .gallery-shortcode.gallery-masonry-shortcode-id-f8ab2e66a08fd1795e377b21f9e7b96d.resize-by-browser-width .dt-css-grid .wf-cell,\n  .no-cssgridlegacy.no-cssgrid .gallery-shortcode.gallery-masonry-shortcode-id-f8ab2e66a08fd1795e377b21f9e7b96d.resize-by-browser-width .dt-css-grid .wf-cell {\n    width: 25%;\n  }\n  .cssgridlegacy.no-cssgrid .gallery-shortcode.gallery-masonry-shortcode-id-f8ab2e66a08fd1795e377b21f9e7b96d.resize-by-browser-width .dt-css-grid .wf-cell.double-width,\n  .no-cssgridlegacy.no-cssgrid .gallery-shortcode.gallery-masonry-shortcode-id-f8ab2e66a08fd1795e377b21f9e7b96d.resize-by-browser-width .dt-css-grid .wf-cell.double-width {\n    width: calc(25%)*2;\n  }\n}\n@media screen and (max-width: 991px) {\n  .gallery-shortcode.gallery-masonry-shortcode-id-f8ab2e66a08fd1795e377b21f9e7b96d.resize-by-browser-width .dt-css-grid {\n    grid-template-columns: repeat(3,1fr);\n  }\n  .cssgridlegacy.no-cssgrid .gallery-shortcode.gallery-masonry-shortcode-id-f8ab2e66a08fd1795e377b21f9e7b96d.resize-by-browser-width .dt-css-grid .wf-cell,\n  .no-cssgridlegacy.no-cssgrid .gallery-shortcode.gallery-masonry-shortcode-id-f8ab2e66a08fd1795e377b21f9e7b96d.resize-by-browser-width .dt-css-grid .wf-cell {\n    width: 33.333333333333%;\n  }\n  .cssgridlegacy.no-cssgrid .gallery-shortcode.gallery-masonry-shortcode-id-f8ab2e66a08fd1795e377b21f9e7b96d.resize-by-browser-width .dt-css-grid .wf-cell.double-width,\n  .no-cssgridlegacy.no-cssgrid .gallery-shortcode.gallery-masonry-shortcode-id-f8ab2e66a08fd1795e377b21f9e7b96d.resize-by-browser-width .dt-css-grid .wf-cell.double-width {\n    width: calc(33.333333333333%)*2;\n  }\n}\n@media screen and (max-width: 767px) {\n  .gallery-shortcode.gallery-masonry-shortcode-id-f8ab2e66a08fd1795e377b21f9e7b96d.resize-by-browser-width .dt-css-grid {\n    grid-template-columns: repeat(2,1fr);\n  }\n  .cssgridlegacy.no-cssgrid .gallery-shortcode.gallery-masonry-shortcode-id-f8ab2e66a08fd1795e377b21f9e7b96d.resize-by-browser-width .dt-css-grid .wf-cell,\n  .no-cssgridlegacy.no-cssgrid .gallery-shortcode.gallery-masonry-shortcode-id-f8ab2e66a08fd1795e377b21f9e7b96d.resize-by-browser-width .dt-css-grid .wf-cell {\n    width: 50%;\n  }\n  .cssgridlegacy.no-cssgrid .gallery-shortcode.gallery-masonry-shortcode-id-f8ab2e66a08fd1795e377b21f9e7b96d.resize-by-browser-width .dt-css-grid .wf-cell.double-width,\n  .no-cssgridlegacy.no-cssgrid .gallery-shortcode.gallery-masonry-shortcode-id-f8ab2e66a08fd1795e377b21f9e7b96d.resize-by-browser-width .dt-css-grid .wf-cell.double-width {\n    width: calc(50%)*2;\n  }\n}<\/style><div class=\"gallery-shortcode dt-gallery-container gallery-masonry-shortcode-id-f8ab2e66a08fd1795e377b21f9e7b96d mode-masonry jquery-filter dt-icon-bg-off quick-scale-img enable-bg-rollover resize-by-browser-width  hover-fade loading-effect-fade-in description-on-hover\" data-padding=\"5px\" data-cur-page=\"1\" data-post-limit=\"-1\" data-pagination-mode=\"none\" data-desktop-columns-num=\"4\" data-v-tablet-columns-num=\"3\" data-h-tablet-columns-num=\"4\" data-phone-columns-num=\"2\" data-width=\"0px\" data-columns=\"0\"><div class=\"iso-container\" ><div class=\"wf-cell iso-item\" data-post-id=\"160279\" data-date=\"2025-11-23T18:50:43+01:00\" data-name=\"1980 Zipfelbob amarillo - mini bob amarillo con &quot;Zipfl&quot; pintado - prototipo\"><figure class=\"post visible\"><a href=\"https:\/\/mini-bob.com\/wp-content\/uploads\/2015\/02\/IMG_2551-1024.jpg\" class=\"rollover dt-pswp-item layzr-bg\" data-large_image_width=\"1024\" data-large_image_height=\"683\" data-dt-img-description=\"\" title=\"1980 Zipfelbob amarillo - mini bob amarillo con \u00abZipfl\u00bb pintado - prototipo\"><img fetchpriority=\"high\" decoding=\"async\" class=\"preload-me iso-lazy-load aspect\" src=\"data:image\/svg+xml,%3Csvg%20xmlns%3D&#39;http%3A%2F%2Fwww.w3.org%2F2000%2Fsvg&#39;%20viewBox%3D&#39;0%200%20379%20379&#39;%2F%3E\" data-src=\"https:\/\/mini-bob.com\/wp-content\/uploads\/2015\/02\/IMG_2551-1024-379x379.jpg\" data-srcset=\"https:\/\/mini-bob.com\/wp-content\/uploads\/2015\/02\/IMG_2551-1024-379x379.jpg 379w, https:\/\/mini-bob.com\/wp-content\/uploads\/2015\/02\/IMG_2551-1024-569x569.jpg 569w\" loading=\"eager\" style=\"--ratio: 379 \/ 379\" sizes=\"(max-width: 379px) 100vw, 379px\" alt=\"Zipfybob prototipo 1970\" width=\"379\" height=\"379\"  \/><span class=\"gallery-rollover\"><span class=\"gallery-zoom-ico icomoon-the7-font-the7-zoom-06\"><span><\/span><\/span><\/span><\/a><\/figure><\/div><div class=\"wf-cell iso-item\" data-post-id=\"160151\" data-date=\"2015-02-15T18:57:46+01:00\" data-name=\"Portador de desarrollo Zipflbob 1970\"><figure class=\"post visible\"><a href=\"https:\/\/mini-bob.com\/wp-content\/uploads\/2015\/02\/IMG_2537-1024.jpg\" class=\"rollover dt-pswp-item layzr-bg\" data-large_image_width=\"1024\" data-large_image_height=\"683\" data-dt-img-description=\"\" title=\"Portador de desarrollo Zipflbob 1970\"><img decoding=\"async\" class=\"preload-me iso-lazy-load aspect\" src=\"data:image\/svg+xml,%3Csvg%20xmlns%3D&#39;http%3A%2F%2Fwww.w3.org%2F2000%2Fsvg&#39;%20viewBox%3D&#39;0%200%20379%20379&#39;%2F%3E\" data-src=\"https:\/\/mini-bob.com\/wp-content\/uploads\/2015\/02\/IMG_2537-1024-379x379.jpg\" data-srcset=\"https:\/\/mini-bob.com\/wp-content\/uploads\/2015\/02\/IMG_2537-1024-379x379.jpg 379w, https:\/\/mini-bob.com\/wp-content\/uploads\/2015\/02\/IMG_2537-1024-569x569.jpg 569w\" loading=\"eager\" style=\"--ratio: 379 \/ 379\" sizes=\"(max-width: 379px) 100vw, 379px\" alt=\"Zipflbob prototipo 1970\" width=\"379\" height=\"379\"  \/><span class=\"gallery-rollover\"><span class=\"gallery-zoom-ico icomoon-the7-font-the7-zoom-06\"><span><\/span><\/span><\/span><\/a><\/figure><\/div><div class=\"wf-cell iso-item\" data-post-id=\"160305\" data-date=\"2025-11-23T18:50:56+01:00\" data-name=\"Zipflbob 1970 azul\"><figure class=\"post visible\"><a href=\"https:\/\/mini-bob.com\/wp-content\/uploads\/2015\/02\/IMG_2812-1024.jpg\" class=\"rollover dt-pswp-item layzr-bg\" data-large_image_width=\"1024\" data-large_image_height=\"683\" data-dt-img-description=\"\" title=\"Zipflbob 1970 azul\"><img decoding=\"async\" class=\"preload-me iso-lazy-load aspect\" src=\"data:image\/svg+xml,%3Csvg%20xmlns%3D&#39;http%3A%2F%2Fwww.w3.org%2F2000%2Fsvg&#39;%20viewBox%3D&#39;0%200%20379%20379&#39;%2F%3E\" data-src=\"https:\/\/mini-bob.com\/wp-content\/uploads\/2015\/02\/IMG_2812-1024-379x379.jpg\" data-srcset=\"https:\/\/mini-bob.com\/wp-content\/uploads\/2015\/02\/IMG_2812-1024-379x379.jpg 379w, https:\/\/mini-bob.com\/wp-content\/uploads\/2015\/02\/IMG_2812-1024-569x569.jpg 569w\" loading=\"eager\" style=\"--ratio: 379 \/ 379\" sizes=\"(max-width: 379px) 100vw, 379px\" alt=\"Zipfybob Zipflbob prototipo 1970\" width=\"379\" height=\"379\"  \/><span class=\"gallery-rollover\"><span class=\"gallery-zoom-ico icomoon-the7-font-the7-zoom-06\"><span><\/span><\/span><\/span><\/a><\/figure><\/div><\/div><!-- iso-container|iso-grid --><\/div>[vc_column_text]Veh\u00edculo de desarrollo 1975[\/vc_column_text][\/vc_column][\/vc_row][vc_row][vc_column width=\u00bb1\/2&#8243;][vc_column_text]Tras muchas consideraciones y esbozos de la posible forma, primero hubo que encontrar un material que, adem\u00e1s de buenas propiedades deslizantes en la nieve, pudiera soportar f\u00e1cilmente temperaturas de 40 grados bajo cero a 40 grados sobre cero.<\/p>\n<p>El objetivo principal era desarrollar una pieza de equipamiento deportivo que fuera tan adecuada para ni\u00f1os como para adultos. El futuro mini bob ten\u00eda que ser robusto y duradero, pero tambi\u00e9n ligero y f\u00e1cil de manejar. <\/p>\n<p>Un tallista de madera de Oberammergau, en Baviera, hizo los moldes para los prototipos de entonces. Como el \u00abpl\u00e1stico\u00bb era el material de la \u00e9poca en los a\u00f1os 70, se experiment\u00f3 mucho con \u00e9l -s\u00f3lo unas pocas empresas eran capaces de fabricar perfectamente un molde tan elaborado en aquella \u00e9poca-. En aquella \u00e9poca, los trineos se fabricaban exclusivamente con madera o metal - el mini bob se convertir\u00eda en el precursor de todos los trineos y bobs de pl\u00e1stico&#8230; Tras muchas pruebas y ensayos de materiales, finalmente llegamos al proceso actual de pl\u00e1stico HD-PE.  <\/p>\n<p>Desde 1976, la empresa Loeger GmbH fabrica y vende el mini bob en Alemania, casi sin cambios. El mini bob tambi\u00e9n se conoce cari\u00f1osamente (dependiendo de la regi\u00f3n) como \u00abZipflbob\u00bb, \u00abZipfelbob\u00bb o \u00abZipfybob\u00bb y ha hecho las delicias de generaciones desde entonces.[\/vc_column_text][\/vc_column][vc_column width=\u00bb1\/2&#8243;][vc_single_image image=\u00bb160388&#8243; img_size=\u00bblarge\u00bb][vc_column_text]Siegmund Loeger y el mini bob[\/vc_column_text][\/vc_column][\/vc_row][vc_row][vc_column][vc_custom_heading text=\u00bbLa historia\u00bb google_fonts=\u00bbfont_family:Roboto%20Condensed%3A300%2C300italic%2Cregular%2Citalic%2C700%2C700italic|font_style:400%20regular%3A400%3Anormal\u00bb][vc_column_text]Puedes descubrir c\u00f3mo continu\u00f3 esta historia de \u00e9xito de 40 a\u00f1os en Historia[\/vc_column_text][\/vc_column][\/vc_row][vc_row][vc_column]<style type=\"text\/css\" data-type=\"the7_shortcodes-inline-css\">#default-btn-b7b71fa91ec76faf29ace650b4ea5542.ico-right-side > i {\n  margin-right: 0px;\n  margin-left: 8px;\n}\n#default-btn-b7b71fa91ec76faf29ace650b4ea5542 > i {\n  margin-right: 8px;\n}<\/style><a href=\"https:\/\/mini-bob.com\/es\/historia\/\" class=\"default-btn-shortcode dt-btn dt-btn-l pulse animate-element animation-builder link-hover-off btn-inline-left \" id=\"default-btn-b7b71fa91ec76faf29ace650b4ea5542\" title=\"Historia\"><span>LA HISTORIA DEL MINI BOB<\/span><\/a>[\/vc_column][\/vc_row]<\/p>\n<\/div>","protected":false},"excerpt":{"rendered":"<p>[vc_row][vc_column][vc_custom_heading text=\u00bbLa idea\u00bb google_fonts=\u00bbfont_family:Roboto%20Condensed%3A300%2C300italic%2Cregular%2Citalic%2C700%2C700italic|font_style:400%20regular%3A400%3Anormal\u00bb][\/vc_column][\/vc_row][vc_row][vc_column width=\u00bb1\/2&#8243;][vc_column_text]La idea naci\u00f3 durante unas vacaciones de esqu\u00ed en Kitzb\u00fchel en los a\u00f1os 70. La pala de carb\u00f3n sirvi\u00f3 de idea para la forma b\u00e1sica posterior. Por aquel entonces, los ni\u00f1os sol\u00edan deslizarse por la monta\u00f1a con una gran variedad de equipos y, recordando su propia infancia en Austria, donde les&hellip;<\/p>\n","protected":false},"author":1,"featured_media":0,"parent":0,"menu_order":0,"comment_status":"closed","ping_status":"closed","template":"","meta":{"_acf_changed":false,"footnotes":""},"class_list":["post-160385","page","type-page","status-publish","hentry","description-off"],"acf":[],"_links":{"self":[{"href":"https:\/\/mini-bob.com\/es\/wp-json\/wp\/v2\/pages\/160385","targetHints":{"allow":["GET"]}}],"collection":[{"href":"https:\/\/mini-bob.com\/es\/wp-json\/wp\/v2\/pages"}],"about":[{"href":"https:\/\/mini-bob.com\/es\/wp-json\/wp\/v2\/types\/page"}],"author":[{"embeddable":true,"href":"https:\/\/mini-bob.com\/es\/wp-json\/wp\/v2\/users\/1"}],"replies":[{"embeddable":true,"href":"https:\/\/mini-bob.com\/es\/wp-json\/wp\/v2\/comments?post=160385"}],"version-history":[{"count":2,"href":"https:\/\/mini-bob.com\/es\/wp-json\/wp\/v2\/pages\/160385\/revisions"}],"predecessor-version":[{"id":160401,"href":"https:\/\/mini-bob.com\/es\/wp-json\/wp\/v2\/pages\/160385\/revisions\/160401"}],"wp:attachment":[{"href":"https:\/\/mini-bob.com\/es\/wp-json\/wp\/v2\/media?parent=160385"}],"curies":[{"name":"wp","href":"https:\/\/api.w.org\/{rel}","templated":true}]}}