{"id":160386,"date":"2014-03-25T15:34:11","date_gmt":"2014-03-25T14:34:11","guid":{"rendered":"https:\/\/mini-bob.com\/preguntas-frecuentes\/"},"modified":"2025-11-23T18:51:29","modified_gmt":"2025-11-23T17:51:29","slug":"preguntas-frecuentes","status":"publish","type":"page","link":"https:\/\/mini-bob.com\/es\/preguntas-frecuentes\/","title":{"rendered":"PREGUNTAS FRECUENTES"},"content":{"rendered":"<div class=\"wpb-content-wrapper\"><p>[vc_row][vc_column][vc_custom_heading text=\u00bb\u00bfTienes preguntas? \u00a1Las respondemos! \u00bb font_container=\u00bbtag:h4|text_align:left\u00bb google_fonts=\u00bbfont_family:Roboto%20Condensed%3A300%2C300italic%2Cregular%2Citalic%2C700%2C700italic|font_style:400%20regular%3A400%3Anormal\u00bb][vc_column_text]Aqu\u00ed intentamos responder a todas tus preguntas sobre el mini bob - si a\u00fan necesitas m\u00e1s informaci\u00f3n, \u00a1no dudes en <a href=\"https:\/\/mini-bob.com\/es\/esperamos-tu-consulta\/?v=3a52f3c22ed6\">ponerte en contacto con<\/a> nosotros![\/vc_column_text][\/vc_column][\/vc_row][vc_row][vc_column][vc_toggle title=\u00bb\u00bfC\u00f3mo puedo reconocer el mini bob original?\u00bb style=\u00bbround\u00bb]El mini bob original se reconoce por el inconfundible logotipo protegido de mini bob grabado en relieve en la parte delantera.<\/p>\n<p><img decoding=\"async\" src=\"\/wp-content\/uploads\/2015\/02\/MaxispassmitMinibob.gif\" alt=\"\" width=\"300\">[\/vc_toggle][vc_toggle title=\u00bb\u00bfQu\u00e9 es el \u00abZipflbob\u00ab?\u00bb style=\u00bbround\u00bb]El mini bob tambi\u00e9n se conoce cari\u00f1osamente (seg\u00fan el dialecto) como \u00abZipflbob\u00bb, \u00abZipfelbob\u00bb, \u00abZipfibob\u00bb o \u00abZipfybob\u00bb. El t\u00e9rmino se origin\u00f3 en las monta\u00f1as tirolesas debido a su forma \u00fanica. <\/p>\n<p>\u00a1As\u00ed que s\u00f3lo el mini bob original es tambi\u00e9n el aut\u00e9ntico \u00abZipflbob\u00bb![\/vc_toggle][vc_toggle title=\u00bb\u00bfDesde cu\u00e1ndo existe el mini bob?\u00bb style=\u00bbround\u00bb]La idea naci\u00f3 durante unas vacaciones de esqu\u00ed en Kitzb\u00fchel en los a\u00f1os 70.<br \/>\nLoeger GmbH fabrica y vende el mini bob en Alemania casi sin cambios desde 1976.[\/vc_toggle][vc_toggle title=\u00bb\u00bfQui\u00e9n invent\u00f3 el mini bob?\u00bb style=\u00bbround\u00bb]El mini bob fue desarrollado y patentado por Siegmund Loeger y Johann Uttenthaler en la d\u00e9cada de 1970. Tras la muerte de Johann Uttenthaler, los derechos de patente se transfirieron a Loeger GmbH, que desde entonces es el fabricante y distribuidor exclusivo del mini bob.[\/vc_toggle][vc_toggle title=\u00bb\u00bfD\u00f3nde se fabrica el mini bob?\u00bb style=\u00bbround\u00bb]El mini bob se fabrica en Alemania desde 1976. Colaboramos con peque\u00f1as y medianas empresas familiares.[\/vc_toggle][vc_toggle title=\u00bbMi mini bob tiene dos agujeros en el asiento. \u00bfEs normal? \u00bb style=\u00bbround\u00bb]Durante la fabricaci\u00f3n del mini bob, la denominada \u00abcubierta del asiento\u00bb en el molde de soplado se suspende\/se fija a dos \u00abpinchos\u00bb. Estas dos p\u00faas dejan las hendiduras caracter\u00edsticas en la superficie del asiento (ver imagen). No se trata de agujeros, sino simplemente de una hendidura en el material, que no influye en el funcionamiento y la seguridad del mini bob.  <\/p>\n<p>&nbsp;<\/p>\n<p><img loading=\"lazy\" decoding=\"async\" src=\"\/wp-content\/uploads\/2017\/01\/Loch-in-mini-bob-zipflbob.jpg\" alt=\"Agujero en mini bob - agujeros de asiento\" width=\"350\" height=\"382\">[\/vc_toggle][vc_toggle title=\u00bb\u00bfEl mini bob es seguro para la salud?\u00bb style=\u00bbround\u00bb]Desde su invenci\u00f3n en los a\u00f1os 70, el mini bob tambi\u00e9n se ha dise\u00f1ado como trineo para ni\u00f1os. Desde el principio, se prest\u00f3 atenci\u00f3n a la compatibilidad con la piel al desarrollar y seleccionar los materiales. Por ejemplo, el mini bob original no utiliza plastificantes (sin ftalatos).  <\/p>\n<p>El material HD PE utilizado est\u00e1 aprobado para uso alimentario, es seguro para los alimentos y fisiol\u00f3gicamente inocuo. Por ejemplo, el PE HD tambi\u00e9n se utiliza para tablas de cortar en la cocina y para cajas de almacenamiento de alimentos que entran en contacto con alimentos.[\/vc_toggle][vc_toggle title=\u00bb\u00bfSe puede reciclar el mini bob?\u00bb style=\u00bbround\u00bb]El mini bob est\u00e1 fabricado con el material de alta resistencia y durabilidad HD-PE, que significa polietileno de alta densidad. El HD-PE tiene una gran tenacidad y rigidez (incluso a temperaturas muy bajas) y una muy buena resistencia qu\u00edmica. El mini bob Original es un producto para generaciones y est\u00e1 dise\u00f1ado para una larga vida \u00fatil.  <\/p>\n<p>Sin embargo, si tienes que deshacerte del mini bob, no hay problema. El HD-PE est\u00e1 compuesto exclusivamente de carbono e hidr\u00f3geno, por lo que su eliminaci\u00f3n es muy respetuosa con el medio ambiente. S\u00f3lo tienes que llevar el mini bob al centro de reciclaje m\u00e1s cercano para que lo reciclen correctamente.[\/vc_toggle][vc_toggle title=\u00bb\u00bfEl mini bob da\u00f1a la pista\/superficie?\u00bb style=\u00bbround\u00bb]Gracias a su dise\u00f1o plano en la parte inferior, el mini bob es especialmente suave en pistas de trineo y esqu\u00ed. A diferencia de un trineo de madera cl\u00e1sico con sus patines, el mini bob incluso \u00abrueda\u00bb por la superficie en lugar de destruirla. Por tanto, el mini bob no afecta negativamente a la vegetaci\u00f3n ni a la pista preparada.[\/vc_toggle][vc_toggle title=\u00bb\u00bfA qu\u00e9 edad puedo montar en un mini bob?\u00bb style=\u00bbround\u00bb]El mini bob es adecuado para todas las personas de 3 a 99 a\u00f1os. La diversi\u00f3n del mini bob no conoce l\u00edmites de edad. Gracias a la baja altura del asiento, el peque\u00f1o trineo de pl\u00e1stico apenas vuelca, por lo que pueden montarlo incluso los ni\u00f1os m\u00e1s peque\u00f1os. Su reducido peso de s\u00f3lo 1,6 kg aproximadamente lo convierte en uno de los trineos de pl\u00e1stico m\u00e1s ligeros del mercado, por lo que incluso los m\u00e1s peque\u00f1os aficionados al mini bob pueden tirar de \u00e9l sin esfuerzo por la pendiente con una cuerda.[\/vc_toggle][vc_toggle title=\u00bb\u00bfHasta qu\u00e9 peso puedo montar en un mini bob?\u00bb style=\u00bbround\u00bb]Gracias a su material pl\u00e1stico irrompible, el mini bob es muy resistente y se puede montar con un peso de hasta 100 kg.[\/vc_toggle][vc_toggle title=\u00bb\u00bfD\u00f3nde puedo comprar el mini bob?\u00bb style=\u00bbround\u00bb]El mini bob est\u00e1 disponible en tiendas de deportes y juguetes bien surtidas, as\u00ed como en muchos portales de Internet.<br \/>\nPuedes encontrar todos los distribuidores que conocemos en<a href=\"https:\/\/mini-bob.com\/es\/comprar-mini-bob-zipfelbob\/\">\u00abcomprar mini bob<\/a>\u00ab.<\/p>\n<p>\u00a1Y, por supuesto, en nuestra <a href=\"https:\/\/mini-bob.com\/mini-bob-zipfelbob-shop\/\">tienda<\/a>![\/vc_toggle][vc_toggle title=\u00bb\u00bfEn qu\u00e9 colores est\u00e1 disponible el mini bob?\u00bb style=\u00bbround\u00bb]El mini bob est\u00e1 disponible actualmente en los colores rojo, rosa y azul.<\/p>\n<p>Los colores rojo y amarillo han existido desde la invenci\u00f3n del mini bob en la d\u00e9cada de 1970. Durante un breve periodo de tiempo, el mini bob tambi\u00e9n estuvo disponible en los colores de moda verde ne\u00f3n, rosa ne\u00f3n y negro con asiento amarillo. <\/p>\n<p>En 2010, exist\u00eda el Zipflbob naranja, que fue sustituido por el \u00abnuevo\u00bb Zipflelbob amarillo en 2014. En 2013, el mini bob estuvo disponible en una edici\u00f3n especial de color bronce met\u00e1lico, verde met\u00e1lico y blanco nacarado en cantidades limitadas. En 2015, el peque\u00f1o bob de pl\u00e1stico tambi\u00e9n estuvo disponible en color morado. El \u00faltimo color especial \u00abrosa\u00bb se fabric\u00f3 en 2020.   <\/p>\n<p>Para que nunca sea aburrido, \u00a1ya estamos planeando un nuevo color especial!<\/p>\n<p>As\u00ed que vale la pena visitar nuestro sitio web con regularidad :-)[\/vc_toggle][vc_toggle title=\u00bb\u00bfPuedo comprar tambi\u00e9n el mini bob en colores individuales?\u00bb style=\u00bbround\u00bb]Por lo general, podemos fabricar el mini bob en colores individuales, pero esto s\u00f3lo es posible a partir de una determinada cantidad. Para empresas y grandes clientes, por ejemplo, podemos ofrecer el mini bob en combinaciones de colores individuales como art\u00edculo promocional (ver<a href=\"https:\/\/mini-bob.com\/es\/material-publicitario\/\">\u00abReferencias<\/a>\u00ab). <\/p>\n<p>\u00a1Nos alegramos de recibir tu consulta![\/vc_toggle][vc_toggle title=\u00bb\u00bfC\u00f3mo puedo participar en las carreras de mini bob?\u00bb style=\u00bbround\u00bb]En la mayor\u00eda de los casos, cualquiera puede participar en una carrera de mini bob. Suele haber una divisi\u00f3n en clases masculina y femenina y seg\u00fan la edad de los participantes. A menudo tambi\u00e9n hay clases de aficionados y profesionales. Los ganadores se determinan mediante un sistema de eliminatorias. Es obligatorio llevar casco y se recomiendan protectores. Puedes consultar las condiciones exactas de cada prueba con el organizador.[\/vc_toggle][vc_toggle title=\u00bb\u00bfHay carreras de mini bob?\u00bb style=\u00bbround\u00bb]En la actualidad hay un gran n\u00famero de carreras organizadas en varias clases. Puedes encontrar las fechas y los informes de las carreras en la secci\u00f3n \u00abNoticias\u00bb. Hay una serie mundial de Zipflbob, as\u00ed como muchas pruebas regionales.  <\/p>\n<p>Si est\u00e1s organizando t\u00fa mismo un Zipfelbobrennen, \u00a1estaremos encantados de ayudarte! S\u00f3lo tienes que utilizar nuestro <a href=\"https:\/\/mini-bob.com\/es\/esperamos-tu-consulta\/?v=3a52f3c22ed6\">formulario de contacto<\/a>.[\/vc_toggle][vc_toggle title=\u00bb\u00bfExisten clubes de mini bob?\u00bb style=\u00bbround\u00bb]S\u00ed, ahora hay clubes de mini bob \/ zipflbob bien organizados.<\/p>\n<p>Si, como club, quieres publicar un informe de carrera o un anuncio sobre una carrera de zipfelbob en nuestro sitio web, <a href=\"https:\/\/mini-bob.com\/es\/esperamos-tu-consulta\/?v=3a52f3c22ed6\">ponte en contacto con<\/a> nosotros: \u00a1estaremos encantados de ayudarte![\/vc_toggle][vc_toggle title=\u00bb\u00bfD\u00f3nde puedo montar en un mini bob?\u00bb style=\u00bbround\u00bb]El mini bob se puede utilizar pr\u00e1cticamente en cualquier sitio. Como aparato para deportes de invierno, se siente tan a gusto en peque\u00f1as pendientes de nieve como en empinadas pistas de esqu\u00ed. Algunas personas incluso han montado en el mini bob sobre arena a +30 C. Esto es posible, por ejemplo, en el Monte Kaolino, en Alemania. En la \u00abGu\u00eda de trineos\u00bb encontrar\u00e1s m\u00e1s zonas de los Alpes para deslizarse en trineo, con partes de nieve y condiciones de las pistas.[\/vc_toggle][vc_toggle title=\u00bb\u00bfQu\u00e9 necesito para el minibobbing? \u00bfNecesito ropa especial? \u00bb style=\u00bbround\u00bb]El minibobbing no requiere ninguna ropa especial, pero como en cualquier deporte de invierno, es importante vestirse adecuadamente seg\u00fan el tiempo que haga. S\u00f3lo con ropa impermeable podr\u00e1s disfrutar realmente de la diversi\u00f3n.<x id=\"gid_0\"><\/x>Tambi\u00e9n recomendamos llevar calzado resistente (por ejemplo, botas de snowboard), as\u00ed como gafas de esqu\u00ed, protectores y casco.<x id=\"gid_1\"><\/x>El casco es obligatorio en las carreras y tambi\u00e9n deben llevarse protectores. A veces se alcanzan altas velocidades en las carreras de mini bob, por lo que aqu\u00ed siempre se aplica \u00abla seguridad ante todo\u00bb.[\/vc_toggle][vc_toggle title=\u00bbQuiero organizar yo mismo una carrera de mini bob, \u00bfqu\u00e9 tengo que tener en cuenta?\u00bb style=\u00bbround\u00bb]Estaremos encantados de utilizar nuestra experiencia para ayudarte con los preparativos y ponerte en contacto con organizadores profesionales. Recibir\u00e1s consejos importantes para que el evento sea un \u00e9xito y emocionante. Tambi\u00e9n estaremos encantados de publicar el evento en nuestra p\u00e1gina oficial de mini bob y en nuestra p\u00e1gina de Facebook, as\u00ed como informes de la carrera con texto, fotos y v\u00eddeos. S\u00f3lo tienes que enviarnos tu consulta a trav\u00e9s de nuestro <a href=\"https:\/\/mini-bob.com\/es\/esperamos-tu-consulta\/?v=3a52f3c22ed6\">formulario de contacto<\/a>.[\/vc_toggle][\/vc_column][\/vc_row]<\/p>\n<\/div>","protected":false},"excerpt":{"rendered":"<p>[vc_row][vc_column][vc_custom_heading text=\u00bb\u00bfTienes preguntas? \u00a1Las respondemos! \u00bb font_container=\u00bbtag:h4|text_align:left\u00bb google_fonts=\u00bbfont_family:Roboto%20Condensed%3A300%2C300italic%2Cregular%2Citalic%2C700%2C700italic|font_style:400%20regular%3A400%3Anormal\u00bb][vc_column_text]Aqu\u00ed intentamos responder a todas tus preguntas sobre el mini bob - si a\u00fan necesitas m\u00e1s informaci\u00f3n, \u00a1no dudes en ponerte en contacto con nosotros![\/vc_column_text][\/vc_column][\/vc_row][vc_row][vc_column][vc_toggle title=\u00bb\u00bfC\u00f3mo puedo reconocer el mini bob original?\u00bb style=\u00bbround\u00bb]El mini bob original se reconoce por el inconfundible logotipo protegido de mini bob grabado en&hellip;<\/p>\n","protected":false},"author":1,"featured_media":0,"parent":0,"menu_order":0,"comment_status":"closed","ping_status":"closed","template":"","meta":{"_acf_changed":false,"footnotes":""},"class_list":["post-160386","page","type-page","status-publish","hentry","description-off"],"acf":[],"_links":{"self":[{"href":"https:\/\/mini-bob.com\/es\/wp-json\/wp\/v2\/pages\/160386","targetHints":{"allow":["GET"]}}],"collection":[{"href":"https:\/\/mini-bob.com\/es\/wp-json\/wp\/v2\/pages"}],"about":[{"href":"https:\/\/mini-bob.com\/es\/wp-json\/wp\/v2\/types\/page"}],"author":[{"embeddable":true,"href":"https:\/\/mini-bob.com\/es\/wp-json\/wp\/v2\/users\/1"}],"replies":[{"embeddable":true,"href":"https:\/\/mini-bob.com\/es\/wp-json\/wp\/v2\/comments?post=160386"}],"version-history":[{"count":1,"href":"https:\/\/mini-bob.com\/es\/wp-json\/wp\/v2\/pages\/160386\/revisions"}],"predecessor-version":[{"id":160394,"href":"https:\/\/mini-bob.com\/es\/wp-json\/wp\/v2\/pages\/160386\/revisions\/160394"}],"wp:attachment":[{"href":"https:\/\/mini-bob.com\/es\/wp-json\/wp\/v2\/media?parent=160386"}],"curies":[{"name":"wp","href":"https:\/\/api.w.org\/{rel}","templated":true}]}}