{"id":159740,"date":"2019-11-01T11:18:24","date_gmt":"2019-11-01T10:18:24","guid":{"rendered":"https:\/\/mini-bob.com\/produkt\/original-mini-bob-sudadera-con-capucha-zipfelbob-ninos-azul-oscuro\/"},"modified":"2019-11-01T11:18:24","modified_gmt":"2019-11-01T10:18:24","slug":"original-mini-bob-sudadera-con-capucha-zipfelbob-ninos-azul-oscuro","status":"publish","type":"product","link":"https:\/\/mini-bob.com\/es\/producto\/original-mini-bob-sudadera-con-capucha-zipfelbob-ninos-azul-oscuro\/","title":{"rendered":"Original mini bob - Sudadera con capucha Zipfelbob Ni\u00f1os - Azul oscuro"},"content":{"rendered":"<h2>Original mini bob (Zipfelbob) Sudadera con capucha Ni\u00f1os - Azul oscuro<\/h2>\n<ul>\n<li>80% algod\u00f3n peinado e hilado en anillos, 20% poli\u00e9ster (3 capas)<\/li>\n<li>Superficie fina y muy suave de algod\u00f3n 100%<\/li>\n<li>Tejido polar cepillado en el interior<\/li>\n<li>Capucha de doble capa (sin cord\u00f3n)<\/li>\n<li>Dobladillo y pu\u00f1os cortados m\u00e1s anchos y con elastano<\/li>\n<li>Costuras laterales para un ajuste \u00f3ptimo<\/li>\n<li>Bolsillo canguro con parche<\/li>\n<li>Cubre costuras en sisas, pu\u00f1os y cintura<\/li>\n<li>Pu\u00f1os y cintura de canal\u00e9 m\u00e1s anchos.<\/li>\n<li>Original mini bob \u00abSilueta\u00bb delantera - impresi\u00f3n de alta calidad<\/li>\n<li>Logotipo original mini bob espalda - impresi\u00f3n de alta calidad<\/li>\n<li>Lavado a m\u00e1quina a 40\u00b0C, apto para secadora (baja temperatura)<\/li>\n<\/ul>\n","protected":false},"excerpt":{"rendered":"<p>Sudadera infantil con capucha 80% algod\u00f3n 20% poli\u00e9ster con logotipo Zipfelbob en color azul marino (azul oscuro)<\/p>\n","protected":false},"featured_media":159742,"comment_status":"closed","ping_status":"closed","template":"","meta":{"_acf_changed":false},"product_brand":[],"product_cat":[1390],"product_tag":[],"class_list":{"0":"post-159740","1":"product","2":"type-product","3":"status-publish","4":"has-post-thumbnail","6":"product_cat-sudadera-zipfelbob-ninos","7":"product_shipping_class-minibob","8":"description-off","10":"first","11":"instock","12":"taxable","13":"shipping-taxable","14":"purchasable","15":"product-type-variable"},"acf":[],"_links":{"self":[{"href":"https:\/\/mini-bob.com\/es\/wp-json\/wp\/v2\/product\/159740","targetHints":{"allow":["GET"]}}],"collection":[{"href":"https:\/\/mini-bob.com\/es\/wp-json\/wp\/v2\/product"}],"about":[{"href":"https:\/\/mini-bob.com\/es\/wp-json\/wp\/v2\/types\/product"}],"replies":[{"embeddable":true,"href":"https:\/\/mini-bob.com\/es\/wp-json\/wp\/v2\/comments?post=159740"}],"wp:featuredmedia":[{"embeddable":true,"href":"https:\/\/mini-bob.com\/es\/wp-json\/wp\/v2\/media\/159742"}],"wp:attachment":[{"href":"https:\/\/mini-bob.com\/es\/wp-json\/wp\/v2\/media?parent=159740"}],"wp:term":[{"taxonomy":"product_brand","embeddable":true,"href":"https:\/\/mini-bob.com\/es\/wp-json\/wp\/v2\/product_brand?post=159740"},{"taxonomy":"product_cat","embeddable":true,"href":"https:\/\/mini-bob.com\/es\/wp-json\/wp\/v2\/product_cat?post=159740"},{"taxonomy":"product_tag","embeddable":true,"href":"https:\/\/mini-bob.com\/es\/wp-json\/wp\/v2\/product_tag?post=159740"}],"curies":[{"name":"wp","href":"https:\/\/api.w.org\/{rel}","templated":true}]}}