{"id":159779,"date":"2020-01-21T17:45:28","date_gmt":"2020-01-21T16:45:28","guid":{"rendered":"https:\/\/mini-bob.com\/produkt\/original-mini-bob-trineo-tobogan-zipfelbob-en-rosa\/"},"modified":"2026-03-30T19:24:51","modified_gmt":"2026-03-30T17:24:51","slug":"original-mini-bob-trineo-tobogan-zipfelbob-en-rosa","status":"publish","type":"product","link":"https:\/\/mini-bob.com\/es\/producto\/original-mini-bob-trineo-tobogan-zipfelbob-en-rosa\/","title":{"rendered":"Original mini bob (trineo tobog\u00e1n Zipfelbob) en rosa"},"content":{"rendered":"<h2>Original mini bob (bob puntiagudo) rosa - rosa<\/h2>\n<p>Inventado en Austria en los a\u00f1os 70, el <strong>mini bob original<\/strong> (tambi\u00e9n conocido como \u00abZipflbob\u00bb, \u00abZipfelbob\u00bb o \u00abZipfybob\u00bb) lo fabricamos en Alemania desde 1976, todav\u00eda en parte a mano.<\/p>\n<p>Gracias a su construcci\u00f3n de cuerpo hueco de pl\u00e1stico, compacto y a prueba de roturas, que se ha probado con \u00e9xito durante d\u00e9cadas, el <strong>mini bob<\/strong> rosa es pr\u00e1cticamente indestructible y sigue siendo muy ligero, con aprox. 1,7 kg. Su posici\u00f3n de asiento baja, adaptada al cuerpo, permite una diversi\u00f3n invernal c\u00f3moda y sin fatiga, tanto para los j\u00f3venes como para los mayores. Desde su invenci\u00f3n en los a\u00f1os 70, tres generaciones han podido seguir el lema: <strong>\u00abMaxi diversi\u00f3n con mini bob\u00bb<\/strong>. \u00a1El mini bob de color rosa es apto para todos gracias a su comportamiento de conducci\u00f3n seguro!    La diversi\u00f3n est\u00e1 garantizada en pistas de trineo cortas y llanas, as\u00ed como en pistas de carreras. Gracias a su construcci\u00f3n estable y a su extrema maniobrabilidad, las altas velocidades no son ning\u00fan problema. <\/p>\n<blockquote><p><span style=\"color: #ff0000;\">\u00a1\u00a1!! \u00a1\u00a1\u00a1Atenci\u00f3n !!! Se ofrecen duplicados en varias tiendas online. Cuando compres, \u00a1busca un distribuidor autorizado y el logotipo de mini bob!<\/span><\/p><\/blockquote>\n<p>El mini bob original de color rosa es un ganador m\u00faltiple en campeonatos nacionales e internacionales de \u00abZipflbob\u00bb.<\/p>\n<p>Datos:<\/p>\n<h3>bob rosa puntiagudo (mini bob)<\/h3>\n<p>Peso: aprox. 1,7 kg<br \/>\nDimensiones L x A x A (en cm): 53 x 33 x 40<br \/>\nMaterial: PE HD (sin ftalatos)<br \/>\nCarga admisible: m\u00e1x. 100 kg<\/p>\n<p>Hecho en Alemania - Made in Germany<\/p>\n<p>Precauci\u00f3n: No apto para ni\u00f1os menores de tres a\u00f1os. Util\u00edzalo bajo la supervisi\u00f3n directa de adultos.  Debe utilizarse con equipo de protecci\u00f3n.<\/p>\n<p>Nuestros productos est\u00e1n sujetos a los derechos de garant\u00eda legales. \u00a1Ten en cuenta nuestras instrucciones de seguridad y nuestras <a href=\"https:\/\/mini-bob.com\/es\/preguntas-frecuentes\/\" target=\"_blank\" rel=\"noopener noreferrer\">FAQ<\/a>! <\/p>\n<p>Puedes encontrar m\u00e1s informaci\u00f3n interesante sobre el Zipfelbob rosa original en el <strong>sitio web<\/strong> de <strong>mini bob:<\/strong><strong><a href=\"https:\/\/mini-bob.com\/es\/el-mini-bob\/\" target=\"_blank\" rel=\"noopener noreferrer\">sitio web original de mini bob<\/a><\/strong><\/p>\n<p>Venta s\u00f3lo en cantidades dom\u00e9sticas normales - \u00a1s\u00f3lo para uso privado! \u00a1Prohibida la reventa comercial (con recargo)! <\/p>\n","protected":false},"excerpt":{"rendered":"<p>Original mini bob en rosa - Zipflbob rosa. bob en punta rosa <\/p>\n","protected":false},"featured_media":159817,"comment_status":"open","ping_status":"closed","template":"","meta":{"_acf_changed":false},"product_brand":[],"product_cat":[1379,1380],"product_tag":[],"class_list":{"0":"post-159779","1":"product","2":"type-product","3":"status-publish","4":"has-post-thumbnail","6":"product_cat-mini-bob-edicion-especial","7":"product_cat-minibob","8":"product_shipping_class-minibob","9":"description-off","11":"first","12":"instock","13":"featured","14":"taxable","15":"shipping-taxable","16":"purchasable","17":"product-type-simple"},"acf":[],"_links":{"self":[{"href":"https:\/\/mini-bob.com\/es\/wp-json\/wp\/v2\/product\/159779","targetHints":{"allow":["GET"]}}],"collection":[{"href":"https:\/\/mini-bob.com\/es\/wp-json\/wp\/v2\/product"}],"about":[{"href":"https:\/\/mini-bob.com\/es\/wp-json\/wp\/v2\/types\/product"}],"replies":[{"embeddable":true,"href":"https:\/\/mini-bob.com\/es\/wp-json\/wp\/v2\/comments?post=159779"}],"wp:featuredmedia":[{"embeddable":true,"href":"https:\/\/mini-bob.com\/es\/wp-json\/wp\/v2\/media\/159817"}],"wp:attachment":[{"href":"https:\/\/mini-bob.com\/es\/wp-json\/wp\/v2\/media?parent=159779"}],"wp:term":[{"taxonomy":"product_brand","embeddable":true,"href":"https:\/\/mini-bob.com\/es\/wp-json\/wp\/v2\/product_brand?post=159779"},{"taxonomy":"product_cat","embeddable":true,"href":"https:\/\/mini-bob.com\/es\/wp-json\/wp\/v2\/product_cat?post=159779"},{"taxonomy":"product_tag","embeddable":true,"href":"https:\/\/mini-bob.com\/es\/wp-json\/wp\/v2\/product_tag?post=159779"}],"curies":[{"name":"wp","href":"https:\/\/api.w.org\/{rel}","templated":true}]}}