{"id":159828,"date":"2019-11-01T10:54:42","date_gmt":"2019-11-01T09:54:42","guid":{"rendered":"https:\/\/mini-bob.com\/produkt\/mini-bob-camiseta-ecologica-zipfelbob-nino-diferentes-colores\/"},"modified":"2019-11-01T10:54:42","modified_gmt":"2019-11-01T09:54:42","slug":"mini-bob-camiseta-ecologica-zipfelbob-nino-diferentes-colores","status":"publish","type":"product","link":"https:\/\/mini-bob.com\/es\/producto\/mini-bob-camiseta-ecologica-zipfelbob-nino-diferentes-colores\/","title":{"rendered":"mini bob - Camiseta ecol\u00f3gica Zipfelbob Ni\u00f1o - diferentes colores"},"content":{"rendered":"<h2>Camiseta org\u00e1nica original mini bob (Zipfelbob) Ni\u00f1os<\/h2>\n<ul>\n<li>100% algod\u00f3n (org\u00e1nico), peinado e hilado en anillos<\/li>\n<li>Superficie lisa<\/li>\n<li>Cuello estrecho con elastano<\/li>\n<li>Cinta para el cuello de hombro a hombro<\/li>\n<li>Corte moderno ce\u00f1ido al cuerpo<\/li>\n<li>Original mini bob \u00abSilueta\u00bb delantera - impresi\u00f3n de alta calidad<\/li>\n<li>Funda con logotipo original de mini bob - impresi\u00f3n de alta calidad<\/li>\n<li>Lavado a m\u00e1quina a 40\u00b0C, apto para secadora (baja temperatura)<\/li>\n<\/ul>\n","protected":false},"excerpt":{"rendered":"<p>Camiseta infantil de algod\u00f3n 100% org\u00e1nico con el logotipo de Zipfelbob y \u00abmini bob<\/p>\n","protected":false},"featured_media":159830,"comment_status":"closed","ping_status":"closed","template":"","meta":{"_acf_changed":false},"product_brand":[],"product_cat":[1417],"product_tag":[],"class_list":{"0":"post-159828","1":"product","2":"type-product","3":"status-publish","4":"has-post-thumbnail","6":"product_cat-camiseta-zipfelbob-ninos","7":"product_shipping_class-minibob","8":"description-off","10":"first","11":"instock","12":"taxable","13":"shipping-taxable","14":"purchasable","15":"product-type-variable"},"acf":[],"_links":{"self":[{"href":"https:\/\/mini-bob.com\/es\/wp-json\/wp\/v2\/product\/159828","targetHints":{"allow":["GET"]}}],"collection":[{"href":"https:\/\/mini-bob.com\/es\/wp-json\/wp\/v2\/product"}],"about":[{"href":"https:\/\/mini-bob.com\/es\/wp-json\/wp\/v2\/types\/product"}],"replies":[{"embeddable":true,"href":"https:\/\/mini-bob.com\/es\/wp-json\/wp\/v2\/comments?post=159828"}],"wp:featuredmedia":[{"embeddable":true,"href":"https:\/\/mini-bob.com\/es\/wp-json\/wp\/v2\/media\/159830"}],"wp:attachment":[{"href":"https:\/\/mini-bob.com\/es\/wp-json\/wp\/v2\/media?parent=159828"}],"wp:term":[{"taxonomy":"product_brand","embeddable":true,"href":"https:\/\/mini-bob.com\/es\/wp-json\/wp\/v2\/product_brand?post=159828"},{"taxonomy":"product_cat","embeddable":true,"href":"https:\/\/mini-bob.com\/es\/wp-json\/wp\/v2\/product_cat?post=159828"},{"taxonomy":"product_tag","embeddable":true,"href":"https:\/\/mini-bob.com\/es\/wp-json\/wp\/v2\/product_tag?post=159828"}],"curies":[{"name":"wp","href":"https:\/\/api.w.org\/{rel}","templated":true}]}}