{"id":159851,"date":"2018-12-09T15:01:12","date_gmt":"2018-12-09T14:01:12","guid":{"rendered":"https:\/\/mini-bob.com\/produkt\/agotado-edicion-mini-bob-trineo-tobogan-zipfelbob-en-bronce\/"},"modified":"2025-12-07T22:39:00","modified_gmt":"2025-12-07T21:39:00","slug":"agotado-edicion-mini-bob-trineo-tobogan-zipfelbob-en-bronce","status":"publish","type":"product","link":"https:\/\/mini-bob.com\/es\/producto\/agotado-edicion-mini-bob-trineo-tobogan-zipfelbob-en-bronce\/","title":{"rendered":"+AGOTADO+ Edici\u00f3n mini bob (trineo tobog\u00e1n Zipfelbob) en bronce"},"content":{"rendered":"<p><strong>+AGOTADO+<\/strong><\/p>\n<h2>Original mini bob (Zipfelbob) bronce<\/h2>\n<p>Inventado en Austria en los a\u00f1os 70, el <strong>mini bob original<\/strong> (tambi\u00e9n conocido como \u00abZipflbob\u00bb, \u00abZipfelbob\u00bb o \u00abZipfybob\u00bb) lo fabricamos en Alemania desde 1976, todav\u00eda en parte a mano.<\/p>\n<p>El <strong>mini bob<\/strong> de bronce es casi indestructible gracias a su construcci\u00f3n de cuerpo hueco de pl\u00e1stico compacto y a prueba de roturas, que se ha probado con \u00e9xito durante d\u00e9cadas, y sigue siendo muy ligero, con aprox. 1,7 kilogramos. Su posici\u00f3n de asiento baja, adaptada al cuerpo, permite una diversi\u00f3n invernal c\u00f3moda y sin fatiga tanto a j\u00f3venes como a mayores. Desde su invenci\u00f3n en los a\u00f1os 70, tres generaciones han podido seguir el lema: <strong>\u00abMaxi diversi\u00f3n con mini bob\u00bb<\/strong>. \u00a1El <strong>mini bob de bronce<\/strong> es apto para todos gracias a su comportamiento de conducci\u00f3n seguro!    La diversi\u00f3n est\u00e1 garantizada en pistas de trineo cortas y llanas, as\u00ed como en pistas de carreras. Gracias a su construcci\u00f3n estable y a su extrema maniobrabilidad, las altas velocidades no son ning\u00fan problema. <\/p>\n<p>El mini bob original es un ganador m\u00faltiple en campeonatos nacionales e internacionales de \u00abZipflbob\u00bb.<\/p>\n<p>&nbsp;<\/p>\n<p><span style=\"color: #ff0000;\">\u00a1\u00a1!! \u00a1\u00a1\u00a1Atenci\u00f3n !!! En varias tiendas online se ofrecen duplicados. Al comprar, \u00a1busca un distribuidor autorizado y el logotipo de mini bob!  <\/span><\/p>\n<p>&nbsp;<\/p>\n<p>Datos:<\/p>\n<p><strong>Zipfelbob de bronce (mini bob)<\/strong><\/p>\n<p>Peso: aprox. 1,7 kg<br \/>\nDimensiones L x A x A (en cm): 53 x 33 x 40<br \/>\nMaterial: PE HD (sin ftalatos)<br \/>\nCarga admisible: m\u00e1x. 100 kg<br \/>\nFabricado en Alemania - Made in Germany<\/p>\n<p>Precauci\u00f3n: No apto para ni\u00f1os menores de tres a\u00f1os. Util\u00edzalo bajo la supervisi\u00f3n directa de adultos.  Debe utilizarse con equipo de protecci\u00f3n.<\/p>\n<p>Nuestros productos est\u00e1n sujetos a los derechos de garant\u00eda legales. \u00a1Ten en cuenta nuestras instrucciones de seguridad y nuestras <a href=\"https:\/\/mini-bob.com\/es\/preguntas-frecuentes\/\" target=\"_blank\" rel=\"noopener noreferrer\">FAQ<\/a>! <\/p>\n<p>Puedes encontrar m\u00e1s informaci\u00f3n interesante sobre el Zipfelbob original en el <strong>sitio web<\/strong> de <strong>mini bob:<\/strong><strong><a href=\"https:\/\/mini-bob.com\/es\/el-mini-bob\/\">sitio web original de mini bob<\/a><\/strong><\/p>\n<p>Venta s\u00f3lo en cantidades dom\u00e9sticas normales (\u00a1m\u00e1ximo 2 unidades por color!) - \u00a1s\u00f3lo para uso privado! Prohibida la reventa comercial (con recargo). <\/p>\n","protected":false},"excerpt":{"rendered":"<p>+AGOTADO+<\/p>\n<p>Serie especial en bronce con efecto met\u00e1lico. Seg\u00fan la incidencia de la luz, este <strong>original mini bob<\/strong> crea un efecto de color especial. <\/p>\n<p><strong>La producci\u00f3n est\u00e1 estrictamente limitada a s\u00f3lo 700 unidades.<\/strong>  \u00a1As\u00ed que date prisa para ser uno de los afortunados!<\/p>\n","protected":false},"featured_media":159866,"comment_status":"open","ping_status":"closed","template":"","meta":{"_acf_changed":false},"product_brand":[],"product_cat":[1379],"product_tag":[1427,1435,1436,1437,1438],"class_list":{"0":"post-159851","1":"product","2":"type-product","3":"status-publish","4":"has-post-thumbnail","6":"product_cat-mini-bob-edicion-especial","7":"product_tag-mini-bob-edicion-especial","8":"product_tag-mini-bob-bronce","9":"product_tag-zipfy-bronce","10":"product_tag-zipflbob-bronce","11":"product_tag-bob-de-plastico-bronce","12":"product_shipping_class-minibob","13":"description-off","15":"first","16":"outofstock","17":"taxable","18":"shipping-taxable","19":"purchasable","20":"product-type-simple"},"acf":[],"_links":{"self":[{"href":"https:\/\/mini-bob.com\/es\/wp-json\/wp\/v2\/product\/159851","targetHints":{"allow":["GET"]}}],"collection":[{"href":"https:\/\/mini-bob.com\/es\/wp-json\/wp\/v2\/product"}],"about":[{"href":"https:\/\/mini-bob.com\/es\/wp-json\/wp\/v2\/types\/product"}],"replies":[{"embeddable":true,"href":"https:\/\/mini-bob.com\/es\/wp-json\/wp\/v2\/comments?post=159851"}],"wp:featuredmedia":[{"embeddable":true,"href":"https:\/\/mini-bob.com\/es\/wp-json\/wp\/v2\/media\/159866"}],"wp:attachment":[{"href":"https:\/\/mini-bob.com\/es\/wp-json\/wp\/v2\/media?parent=159851"}],"wp:term":[{"taxonomy":"product_brand","embeddable":true,"href":"https:\/\/mini-bob.com\/es\/wp-json\/wp\/v2\/product_brand?post=159851"},{"taxonomy":"product_cat","embeddable":true,"href":"https:\/\/mini-bob.com\/es\/wp-json\/wp\/v2\/product_cat?post=159851"},{"taxonomy":"product_tag","embeddable":true,"href":"https:\/\/mini-bob.com\/es\/wp-json\/wp\/v2\/product_tag?post=159851"}],"curies":[{"name":"wp","href":"https:\/\/api.w.org\/{rel}","templated":true}]}}