{"id":159852,"date":"2018-01-20T19:46:28","date_gmt":"2018-01-20T18:46:28","guid":{"rendered":"https:\/\/mini-bob.com\/produkt\/edicion-mini-bob-trineo-tobogan-zipfelbob-en-nacar-blanco\/"},"modified":"2018-01-20T19:46:28","modified_gmt":"2018-01-20T18:46:28","slug":"edicion-mini-bob-trineo-tobogan-zipfelbob-en-nacar-blanco","status":"publish","type":"product","link":"https:\/\/mini-bob.com\/es\/producto\/edicion-mini-bob-trineo-tobogan-zipfelbob-en-nacar-blanco\/","title":{"rendered":"Edici\u00f3n mini bob (trineo tobog\u00e1n Zipfelbob) en n\u00e1car blanco"},"content":{"rendered":"<h2>Original mini bob (bob puntiagudo) blanco nacarado<\/h2>\n<p>Inventado en Austria en los a\u00f1os 70, el <strong>mini bob original<\/strong> (tambi\u00e9n conocido como \u00abZipflbob\u00bb, \u00abZipfelbob\u00bb o \u00abZipfybob\u00bb) lo fabricamos en Alemania desde 1976, todav\u00eda en parte a mano.<\/p>\n<p>Gracias a su construcci\u00f3n de carrocer\u00eda hueca de pl\u00e1stico, compacta y a prueba de roturas, probada con \u00e9xito durante d\u00e9cadas, el <strong>mini bob<\/strong> blanco nacarado es pr\u00e1cticamente indestructible y, con aprox. 1,7 kg, sigue siendo muy ligero. Su posici\u00f3n de asiento baja, adaptada al cuerpo, permite una diversi\u00f3n invernal c\u00f3moda y sin fatiga para j\u00f3venes y mayores. Desde su invenci\u00f3n en los a\u00f1os 70, tres generaciones han podido seguir el lema: <strong>\u00abMaxi diversi\u00f3n con mini bob\u00bb<\/strong>. El <g id=\"gid_2\">mini bob de n\u00e1car<\/g> blanco es apto para todos gracias a su comportamiento de conducci\u00f3n seguro.    La diversi\u00f3n est\u00e1 garantizada en pistas de trineo cortas y llanas, as\u00ed como en pistas de carreras. Gracias a su construcci\u00f3n estable y a su extrema maniobrabilidad, las altas velocidades no son ning\u00fan problema. <\/p>\n<p>El mini bob original de color blanco es un ganador m\u00faltiple en campeonatos nacionales e internacionales de \u00abZipflbob\u00bb.<\/p>\n<p>&nbsp;<\/p>\n<p><span style=\"color: #ff0000;\">\u00a1\u00a1!! \u00a1\u00a1\u00a1Atenci\u00f3n !!! En varias tiendas online se ofrecen duplicados. Al comprar, \u00a1busca un distribuidor autorizado y el logotipo de mini bob!  <\/span><\/p>\n<p>&nbsp;<\/p>\n<p>Datos:<\/p>\n<h3>bob puntiagudo blanco nacarado (mini bob)<\/h3>\n<p>Peso: aprox. 1,7 kg<br \/>\nDimensiones L x A x A (en cm): 53 x 33 x 40<br \/>\nMaterial: PE HD (sin ftalatos)<br \/>\nCarga admisible: m\u00e1x. 100 kg<br \/>\nHecho en Alemania - Made in Germany<\/p>\n<p>Precauci\u00f3n: No apto para ni\u00f1os menores de tres a\u00f1os. Util\u00edzalo bajo la supervisi\u00f3n directa de adultos.  Debe utilizarse con equipo de protecci\u00f3n.<\/p>\n<p>Nuestros productos est\u00e1n sujetos a los derechos de garant\u00eda legales. \u00a1Ten en cuenta nuestras instrucciones de seguridad y nuestras <a href=\"https:\/\/mini-bob.com\/es\/preguntas-frecuentes\/\" target=\"_blank\" rel=\"noopener noreferrer\">FAQ<\/a>! <\/p>\n<p>Puedes encontrar m\u00e1s informaci\u00f3n interesante sobre el Zipfelbob original en el <strong>sitio web<\/strong> de <strong>mini bob:<\/strong><strong><a href=\"https:\/\/mini-bob.com\/es\/el-mini-bob\/\" target=\"_blank\" rel=\"noopener noreferrer\">sitio web original de mini bob<\/a><\/strong><\/p>\n<p>Venta s\u00f3lo en cantidades dom\u00e9sticas normales - \u00a1s\u00f3lo para uso privado! \u00a1Prohibida la reventa comercial (con recargo)! <\/p>\n","protected":false},"excerpt":{"rendered":"<p>Serie especial en n\u00e1car blanco. Seg\u00fan la incidencia de la luz, este <strong>original mini bob<\/strong> tiene un brillo especial. <\/p>\n<p><strong>La producci\u00f3n se limita a unas pocas unidades.<\/strong>  \u00a1As\u00ed que date prisa para ser uno de los afortunados!<\/p>\n","protected":false},"featured_media":159853,"comment_status":"open","ping_status":"closed","template":"","meta":{"_acf_changed":false},"product_brand":[],"product_cat":[1379,1380],"product_tag":[1427,1428,1429,1430,1431,1432],"class_list":{"0":"post-159852","1":"product","2":"type-product","3":"status-publish","4":"has-post-thumbnail","6":"product_cat-mini-bob-edicion-especial","7":"product_cat-minibob","8":"product_tag-mini-bob-edicion-especial","9":"product_tag-zipfybob-blanco","10":"product_tag-bob-de-plastico-blanco","11":"product_tag-zipfelbob-blanco","12":"product_tag-minibob-blanco","13":"product_tag-trineo-blanco","14":"product_shipping_class-minibob","15":"description-off","17":"first","18":"outofstock","19":"taxable","20":"shipping-taxable","21":"purchasable","22":"product-type-simple"},"acf":[],"_links":{"self":[{"href":"https:\/\/mini-bob.com\/es\/wp-json\/wp\/v2\/product\/159852","targetHints":{"allow":["GET"]}}],"collection":[{"href":"https:\/\/mini-bob.com\/es\/wp-json\/wp\/v2\/product"}],"about":[{"href":"https:\/\/mini-bob.com\/es\/wp-json\/wp\/v2\/types\/product"}],"replies":[{"embeddable":true,"href":"https:\/\/mini-bob.com\/es\/wp-json\/wp\/v2\/comments?post=159852"}],"wp:featuredmedia":[{"embeddable":true,"href":"https:\/\/mini-bob.com\/es\/wp-json\/wp\/v2\/media\/159853"}],"wp:attachment":[{"href":"https:\/\/mini-bob.com\/es\/wp-json\/wp\/v2\/media?parent=159852"}],"wp:term":[{"taxonomy":"product_brand","embeddable":true,"href":"https:\/\/mini-bob.com\/es\/wp-json\/wp\/v2\/product_brand?post=159852"},{"taxonomy":"product_cat","embeddable":true,"href":"https:\/\/mini-bob.com\/es\/wp-json\/wp\/v2\/product_cat?post=159852"},{"taxonomy":"product_tag","embeddable":true,"href":"https:\/\/mini-bob.com\/es\/wp-json\/wp\/v2\/product_tag?post=159852"}],"curies":[{"name":"wp","href":"https:\/\/api.w.org\/{rel}","templated":true}]}}