{"id":159910,"date":"2020-01-22T16:24:39","date_gmt":"2020-01-22T15:24:39","guid":{"rendered":"https:\/\/mini-bob.com\/produkt\/mini-bob-original-trineo-tobogan-zipfelbob-en-azul\/"},"modified":"2026-01-05T16:22:05","modified_gmt":"2026-01-05T15:22:05","slug":"mini-bob-original-trineo-tobogan-zipfelbob-en-azul","status":"publish","type":"product","link":"https:\/\/mini-bob.com\/es\/producto\/mini-bob-original-trineo-tobogan-zipfelbob-en-azul\/","title":{"rendered":"Mini bob original (trineo tobog\u00e1n Zipfelbob) en azul"},"content":{"rendered":"<h2>Original mini bob (Zipfelbob) azul<\/h2>\n<p>Fabricado en Alemania desde 1976 como un bob de pl\u00e1stico irrompible y ligero. El mini bob original de color azul tiene un asiento ergon\u00f3mico con un material de asiento especial que tambi\u00e9n se utiliza en la industria del autom\u00f3vil. El joystick de alta resistencia, que est\u00e1 firmemente sujeto al mini bob azul (Zipflbob), tambi\u00e9n tiene forma ergon\u00f3mica y antideslizante para adaptarse a la forma de la mano. Las ranuras de las pistas en la parte inferior del mini bob garantizan la estabilidad direccional y la trayectoria.   <\/p>\n<blockquote><p><span style=\"color: #ff0000;\">\u00a1\u00a1!! \u00a1\u00a1\u00a1Atenci\u00f3n !!! Se ofrecen duplicados en varias tiendas online. Cuando compres, \u00a1busca un distribuidor autorizado y el logotipo de mini bob!<\/span><\/p><\/blockquote>\n<p>Datos:<\/p>\n<h3>bob azul puntiagudo (mini bob)<\/h3>\n<p>Peso: aprox. 1,7 kg<br \/>\nDimensiones L x A x A (en cm): 53 x 33 x 40<br \/>\nMaterial: PE HD (sin ftalatos)<br \/>\nCarga admisible: m\u00e1x. 100 kg<br \/>\nHecho en Alemania - Made in Germany<\/p>\n<p>Precauci\u00f3n: No apto para ni\u00f1os menores de tres a\u00f1os. Util\u00edzalo bajo la supervisi\u00f3n directa de adultos.  Debe utilizarse con equipo de protecci\u00f3n.<\/p>\n<p>Nuestros productos est\u00e1n sujetos a los derechos de garant\u00eda legales. \u00a1Ten en cuenta nuestras instrucciones de seguridad y nuestras <a href=\"https:\/\/mini-bob.com\/es\/preguntas-frecuentes\/\" target=\"_blank\" rel=\"noopener noreferrer\">FAQ<\/a>! <\/p>\n<p>Puedes encontrar m\u00e1s informaci\u00f3n interesante sobre el Zipfelbob original en el <strong>sitio web<\/strong> de <strong>mini bob:<\/strong><strong><a href=\"https:\/\/mini-bob.com\/es\/el-mini-bob\/\">sitio web original de mini bob<\/a><\/strong><\/p>\n<p>Venta s\u00f3lo en cantidades dom\u00e9sticas normales - \u00a1s\u00f3lo para uso privado! \u00a1Prohibida la reventa comercial (con recargo)! <\/p>\n","protected":false},"excerpt":{"rendered":"<p>Original mini bob en azul - Zipflbob azul<\/p>\n","protected":false},"featured_media":159919,"comment_status":"open","ping_status":"closed","template":"","meta":{"_acf_changed":false},"product_brand":[],"product_cat":[1380,1446],"product_tag":[1454,1455,1456,1457,1458],"class_list":{"0":"post-159910","1":"product","2":"type-product","3":"status-publish","4":"has-post-thumbnail","6":"product_cat-minibob","7":"product_cat-minibob-ediciones-estandar","8":"product_tag-minibob-azul","9":"product_tag-zipflbob-azul","10":"product_tag-bob-de-plastico-azul","11":"product_tag-zipfybob-azul","12":"product_tag-zipfy-azul","13":"product_shipping_class-minibob","14":"description-off","16":"first","17":"instock","18":"featured","19":"taxable","20":"shipping-taxable","21":"purchasable","22":"product-type-simple"},"acf":[],"_links":{"self":[{"href":"https:\/\/mini-bob.com\/es\/wp-json\/wp\/v2\/product\/159910","targetHints":{"allow":["GET"]}}],"collection":[{"href":"https:\/\/mini-bob.com\/es\/wp-json\/wp\/v2\/product"}],"about":[{"href":"https:\/\/mini-bob.com\/es\/wp-json\/wp\/v2\/types\/product"}],"replies":[{"embeddable":true,"href":"https:\/\/mini-bob.com\/es\/wp-json\/wp\/v2\/comments?post=159910"}],"wp:featuredmedia":[{"embeddable":true,"href":"https:\/\/mini-bob.com\/es\/wp-json\/wp\/v2\/media\/159919"}],"wp:attachment":[{"href":"https:\/\/mini-bob.com\/es\/wp-json\/wp\/v2\/media?parent=159910"}],"wp:term":[{"taxonomy":"product_brand","embeddable":true,"href":"https:\/\/mini-bob.com\/es\/wp-json\/wp\/v2\/product_brand?post=159910"},{"taxonomy":"product_cat","embeddable":true,"href":"https:\/\/mini-bob.com\/es\/wp-json\/wp\/v2\/product_cat?post=159910"},{"taxonomy":"product_tag","embeddable":true,"href":"https:\/\/mini-bob.com\/es\/wp-json\/wp\/v2\/product_tag?post=159910"}],"curies":[{"name":"wp","href":"https:\/\/api.w.org\/{rel}","templated":true}]}}