{"id":161036,"date":"2022-09-23T17:26:41","date_gmt":"2022-09-23T15:26:41","guid":{"rendered":"https:\/\/mini-bob.com\/turkoosi-mini-bob-zipflbob\/"},"modified":"2025-11-25T10:32:17","modified_gmt":"2025-11-25T09:32:17","slug":"turkoosi-mini-bob-zipflbob","status":"publish","type":"page","link":"https:\/\/mini-bob.com\/fi\/turkoosi-mini-bob-zipflbob\/","title":{"rendered":"turkoosi mini bob \/ zipflbob"},"content":{"rendered":"<div class=\"wpb-content-wrapper\"><p>[vc_row][vc_column width=&#8221;1\/2&#8243;][vc_single_image image=&#8221;160642&#8243; img_size=&#8221;large&#8221;][\/vc_column][vc_column width=&#8221;1\/2&#8243;][vc_custom_heading text=&#8221;Alkuper\u00e4inen mini bob (zipflbob) turkoosina.&#8221; google_fonts=&#8221;font_family:Roboto%20Condensed%3A300%2C300italic%2Cregular%2Citalic%2C700%2C700italic|font_style:400%20regular%3A400%3Anormal&#8221;][vc_column_text]Alkuper\u00e4inen mini bob (Zipfelbob) on ollut saatavana turkoosina syyskuusta 2022 l\u00e4htien.<\/p>\n<p>T\u00e4ll\u00e4 kertaa turkoosin erikoisv\u00e4rinen zipflbob ei korvaa vaaleanpunaisen zipflbobin erikoisv\u00e4rist\u00e4 zipflbobia, kuten tavallisesti. P\u00e4invastoin! Mintunv\u00e4rinen alkuper\u00e4inen mini bob on lis\u00e4ys myym\u00e4l\u00e4\u00e4mme, jonka ansiosta voimme tarjota pienille ja suurille asiakkaillemme laajan v\u00e4rivalikoiman. Mottonamme on: mit\u00e4 v\u00e4rikk\u00e4\u00e4mpi, sit\u00e4 parempi.   <\/p>\n<p>T\u00e4m\u00e4 erityinen sinisen ja vihre\u00e4n sekoitus pist\u00e4\u00e4 heti silm\u00e4\u00e4n, ja se on korvaamaton vuonna 2022. Siksi meille oli t\u00e4rke\u00e4\u00e4 valmistaa omaper\u00e4inen mini bob trendiv\u00e4riss\u00e4 turkoosi. Ja kirkkaat v\u00e4rit ovat aina erityisen suosittuja lasten keskuudessa. Violetti ja turkoosi v\u00e4ri muistuttavat erityisesti suosittua j\u00e4\u00e4kuningatarta, ja mik\u00e4 sopisi paremmin lumeen kuin turkoosi Original mini bob?   <\/p>\n<p>Samankaltainen &#8221;bensiinin&#8221; v\u00e4rinen mini bob valmistettiin jo 1970-luvulla, ja se sai jo tuolloin hyv\u00e4n vastaanoton. Ja kuten kaikki tied\u00e4mme, trendi toistaa itse\u00e4\u00e4n muutaman vuoden v\u00e4lein. Sit\u00e4 parempi siis, ett\u00e4 voimme hy\u00f6dynt\u00e4\u00e4 t\u00e4t\u00e4 v\u00e4ripalettia j\u00e4lleen ja tuoda palan 70-lukua nykyp\u00e4iv\u00e4\u00e4n.[\/vc_column_text]<style type=\"text\/css\" data-type=\"the7_shortcodes-inline-css\">#default-btn-00042c57ed15a90e0441ec87b81e3b12.ico-right-side > i {\n  margin-right: 0px;\n  margin-left: 8px;\n}\n#default-btn-00042c57ed15a90e0441ec87b81e3b12 > i {\n  margin-right: 8px;\n}<\/style><a href=\"https:\/\/mini-bob.com\/fi\/produkt\/alkuperaeinen-mini-bob-zipfelbob-kelkka-turkoosina\/\" class=\"default-btn-shortcode dt-btn dt-btn-l pulse animate-element animation-builder link-hover-off btn-inline-left \" id=\"default-btn-00042c57ed15a90e0441ec87b81e3b12\" title=\"++NEUE FARBE++ Original mini bob (Zipfelbob) in t\u00fcrkis\"><span>OSTAA TURKOOSI ZIPFELBOB<\/span><\/a>[\/vc_column][\/vc_row][vc_row][vc_column][vc_empty_space][\/vc_column][\/vc_row][vc_row][vc_column width=&#8221;1\/2&#8243;][vc_empty_space height=&#8221;60px&#8221;][vc_empty_space height=&#8221;60px&#8221;]<style type=\"text\/css\" data-type=\"the7_shortcodes-inline-css\">#default-btn-8ba596aa557375a98b24d9f7a3f21a47.ico-right-side > i {\n  margin-right: 0px;\n  margin-left: 8px;\n}\n#default-btn-8ba596aa557375a98b24d9f7a3f21a47 > i {\n  margin-right: 8px;\n}<\/style><div class=\"btn-align-center\"><a href=\"https:\/\/mini-bob.com\/fi\/mini-bob\/\" class=\"default-btn-shortcode dt-btn dt-btn-l pulse animate-element animation-builder link-hover-off \" id=\"default-btn-8ba596aa557375a98b24d9f7a3f21a47\" title=\"der mini bob\"><span>MINI BOB MUISSA V\u00c4REISS\u00c4<\/span><\/a><\/div>[vc_empty_space]<style type=\"text\/css\" data-type=\"the7_shortcodes-inline-css\">#default-btn-5e85990b6dc6e7ea7b0ca7a3d7671a73.ico-right-side > i {\n  margin-right: 0px;\n  margin-left: 8px;\n}\n#default-btn-5e85990b6dc6e7ea7b0ca7a3d7671a73 > i {\n  margin-right: 8px;\n}<\/style><div class=\"btn-align-center\"><a href=\"https:\/\/mini-bob.com\/fi\/alkuperaeinen-mini-bob-zipfelbob-kauppa\/\" class=\"default-btn-shortcode dt-btn dt-btn-l pulse animate-element animation-builder link-hover-off \" id=\"default-btn-5e85990b6dc6e7ea7b0ca7a3d7671a73\" title=\"Original mini bob (Zipfelbob) Shop\"><span>KLIKKAA T\u00c4ST\u00c4 SIIRTY\u00c4KSESI SUORAAN KAUPPAAN<\/span><\/a><\/div>[\/vc_column][vc_column width=&#8221;1\/2&#8243;][vc_single_image image=&#8221;160639&#8243; img_size=&#8221;large&#8221;][vc_column_text]Perustuu samanlaiseen bensiininv\u00e4riseen Zipfybobiin 1970-luvulta.[\/vc_column_text][\/vc_column][\/vc_row]<\/p>\n<\/div>","protected":false},"excerpt":{"rendered":"<p>[vc_row][vc_column width=&#8221;1\/2&#8243;][vc_single_image image=&#8221;160642&#8243; img_size=&#8221;large&#8221;][\/vc_column][vc_column width=&#8221;1\/2&#8243;][vc_custom_heading text=&#8221;Alkuper\u00e4inen mini bob (zipflbob) turkoosina.&#8221; google_fonts=&#8221;font_family:Roboto%20Condensed%3A300%2C300italic%2Cregular%2Citalic%2C700%2C700italic|font_style:400%20regular%3A400%3Anormal&#8221;][vc_column_text]Alkuper\u00e4inen mini bob (Zipfelbob) on ollut saatavana turkoosina syyskuusta 2022 l\u00e4htien. T\u00e4ll\u00e4 kertaa turkoosin erikoisv\u00e4rinen zipflbob ei korvaa vaaleanpunaisen zipflbobin erikoisv\u00e4rist\u00e4 zipflbobia, kuten tavallisesti. P\u00e4invastoin! Mintunv\u00e4rinen alkuper\u00e4inen mini bob on lis\u00e4ys myym\u00e4l\u00e4\u00e4mme, jonka ansiosta voimme tarjota pienille ja suurille asiakkaillemme laajan v\u00e4rivalikoiman. Mottonamme on: mit\u00e4&hellip;<\/p>\n","protected":false},"author":3,"featured_media":0,"parent":0,"menu_order":0,"comment_status":"closed","ping_status":"closed","template":"","meta":{"_acf_changed":false,"footnotes":""},"class_list":["post-161036","page","type-page","status-publish","hentry","description-off"],"acf":[],"_links":{"self":[{"href":"https:\/\/mini-bob.com\/fi\/wp-json\/wp\/v2\/pages\/161036","targetHints":{"allow":["GET"]}}],"collection":[{"href":"https:\/\/mini-bob.com\/fi\/wp-json\/wp\/v2\/pages"}],"about":[{"href":"https:\/\/mini-bob.com\/fi\/wp-json\/wp\/v2\/types\/page"}],"author":[{"embeddable":true,"href":"https:\/\/mini-bob.com\/fi\/wp-json\/wp\/v2\/users\/3"}],"replies":[{"embeddable":true,"href":"https:\/\/mini-bob.com\/fi\/wp-json\/wp\/v2\/comments?post=161036"}],"version-history":[{"count":12,"href":"https:\/\/mini-bob.com\/fi\/wp-json\/wp\/v2\/pages\/161036\/revisions"}],"predecessor-version":[{"id":161401,"href":"https:\/\/mini-bob.com\/fi\/wp-json\/wp\/v2\/pages\/161036\/revisions\/161401"}],"wp:attachment":[{"href":"https:\/\/mini-bob.com\/fi\/wp-json\/wp\/v2\/media?parent=161036"}],"curies":[{"name":"wp","href":"https:\/\/api.w.org\/{rel}","templated":true}]}}