{"id":161056,"date":"2022-08-23T10:11:37","date_gmt":"2022-08-23T08:11:37","guid":{"rendered":"https:\/\/mini-bob.com\/helmiaeisvalkoinen-mini-bob-zipflbob\/"},"modified":"2025-11-25T10:32:14","modified_gmt":"2025-11-25T09:32:14","slug":"helmiaeisvalkoinen-mini-bob-zipflbob","status":"publish","type":"page","link":"https:\/\/mini-bob.com\/fi\/helmiaeisvalkoinen-mini-bob-zipflbob\/","title":{"rendered":"helmi\u00e4isvalkoinen mini bob \/ zipflbob"},"content":{"rendered":"<div class=\"wpb-content-wrapper\"><p>[vc_row][vc_column width=&#8221;1\/2&#8243;][vc_single_image image=&#8221;160705&#8243; img_size=&#8221;large&#8221;][\/vc_column][vc_column width=&#8221;1\/2&#8243;][vc_custom_heading text=&#8221;Alkuper\u00e4inen mini bob (zipflbob) SPECIAL EDITION helmi\u00e4isvalkoisessa helmi\u00e4isv\u00e4riss\u00e4.&#8221; google_fonts=&#8221;font_family:Roboto%20Condensed%3A300%2C300italic%2Cregular%2Citalic%2C700%2C700italic|font_style:400%20regular%3A400%3Anormal&#8221;][vc_empty_space height=&#8221;50px&#8221;]<style type=\"text\/css\" data-type=\"the7_shortcodes-inline-css\">#default-btn-792a328833bae2ebbba0a4f121bc7859.ico-right-side > i {\n  margin-right: 0px;\n  margin-left: 8px;\n}\n#default-btn-792a328833bae2ebbba0a4f121bc7859 > i {\n  margin-right: 8px;\n}<\/style><a href=\"https:\/\/mini-bob.com\/fi\/produkt\/edition-mini-bob-zipfelbob-kelkka-helmiaeisvalkoinen-helmiaeisvaerinen-versio\/\" class=\"default-btn-shortcode dt-btn dt-btn-l pulse animate-element animation-builder link-hover-off btn-inline-left \" id=\"default-btn-792a328833bae2ebbba0a4f121bc7859\" title=\"+AUSVERKAUFT+ Edition mini bob (Zipfelbob) in perlmutt wei\u00df\"><span>OSTAA HELMI\u00c4ISVALKOINEN ZIPFELBOB<\/span><\/a>[vc_empty_space]<style type=\"text\/css\" data-type=\"the7_shortcodes-inline-css\">#default-btn-d8e1833bdfa22b111e6ba396b2bea75f.ico-right-side > i {\n  margin-right: 0px;\n  margin-left: 8px;\n}\n#default-btn-d8e1833bdfa22b111e6ba396b2bea75f > i {\n  margin-right: 8px;\n}<\/style><a href=\"https:\/\/mini-bob.com\/fi\/alkuperaeinen-mini-bob-zipfelbob-kauppa\/\" class=\"default-btn-shortcode dt-btn dt-btn-l pulse animate-element animation-builder link-hover-off btn-inline-left \" id=\"default-btn-d8e1833bdfa22b111e6ba396b2bea75f\" title=\"Original mini bob (Zipfelbob) Shop\"><span>KLIKKAA T\u00c4ST\u00c4 SIIRTY\u00c4KSESI SUORAAN KAUPPAAN<\/span><\/a>[vc_empty_space]<style type=\"text\/css\" data-type=\"the7_shortcodes-inline-css\">#default-btn-f1c9ccbfb8fae0af7fbcfcaf063e9163.ico-right-side > i {\n  margin-right: 0px;\n  margin-left: 8px;\n}\n#default-btn-f1c9ccbfb8fae0af7fbcfcaf063e9163 > i {\n  margin-right: 8px;\n}<\/style><a href=\"https:\/\/mini-bob.com\/fi\/mini-bob\/\" class=\"default-btn-shortcode dt-btn dt-btn-l pulse animate-element animation-builder link-hover-off btn-inline-left \" id=\"default-btn-f1c9ccbfb8fae0af7fbcfcaf063e9163\" title=\"der mini bob\"><span>MINI BOB MUISSA V\u00c4REISS\u00c4<\/span><\/a>[\/vc_column][\/vc_row]<\/p>\n<\/div>","protected":false},"excerpt":{"rendered":"<p>[vc_row][vc_column width=&#8221;1\/2&#8243;][vc_single_image image=&#8221;160705&#8243; img_size=&#8221;large&#8221;][\/vc_column][vc_column width=&#8221;1\/2&#8243;][vc_custom_heading text=&#8221;Alkuper\u00e4inen mini bob (zipflbob) SPECIAL EDITION helmi\u00e4isvalkoisessa helmi\u00e4isv\u00e4riss\u00e4.&#8221; google_fonts=&#8221;font_family:Roboto%20Condensed%3A300%2C300italic%2Cregular%2Citalic%2C700%2C700italic|font_style:400%20regular%3A400%3Anormal&#8221;][vc_empty_space height=&#8221;50px&#8221;][vc_empty_space][vc_empty_space][\/vc_column][\/vc_row]<\/p>\n","protected":false},"author":3,"featured_media":0,"parent":0,"menu_order":0,"comment_status":"closed","ping_status":"closed","template":"","meta":{"_acf_changed":false,"footnotes":""},"class_list":["post-161056","page","type-page","status-publish","hentry","description-off"],"acf":[],"_links":{"self":[{"href":"https:\/\/mini-bob.com\/fi\/wp-json\/wp\/v2\/pages\/161056","targetHints":{"allow":["GET"]}}],"collection":[{"href":"https:\/\/mini-bob.com\/fi\/wp-json\/wp\/v2\/pages"}],"about":[{"href":"https:\/\/mini-bob.com\/fi\/wp-json\/wp\/v2\/types\/page"}],"author":[{"embeddable":true,"href":"https:\/\/mini-bob.com\/fi\/wp-json\/wp\/v2\/users\/3"}],"replies":[{"embeddable":true,"href":"https:\/\/mini-bob.com\/fi\/wp-json\/wp\/v2\/comments?post=161056"}],"version-history":[{"count":5,"href":"https:\/\/mini-bob.com\/fi\/wp-json\/wp\/v2\/pages\/161056\/revisions"}],"predecessor-version":[{"id":161398,"href":"https:\/\/mini-bob.com\/fi\/wp-json\/wp\/v2\/pages\/161056\/revisions\/161398"}],"wp:attachment":[{"href":"https:\/\/mini-bob.com\/fi\/wp-json\/wp\/v2\/media?parent=161056"}],"curies":[{"name":"wp","href":"https:\/\/api.w.org\/{rel}","templated":true}]}}