{"id":161060,"date":"2022-08-22T16:16:54","date_gmt":"2022-08-22T14:16:54","guid":{"rendered":"https:\/\/mini-bob.com\/vaaleanpunainen-mini-bob-zipfelbob\/"},"modified":"2025-11-25T10:32:13","modified_gmt":"2025-11-25T09:32:13","slug":"vaaleanpunainen-mini-bob-zipfelbob","status":"publish","type":"page","link":"https:\/\/mini-bob.com\/fi\/vaaleanpunainen-mini-bob-zipfelbob\/","title":{"rendered":"vaaleanpunainen mini bob \/ Zipfelbob"},"content":{"rendered":"<div class=\"wpb-content-wrapper\"><p>[vc_row][vc_column width=&#8221;1\/2&#8243;][vc_single_image image=&#8221;160664&#8243; img_size=&#8221;large&#8221;][\/vc_column][vc_column width=&#8221;1\/2&#8243;][vc_custom_heading text=&#8221;Alkuper\u00e4inen mini bob (zipflbob) vaaleanpunaisena.&#8221; google_fonts=&#8221;font_family:Roboto%20Condensed%3A300%2C300italic%2Cregular%2Citalic%2C700%2C700italic|font_style:400%20regular%3A400%3Anormal&#8221;][vc_column_text]Mini bob (Zipfelbob) on ollut saatavana vaaleanpunaisena vuodesta 2020 l\u00e4htien.<\/p>\n<p>Neonpinkin mini bobin (1980-luku), violetin mini bobin (1990-luku), Milka-mallin zipfelbobin (2000-luku) ja &#8221;violetin&#8221; zipflbobin (2010-luku) j\u00e4lkeen toivottu vaaleanpunaisen alkuper\u00e4isen mini bobin v\u00e4rinen mini bob seurasi lopulta vuonna 2020.<br \/>\n&#8221;Tytt\u00f6m\u00e4isen&#8221; muovibobin suuri kysynt\u00e4 johti meid\u00e4t erikoisv\u00e4riimme: vaaleanpunaiseen.<br \/>\nMik\u00e4 sopisi paremmin 1970-luvun Zipfibobiin kuin vaaleanpunainen v\u00e4ri (jonka nimi tulee samannimisest\u00e4 kukasta), josta tuli 1970-luvulla naisellinen symboli? Aivan oikein, vaaleanpunainen alkuper\u00e4inen mini bob. <\/p>\n<p>Olemme jo yli 45 vuoden ajan k\u00e4ytt\u00e4neet n\u00e4it\u00e4 v\u00e4rej\u00e4 yh\u00e4 uudelleen ja uudelleen ja varmistaneet, ett\u00e4 kuuluisa Zipfelbob vaihtaa jatkuvasti v\u00e4ri\u00e4.[\/vc_column_text][\/vc_column][\/vc_row][vc_row][vc_column width=&#8221;1\/2&#8243;][vc_empty_space height=&#8221;200px&#8221;]<style type=\"text\/css\" data-type=\"the7_shortcodes-inline-css\">#default-btn-b0c1e7a3719bfe858accb4c60ab469b2.ico-right-side > i {\n  margin-right: 0px;\n  margin-left: 8px;\n}\n#default-btn-b0c1e7a3719bfe858accb4c60ab469b2 > i {\n  margin-right: 8px;\n}<\/style><a href=\"https:\/\/mini-bob.com\/fi\/produkt\/alkuperaeinen-mini-bob-zipfelbob-kelkka-vaaleanpunaisena\/\" class=\"default-btn-shortcode dt-btn dt-btn-l pulse animate-element animation-builder link-hover-off btn-inline-left \" id=\"default-btn-b0c1e7a3719bfe858accb4c60ab469b2\" title=\"original mini bob (Zipfelbob) in pink\"><span>OSTAA VAALEANPUNAINEN ZIPFELBOB<\/span><\/a>[vc_empty_space]<style type=\"text\/css\" data-type=\"the7_shortcodes-inline-css\">#default-btn-f1c9ccbfb8fae0af7fbcfcaf063e9163.ico-right-side > i {\n  margin-right: 0px;\n  margin-left: 8px;\n}\n#default-btn-f1c9ccbfb8fae0af7fbcfcaf063e9163 > i {\n  margin-right: 8px;\n}<\/style><a href=\"https:\/\/mini-bob.com\/fi\/mini-bob\/\" class=\"default-btn-shortcode dt-btn dt-btn-l pulse animate-element animation-builder link-hover-off btn-inline-left \" id=\"default-btn-f1c9ccbfb8fae0af7fbcfcaf063e9163\" title=\"der mini bob\"><span>MINI BOB MUISSA V\u00c4REISS\u00c4<\/span><\/a>[vc_empty_space]<style type=\"text\/css\" data-type=\"the7_shortcodes-inline-css\">#default-btn-d8e1833bdfa22b111e6ba396b2bea75f.ico-right-side > i {\n  margin-right: 0px;\n  margin-left: 8px;\n}\n#default-btn-d8e1833bdfa22b111e6ba396b2bea75f > i {\n  margin-right: 8px;\n}<\/style><a href=\"https:\/\/mini-bob.com\/fi\/alkuperaeinen-mini-bob-zipfelbob-kauppa\/\" class=\"default-btn-shortcode dt-btn dt-btn-l pulse animate-element animation-builder link-hover-off btn-inline-left \" id=\"default-btn-d8e1833bdfa22b111e6ba396b2bea75f\" title=\"Original mini bob (Zipfelbob) Shop\"><span>KLIKKAA T\u00c4ST\u00c4 SIIRTY\u00c4KSESI SUORAAN KAUPPAAN<\/span><\/a>[\/vc_column][vc_column width=&#8221;1\/2&#8243;][vc_single_image image=&#8221;160662&#8243; img_size=&#8221;large&#8221;][\/vc_column][\/vc_row][vc_row][vc_column][vc_single_image image=&#8221;160669&#8243; img_size=&#8221;full&#8221; alignment=&#8221;center&#8221;][\/vc_column][\/vc_row]<\/p>\n<\/div>","protected":false},"excerpt":{"rendered":"<p>[vc_row][vc_column width=&#8221;1\/2&#8243;][vc_single_image image=&#8221;160664&#8243; img_size=&#8221;large&#8221;][\/vc_column][vc_column width=&#8221;1\/2&#8243;][vc_custom_heading text=&#8221;Alkuper\u00e4inen mini bob (zipflbob) vaaleanpunaisena.&#8221; google_fonts=&#8221;font_family:Roboto%20Condensed%3A300%2C300italic%2Cregular%2Citalic%2C700%2C700italic|font_style:400%20regular%3A400%3Anormal&#8221;][vc_column_text]Mini bob (Zipfelbob) on ollut saatavana vaaleanpunaisena vuodesta 2020 l\u00e4htien. Neonpinkin mini bobin (1980-luku), violetin mini bobin (1990-luku), Milka-mallin zipfelbobin (2000-luku) ja &#8221;violetin&#8221; zipflbobin (2010-luku) j\u00e4lkeen toivottu vaaleanpunaisen alkuper\u00e4isen mini bobin v\u00e4rinen mini bob seurasi lopulta vuonna 2020. &#8221;Tytt\u00f6m\u00e4isen&#8221; muovibobin suuri kysynt\u00e4 johti meid\u00e4t erikoisv\u00e4riimme:&hellip;<\/p>\n","protected":false},"author":3,"featured_media":0,"parent":0,"menu_order":0,"comment_status":"closed","ping_status":"closed","template":"","meta":{"_acf_changed":false,"footnotes":""},"class_list":["post-161060","page","type-page","status-publish","hentry","description-off"],"acf":[],"_links":{"self":[{"href":"https:\/\/mini-bob.com\/fi\/wp-json\/wp\/v2\/pages\/161060","targetHints":{"allow":["GET"]}}],"collection":[{"href":"https:\/\/mini-bob.com\/fi\/wp-json\/wp\/v2\/pages"}],"about":[{"href":"https:\/\/mini-bob.com\/fi\/wp-json\/wp\/v2\/types\/page"}],"author":[{"embeddable":true,"href":"https:\/\/mini-bob.com\/fi\/wp-json\/wp\/v2\/users\/3"}],"replies":[{"embeddable":true,"href":"https:\/\/mini-bob.com\/fi\/wp-json\/wp\/v2\/comments?post=161060"}],"version-history":[{"count":6,"href":"https:\/\/mini-bob.com\/fi\/wp-json\/wp\/v2\/pages\/161060\/revisions"}],"predecessor-version":[{"id":161397,"href":"https:\/\/mini-bob.com\/fi\/wp-json\/wp\/v2\/pages\/161060\/revisions\/161397"}],"wp:attachment":[{"href":"https:\/\/mini-bob.com\/fi\/wp-json\/wp\/v2\/media?parent=161060"}],"curies":[{"name":"wp","href":"https:\/\/api.w.org\/{rel}","templated":true}]}}