{"id":161068,"date":"2022-05-27T09:24:00","date_gmt":"2022-05-27T07:24:00","guid":{"rendered":"https:\/\/mini-bob.com\/luokitusten-aitous\/"},"modified":"2022-05-27T09:24:00","modified_gmt":"2022-05-27T07:24:00","slug":"luokitusten-aitous","status":"publish","type":"page","link":"https:\/\/mini-bob.com\/fi\/luokitusten-aitous\/","title":{"rendered":"Luokitusten aitous"},"content":{"rendered":"<h1>Huomautus luokitusten aitoudesta<\/h1>\n<p>Arvosteluja verkkosivustollamme voivat antaa vain asiakkaat ja vain tuotteista, jotka he ovat itse asiassa ostaneet meilt\u00e4.<\/p>\n<p>Valinnaiset suodatintoimenpiteet luokituksia l\u00e4hetett\u00e4ess\u00e4:<\/p>\n<ul>\n<li>Asiakkaat voivat j\u00e4tt\u00e4\u00e4 arvostelun vain, jos he ovat todella ostaneet kyseisen tuotteen.<\/li>\n<li>Emme salli kaksinkertaisia luokituksia samalle tuotteelle.<\/li>\n<li>Tarkistamme arvostelujen aitouden manuaalisesti (tilauksen vertailu, ostajan nimi ja s\u00e4hk\u00f6postiosoite) ja aktivoimme ne vasta, kun olemme tarkistaneet ne onnistuneesti.<\/li>\n<li>Arviot julkaistaan tuloksesta riippumatta: &#8221;hyv\u00e4 tai huono&#8221; - olemme avoimia kritiikille!<\/li>\n<\/ul>\n","protected":false},"excerpt":{"rendered":"<p>Huomautus luokitusten aitoudesta Arvosteluja verkkosivustollamme voivat antaa vain asiakkaat ja vain tuotteista, jotka he ovat itse asiassa ostaneet meilt\u00e4. Valinnaiset suodatintoimenpiteet luokituksia l\u00e4hetett\u00e4ess\u00e4: Asiakkaat voivat j\u00e4tt\u00e4\u00e4 arvostelun vain, jos he ovat todella ostaneet kyseisen tuotteen. Emme salli kaksinkertaisia luokituksia samalle tuotteelle. Tarkistamme arvostelujen aitouden manuaalisesti (tilauksen vertailu, ostajan nimi ja s\u00e4hk\u00f6postiosoite) ja aktivoimme ne vasta,&hellip;<\/p>\n","protected":false},"author":1,"featured_media":0,"parent":0,"menu_order":0,"comment_status":"closed","ping_status":"closed","template":"","meta":{"_acf_changed":false,"footnotes":""},"class_list":["post-161068","page","type-page","status-publish","hentry","description-off"],"acf":[],"_links":{"self":[{"href":"https:\/\/mini-bob.com\/fi\/wp-json\/wp\/v2\/pages\/161068","targetHints":{"allow":["GET"]}}],"collection":[{"href":"https:\/\/mini-bob.com\/fi\/wp-json\/wp\/v2\/pages"}],"about":[{"href":"https:\/\/mini-bob.com\/fi\/wp-json\/wp\/v2\/types\/page"}],"author":[{"embeddable":true,"href":"https:\/\/mini-bob.com\/fi\/wp-json\/wp\/v2\/users\/1"}],"replies":[{"embeddable":true,"href":"https:\/\/mini-bob.com\/fi\/wp-json\/wp\/v2\/comments?post=161068"}],"version-history":[{"count":0,"href":"https:\/\/mini-bob.com\/fi\/wp-json\/wp\/v2\/pages\/161068\/revisions"}],"wp:attachment":[{"href":"https:\/\/mini-bob.com\/fi\/wp-json\/wp\/v2\/media?parent=161068"}],"curies":[{"name":"wp","href":"https:\/\/api.w.org\/{rel}","templated":true}]}}