{"id":161069,"date":"2017-01-20T21:03:33","date_gmt":"2017-01-20T20:03:33","guid":{"rendered":"https:\/\/mini-bob.com\/bob-sledge-min-bob-modernin-kelkkailun-perimmaeinen-tuote\/"},"modified":"2025-11-25T10:32:10","modified_gmt":"2025-11-25T09:32:10","slug":"bob-sledge-min-bob-modernin-kelkkailun-perimmaeinen-tuote","status":"publish","type":"page","link":"https:\/\/mini-bob.com\/fi\/bob-sledge-min-bob-modernin-kelkkailun-perimmaeinen-tuote\/","title":{"rendered":"bob sledge min bob - modernin kelkkailun perimm\u00e4inen tuote"},"content":{"rendered":"<div class=\"wpb-content-wrapper\"><p>[vc_row][vc_column][vc_custom_heading text=&#8221;T\u00e4lt\u00e4 n\u00e4ytt\u00e4\u00e4 kelkkailu t\u00e4n\u00e4\u00e4n!&#8221; google_fonts=&#8221;font_family:Roboto%20Condensed%3A300%2C300italic%2Cregular%2Citalic%2C700%2C700italic|font_style:400%20regular%3A400%3Anormal&#8221;][vc_column_text]Monissa testeiss\u00e4 todistettu lopullinen kelkka nuorille ja vanhoille - muuttumattomana ja koeteltuna vuodesta 1976.[\/vc_column_text][vc_video link=&#8221;https:\/\/player.vimeo.com\/video\/200398022&#8243;][vc_column_text]Oletko tuntenut vain &#8221;tavallisen&#8221; puukelkan vai muovisen ohjauskelkan? Sitten sinun pit\u00e4isi ehdottomasti kokeilla alkuper\u00e4ist\u00e4 mini boba! Vaikka innovatiivinen kelkka on ollut k\u00e4yt\u00f6ss\u00e4 jo vuodesta 1976, sen konsepti tekee edelleen vaikutuksen perinteisiin puukelkkoihin verrattuna. Monissa kelkkojen vertailutesteiss\u00e4 se osoittaa kerta toisensa j\u00e4lkeen, kuinka nerokas ja yksinkertainen sen konsepti on. Siksi minibobia on kopioitu jo useita kertoja ja sen ohjaussauvakonseptia j\u00e4ljitelty.    <\/p>\n<p>Kun ostat kelkan, varmista, ett\u00e4 ostat alkuper\u00e4isen mini bobin - valitettavasti Kaukoid\u00e4st\u00e4 on nyky\u00e4\u00e4n paljon halpoja kopioita, jotka eiv\u00e4t useinkaan t\u00e4yt\u00e4 vaadittuja korkeita turvallisuusstandardeja.<\/p>\n<p>Kelkkailu 2.0 - alkuper\u00e4inen mini bob![\/vc_column_text][\/vc_column][\/vc_row][vc_row][vc_column][vc_empty_space][\/vc_column][\/vc_row][vc_row][vc_column][vc_custom_heading text=&#8221;t\u00e4m\u00e4n p\u00e4iv\u00e4n perimm\u00e4inen bob-kelkka&#8221; google_fonts=&#8221;font_family:Roboto%20Condensed%3A300%2C300italic%2Cregular%2Citalic%2C700%2C700italic|font_style:400%20regular%3A400%3Anormal&#8221;][vc_column_text]1970-luvulla keksitty ja edelleen moderni - ajaton klassikko: mini bob.<\/p>\n<p>Jos etsit bob-kelkkaa, joka on hauska lumessa ja jonka hallitseminen on helppoa, nopeaa ja turvallista niin nuorille kuin vanhoillekin, muovinen &#8221;mini bob&#8221; -kelkamme tekee sinut varmasti onnelliseksi!<\/p>\n<p>It\u00e4vallassa 1970-luvulla tapahtuneesta keksinn\u00f6st\u00e4\u00e4n l\u00e4htien mini boba on valmistettu Saksassa, ja se on innoittanut sukupolvia siit\u00e4 l\u00e4htien.<\/p>\n<p>Kevyen ja vankan muovisen onttorunkorakenteensa ansiosta pienen kelkkaa voivat kuljettaa ja ohjata pienimm\u00e4tkin lapset. Vakaan rakenteensa ansiosta my\u00f6s pitk\u00e4t ja painavat kuljettajat eiv\u00e4t ole ongelma &#8217;mini bob&#8217; -bobikelkalle - jopa 100 kg:n paino on mahdollinen![\/vc_column_text][\/vc_column][\/vc_row][vc_row][vc_column][vc_custom_heading text=&#8221;ostaa bob sledge mini bob&#8221; google_fonts=&#8221;font_family:Roboto%20Condensed%3A300%2C300italic%2Cregular%2Citalic%2C700%2C700italic|font_style:400%20regular%3A400%3Anormal&#8221;][vc_column_text]<\/p>\n<h4>t\u00e4\u00e4lt\u00e4 voit ostaa ultimaattisen bob-kelkan &#8221;mini bob&#8221;!<\/h4>\n<p>[\/vc_column_text]<style type=\"text\/css\" data-type=\"the7_shortcodes-inline-css\">#default-btn-d8e1833bdfa22b111e6ba396b2bea75f.ico-right-side > i {\n  margin-right: 0px;\n  margin-left: 8px;\n}\n#default-btn-d8e1833bdfa22b111e6ba396b2bea75f > i {\n  margin-right: 8px;\n}<\/style><a href=\"https:\/\/mini-bob.com\/fi\/alkuperaeinen-mini-bob-zipfelbob-kauppa\/\" class=\"default-btn-shortcode dt-btn dt-btn-l pulse animate-element animation-builder link-hover-off btn-inline-left \" id=\"default-btn-d8e1833bdfa22b111e6ba396b2bea75f\" title=\"Original mini bob (Zipfelbob) Shop\"><span>OSTA mini bob<\/span><\/a>[\/vc_column][\/vc_row][vc_row][vc_column][vc_empty_space][\/vc_column][\/vc_row][vc_row][vc_column][vc_custom_heading text=&#8221;Kaikki tiedot bob-kelkasta &#8221;mini bob&#8221;.&#8221; google_fonts=&#8221;font_family:Roboto%20Condensed%3A300%2C300italic%2Cregular%2Citalic%2C700%2C700italic|font_style:400%20regular%3A400%3Anormal&#8221;][vc_single_image image=&#8221;161071&#8243; img_size=&#8221;large&#8221;][vc_column_text]Bobin kelkka<\/p>\n<p>&nbsp;<\/p>\n<p>Sivustoltamme l\u00f6yd\u00e4t kaikki tarvitsemasi tiedot mini bobin historiasta sen nykyiseen kehitykseen. Jos sinulla on kysytt\u00e4v\u00e4\u00e4, voit tutustua laajaan UKK-tietokantaan <a href=\"https:\/\/mini-bob.com\/faq\/\">ja ottaa suoraan yhteytt\u00e4<\/a> meihin. <\/p>\n<p>Jos haluat ostaa alkuper\u00e4isen mini bobin, l\u00f6yd\u00e4t etsim\u00e4si kohdasta &#8221;osta mini bob&#8221;. T\u00e4\u00e4lt\u00e4 p\u00e4\u00e4set myym\u00e4l\u00e4\u00e4mme, jossa on erikoispainoksia sek\u00e4 j\u00e4lleenmyyji\u00e4, jotka myyv\u00e4t bob-kelkkaa verkossa ja kaupoissa. <\/p>\n<p>Jos etsit tietoa kelkka-aiheesta, l\u00f6yd\u00e4t hy\u00f6dyllisi\u00e4 artikkeleita my\u00f6s uutisosiosta.[\/vc_column_text][\/vc_column][\/vc_row]<\/p>\n<\/div>","protected":false},"excerpt":{"rendered":"<p>[vc_row][vc_column][vc_custom_heading text=&#8221;T\u00e4lt\u00e4 n\u00e4ytt\u00e4\u00e4 kelkkailu t\u00e4n\u00e4\u00e4n!&#8221; google_fonts=&#8221;font_family:Roboto%20Condensed%3A300%2C300italic%2Cregular%2Citalic%2C700%2C700italic|font_style:400%20regular%3A400%3Anormal&#8221;][vc_column_text]Monissa testeiss\u00e4 todistettu lopullinen kelkka nuorille ja vanhoille - muuttumattomana ja koeteltuna vuodesta 1976.[\/vc_column_text][vc_video link=&#8221;https:\/\/player.vimeo.com\/video\/200398022&#8243;][vc_column_text]Oletko tuntenut vain &#8221;tavallisen&#8221; puukelkan vai muovisen ohjauskelkan? Sitten sinun pit\u00e4isi ehdottomasti kokeilla alkuper\u00e4ist\u00e4 mini boba! Vaikka innovatiivinen kelkka on ollut k\u00e4yt\u00f6ss\u00e4 jo vuodesta 1976, sen konsepti tekee edelleen vaikutuksen perinteisiin puukelkkoihin verrattuna. Monissa kelkkojen vertailutesteiss\u00e4&hellip;<\/p>\n","protected":false},"author":1,"featured_media":0,"parent":0,"menu_order":0,"comment_status":"closed","ping_status":"closed","template":"","meta":{"_acf_changed":false,"footnotes":""},"class_list":["post-161069","page","type-page","status-publish","hentry","description-off"],"acf":[],"_links":{"self":[{"href":"https:\/\/mini-bob.com\/fi\/wp-json\/wp\/v2\/pages\/161069","targetHints":{"allow":["GET"]}}],"collection":[{"href":"https:\/\/mini-bob.com\/fi\/wp-json\/wp\/v2\/pages"}],"about":[{"href":"https:\/\/mini-bob.com\/fi\/wp-json\/wp\/v2\/types\/page"}],"author":[{"embeddable":true,"href":"https:\/\/mini-bob.com\/fi\/wp-json\/wp\/v2\/users\/1"}],"replies":[{"embeddable":true,"href":"https:\/\/mini-bob.com\/fi\/wp-json\/wp\/v2\/comments?post=161069"}],"version-history":[{"count":13,"href":"https:\/\/mini-bob.com\/fi\/wp-json\/wp\/v2\/pages\/161069\/revisions"}],"predecessor-version":[{"id":161392,"href":"https:\/\/mini-bob.com\/fi\/wp-json\/wp\/v2\/pages\/161069\/revisions\/161392"}],"wp:attachment":[{"href":"https:\/\/mini-bob.com\/fi\/wp-json\/wp\/v2\/media?parent=161069"}],"curies":[{"name":"wp","href":"https:\/\/api.w.org\/{rel}","templated":true}]}}