{"id":161082,"date":"2017-01-08T13:29:04","date_gmt":"2017-01-08T12:29:04","guid":{"rendered":"https:\/\/mini-bob.com\/osta-lopullinen-kelkka-alkuperaeinen-mini-bob\/"},"modified":"2025-11-25T10:32:04","modified_gmt":"2025-11-25T09:32:04","slug":"osta-lopullinen-kelkka-alkuperaeinen-mini-bob","status":"publish","type":"page","link":"https:\/\/mini-bob.com\/fi\/osta-lopullinen-kelkka-alkuperaeinen-mini-bob\/","title":{"rendered":"osta lopullinen kelkka - alkuper\u00e4inen mini bob"},"content":{"rendered":"<div class=\"wpb-content-wrapper\"><p>[vc_row][vc_column][vc_custom_heading text=&#8221;Maxi hauskaa mini bobin kanssa - \u00e4\u00e4rimm\u00e4inen kelkkailu&#8221; font_container=&#8221;tag:h1|text_align:left&#8221; google_fonts=&#8221;font_family:Roboto%20Condensed%3A300%2C300italic%2Cregular%2Citalic%2C700%2C700italic|font_style:400%20regular%3A400%3Anormal&#8221;][\/vc_column][\/vc_row][vc_row][vc_column][vc_custom_heading text=&#8221;Jos kelkkailua, niin mini bobilla!&#8221; font_container=&#8221;tag:h2|text_align:center&#8221; google_fonts=&#8221;font_family:Roboto%20Condensed%3A300%2C300italic%2Cregular%2Citalic%2C700%2C700italic|font_style:400%20regular%3A400%3Anormal&#8221;][\/vc_column][\/vc_row][vc_row][vc_column][vc_single_image image=&#8221;161071&#8243; img_size=&#8221;large&#8221; alignment=&#8221;center&#8221; onclick=&#8221;zoom&#8221; lazy_loading=&#8221;true&#8221;][\/vc_column][\/vc_row][vc_row][vc_column][vc_custom_heading text=&#8221;Ainutlaatuinen ja ehk\u00e4 paras kelkka lumiharrastukseen - valmistettu Saksassa vuodesta 1976!&#8221; font_container=&#8221;tag:h2|text_align:center&#8221; google_fonts=&#8221;font_family:Roboto%20Condensed%3A300%2C300italic%2Cregular%2Citalic%2C700%2C700italic|font_style:400%20regular%3A400%3Anormal&#8221;][vc_column_text]Ovatko sinulle tuttuja vain tavalliset puiset kelkat? Sitten yll\u00e4tyt, miten hauskaa kelkkailu voi olla! <\/p>\n<p>It\u00e4vallan Alpeilla keksitty ja Saksassa vuodesta 1976 l\u00e4htien korkeimpien laatuvaatimusten mukaisesti valmistettu alkuper\u00e4inen mini bob tarjoaa maksimaalisen ajohupin ja korkeimman turvallisuustason.<\/p>\n<p>Ainutlaatuisen muotonsa ja konseptinsa ansiosta mini bob on paljon parempi kuin tavalliset kelkat. Sill\u00e4 oppii nopeasti ohjaamaan tarkasti ja jarruttamaan nopeasti ja tehokkaasti. <\/p>\n<p>Pienell\u00e4 minikelkalla on mahdollista tehd\u00e4 kaikkea pienest\u00e4 alam\u00e4est\u00e4 aina n\u00e4ytt\u00e4viin temppuihin.<\/p>\n<p>Alkuper\u00e4ist\u00e4 mini boba on saatavana monissa eri v\u00e4reiss\u00e4. Jos siis haluat ostaa kelkan, voit nyt valita monista kirkkaista v\u00e4reist\u00e4, jotka n\u00e4ytt\u00e4v\u00e4t erityisen hyv\u00e4lt\u00e4 lumessa.[\/vc_column_text][\/vc_column][\/vc_row][vc_row][vc_column][vc_custom_heading text=&#8221;mini bob - osta lopullinen kelkka?&#8221; google_fonts=&#8221;font_family:Roboto%20Condensed%3A300%2C300italic%2Cregular%2Citalic%2C700%2C700italic|font_style:400%20regular%3A400%3Anormal&#8221;]<style type=\"text\/css\" data-type=\"the7_shortcodes-inline-css\">#default-btn-d8e1833bdfa22b111e6ba396b2bea75f.ico-right-side > i {\n  margin-right: 0px;\n  margin-left: 8px;\n}\n#default-btn-d8e1833bdfa22b111e6ba396b2bea75f > i {\n  margin-right: 8px;\n}<\/style><a href=\"https:\/\/mini-bob.com\/fi\/alkuperaeinen-mini-bob-zipfelbob-kauppa\/\" class=\"default-btn-shortcode dt-btn dt-btn-l pulse animate-element animation-builder link-hover-off btn-inline-left \" id=\"default-btn-d8e1833bdfa22b111e6ba396b2bea75f\" title=\"Original mini bob (Zipfelbob) Shop\"><span>OSTA mini bob!<\/span><\/a>[\/vc_column][\/vc_row][vc_row][vc_column][vc_empty_space][vc_masonry_media_grid initial_loading_animation=&#8221;fadeIn&#8221; grid_id=&#8221;vc_gid:1662623660523-c096aec2-2791-10&#8243; include=&#8221;160842,160927,161084,161085,161086&#8243;][\/vc_column][\/vc_row][vc_row][vc_column][vc_column_text]Original mini bob ei ole valmistettu puusta kuten tavalliset kelkat, vaan tuhoutumattomasta muovista, joka on eritt\u00e4in kest\u00e4v\u00e4 ja kest\u00e4\u00e4 kovimmatkin kelkkailut. Siin\u00e4 miss\u00e4 puiset kelkat hajoavat tai muoviset kuorikelkat rikkoutuvat, Original mini bob jatkaa toimintaansa. N\u00e4in ollen loukkaantumisriski on pienempi kuin tavallisissa kelkoissa.  <\/p>\n<p>Matalan painopisteen ansiosta loukkaantumisriski on hyvin pieni jopa putoamistilanteessa, mink\u00e4 vuoksi mini bobilla voivat ajaa 3 - 99-vuotiaat.<\/p>\n<p>Mini bob tarjoaa t\u00e4ydellisen kelkkakokemuksen niin nuorille kuin vanhoillekin.<\/p>\n<p>Ainutlaatuisen jarrutuksen ansiosta (ved\u00e4t vain ohjaussauvaa vartaloasi kohti) min bob voidaan pys\u00e4ytt\u00e4\u00e4 nopeasti ja turvallisesti.[\/vc_column_text][vc_custom_heading text=&#8221;mini bob - alkuper\u00e4inen tapa kelkkailla!&#8221; google_fonts=&#8221;font_family:Roboto%20Condensed%3A300%2C300italic%2Cregular%2Citalic%2C700%2C700italic|font_style:400%20regular%3A400%3Anormal&#8221;][\/vc_column][\/vc_row][vc_row][vc_column][vc_column_text]Usein kysytyist\u00e4 kysymyksist\u00e4 ja vastauksista <a href=\"https:\/\/mini-bob.com\/faq\/\">(FAQ<\/a> ) l\u00f6yd\u00e4t lis\u00e4tietoa alkuper\u00e4isest\u00e4 mini bobista<\/p>\n<p><a href=\"https:\/\/mini-bob.com\/der-mini-bob\/\">Kohdasta &#8221;the mini bob<\/a> &#8221; l\u00f6yd\u00e4t lis\u00e4tietoa alkuper\u00e4isen mini bobin teknisist\u00e4 ominaisuuksista<\/p>\n<p>Voit ostaa alkuper\u00e4isen mini bobin erikoisliikkeist\u00e4 tai verkosta - j\u00e4lleenmyyjien luettelo <a href=\"https:\/\/mini-bob.com\/mini-bob-kaufen\/\">l\u00f6ytyy t\u00e4\u00e4lt\u00e4:<\/a> osta mini bob<\/p>\n<p>Jos sinulla vanhempana on <a href=\"https:\/\/mini-bob.com\/kontakt\/\">kysytt\u00e4v\u00e4\u00e4<\/a> mini bobista - ota yhteytt\u00e4, autamme sinua mielell\u00e4mme![\/vc_column_text][\/vc_column][\/vc_row]<\/p>\n<\/div>","protected":false},"excerpt":{"rendered":"<p>[vc_row][vc_column][vc_custom_heading text=&#8221;Maxi hauskaa mini bobin kanssa - \u00e4\u00e4rimm\u00e4inen kelkkailu&#8221; font_container=&#8221;tag:h1|text_align:left&#8221; google_fonts=&#8221;font_family:Roboto%20Condensed%3A300%2C300italic%2Cregular%2Citalic%2C700%2C700italic|font_style:400%20regular%3A400%3Anormal&#8221;][\/vc_column][\/vc_row][vc_row][vc_column][vc_custom_heading text=&#8221;Jos kelkkailua, niin mini bobilla!&#8221; font_container=&#8221;tag:h2|text_align:center&#8221; google_fonts=&#8221;font_family:Roboto%20Condensed%3A300%2C300italic%2Cregular%2Citalic%2C700%2C700italic|font_style:400%20regular%3A400%3Anormal&#8221;][\/vc_column][\/vc_row][vc_row][vc_column][vc_single_image image=&#8221;161071&#8243; img_size=&#8221;large&#8221; alignment=&#8221;center&#8221; onclick=&#8221;zoom&#8221; lazy_loading=&#8221;true&#8221;][\/vc_column][\/vc_row][vc_row][vc_column][vc_custom_heading text=&#8221;Ainutlaatuinen ja ehk\u00e4 paras kelkka lumiharrastukseen - valmistettu Saksassa vuodesta 1976!&#8221; font_container=&#8221;tag:h2|text_align:center&#8221; google_fonts=&#8221;font_family:Roboto%20Condensed%3A300%2C300italic%2Cregular%2Citalic%2C700%2C700italic|font_style:400%20regular%3A400%3Anormal&#8221;][vc_column_text]Ovatko sinulle tuttuja vain tavalliset puiset kelkat? Sitten yll\u00e4tyt, miten hauskaa kelkkailu voi olla! It\u00e4vallan Alpeilla keksitty ja Saksassa vuodesta&hellip;<\/p>\n","protected":false},"author":1,"featured_media":0,"parent":0,"menu_order":0,"comment_status":"closed","ping_status":"closed","template":"","meta":{"_acf_changed":false,"footnotes":""},"class_list":["post-161082","page","type-page","status-publish","hentry","description-off"],"acf":[],"_links":{"self":[{"href":"https:\/\/mini-bob.com\/fi\/wp-json\/wp\/v2\/pages\/161082","targetHints":{"allow":["GET"]}}],"collection":[{"href":"https:\/\/mini-bob.com\/fi\/wp-json\/wp\/v2\/pages"}],"about":[{"href":"https:\/\/mini-bob.com\/fi\/wp-json\/wp\/v2\/types\/page"}],"author":[{"embeddable":true,"href":"https:\/\/mini-bob.com\/fi\/wp-json\/wp\/v2\/users\/1"}],"replies":[{"embeddable":true,"href":"https:\/\/mini-bob.com\/fi\/wp-json\/wp\/v2\/comments?post=161082"}],"version-history":[{"count":6,"href":"https:\/\/mini-bob.com\/fi\/wp-json\/wp\/v2\/pages\/161082\/revisions"}],"predecessor-version":[{"id":161385,"href":"https:\/\/mini-bob.com\/fi\/wp-json\/wp\/v2\/pages\/161082\/revisions\/161385"}],"wp:attachment":[{"href":"https:\/\/mini-bob.com\/fi\/wp-json\/wp\/v2\/media?parent=161082"}],"curies":[{"name":"wp","href":"https:\/\/api.w.org\/{rel}","templated":true}]}}