{"id":161089,"date":"2018-01-08T10:13:22","date_gmt":"2018-01-08T09:13:22","guid":{"rendered":"https:\/\/mini-bob.com\/stielbob-osta\/"},"modified":"2025-11-25T10:32:10","modified_gmt":"2025-11-25T09:32:10","slug":"stielbob-osta","status":"publish","type":"page","link":"https:\/\/mini-bob.com\/fi\/stielbob-osta\/","title":{"rendered":"Stielbob - osta"},"content":{"rendered":"<div class=\"wpb-content-wrapper\"><p>[vc_row][vc_column][vc_custom_heading text=&#8221;mini bob - kahvallisen bobin keksij\u00e4t - kahvallinen bob&#8221; font_container=&#8221;tag:h1|text_align:left&#8221; google_fonts=&#8221;font_family:Roboto%20Condensed%3A300%2C300italic%2Cregular%2Citalic%2C700%2C700italic|font_style:400%20regular%3A400%3Anormal&#8221;][vc_column_text]<\/p>\n<p style=\"text-align: center;\"><iframe loading=\"lazy\" src=\"https:\/\/www.youtube.com\/embed\/gqhoRT8uukk?rel=0&amp;controls=0&amp;showinfo=0&amp;autoplay=1\" width=\"560\" height=\"315\" frameborder=\"0\" allowfullscreen=\"allowfullscreen\"><\/iframe><\/p>\n<p>[\/vc_column_text][\/vc_column][\/vc_row][vc_row][vc_column][vc_column_text]Etsitk\u00f6 alkuper\u00e4ist\u00e4 Stiel bobia? Voit ostaa <g id=\"gid_0\">meilt\u00e4 alkuper\u00e4isen mini bobin <\/g>! &#8221;Made in Germany since 1976&#8243; - n\u00e4in mini bob on tullut tunnetuksi sen ainutlaatuisen ohjaus- ja jarrukahvan ansiosta.  <\/p>\n<p>Stielbobille on ominaista sen korkea laatu ja kest\u00e4vyys - sit\u00e4 on nopea ja helppo ohjata sek\u00e4 turvallinen ohjata ja jarruttaa.<\/p>\n<p>Ohjauskahvan ansiosta voit jarruttaa bobia turvallisesti ja nopeasti milloin tahansa - ved\u00e4 kahvaa itse\u00e4si kohti ja jarruta takareunalla pys\u00e4ytt\u00e4\u00e4ksesi mini bobin.<\/p>\n<p>Painoa siirt\u00e4m\u00e4ll\u00e4 voit helposti ja tarkasti tehd\u00e4 k\u00e4\u00e4nn\u00f6ksi\u00e4 lumen l\u00e4pi Stielbobilla. Sen turvallisen otteen ansiosta sinulla on aina t\u00e4ysi kontrolli. <\/p>\n<p>Ammattilaiset voivat hallita mutkia viel\u00e4kin tiukemmin pit\u00e4m\u00e4ll\u00e4 kiinni sauvasta vain toisella k\u00e4dell\u00e4 ja koskettamalla lunta mutkan sis\u00e4puolella olevalla k\u00e4dell\u00e4.<\/p>\n<p>Maxi hauskaa mini bobin kanssa - t\u00e4ydellinen kahva bob![\/vc_column_text][\/vc_column][\/vc_row][vc_row][vc_column][vc_empty_space][\/vc_column][\/vc_row][vc_row][vc_column][vc_custom_heading text=&#8221;osta alkuper\u00e4inen kahva bob - alkuper\u00e4inen mini bob&#8221; google_fonts=&#8221;font_family:Roboto%20Condensed%3A300%2C300italic%2Cregular%2Citalic%2C700%2C700italic|font_style:400%20regular%3A400%3Anormal&#8221;][vc_empty_space][vc_cta h2=&#8221;T\u00e4\u00e4lt\u00e4 voit ostaa Original Stielbob - mini bob!&#8221; add_button=&#8221;right&#8221; btn_title=&#8221;OSTA STIELBOB&#8221; btn_shape=&#8221;square&#8221; btn_link=&#8221;url:https%3A%2F%2Fmini-bob.com%2Ffi%2Falkuperaeinen-mini-bob-zipfelbob-kauppa%2F|title:Original%20mini%20bob%20%28Zipfelbob%29%20Shop|&#8221;]osta alkuper\u00e4inen Stielbob vuodelta 1976![\/vc_cta][\/vc_column][\/vc_row][vc_row][vc_column][vc_empty_space][\/vc_column][\/vc_row][vc_row][vc_column][vc_custom_heading text=&#8221;mini bob - alkuper\u00e4inen kahva bob!&#8221; google_fonts=&#8221;font_family:Roboto%20Condensed%3A300%2C300italic%2Cregular%2Citalic%2C700%2C700italic|font_style:400%20regular%3A400%3Anormal&#8221;]<style type=\"text\/css\" data-type=\"the7_shortcodes-inline-css\">.gallery-shortcode.gallery-masonry-shortcode-id-17cc640280095f02b2e90fd3db988cd6 figure,\n.gallery-shortcode.gallery-masonry-shortcode-id-17cc640280095f02b2e90fd3db988cd6 .rollover,\n.gallery-shortcode.gallery-masonry-shortcode-id-17cc640280095f02b2e90fd3db988cd6 img,\n.gallery-shortcode.gallery-masonry-shortcode-id-17cc640280095f02b2e90fd3db988cd6 .gallery-rollover {\n  border-radius: 0px;\n}\n.gallery-shortcode.gallery-masonry-shortcode-id-17cc640280095f02b2e90fd3db988cd6.enable-bg-rollover .gallery-rollover {\n  background: -webkit-linear-gradient();\n  background: linear-gradient();\n}\n.gallery-shortcode.gallery-masonry-shortcode-id-17cc640280095f02b2e90fd3db988cd6.enable-bg-rollover.hover-scale figure .rollover:after {\n  background: -webkit-linear-gradient();\n  background: linear-gradient();\n}\n.gallery-shortcode.gallery-masonry-shortcode-id-17cc640280095f02b2e90fd3db988cd6 .gallery-zoom-ico {\n  width: 44px;\n  height: 44px;\n  line-height: 44px;\n  border-radius: 100px;\n  margin: -22px 0 0 -22px;\n  border-width: 0px;\n  color: #ffffff;\n}\n.dt-icon-bg-on.gallery-shortcode.gallery-masonry-shortcode-id-17cc640280095f02b2e90fd3db988cd6 .gallery-zoom-ico {\n  background: rgba(255,255,255,0.3);\n  box-shadow: none;\n}\n.gallery-shortcode.gallery-masonry-shortcode-id-17cc640280095f02b2e90fd3db988cd6 .gallery-zoom-ico:before,\n.gallery-shortcode.gallery-masonry-shortcode-id-17cc640280095f02b2e90fd3db988cd6 .gallery-zoom-ico span {\n  font-size: 32px;\n  line-height: 44px;\n  color: #ffffff;\n}\n.gallery-shortcode.gallery-masonry-shortcode-id-17cc640280095f02b2e90fd3db988cd6:not(.resize-by-browser-width) .dt-css-grid {\n  grid-row-gap: 10px;\n  grid-column-gap: 10px;\n  grid-template-columns: repeat(auto-fill,minmax(,1fr));\n}\n.gallery-shortcode.gallery-masonry-shortcode-id-17cc640280095f02b2e90fd3db988cd6:not(.resize-by-browser-width) .dt-css-grid .double-width {\n  grid-column: span 2;\n}\n.cssgridlegacy.no-cssgrid .gallery-shortcode.gallery-masonry-shortcode-id-17cc640280095f02b2e90fd3db988cd6:not(.resize-by-browser-width) .dt-css-grid,\n.no-cssgridlegacy.no-cssgrid .gallery-shortcode.gallery-masonry-shortcode-id-17cc640280095f02b2e90fd3db988cd6:not(.resize-by-browser-width) .dt-css-grid {\n  display: flex;\n  flex-flow: row wrap;\n  margin: -5px;\n}\n.cssgridlegacy.no-cssgrid .gallery-shortcode.gallery-masonry-shortcode-id-17cc640280095f02b2e90fd3db988cd6:not(.resize-by-browser-width) .dt-css-grid .wf-cell,\n.no-cssgridlegacy.no-cssgrid .gallery-shortcode.gallery-masonry-shortcode-id-17cc640280095f02b2e90fd3db988cd6:not(.resize-by-browser-width) .dt-css-grid .wf-cell {\n  flex: 1 0 ;\n  max-width: 100%;\n  padding: 5px;\n  box-sizing: border-box;\n}\n.gallery-shortcode.gallery-masonry-shortcode-id-17cc640280095f02b2e90fd3db988cd6.resize-by-browser-width .dt-css-grid {\n  grid-template-columns: repeat(5,1fr);\n  grid-template-rows: auto;\n  grid-column-gap: 10px;\n  grid-row-gap: 10px;\n}\n.gallery-shortcode.gallery-masonry-shortcode-id-17cc640280095f02b2e90fd3db988cd6.resize-by-browser-width .dt-css-grid .double-width {\n  grid-column: span 2;\n}\n.cssgridlegacy.no-cssgrid .gallery-shortcode.gallery-masonry-shortcode-id-17cc640280095f02b2e90fd3db988cd6.resize-by-browser-width .dt-css-grid {\n  margin: -5px;\n}\n.cssgridlegacy.no-cssgrid .gallery-shortcode.gallery-masonry-shortcode-id-17cc640280095f02b2e90fd3db988cd6.resize-by-browser-width .dt-css-grid .wf-cell {\n  width: 20%;\n  padding: 5px;\n}\n.cssgridlegacy.no-cssgrid .gallery-shortcode.gallery-masonry-shortcode-id-17cc640280095f02b2e90fd3db988cd6.resize-by-browser-width .dt-css-grid .wf-cell.double-width {\n  width: calc(20%) * 2;\n}\n.gallery-shortcode.gallery-masonry-shortcode-id-17cc640280095f02b2e90fd3db988cd6.resize-by-browser-width:not(.centered-layout-list):not(.content-bg-on) .dt-css-grid {\n  grid-row-gap: 10px - ;\n}\n@media screen and (max-width: 1199px) {\n  .gallery-shortcode.gallery-masonry-shortcode-id-17cc640280095f02b2e90fd3db988cd6.resize-by-browser-width .dt-css-grid {\n    grid-template-columns: repeat(4,1fr);\n  }\n  .cssgridlegacy.no-cssgrid .gallery-shortcode.gallery-masonry-shortcode-id-17cc640280095f02b2e90fd3db988cd6.resize-by-browser-width .dt-css-grid .wf-cell,\n  .no-cssgridlegacy.no-cssgrid .gallery-shortcode.gallery-masonry-shortcode-id-17cc640280095f02b2e90fd3db988cd6.resize-by-browser-width .dt-css-grid .wf-cell {\n    width: 25%;\n  }\n  .cssgridlegacy.no-cssgrid .gallery-shortcode.gallery-masonry-shortcode-id-17cc640280095f02b2e90fd3db988cd6.resize-by-browser-width .dt-css-grid .wf-cell.double-width,\n  .no-cssgridlegacy.no-cssgrid .gallery-shortcode.gallery-masonry-shortcode-id-17cc640280095f02b2e90fd3db988cd6.resize-by-browser-width .dt-css-grid .wf-cell.double-width {\n    width: calc(25%)*2;\n  }\n}\n@media screen and (max-width: 991px) {\n  .gallery-shortcode.gallery-masonry-shortcode-id-17cc640280095f02b2e90fd3db988cd6.resize-by-browser-width .dt-css-grid {\n    grid-template-columns: repeat(3,1fr);\n  }\n  .cssgridlegacy.no-cssgrid .gallery-shortcode.gallery-masonry-shortcode-id-17cc640280095f02b2e90fd3db988cd6.resize-by-browser-width .dt-css-grid .wf-cell,\n  .no-cssgridlegacy.no-cssgrid .gallery-shortcode.gallery-masonry-shortcode-id-17cc640280095f02b2e90fd3db988cd6.resize-by-browser-width .dt-css-grid .wf-cell {\n    width: 33.333333333333%;\n  }\n  .cssgridlegacy.no-cssgrid .gallery-shortcode.gallery-masonry-shortcode-id-17cc640280095f02b2e90fd3db988cd6.resize-by-browser-width .dt-css-grid .wf-cell.double-width,\n  .no-cssgridlegacy.no-cssgrid .gallery-shortcode.gallery-masonry-shortcode-id-17cc640280095f02b2e90fd3db988cd6.resize-by-browser-width .dt-css-grid .wf-cell.double-width {\n    width: calc(33.333333333333%)*2;\n  }\n}\n@media screen and (max-width: 767px) {\n  .gallery-shortcode.gallery-masonry-shortcode-id-17cc640280095f02b2e90fd3db988cd6.resize-by-browser-width .dt-css-grid {\n    grid-template-columns: repeat(2,1fr);\n  }\n  .cssgridlegacy.no-cssgrid .gallery-shortcode.gallery-masonry-shortcode-id-17cc640280095f02b2e90fd3db988cd6.resize-by-browser-width .dt-css-grid .wf-cell,\n  .no-cssgridlegacy.no-cssgrid .gallery-shortcode.gallery-masonry-shortcode-id-17cc640280095f02b2e90fd3db988cd6.resize-by-browser-width .dt-css-grid .wf-cell {\n    width: 50%;\n  }\n  .cssgridlegacy.no-cssgrid .gallery-shortcode.gallery-masonry-shortcode-id-17cc640280095f02b2e90fd3db988cd6.resize-by-browser-width .dt-css-grid .wf-cell.double-width,\n  .no-cssgridlegacy.no-cssgrid .gallery-shortcode.gallery-masonry-shortcode-id-17cc640280095f02b2e90fd3db988cd6.resize-by-browser-width .dt-css-grid .wf-cell.double-width {\n    width: calc(50%)*2;\n  }\n}<\/style><div class=\"gallery-shortcode dt-gallery-container gallery-masonry-shortcode-id-17cc640280095f02b2e90fd3db988cd6 mode-masonry jquery-filter dt-icon-bg-off quick-scale-img enable-bg-rollover resize-by-browser-width  hover-fade loading-effect-fade-in description-on-hover\" data-padding=\"5px\" data-cur-page=\"1\" data-post-limit=\"-1\" data-pagination-mode=\"none\" data-desktop-columns-num=\"5\" data-v-tablet-columns-num=\"3\" data-h-tablet-columns-num=\"4\" data-phone-columns-num=\"2\" data-width=\"0px\" data-columns=\"0\"><div class=\"iso-container\" ><div class=\"wf-cell iso-item\" data-post-id=\"160736\" data-date=\"2025-11-23T19:10:48+01:00\" data-name=\"minibob zipflbob vihre\u00e4 glitteri lumessa\"><figure class=\"post visible\"><a href=\"https:\/\/mini-bob.com\/wp-content\/uploads\/2015\/12\/minibob-zipfelbob-gr\u00fcn-glitter-im-schnee.jpg\" class=\"rollover dt-pswp-item layzr-bg\" data-large_image_width=\"683\" data-large_image_height=\"683\" data-dt-img-description=\"\" title=\"minibob zipflbob vihre\u00e4 glitteri lumessa\"><img fetchpriority=\"high\" decoding=\"async\" class=\"preload-me iso-lazy-load aspect\" src=\"data:image\/svg+xml,%3Csvg%20xmlns%3D&#039;http%3A%2F%2Fwww.w3.org%2F2000%2Fsvg&#039;%20viewBox%3D&#039;0%200%20379%20379&#039;%2F%3E\" data-src=\"https:\/\/mini-bob.com\/wp-content\/uploads\/2015\/12\/minibob-zipfelbob-gr\u00fcn-glitter-im-schnee-379x379.jpg\" data-srcset=\"https:\/\/mini-bob.com\/wp-content\/uploads\/2015\/12\/minibob-zipfelbob-gr\u00fcn-glitter-im-schnee-379x379.jpg 379w, https:\/\/mini-bob.com\/wp-content\/uploads\/2015\/12\/minibob-zipfelbob-gr\u00fcn-glitter-im-schnee-569x569.jpg 569w\" loading=\"eager\" style=\"--ratio: 379 \/ 379\" sizes=\"(max-width: 379px) 100vw, 379px\" alt=\"\" width=\"379\" height=\"379\"><span class=\"gallery-rollover\"><span class=\"gallery-zoom-ico icomoon-the7-font-the7-zoom-06\"><span><\/span><\/span><\/span><\/a><\/figure><\/div><div class=\"wf-cell iso-item\" data-post-id=\"160764\" data-date=\"2018-09-01T18:23:01+02:00\" data-name=\"Zipfelbob sininen lumessa\"><figure class=\"post visible\"><a href=\"https:\/\/mini-bob.com\/wp-content\/uploads\/2017\/10\/minibob-blau-zipfelbob.jpg\" class=\"rollover dt-pswp-item layzr-bg\" data-large_image_width=\"683\" data-large_image_height=\"683\" data-dt-img-description=\"\" title=\"Zipfelbob sininen lumessa\"><img decoding=\"async\" class=\"preload-me iso-lazy-load aspect\" src=\"data:image\/svg+xml,%3Csvg%20xmlns%3D&#39;http%3A%2F%2Fwww.w3.org%2F2000%2Fsvg&#39;%20viewBox%3D&#39;0%200%20379%20379&#39;%2F%3E\" data-src=\"https:\/\/mini-bob.com\/wp-content\/uploads\/2017\/10\/minibob-blau-zipfelbob-379x379.jpg\" data-srcset=\"https:\/\/mini-bob.com\/wp-content\/uploads\/2017\/10\/minibob-blau-zipfelbob-379x379.jpg 379w, https:\/\/mini-bob.com\/wp-content\/uploads\/2017\/10\/minibob-blau-zipfelbob-569x569.jpg 569w\" loading=\"eager\" style=\"--ratio: 379 \/ 379\" sizes=\"(max-width: 379px) 100vw, 379px\" alt=\"sininen ter\u00e4v\u00e4k\u00e4rkinen polkkatukka\" width=\"379\" height=\"379\"  \/><span class=\"gallery-rollover\"><span class=\"gallery-zoom-ico icomoon-the7-font-the7-zoom-06\"><span><\/span><\/span><\/span><\/a><\/figure><\/div><div class=\"wf-cell iso-item\" data-post-id=\"160977\" data-date=\"2015-09-05T18:46:20+02:00\" data-name=\"Zipfelbob Rotscherin blogi\"><figure class=\"post visible\"><a href=\"https:\/\/mini-bob.com\/wp-content\/uploads\/2015\/09\/Zipfelbob-002.jpg\" class=\"rollover dt-pswp-item layzr-bg\" data-large_image_width=\"1000\" data-large_image_height=\"666\" data-dt-img-description=\"\" title=\"Zipfelbob Rotscherin blogi\"><img decoding=\"async\" class=\"preload-me iso-lazy-load aspect\" src=\"data:image\/svg+xml,%3Csvg%20xmlns%3D&#39;http%3A%2F%2Fwww.w3.org%2F2000%2Fsvg&#39;%20viewBox%3D&#39;0%200%20379%20379&#39;%2F%3E\" data-src=\"https:\/\/mini-bob.com\/wp-content\/uploads\/2015\/09\/Zipfelbob-002-379x379.jpg\" data-srcset=\"https:\/\/mini-bob.com\/wp-content\/uploads\/2015\/09\/Zipfelbob-002-379x379.jpg 379w, https:\/\/mini-bob.com\/wp-content\/uploads\/2015\/09\/Zipfelbob-002-569x569.jpg 569w\" loading=\"eager\" style=\"--ratio: 379 \/ 379\" sizes=\"(max-width: 379px) 100vw, 379px\" alt=\"zipflbob Rotscherin blogi\" width=\"379\" height=\"379\"  \/><span class=\"gallery-rollover\"><span class=\"gallery-zoom-ico icomoon-the7-font-the7-zoom-06\"><span><\/span><\/span><\/span><\/a><\/figure><\/div><\/div><!-- iso-container|iso-grid --><\/div>[vc_empty_space][vc_single_image image=&#8221;160966&#8243; img_size=&#8221;full&#8221;][\/vc_column][\/vc_row][vc_row][vc_column][vc_column_text]Myym\u00e4l\u00e4st\u00e4 l\u00f6yd\u00e4t alkuper\u00e4isen mini bobin, jossa on nerokas kahva ohjaus- ja ohjauskahvana, eri v\u00e4reiss\u00e4.<\/p>\n<p>Osta alkuper\u00e4inen![\/vc_column_text][\/vc_column][\/vc_row]<\/p>\n<\/div>","protected":false},"excerpt":{"rendered":"<p>[vc_row][vc_column][vc_custom_heading text=&#8221;mini bob - kahvallisen bobin keksij\u00e4t - kahvallinen bob&#8221; font_container=&#8221;tag:h1|text_align:left&#8221; google_fonts=&#8221;font_family:Roboto%20Condensed%3A300%2C300italic%2Cregular%2Citalic%2C700%2C700italic|font_style:400%20regular%3A400%3Anormal&#8221;][vc_column_text] [\/vc_column_text][\/vc_column][\/vc_row][vc_row][vc_column][vc_column_text]Etsitk\u00f6 alkuper\u00e4ist\u00e4 Stiel bobia? Voit ostaa meilt\u00e4 alkuper\u00e4isen mini bobin ! &#8221;Made in Germany since 1976&#8243; - n\u00e4in mini bob on tullut tunnetuksi sen ainutlaatuisen ohjaus- ja jarrukahvan ansiosta. Stielbobille on ominaista sen korkea laatu ja kest\u00e4vyys - sit\u00e4 on nopea ja helppo&hellip;<\/p>\n","protected":false},"author":1,"featured_media":0,"parent":0,"menu_order":0,"comment_status":"closed","ping_status":"closed","template":"","meta":{"_acf_changed":false,"footnotes":""},"class_list":["post-161089","page","type-page","status-publish","hentry","description-off"],"acf":[],"_links":{"self":[{"href":"https:\/\/mini-bob.com\/fi\/wp-json\/wp\/v2\/pages\/161089","targetHints":{"allow":["GET"]}}],"collection":[{"href":"https:\/\/mini-bob.com\/fi\/wp-json\/wp\/v2\/pages"}],"about":[{"href":"https:\/\/mini-bob.com\/fi\/wp-json\/wp\/v2\/types\/page"}],"author":[{"embeddable":true,"href":"https:\/\/mini-bob.com\/fi\/wp-json\/wp\/v2\/users\/1"}],"replies":[{"embeddable":true,"href":"https:\/\/mini-bob.com\/fi\/wp-json\/wp\/v2\/comments?post=161089"}],"version-history":[{"count":5,"href":"https:\/\/mini-bob.com\/fi\/wp-json\/wp\/v2\/pages\/161089\/revisions"}],"predecessor-version":[{"id":161393,"href":"https:\/\/mini-bob.com\/fi\/wp-json\/wp\/v2\/pages\/161089\/revisions\/161393"}],"wp:attachment":[{"href":"https:\/\/mini-bob.com\/fi\/wp-json\/wp\/v2\/media?parent=161089"}],"curies":[{"name":"wp","href":"https:\/\/api.w.org\/{rel}","templated":true}]}}