{"id":161100,"date":"2016-01-16T15:14:45","date_gmt":"2016-01-16T14:14:45","guid":{"rendered":"https:\/\/mini-bob.com\/poporutscher-muovikulho-vai-mini-bob\/"},"modified":"2025-11-23T19:13:37","modified_gmt":"2025-11-23T18:13:37","slug":"poporutscher-muovikulho-vai-mini-bob","status":"publish","type":"page","link":"https:\/\/mini-bob.com\/fi\/poporutscher-muovikulho-vai-mini-bob\/","title":{"rendered":"Poporutscher - muovikulho vai mini bob?"},"content":{"rendered":"<div class=\"wpb-content-wrapper\"><p>[vc_row][vc_column][vc_custom_heading text=&#8221;Poporutscher vs. alkuper\u00e4inen mini bob&#8221; google_fonts=&#8221;font_family:Roboto%20Condensed%3A300%2C300italic%2Cregular%2Citalic%2C700%2C700italic|font_style:400%20regular%3A400%3Anormal&#8221;][vc_column_text]Kaikki tuntevat ne, pienet popo-liukum\u00e4et, lumiliukum\u00e4et, liukum\u00e4et, pyllyliukum\u00e4et, muoviliukum\u00e4et, lumiwokit, lumiliukum\u00e4et, lumispeedit tai muutaman euron hintaiset muoviset kulhot, joita voi nyt ostaa kaikkialta&#8230;. Jotkut jopa antavat lapsensa liukua rinteess\u00e4 muovipussin tai jopa housujensa p\u00e4\u00e4ll\u00e4.[\/vc_column_text][\/vc_column][\/vc_row][vc_row][vc_column width=&#8221;1\/2&#8243;][vc_single_image image=&#8221;161102&#8243; img_size=&#8221;large&#8221;][\/vc_column][vc_column width=&#8221;1\/2&#8243;][vc_column_text]Mutta miksi minun pit\u00e4isi ostaa lapselleni tai itselleni laadukas mini bob sen sijaan, ett\u00e4 ostaisin pelk\u00e4n popo-liukum\u00e4en?<\/p>\n<p>Alkuper\u00e4ist\u00e4 mini boba on valmistettu Saksassa merkkituotteena jo yli 40 vuoden ajan, ja sen muotoilu tekee siit\u00e4 turvallisen ja testatun talviurheiluv\u00e4lineen kaikille.<\/p>\n<p>Verrattuna yksinkertaiseen popo-liukum\u00e4keen mini bob kest\u00e4\u00e4 sukupolvia eik\u00e4 rikkoudu ensimm\u00e4isest\u00e4 kosketuksesta kiveen tai muuhun kovaan pintaan, mik\u00e4 tekee siit\u00e4 kest\u00e4v\u00e4n investoinnin.<\/p>\n<p>Mini bobin muotoilulla on my\u00f6s selvi\u00e4 etuja yksinkertaisiin muovikuoriin verrattuna - materiaali on paljon paksumpaa ja siten kest\u00e4v\u00e4mp\u00e4\u00e4, ja lis\u00e4ksi mini bobin ontto runkorakenne pehment\u00e4\u00e4 iskuja, jotka muutoin osuisivat suoraan lapsen selk\u00e4rankaan, mik\u00e4 suojaa lapsen selk\u00e4\u00e4.<\/p>\n<p>Erityisen rakenteensa ansiosta, jossa on ohjaus- ja jarrutanko sek\u00e4 jarrureuna, lapsi voi ohjata mini boba nopeasti ja turvallisesti ja ennen kaikkea jarruttaa helposti - popo-liukum\u00e4ess\u00e4 ei yleens\u00e4 ole teknist\u00e4 ohjaus- ja jarrulaitetta, joten lapsella on usein vain mahdollisuus hyp\u00e4t\u00e4 pois tai t\u00f6rm\u00e4t\u00e4.[\/vc_column_text][\/vc_column][\/vc_row][vc_row][vc_column][vc_empty_space][\/vc_column][\/vc_row][vc_row][vc_column][vc_cta h2=&#8221;Kaikki tiedot perimm\u00e4isest\u00e4 popo diasta &#8221;mini bob&#8221;&#8221; add_button=&#8221;right&#8221; btn_title=&#8221;mini bob&#8221; btn_link=&#8221;url:https%3A%2F%2Fmini-bob.com%2Ffi%2F|title:Mini%20bobin%20koti%20-%20alkuper%C3%A4inen%20zipflbobin%20koti|&#8221;]<\/p>\n<h4>L\u00f6yd\u00e4t kaikki tiedot &#8221;mini bob&#8221; popo diasta t\u00e4\u00e4lt\u00e4.<\/h4>\n<p>[\/vc_cta][\/vc_column][\/vc_row][vc_row][vc_column width=&#8221;1\/2&#8243;][vc_column_text]Pieni muovinen mini bob sopii kaikille, olipa kyseess\u00e4 nuori tai vanha!<\/p>\n<p><strong>Ihanteellinen muovibob lapsille ja nuorille<\/strong>.<\/p>\n<p>Usein kysytyist\u00e4 kysymyksist\u00e4 ja vastauksista <a href=\"https:\/\/mini-bob.com\/fi\/faq\/?v=3a52f3c22ed6\">(FAQ <\/a>) l\u00f6yd\u00e4t lis\u00e4tietoja alkuper\u00e4isest\u00e4 mini bobista<\/p>\n<p>Kohdasta &#8221;mini bob&#8221; l\u00f6yd\u00e4t lis\u00e4\u00e4 teknisi\u00e4 tietoja alkuper\u00e4isest\u00e4 mini bobista<\/p>\n<p>Voit ostaa alkuper\u00e4isen mini bobin erikoisliikkeist\u00e4 tai verkosta - j\u00e4lleenmyyjien luettelo <a href=\"https:\/\/mini-bob.com\/fi\/osta-mini-bob-zipfelbob\/?v=3a52f3c22ed6\">l\u00f6ytyy t\u00e4\u00e4lt\u00e4:<\/a> osta mini bob<\/p>\n<p>Jos sinulla vanhempana on kysytt\u00e4v\u00e4\u00e4 mini bobista - ota yhteytt\u00e4 meihin, autamme mielell\u00e4mme![\/vc_column_text][\/vc_column][vc_column width=&#8221;1\/2&#8243;][vc_single_image image=&#8221;160842&#8243; img_size=&#8221;large&#8221;][\/vc_column][\/vc_row][vc_row][vc_column][vc_empty_space][\/vc_column][\/vc_row][vc_row][vc_column width=&#8221;1\/2&#8243;][vc_single_image image=&#8221;161103&#8243; img_size=&#8221;large&#8221;][\/vc_column][vc_column width=&#8221;1\/2&#8243;][vc_column_text]My\u00f6s todelliset kilpa-ajajat saavat rahoilleen vastinetta mini bobista - sen vakaan rakenteen ja tarkan ohjauksen ansiosta mini bob on hauskaa my\u00f6s edistyneille kuljettajille![\/vc_column_text][\/vc_column][\/vc_row][vc_row][vc_column][vc_masonry_media_grid initial_loading_animation=&#8221;fadeIn&#8221; grid_id=&#8221;vc_gid:1661520873153-92b3fc5c-85e7-6&#8243; include=&#8221;160858,161104,161105,160738,160777,161106&#8243;][\/vc_column][\/vc_row]<\/p>\n<\/div>","protected":false},"excerpt":{"rendered":"<p>[vc_row][vc_column][vc_custom_heading text=&#8221;Poporutscher vs. alkuper\u00e4inen mini bob&#8221; google_fonts=&#8221;font_family:Roboto%20Condensed%3A300%2C300italic%2Cregular%2Citalic%2C700%2C700italic|font_style:400%20regular%3A400%3Anormal&#8221;][vc_column_text]Kaikki tuntevat ne, pienet popo-liukum\u00e4et, lumiliukum\u00e4et, liukum\u00e4et, pyllyliukum\u00e4et, muoviliukum\u00e4et, lumiwokit, lumiliukum\u00e4et, lumispeedit tai muutaman euron hintaiset muoviset kulhot, joita voi nyt ostaa kaikkialta&#8230;. Jotkut jopa antavat lapsensa liukua rinteess\u00e4 muovipussin tai jopa housujensa p\u00e4\u00e4ll\u00e4.[\/vc_column_text][\/vc_column][\/vc_row][vc_row][vc_column width=&#8221;1\/2&#8243;][vc_single_image image=&#8221;161102&#8243; img_size=&#8221;large&#8221;][\/vc_column][vc_column width=&#8221;1\/2&#8243;][vc_column_text]Mutta miksi minun pit\u00e4isi ostaa lapselleni tai itselleni laadukas mini bob sen&hellip;<\/p>\n","protected":false},"author":1,"featured_media":0,"parent":0,"menu_order":0,"comment_status":"closed","ping_status":"closed","template":"","meta":{"_acf_changed":false,"footnotes":""},"class_list":["post-161100","page","type-page","status-publish","hentry","description-off"],"acf":[],"_links":{"self":[{"href":"https:\/\/mini-bob.com\/fi\/wp-json\/wp\/v2\/pages\/161100","targetHints":{"allow":["GET"]}}],"collection":[{"href":"https:\/\/mini-bob.com\/fi\/wp-json\/wp\/v2\/pages"}],"about":[{"href":"https:\/\/mini-bob.com\/fi\/wp-json\/wp\/v2\/types\/page"}],"author":[{"embeddable":true,"href":"https:\/\/mini-bob.com\/fi\/wp-json\/wp\/v2\/users\/1"}],"replies":[{"embeddable":true,"href":"https:\/\/mini-bob.com\/fi\/wp-json\/wp\/v2\/comments?post=161100"}],"version-history":[{"count":2,"href":"https:\/\/mini-bob.com\/fi\/wp-json\/wp\/v2\/pages\/161100\/revisions"}],"predecessor-version":[{"id":161115,"href":"https:\/\/mini-bob.com\/fi\/wp-json\/wp\/v2\/pages\/161100\/revisions\/161115"}],"wp:attachment":[{"href":"https:\/\/mini-bob.com\/fi\/wp-json\/wp\/v2\/media?parent=161100"}],"curies":[{"name":"wp","href":"https:\/\/api.w.org\/{rel}","templated":true}]}}