{"id":161116,"date":"2015-12-07T17:28:58","date_gmt":"2015-12-07T16:28:58","guid":{"rendered":"https:\/\/mini-bob.com\/gtc\/"},"modified":"2025-12-09T09:42:12","modified_gmt":"2025-12-09T08:42:12","slug":"gtc","status":"publish","type":"page","link":"https:\/\/mini-bob.com\/fi\/gtc\/","title":{"rendered":"GTC"},"content":{"rendered":"<h1>Yleiset ehdot<\/h1>\n<h3>\u00a7 1 Voimassaolo, termien m\u00e4\u00e4ritelm\u00e4t<\/h3>\n<p>Loeger GmbH, Hauptstr. 57, D-82327 Tutzing, Saksa (j\u00e4ljemp\u00e4n\u00e4 &#8221;me&#8221; tai &#8221;mini bob shop&#8221;) yll\u00e4pit\u00e4\u00e4 tavaroiden verkkokauppaa verkkosivustolla https:\/\/mini-bob.com. Seuraavia yleisi\u00e4 sopimusehtoja sovelletaan kaikkiin meid\u00e4n ja asiakkaidemme (j\u00e4ljemp\u00e4n\u00e4 &#8221;asiakas&#8221; tai &#8221;sin\u00e4&#8221;) v\u00e4lisiin palveluihin tilaushetkell\u00e4 voimassa olevassa versiossa, ellei toisin ole nimenomaisesti sovittu.  <\/p>\n<p>(2) &#8221;Kuluttajalla&#8221; tarkoitetaan n\u00e4iss\u00e4 k\u00e4ytt\u00f6ehdoissa luonnollista henkil\u00f6\u00e4, joka tekee oikeustoimen tarkoituksiin, jotka eiv\u00e4t kuulu p\u00e4\u00e4asiassa h\u00e4nen elinkeino-, liike- tai ammattitoimintaansa. &#8221;Yritt\u00e4j\u00e4ll\u00e4&#8221; tarkoitetaan luonnollista henkil\u00f6\u00e4, oikeushenkil\u00f6\u00e4 tai oikeustoimikelpoista henkil\u00f6yhti\u00f6t\u00e4, joka oikeustoimen tehdess\u00e4\u00e4n toimii kaupallista tai itsen\u00e4ist\u00e4 ammattitoimintaa harjoittaessaan; oikeustoimikelpoinen henkil\u00f6yhti\u00f6 on henkil\u00f6yhti\u00f6, jolla on oikeus hankkia oikeuksia ja ottaa velvoitteita. <\/p>\n<h3>2 \u00a7 Sopimusten tekeminen, sopimustekstin tallentaminen<\/h3>\n<p>(1) Seuraavia sopimuksen tekemist\u00e4 koskevia m\u00e4\u00e4r\u00e4yksi\u00e4 sovelletaan tilauksiin, jotka tehd\u00e4\u00e4n verkkokaupassamme osoitteessa https:\/\/mini-bob.com.<\/p>\n<p>(2) Internetiss\u00e4 olevat tuote-esittelymme eiv\u00e4t ole sitovia eiv\u00e4tk\u00e4 sitovia tarjouksia sopimuksen tekemiseksi.<\/p>\n<p>(3) Kun tilaus vastaanotetaan verkkokaupassamme, sovelletaan seuraavia s\u00e4\u00e4nt\u00f6j\u00e4: Asiakas tekee sitovan sopimustarjouksen suorittamalla verkkokaupassamme tarjotun tilausmenettelyn onnistuneesti. Tilaus tehd\u00e4\u00e4n seuraavissa vaiheissa: <\/p>\n<ol>\n<li>Haluttujen tavaroiden valinta,<\/li>\n<li>Lis\u00e4\u00e4 tuotteet klikkaamalla vastaavaa painiketta (esim. &#8221;Lis\u00e4\u00e4 ostoskoriin&#8221;, &#8221;Lis\u00e4\u00e4 ostoskassiin&#8221; tai vastaava),<\/li>\n<li>Tarkista tiedot ostoskorista,<\/li>\n<li>Kutsu tilauksen yleiskatsaus esiin napsauttamalla vastaavaa painiketta (esim. &#8221;Jatka kassalle&#8221;, &#8221;Jatka maksuun&#8221;, &#8221;Tilauksen yleiskatsaukseen&#8221; tai vastaavaa),<\/li>\n<li>Osoitteen ja yhteystietojen sy\u00f6tt\u00e4minen\/vahvistaminen, maksutavan valinta, yleisten ehtojen ja peruutusehtojen vahvistaminen,<\/li>\n<li>Jos tavaran sovittu laatu poikkeaa tavanomaisesta laadusta ja k\u00e4ytt\u00f6olosuhteista, vahvistetaan kielteinen laatusopimus,<\/li>\n<li>Viimeistele tilaus klikkaamalla &#8221;Osta nyt&#8221; -painiketta. T\u00e4m\u00e4 on sitova tilaus. <\/li>\n<li>Sopimus on tehty, kun saat meilt\u00e4 kolmen ty\u00f6p\u00e4iv\u00e4n kuluessa tilausvahvistuksen antamaasi s\u00e4hk\u00f6postiosoitteeseen.<\/li>\n<\/ol>\n<p>(4) Jos sopimus tehd\u00e4\u00e4n, sopimus tehd\u00e4\u00e4n Loeger GmbH:n kanssa, Hauptstr. 57, D-82327 Tutzing, Saksa. <\/p>\n<p>(5) Ennen tilauksen tekemist\u00e4 sopimustiedot voidaan tulostaa tai tallentaa s\u00e4hk\u00f6isesti selaimen tulostustoiminnolla. Tilauksen k\u00e4sittely ja kaikkien sopimuksen tekemiseen tarvittavien tietojen, erityisesti tilaustietojen, yleisten sopimusehtojen ja peruutusehtojen, l\u00e4hett\u00e4minen tapahtuu s\u00e4hk\u00f6postitse tilauksen tekemisen j\u00e4lkeen, joissakin tapauksissa automaattisesti. Emme tallenna sopimusteksti\u00e4 sopimuksen tekemisen j\u00e4lkeen.  <\/p>\n<p>(6) Sy\u00f6tt\u00f6virheet voidaan korjata tavanomaisilla n\u00e4pp\u00e4imist\u00f6-, hiiri- ja selaintoiminnoilla (esim. selaimen &#8221;takaisin-painikkeella&#8221;). Ne voidaan korjata my\u00f6s keskeytt\u00e4m\u00e4ll\u00e4 tilausprosessi ennenaikaisesti, sulkemalla selainikkuna ja toistamalla prosessi. <\/p>\n<p>(7) Tilauksen k\u00e4sittely ja kaikkien sopimuksen tekemisen yhteydess\u00e4 tarvittavien tietojen toimittaminen tapahtuu osittain automaattisesti s\u00e4hk\u00f6postitse. Siksi sinun on varmistettava, ett\u00e4 meille ilmoittamasi s\u00e4hk\u00f6postiosoite on oikea, ett\u00e4 s\u00e4hk\u00f6postiviestien vastaanotto on teknisesti varmistettu ja erityisesti, ett\u00e4 SPAM-suodattimet eiv\u00e4t est\u00e4 sit\u00e4. <\/p>\n<h3>3 \u00a7 Sopimuksen kohde ja tuotteiden olennaiset ominaisuudet<\/h3>\n<p>(1) Sopimuksen kohteena on verkkokauppamme:<\/p>\n<ol style=\"list-style-type: lower-alpha\">\n<li>Tavaroiden myynti. Tarjolla olevat erityiset tavarat l\u00f6ytyv\u00e4t tuotesivuiltamme. <\/li>\n<\/ol>\n<p>(2) Tavaroiden olennaiset ominaisuudet l\u00f6ytyv\u00e4t tavaran kuvauksesta. Jos tavaran sovittu laatu poikkeaa tavanomaisesta laadusta ja k\u00e4ytt\u00f6olosuhteista, t\u00e4m\u00e4 on nimenomaisesti ilmoitettava tavaran kuvauksessa (negatiivinen laatusopimus). Silt\u00e4 osin kuin asiakas on antanut nimenomaisen suostumuksensa negatiiviseen laatupoikkeamaan, t\u00e4m\u00e4 m\u00e4\u00e4rittelee sopimuksen kohteen.  <\/p>\n<h3>\u00a7 4 Hinnat, toimituskulut ja toimitus<\/h3>\n<p>(1) Tarjouksissa ilmoitetut hinnat ja toimituskulut ovat kokonaishintoja, ja ne sis\u00e4lt\u00e4v\u00e4t kaikki hintakomponentit, mukaan lukien kaikki sovellettavat verot.<\/p>\n<p>(2) Vastaava kauppahinta on maksettava ennen tuotteen toimittamista (ennakkomaksu), paitsi jos tarjoamme nimenomaisesti ostamista laskulla. K\u00e4ytett\u00e4viss\u00e4si olevat maksutavat n\u00e4kyv\u00e4t verkkokaupassa tai vastaavassa tarjouksessa vastaavalla merkinn\u00e4ll\u00e4 varustetun painikkeen alla. Ellei yksitt\u00e4isten maksutapojen kohdalla toisin mainita, maksusaatavat er\u00e4\u00e4ntyv\u00e4t maksettavaksi v\u00e4litt\u00f6m\u00e4sti.  <\/p>\n<p>(3) Ilmoitettujen hintojen lis\u00e4ksi tuotteiden toimittamisesta voi aiheutua toimituskuluja, ellei kyseist\u00e4 tuotetta ole merkitty toimituskuluttomaksi. Toimituskulut ilmoitetaan sinulle selke\u00e4sti uudelleen tarjouksissa, tarvittaessa ostoskorij\u00e4rjestelm\u00e4ss\u00e4 ja tilauksen yleiskatsauksessa. <\/p>\n<p>(4) Ellei tuotekuvauksessa ole selv\u00e4sti toisin mainittu, kaikki tarjotut tuotteet ovat valmiita l\u00e4hetett\u00e4v\u00e4ksi v\u00e4litt\u00f6m\u00e4sti (toimitusaika: tilaus ma-pe klo 16.00 menness\u00e4 l\u00e4hetet\u00e4\u00e4n yleens\u00e4 samana p\u00e4iv\u00e4n\u00e4 maksun vastaanottamisesta).<\/p>\n<p>(5) Sovelletaan seuraavia toimitusalueen rajoituksia: Toimitus tapahtuu seuraaviin maihin: Andorra, Belgia, Saksa, Tanska, Suomi, Ranska, Irlanti, Italia, Kroatia, Liechtenstein, Alankomaat, Norja, Puola, Ruotsi, Saksa, Sveitsi, Slovakia, Slovenia, Espanja, T\u0161ekki, Yhdistynyt kuningaskunta, It\u00e4valta.<\/p>\n<p>(6) Jos tavaroiden toimitus ep\u00e4onnistuu sinusta johtuvista syist\u00e4, sinun on vastattava meille t\u00e4st\u00e4 aiheutuneista kohtuullisista kustannuksista. T\u00e4m\u00e4 ei koske palautusl\u00e4hetyksen kustannuksia, jos tosiasiallisesti k\u00e4yt\u00e4t peruutusoikeuttasi. Jos k\u00e4yt\u00e4tte peruutusoikeuttanne tosiasiallisesti, palautuskustannuksiin sovelletaan peruutusehdoissamme olevaa m\u00e4\u00e4r\u00e4yst\u00e4.  <\/p>\n<h3>\u00a7 5 Pid\u00e4tysoikeus, omistusoikeuden pid\u00e4tt\u00e4minen<\/h3>\n<p>(1) Voit k\u00e4ytt\u00e4\u00e4 pid\u00e4tysoikeutta vain silt\u00e4 osin kuin se koskee samasta sopimussuhteesta johtuvia vaatimuksia.<\/p>\n<p>(2) Tavarat pysyv\u00e4t meid\u00e4n omistuksessamme, kunnes kauppahinta on maksettu kokonaisuudessaan.<\/p>\n<h3>\u00a7 6 Peruuttamisoikeus<\/h3>\n<p>Kuluttajana sinulla on oikeus peruuttaa sopimus. T\u00e4t\u00e4 s\u00e4\u00e4nnell\u00e4\u00e4n <a href=\"https:\/\/mini-bob.com\/fi\/peruutusehdot\/\">peruutusehdoillamme .<\/a> <\/p>\n<h3>\u00a7 7 Sopimuskieli<\/h3>\n<p>Sopimuskieli on yksinomaan saksa.<\/p>\n<h3>\u00a7 8 Vastuu<\/h3>\n<p>(1) Seuraavia poikkeuksia lukuun ottamatta vastuumme sopimusvelvoitteiden rikkomisesta ja luvattomista toimista rajoittuu tahallisuuteen tai t\u00f6rke\u00e4\u00e4n huolimattomuuteen.<\/p>\n<p>(2) Olemme rajoituksetta vastuussa liev\u00e4st\u00e4 huolimattomuudesta hengen, ruumiin tai terveyden vahingoittumisesta tai olennaisen sopimusvelvoitteen rikkomisesta. Jos olemme laiminly\u00f6neet suorituksen liev\u00e4n huolimattomuuden vuoksi, jos suoritus on k\u00e4ynyt mahdottomaksi tai jos olemme rikkoneet olennaista sopimusvelvoitetta, vastuu t\u00e4st\u00e4 johtuvista omaisuusvahingoista ja taloudellisista menetyksist\u00e4 rajoittuu <strong>sopimukselle tyypilliseen ennakoitavissa olevaan vahinkoon.<\/strong> Olennainen sopimusvelvoite on velvoite, jonka t\u00e4ytt\u00e4minen on v\u00e4ltt\u00e4m\u00e4t\u00f6nt\u00e4 sopimuksen asianmukaisen toteuttamisen kannalta, jonka rikkominen vaarantaa sopimuksen tarkoituksen saavuttamisen ja jonka noudattamiseen voit s\u00e4\u00e4nn\u00f6llisesti luottaa. T\u00e4h\u00e4n sis\u00e4ltyy erityisesti velvollisuutemme ryhty\u00e4 toimenpiteisiin ja suorittaa sopimuksen mukainen palvelu, joka on kuvattu 3 \u00a7:ss\u00e4.   <\/p>\n<h3>\u00a7 9 Takuu<\/h3>\n<p>(1) Takuu m\u00e4\u00e4r\u00e4ytyy lakis\u00e4\u00e4teisten s\u00e4\u00e4nn\u00f6sten mukaan.<\/p>\n<p>(2) Yritt\u00e4jille toimitettujen tavaroiden takuuaika on 12 kuukautta.<\/p>\n<p>(3) Kuluttajana sinua pyydet\u00e4\u00e4n tarkastamaan tuote\/digitaalinen tavara tai tarjottu palvelu v\u00e4litt\u00f6m\u00e4sti sopimuksen t\u00e4ytt\u00e4misen j\u00e4lkeen t\u00e4ydellisyyden, ilmeisten vikojen ja kuljetusvaurioiden varalta ja ilmoittamaan meille ja kuljetusliikkeelle mahdollisista valituksista mahdollisimman pian. Jos et tee n\u00e4in, sill\u00e4 ei tietenk\u00e4\u00e4n ole vaikutusta lakis\u00e4\u00e4teisiin takuuvaatimuksiisi. <\/p>\n<h3>\u00a7 10 Loppum\u00e4\u00e4r\u00e4ykset\/riitojen ratkaiseminen<\/h3>\n<p>(1) Sovelletaan Saksan lakia. Kuluttajien osalta t\u00e4t\u00e4 lainvalintaa sovelletaan vain silt\u00e4 osin kuin kuluttajan asuinpaikkavaltion lains\u00e4\u00e4d\u00e4nn\u00f6n pakottavien s\u00e4\u00e4nn\u00f6sten tarjoamaa suojaa ei siten poisteta (edullisuusperiaate). <\/p>\n<p>(2) YK:n yleissopimusta kansainv\u00e4list\u00e4 tavaran kauppaa koskevista sopimuksista ei nimenomaisesti sovelleta.<\/p>\n<p>(3) Jos asiakas on kauppias, julkisoikeudellinen oikeushenkil\u00f6 tai julkisoikeudellinen erikoisrahasto, kaikkien asiakkaan ja palveluntarjoajan v\u00e4lisist\u00e4 sopimussuhteista johtuvien riita-asioiden oikeuspaikka on palveluntarjoajan rekister\u00f6ity kotipaikka.<\/p>\n<p>(4)  \n\nZur Teilnahme an einem Streitbeilegungsverfahren vor einer Verbraucherschlichtungsstelle sind wir nicht verpflichtet und nicht bereit.<\/p>\n","protected":false},"excerpt":{"rendered":"<p>Yleiset ehdot \u00a7 1 Voimassaolo, termien m\u00e4\u00e4ritelm\u00e4t Loeger GmbH, Hauptstr. 57, D-82327 Tutzing, Saksa (j\u00e4ljemp\u00e4n\u00e4 &#8221;me&#8221; tai &#8221;mini bob shop&#8221;) yll\u00e4pit\u00e4\u00e4 tavaroiden verkkokauppaa verkkosivustolla https:\/\/mini-bob.com. Seuraavia yleisi\u00e4 sopimusehtoja sovelletaan kaikkiin meid\u00e4n ja asiakkaidemme (j\u00e4ljemp\u00e4n\u00e4 &#8221;asiakas&#8221; tai &#8221;sin\u00e4&#8221;) v\u00e4lisiin palveluihin tilaushetkell\u00e4 voimassa olevassa versiossa, ellei toisin ole nimenomaisesti sovittu. (2) &#8221;Kuluttajalla&#8221; tarkoitetaan n\u00e4iss\u00e4 k\u00e4ytt\u00f6ehdoissa luonnollista henkil\u00f6\u00e4,&hellip;<\/p>\n","protected":false},"author":1,"featured_media":0,"parent":0,"menu_order":0,"comment_status":"closed","ping_status":"closed","template":"","meta":{"_acf_changed":false,"footnotes":""},"class_list":["post-161116","page","type-page","status-publish","hentry","description-off"],"acf":[],"_links":{"self":[{"href":"https:\/\/mini-bob.com\/fi\/wp-json\/wp\/v2\/pages\/161116","targetHints":{"allow":["GET"]}}],"collection":[{"href":"https:\/\/mini-bob.com\/fi\/wp-json\/wp\/v2\/pages"}],"about":[{"href":"https:\/\/mini-bob.com\/fi\/wp-json\/wp\/v2\/types\/page"}],"author":[{"embeddable":true,"href":"https:\/\/mini-bob.com\/fi\/wp-json\/wp\/v2\/users\/1"}],"replies":[{"embeddable":true,"href":"https:\/\/mini-bob.com\/fi\/wp-json\/wp\/v2\/comments?post=161116"}],"version-history":[{"count":1,"href":"https:\/\/mini-bob.com\/fi\/wp-json\/wp\/v2\/pages\/161116\/revisions"}],"predecessor-version":[{"id":163347,"href":"https:\/\/mini-bob.com\/fi\/wp-json\/wp\/v2\/pages\/161116\/revisions\/163347"}],"wp:attachment":[{"href":"https:\/\/mini-bob.com\/fi\/wp-json\/wp\/v2\/media?parent=161116"}],"curies":[{"name":"wp","href":"https:\/\/api.w.org\/{rel}","templated":true}]}}