{"id":161117,"date":"2015-12-16T19:20:05","date_gmt":"2015-12-16T18:20:05","guid":{"rendered":"https:\/\/mini-bob.com\/alkuperaeinen-zipfelbob\/"},"modified":"2025-11-23T19:13:51","modified_gmt":"2025-11-23T18:13:51","slug":"alkuperaeinen-zipfelbob","status":"publish","type":"page","link":"https:\/\/mini-bob.com\/fi\/alkuperaeinen-zipfelbob\/","title":{"rendered":"alkuper\u00e4inen Zipfelbob"},"content":{"rendered":"<div class=\"wpb-content-wrapper\"><p>[vc_row][vc_column width=&#8221;1\/2&#8243;][vc_wp_text]<\/p>\n<p><img decoding=\"async\" class=\"wp-image-1733 size-medium\" src=\"\/wp-content\/uploads\/2014\/03\/mini-bob-rot-350px.png\" alt=\"Alkuper\u00e4inen zipflbob punaisena\"><\/p>\n<p>[\/vc_wp_text][\/vc_column][vc_column width=&#8221;1\/2&#8243; css=&#8221;.vc_custom_1660904565980{padding-top: 70px !important;}&#8221;][vc_wp_text]<img loading=\"lazy\" decoding=\"async\" class=\"alignnone wp-image-151941 size-large\" src=\"https:\/\/mini-bob.com\/wp-content\/uploads\/2023\/03\/220319_mini-bob_Logo_1976_RGB_RZ-1024x492.png\" alt=\"\" width=\"1024\" height=\"492\" srcset=\"https:\/\/mini-bob.com\/wp-content\/uploads\/2023\/03\/220319_mini-bob_Logo_1976_RGB_RZ-1024x492.png 1024w, https:\/\/mini-bob.com\/wp-content\/uploads\/2023\/03\/220319_mini-bob_Logo_1976_RGB_RZ-300x144.png 300w, https:\/\/mini-bob.com\/wp-content\/uploads\/2023\/03\/220319_mini-bob_Logo_1976_RGB_RZ-768x369.png 768w, https:\/\/mini-bob.com\/wp-content\/uploads\/2023\/03\/220319_mini-bob_Logo_1976_RGB_RZ-1536x737.png 1536w, https:\/\/mini-bob.com\/wp-content\/uploads\/2023\/03\/220319_mini-bob_Logo_1976_RGB_RZ-2048x983.png 2048w, https:\/\/mini-bob.com\/wp-content\/uploads\/2023\/03\/220319_mini-bob_Logo_1976_RGB_RZ-600x288.png 600w\" sizes=\"auto, (max-width: 1024px) 100vw, 1024px\" \/>[\/vc_wp_text][\/vc_column][\/vc_row][vc_row][vc_column][vc_wp_text]<\/p>\n<p>T\u00e4\u00e4lt\u00e4 l\u00f6yd\u00e4t kaikki tarvitsemasi tiedot aidosta Zipfelbobista (mini bob).<\/p>\n<p>Loeger GmbH on valmistanut Zipfelbobia (mini bob) muuttamattomana ja myynyt sit\u00e4 maailmanlaajuisesti vuodesta 1976 l\u00e4htien.<\/p>\n<p>Kohdasta &#8221;the mini bob&#8221; l\u00f6yd\u00e4t kaiken aidon Zipfelbobin historiasta.<\/p>\n<p>Nimi Zipfelbob tai &#8221;Zipfybob&#8221; &#8221;Zipflbob&#8221; &#8221;Zipflbob&#8221; tulee Alppien alueelta ja vaihtelee alueittain.<\/p>\n<p>Zipfelbob on aito mini bob vain, jos siin\u00e4 on &#8221;Original mini bob&#8221; -logo!<\/p>\n<p>[\/vc_wp_text]<style type=\"text\/css\" data-type=\"the7_shortcodes-inline-css\">#default-btn-400c464be13e8d25a437fba1617109d1.ico-right-side > i {\n  margin-right: 0px;\n  margin-left: 8px;\n}\n#default-btn-400c464be13e8d25a437fba1617109d1 > i {\n  margin-right: 8px;\n}<\/style><a href=\"https:\/\/mini-bob.com\/fi\/\" class=\"default-btn-shortcode dt-btn dt-btn-l pulse animate-element animation-builder link-hover-off btn-inline-left \" id=\"default-btn-400c464be13e8d25a437fba1617109d1\" title=\"Home of mini bob \u2013 der original zipflbob\"><span>KLIKKAA T\u00c4ST\u00c4 MINI BOB<\/span><\/a>[\/vc_column][\/vc_row][vc_row][vc_column][vc_column_text]Alkuper\u00e4isen Zipfelbobin eli Zipfybobin idea syntyi It\u00e4vallassa vuonna 1976, ja siit\u00e4 l\u00e4htien Loeger GmbH Saksassa on valmistanut ja myynyt sit\u00e4 nimell\u00e4 &#8221;mini bob&#8221;.<\/p>\n<p>Sen innovatiivista, rohkeaa ja ainutlaatuista muotoa on sittemmin kopioitu useita kertoja.[\/vc_column_text][vc_empty_space][\/vc_column][\/vc_row][vc_row][vc_column width=&#8221;1\/2&#8243;][vc_single_image image=&#8221;160735&#8243; img_size=&#8221;medium&#8221;][\/vc_column][vc_column width=&#8221;1\/2&#8243;][vc_single_image image=&#8221;160618&#8243; img_size=&#8221;medium&#8221;][\/vc_column][\/vc_row][vc_row][vc_column][vc_column_text]Alkuper\u00e4ist\u00e4 Zipfelbobia (minibob) on saatavana monissa eri v\u00e4reiss\u00e4. Vuonna 1976 tapahtuneesta keksimisest\u00e4 l\u00e4htien on ollut saatavana klassiset v\u00e4rit punainen, keltainen, oranssi, musta ja vihre\u00e4. Vuosien mittaan on lis\u00e4tty monia muita v\u00e4rej\u00e4, usein rajoitetun er\u00e4n erikoisv\u00e4rein\u00e4. L\u00f6yd\u00e4t kaikki nykyiset v\u00e4rit <a href=\"https:\/\/mini-bob.com\/mini-bob-zipfelbob-shop\/\">myym\u00e4l\u00e4st\u00e4mme.<\/a> Alkuper\u00e4isen minibobin tunnistaa tyypillisest\u00e4 muodosta ja &#8221;original mini bob&#8221; -logosta. Alkuper\u00e4inen Zipfelbob on laadukasta ja j\u00e4m\u00e4kk\u00e4\u00e4 tekoa, ja se kest\u00e4\u00e4 \u00e4\u00e4rimm\u00e4isimm\u00e4tkin olosuhteet. Saksassa tapahtuvan tuotannon ja korkeiden laatuvaatimusten ansiosta varmistamme, ett\u00e4 tuotteemme t\u00e4ytt\u00e4\u00e4 korkeimmat vaatimukset.[\/vc_column_text][\/vc_column][\/vc_row]<\/p>\n<\/div>","protected":false},"excerpt":{"rendered":"<p>[vc_row][vc_column width=&#8221;1\/2&#8243;][vc_wp_text] [\/vc_wp_text][\/vc_column][vc_column width=&#8221;1\/2&#8243; css=&#8221;.vc_custom_1660904565980{padding-top: 70px !important;}&#8221;][vc_wp_text][\/vc_wp_text][\/vc_column][\/vc_row][vc_row][vc_column][vc_wp_text] T\u00e4\u00e4lt\u00e4 l\u00f6yd\u00e4t kaikki tarvitsemasi tiedot aidosta Zipfelbobista (mini bob). Loeger GmbH on valmistanut Zipfelbobia (mini bob) muuttamattomana ja myynyt sit\u00e4 maailmanlaajuisesti vuodesta 1976 l\u00e4htien. Kohdasta &#8221;the mini bob&#8221; l\u00f6yd\u00e4t kaiken aidon Zipfelbobin historiasta. Nimi Zipfelbob tai &#8221;Zipfybob&#8221; &#8221;Zipflbob&#8221; &#8221;Zipflbob&#8221; tulee Alppien alueelta ja vaihtelee alueittain. Zipfelbob on aito&hellip;<\/p>\n","protected":false},"author":1,"featured_media":0,"parent":0,"menu_order":0,"comment_status":"closed","ping_status":"closed","template":"","meta":{"_acf_changed":false,"footnotes":""},"class_list":["post-161117","page","type-page","status-publish","hentry","description-off"],"acf":[],"_links":{"self":[{"href":"https:\/\/mini-bob.com\/fi\/wp-json\/wp\/v2\/pages\/161117","targetHints":{"allow":["GET"]}}],"collection":[{"href":"https:\/\/mini-bob.com\/fi\/wp-json\/wp\/v2\/pages"}],"about":[{"href":"https:\/\/mini-bob.com\/fi\/wp-json\/wp\/v2\/types\/page"}],"author":[{"embeddable":true,"href":"https:\/\/mini-bob.com\/fi\/wp-json\/wp\/v2\/users\/1"}],"replies":[{"embeddable":true,"href":"https:\/\/mini-bob.com\/fi\/wp-json\/wp\/v2\/comments?post=161117"}],"version-history":[{"count":5,"href":"https:\/\/mini-bob.com\/fi\/wp-json\/wp\/v2\/pages\/161117\/revisions"}],"predecessor-version":[{"id":161143,"href":"https:\/\/mini-bob.com\/fi\/wp-json\/wp\/v2\/pages\/161117\/revisions\/161143"}],"wp:attachment":[{"href":"https:\/\/mini-bob.com\/fi\/wp-json\/wp\/v2\/media?parent=161117"}],"curies":[{"name":"wp","href":"https:\/\/api.w.org\/{rel}","templated":true}]}}