{"id":161124,"date":"2015-10-27T17:12:27","date_gmt":"2015-10-27T16:12:27","guid":{"rendered":"https:\/\/mini-bob.com\/pronssinen-mini-bob-zipflbob\/"},"modified":"2025-11-25T10:32:04","modified_gmt":"2025-11-25T09:32:04","slug":"pronssinen-mini-bob-zipflbob","status":"publish","type":"page","link":"https:\/\/mini-bob.com\/fi\/pronssinen-mini-bob-zipflbob\/","title":{"rendered":"pronssinen mini bob \/ zipflbob"},"content":{"rendered":"<div class=\"wpb-content-wrapper\"><p>[vc_row][vc_column width=&#8221;1\/2&#8243;][vc_single_image image=&#8221;160722&#8243; img_size=&#8221;large&#8221;][\/vc_column][vc_column width=&#8221;1\/2&#8243;][vc_custom_heading text=&#8221;Alkuper\u00e4inen mini bob (zipflbob) pronssista.&#8221; google_fonts=&#8221;font_family:Roboto%20Condensed%3A300%2C300italic%2Cregular%2Citalic%2C700%2C700italic|font_style:400%20regular%3A400%3Anormal&#8221;][vc_column_text]Alkuper\u00e4inen pronssinen mini bob on Zipfelbobin erikoismalli, ja sit\u00e4 oli rajoitettu vain 700 kappaleeseen.<\/p>\n<p>Vuonna 2014, yhdess\u00e4 erikoisv\u00e4rin &#8221;Green Glitter&#8221; kanssa, alkuper\u00e4isen pronssisen mini bobin erikoissarja oli my\u00f6s rajoitettu vain 700 kappaleeseen.<\/p>\n<p>T\u00e4m\u00e4 ainutlaatuinen v\u00e4ri p\u00e4\u00e4see todella oikeuksiinsa auringonvalossa, eik\u00e4 se innosta ainoastaan nuoria Zipflbob-kuljettajia, vaan my\u00f6s erityisesti 2. ja 3. sukupolven Zipflbob-kuljettajia.<\/p>\n<p>Pronssinen mini bob on ostettavissa verkkokaupastamme (niin kauan kuin varastoa riitt\u00e4\u00e4).[\/vc_column_text]<style type=\"text\/css\" data-type=\"the7_shortcodes-inline-css\">#default-btn-a0b610407de831c361ef774b653a9f03.ico-right-side > i {\n  margin-right: 0px;\n  margin-left: 8px;\n}\n#default-btn-a0b610407de831c361ef774b653a9f03 > i {\n  margin-right: 8px;\n}<\/style><a href=\"https:\/\/mini-bob.com\/fi\/produkt\/myynti-edition-mini-bob-zipfelbob-kelkka-pronssinen-versio\/\" class=\"default-btn-shortcode dt-btn dt-btn-l pulse animate-element animation-builder link-hover-off btn-inline-left \" id=\"default-btn-a0b610407de831c361ef774b653a9f03\" title=\"+AUSVERKAUFT+ Edition mini bob (Zipfelbob) in bronze\"><span>OSTAA PRONSSI ZIPFELBOB<\/span><\/a>[\/vc_column][\/vc_row][vc_row][vc_column width=&#8221;1\/2&#8243;][vc_empty_space height=&#8221;120px&#8221;]<style type=\"text\/css\" data-type=\"the7_shortcodes-inline-css\">#default-btn-8ba596aa557375a98b24d9f7a3f21a47.ico-right-side > i {\n  margin-right: 0px;\n  margin-left: 8px;\n}\n#default-btn-8ba596aa557375a98b24d9f7a3f21a47 > i {\n  margin-right: 8px;\n}<\/style><div class=\"btn-align-center\"><a href=\"https:\/\/mini-bob.com\/fi\/mini-bob\/\" class=\"default-btn-shortcode dt-btn dt-btn-l pulse animate-element animation-builder link-hover-off \" id=\"default-btn-8ba596aa557375a98b24d9f7a3f21a47\" title=\"der mini bob\"><span>MINI BOB MUISSA V\u00c4REISS\u00c4<\/span><\/a><\/div>[vc_empty_space]<style type=\"text\/css\" data-type=\"the7_shortcodes-inline-css\">#default-btn-5e85990b6dc6e7ea7b0ca7a3d7671a73.ico-right-side > i {\n  margin-right: 0px;\n  margin-left: 8px;\n}\n#default-btn-5e85990b6dc6e7ea7b0ca7a3d7671a73 > i {\n  margin-right: 8px;\n}<\/style><div class=\"btn-align-center\"><a href=\"https:\/\/mini-bob.com\/fi\/alkuperaeinen-mini-bob-zipfelbob-kauppa\/\" class=\"default-btn-shortcode dt-btn dt-btn-l pulse animate-element animation-builder link-hover-off \" id=\"default-btn-5e85990b6dc6e7ea7b0ca7a3d7671a73\" title=\"Original mini bob (Zipfelbob) Shop\"><span>KLIKKAA T\u00c4ST\u00c4 SIIRTY\u00c4KSESI SUORAAN KAUPPAAN<\/span><\/a><\/div>[\/vc_column][vc_column width=&#8221;1\/2&#8243;][vc_single_image image=&#8221;160724&#8243; img_size=&#8221;large&#8221;][\/vc_column][\/vc_row]<\/p>\n<\/div>","protected":false},"excerpt":{"rendered":"<p>[vc_row][vc_column width=&#8221;1\/2&#8243;][vc_single_image image=&#8221;160722&#8243; img_size=&#8221;large&#8221;][\/vc_column][vc_column width=&#8221;1\/2&#8243;][vc_custom_heading text=&#8221;Alkuper\u00e4inen mini bob (zipflbob) pronssista.&#8221; google_fonts=&#8221;font_family:Roboto%20Condensed%3A300%2C300italic%2Cregular%2Citalic%2C700%2C700italic|font_style:400%20regular%3A400%3Anormal&#8221;][vc_column_text]Alkuper\u00e4inen pronssinen mini bob on Zipfelbobin erikoismalli, ja sit\u00e4 oli rajoitettu vain 700 kappaleeseen. Vuonna 2014, yhdess\u00e4 erikoisv\u00e4rin &#8221;Green Glitter&#8221; kanssa, alkuper\u00e4isen pronssisen mini bobin erikoissarja oli my\u00f6s rajoitettu vain 700 kappaleeseen. T\u00e4m\u00e4 ainutlaatuinen v\u00e4ri p\u00e4\u00e4see todella oikeuksiinsa auringonvalossa, eik\u00e4 se innosta ainoastaan nuoria Zipflbob-kuljettajia,&hellip;<\/p>\n","protected":false},"author":1,"featured_media":0,"parent":0,"menu_order":0,"comment_status":"closed","ping_status":"closed","template":"","meta":{"_acf_changed":false,"footnotes":""},"class_list":["post-161124","page","type-page","status-publish","hentry","description-off"],"acf":[],"_links":{"self":[{"href":"https:\/\/mini-bob.com\/fi\/wp-json\/wp\/v2\/pages\/161124","targetHints":{"allow":["GET"]}}],"collection":[{"href":"https:\/\/mini-bob.com\/fi\/wp-json\/wp\/v2\/pages"}],"about":[{"href":"https:\/\/mini-bob.com\/fi\/wp-json\/wp\/v2\/types\/page"}],"author":[{"embeddable":true,"href":"https:\/\/mini-bob.com\/fi\/wp-json\/wp\/v2\/users\/1"}],"replies":[{"embeddable":true,"href":"https:\/\/mini-bob.com\/fi\/wp-json\/wp\/v2\/comments?post=161124"}],"version-history":[{"count":11,"href":"https:\/\/mini-bob.com\/fi\/wp-json\/wp\/v2\/pages\/161124\/revisions"}],"predecessor-version":[{"id":161386,"href":"https:\/\/mini-bob.com\/fi\/wp-json\/wp\/v2\/pages\/161124\/revisions\/161386"}],"wp:attachment":[{"href":"https:\/\/mini-bob.com\/fi\/wp-json\/wp\/v2\/media?parent=161124"}],"curies":[{"name":"wp","href":"https:\/\/api.w.org\/{rel}","templated":true}]}}