{"id":161126,"date":"2015-12-07T17:28:58","date_gmt":"2015-12-07T16:28:58","guid":{"rendered":"https:\/\/mini-bob.com\/toimitusmenetelmaet\/"},"modified":"2015-12-07T17:28:58","modified_gmt":"2015-12-07T16:28:58","slug":"toimitusmenetelmaet","status":"publish","type":"page","link":"https:\/\/mini-bob.com\/fi\/toimitusmenetelmaet\/","title":{"rendered":"Toimitusmenetelm\u00e4t"},"content":{"rendered":"<p>Toimitusmenetelm\u00e4t<\/p>\n<p>Hintatiedot<\/p>\n<p>Toimituskulut riippuvat tilattujen tavaroiden m\u00e4\u00e4r\u00e4st\u00e4 ja toimitustavasta. Ne ilmoitetaan sinulle tilausprosessin aikana. <\/p>\n<p>Seuraava luettelo on tiedoksi ja ohjeistukseksi.<br \/>\nTodelliset toimituskulut m\u00e4\u00e4ritet\u00e4\u00e4n tilausprosessin aikana, jonka voi peruuttaa milloin tahansa.<\/p>\n<p>Toimituskulut:<\/p>\n<p>Saksan sis\u00e4ll\u00e4 DHL Paket flat rate 4,99 EUR<br \/>\nSaksan ulkopuolella, mutta Euroopan sis\u00e4ll\u00e4* DHL Premium Paket flat rate 10,50 EUR.<\/p>\n<p>DHL k\u00e4sittelee toimitukset Sveitsiin vakuutettuna pakettina 26,90 euron kiinte\u00e4ll\u00e4 hinnalla - huomioi oman maasi tullim\u00e4\u00e4r\u00e4ykset!<\/p>\n<p>EU:n ulkopuolelle ja muihin maihin (esim. Norjaan ja Suomeen) suuntautuvat l\u00e4hetykset hoitaa DHL vakuutettuna pakettina 26,90 euron kiinte\u00e4ll\u00e4 hinnalla - huomioi oman maasi tullim\u00e4\u00e4r\u00e4ykset!<\/p>\n<p>J\u00e4lkik\u00e4teisl\u00e4hetykset plus DHL:n maksu 4,00 euroa. <\/p>\n<p>Kaikki hinnat EU:n toimitusosoitteisiin sis. Saksan alv 19 % - huomioi oman maasi tullim\u00e4\u00e4r\u00e4ykset! <\/p>\n<p>*Saksan ulkopuolelle tapahtuviin toimituksiin voidaan soveltaa lis\u00e4tulleja, veroja ja maksuja<br \/>\nPalautusmaksu DHL:n pakettien perillep\u00e4\u00e4sem\u00e4tt\u00f6myydest\u00e4 (pyk\u00e4l\u00e4 4, kohta 6 YSE PAKET\/EXPRESS NATIONAL), edellytt\u00e4en, ett\u00e4 DHL ei ole vastuussa perillep\u00e4\u00e4sem\u00e4tt\u00f6myydest\u00e4: 4,99 euroa l\u00e4hetyst\u00e4 kohti.<br \/>\nPalautusmaksu 4,99 euroa perit\u00e4\u00e4n my\u00f6s ennakkomyynnist\u00e4 (&#8221;v\u00e4lit\u00f6n palautus&#8221;, &#8221;viesti perillep\u00e4\u00e4sem\u00e4tt\u00f6myydest\u00e4&#8221;, &#8221;aikataulun mukainen toimitus&#8221;, &#8221;ei l\u00e4hialueen toimitusta&#8221;) kaikissa tapauksissa, joissa l\u00e4hetys palautetaan.<\/p>\n<p>DHL Parcel\/Express Nationalin yleisi\u00e4 sopimusehtoja (GTC Parcel\/Express National) sovelletaan nykyisess\u00e4 versiossaan (saatavilla osoitteessa www.dhl.de).<\/p>\n","protected":false},"excerpt":{"rendered":"<p>Toimitusmenetelm\u00e4t Hintatiedot Toimituskulut riippuvat tilattujen tavaroiden m\u00e4\u00e4r\u00e4st\u00e4 ja toimitustavasta. Ne ilmoitetaan sinulle tilausprosessin aikana. Seuraava luettelo on tiedoksi ja ohjeistukseksi. Todelliset toimituskulut m\u00e4\u00e4ritet\u00e4\u00e4n tilausprosessin aikana, jonka voi peruuttaa milloin tahansa. Toimituskulut: Saksan sis\u00e4ll\u00e4 DHL Paket flat rate 4,99 EUR Saksan ulkopuolella, mutta Euroopan sis\u00e4ll\u00e4* DHL Premium Paket flat rate 10,50 EUR. DHL k\u00e4sittelee toimitukset Sveitsiin&hellip;<\/p>\n","protected":false},"author":1,"featured_media":0,"parent":0,"menu_order":0,"comment_status":"closed","ping_status":"closed","template":"","meta":{"_acf_changed":false,"footnotes":""},"class_list":["post-161126","page","type-page","status-publish","hentry","description-off"],"acf":[],"_links":{"self":[{"href":"https:\/\/mini-bob.com\/fi\/wp-json\/wp\/v2\/pages\/161126","targetHints":{"allow":["GET"]}}],"collection":[{"href":"https:\/\/mini-bob.com\/fi\/wp-json\/wp\/v2\/pages"}],"about":[{"href":"https:\/\/mini-bob.com\/fi\/wp-json\/wp\/v2\/types\/page"}],"author":[{"embeddable":true,"href":"https:\/\/mini-bob.com\/fi\/wp-json\/wp\/v2\/users\/1"}],"replies":[{"embeddable":true,"href":"https:\/\/mini-bob.com\/fi\/wp-json\/wp\/v2\/comments?post=161126"}],"version-history":[{"count":0,"href":"https:\/\/mini-bob.com\/fi\/wp-json\/wp\/v2\/pages\/161126\/revisions"}],"wp:attachment":[{"href":"https:\/\/mini-bob.com\/fi\/wp-json\/wp\/v2\/media?parent=161126"}],"curies":[{"name":"wp","href":"https:\/\/api.w.org\/{rel}","templated":true}]}}