{"id":161128,"date":"2015-10-27T16:51:48","date_gmt":"2015-10-27T15:51:48","guid":{"rendered":"https:\/\/mini-bob.com\/keltainen-mini-bob-zipflbob\/"},"modified":"2025-11-25T10:31:59","modified_gmt":"2025-11-25T09:31:59","slug":"keltainen-mini-bob-zipflbob","status":"publish","type":"page","link":"https:\/\/mini-bob.com\/fi\/keltainen-mini-bob-zipflbob\/","title":{"rendered":"keltainen mini bob \/ zipflbob"},"content":{"rendered":"<div class=\"wpb-content-wrapper\"><p>[vc_row][vc_column width=&#8221;1\/2&#8243;][vc_single_image image=&#8221;160716&#8243; img_size=&#8221;large&#8221;][\/vc_column][vc_column width=&#8221;1\/2&#8243;][vc_custom_heading text=&#8221;Alkuper\u00e4inen mini bob (Zipfelbob) keltaisena&#8221; google_fonts=&#8221;font_family:Roboto%20Condensed%3A300%2C300italic%2Cregular%2Citalic%2C700%2C700italic|font_style:400%20regular%3A400%3Anormal&#8221;][vc_column_text]Mini bob (zipflbob) valmistettiin ja myytiin keltaisena vuodesta 1976 vuoteen 2010.<\/p>\n<p>zipflbobin alkuaikoina pient\u00e4 muovikelkkaa\/muovibobia valmistettiin ja myytiin viel\u00e4 keltaisella kahvalla (Zipfl) ja vain mustalla istuimella. My\u00f6hemmin, 1980-luvulta alkaen, my\u00f6s kahvasta tuli musta ja keltainen v\u00e4ri vahvistui. <\/p>\n<p>Punaisen ja sinisen zipflbobin tavoin keltaisesta zipflbobista tuli ikivihre\u00e4. Keltainen v\u00e4ri korvattiin oranssilla vasta vuonna 2010. <\/p>\n<p>Vuodesta 2017 l\u00e4htien alkuper\u00e4isest\u00e4 mini bobista on ilmestynyt uusi painos keltaisena.[\/vc_column_text]<style type=\"text\/css\" data-type=\"the7_shortcodes-inline-css\">#default-btn-02f2b9e0991deb547a0ef732c3e279e4.ico-right-side > i {\n  margin-right: 0px;\n  margin-left: 8px;\n}\n#default-btn-02f2b9e0991deb547a0ef732c3e279e4 > i {\n  margin-right: 8px;\n}<\/style><a href=\"https:\/\/mini-bob.com\/fi\/produkt\/alkuperaeinen-mini-bob-zipfelbob-kelkka-keltaisena\/\" class=\"default-btn-shortcode dt-btn dt-btn-l pulse animate-element animation-builder link-hover-off btn-inline-left \" id=\"default-btn-02f2b9e0991deb547a0ef732c3e279e4\" title=\"+AUSVERKAUFT+ original mini bob (Zipfelbob) in gelb\"><span>OSTAA KELTAINEN ZIPFELBOB<\/span><\/a>[\/vc_column][\/vc_row][vc_row][vc_column][vc_empty_space][\/vc_column][\/vc_row][vc_row][vc_column width=&#8221;1\/2&#8243;][vc_empty_space height=&#8221;70px&#8221;][vc_custom_heading text=&#8221;1980 Prototyyppi keltainen bob, jossa on maalattu kahva (Zipfy).&#8221; google_fonts=&#8221;font_family:Roboto%20Condensed%3A300%2C300italic%2Cregular%2Citalic%2C700%2C700italic|font_style:400%20regular%3A400%3Anormal&#8221;][vc_empty_space height=&#8221;50px&#8221;]<style type=\"text\/css\" data-type=\"the7_shortcodes-inline-css\">#default-btn-f1c9ccbfb8fae0af7fbcfcaf063e9163.ico-right-side > i {\n  margin-right: 0px;\n  margin-left: 8px;\n}\n#default-btn-f1c9ccbfb8fae0af7fbcfcaf063e9163 > i {\n  margin-right: 8px;\n}<\/style><a href=\"https:\/\/mini-bob.com\/fi\/mini-bob\/\" class=\"default-btn-shortcode dt-btn dt-btn-l pulse animate-element animation-builder link-hover-off btn-inline-left \" id=\"default-btn-f1c9ccbfb8fae0af7fbcfcaf063e9163\" title=\"der mini bob\"><span>MINI BOB MUISSA V\u00c4REISS\u00c4<\/span><\/a>[vc_empty_space]<style type=\"text\/css\" data-type=\"the7_shortcodes-inline-css\">#default-btn-d8e1833bdfa22b111e6ba396b2bea75f.ico-right-side > i {\n  margin-right: 0px;\n  margin-left: 8px;\n}\n#default-btn-d8e1833bdfa22b111e6ba396b2bea75f > i {\n  margin-right: 8px;\n}<\/style><a href=\"https:\/\/mini-bob.com\/fi\/alkuperaeinen-mini-bob-zipfelbob-kauppa\/\" class=\"default-btn-shortcode dt-btn dt-btn-l pulse animate-element animation-builder link-hover-off btn-inline-left \" id=\"default-btn-d8e1833bdfa22b111e6ba396b2bea75f\" title=\"Original mini bob (Zipfelbob) Shop\"><span>KLIKKAA T\u00c4ST\u00c4 SIIRTY\u00c4KSESI SUORAAN KAUPPAAN<\/span><\/a>[\/vc_column][vc_column width=&#8221;1\/2&#8243;][vc_single_image image=&#8221;161130&#8243; img_size=&#8221;large&#8221;][\/vc_column][\/vc_row]<\/p>\n<\/div>","protected":false},"excerpt":{"rendered":"<p>[vc_row][vc_column width=&#8221;1\/2&#8243;][vc_single_image image=&#8221;160716&#8243; img_size=&#8221;large&#8221;][\/vc_column][vc_column width=&#8221;1\/2&#8243;][vc_custom_heading text=&#8221;Alkuper\u00e4inen mini bob (Zipfelbob) keltaisena&#8221; google_fonts=&#8221;font_family:Roboto%20Condensed%3A300%2C300italic%2Cregular%2Citalic%2C700%2C700italic|font_style:400%20regular%3A400%3Anormal&#8221;][vc_column_text]Mini bob (zipflbob) valmistettiin ja myytiin keltaisena vuodesta 1976 vuoteen 2010. zipflbobin alkuaikoina pient\u00e4 muovikelkkaa\/muovibobia valmistettiin ja myytiin viel\u00e4 keltaisella kahvalla (Zipfl) ja vain mustalla istuimella. My\u00f6hemmin, 1980-luvulta alkaen, my\u00f6s kahvasta tuli musta ja keltainen v\u00e4ri vahvistui. Punaisen ja sinisen zipflbobin tavoin keltaisesta zipflbobista tuli&hellip;<\/p>\n","protected":false},"author":1,"featured_media":0,"parent":0,"menu_order":0,"comment_status":"closed","ping_status":"closed","template":"","meta":{"_acf_changed":false,"footnotes":""},"class_list":["post-161128","page","type-page","status-publish","hentry","description-off"],"acf":[],"_links":{"self":[{"href":"https:\/\/mini-bob.com\/fi\/wp-json\/wp\/v2\/pages\/161128","targetHints":{"allow":["GET"]}}],"collection":[{"href":"https:\/\/mini-bob.com\/fi\/wp-json\/wp\/v2\/pages"}],"about":[{"href":"https:\/\/mini-bob.com\/fi\/wp-json\/wp\/v2\/types\/page"}],"author":[{"embeddable":true,"href":"https:\/\/mini-bob.com\/fi\/wp-json\/wp\/v2\/users\/1"}],"replies":[{"embeddable":true,"href":"https:\/\/mini-bob.com\/fi\/wp-json\/wp\/v2\/comments?post=161128"}],"version-history":[{"count":5,"href":"https:\/\/mini-bob.com\/fi\/wp-json\/wp\/v2\/pages\/161128\/revisions"}],"predecessor-version":[{"id":161379,"href":"https:\/\/mini-bob.com\/fi\/wp-json\/wp\/v2\/pages\/161128\/revisions\/161379"}],"wp:attachment":[{"href":"https:\/\/mini-bob.com\/fi\/wp-json\/wp\/v2\/media?parent=161128"}],"curies":[{"name":"wp","href":"https:\/\/api.w.org\/{rel}","templated":true}]}}