{"id":161129,"date":"2015-12-07T17:28:58","date_gmt":"2015-12-07T16:28:58","guid":{"rendered":"https:\/\/mini-bob.com\/peruutusehdot\/"},"modified":"2015-12-07T17:28:58","modified_gmt":"2015-12-07T16:28:58","slug":"peruutusehdot","status":"publish","type":"page","link":"https:\/\/mini-bob.com\/fi\/peruutusehdot\/","title":{"rendered":"Peruutusehdot"},"content":{"rendered":"<h3>Kuluttajien peruutusoikeus<\/h3>\n<p>(Kuluttajalla tarkoitetaan luonnollista henkil\u00f6\u00e4, joka tekee oikeustoimen p\u00e4\u00e4asiassa elinkeinon-, liikkeen- tai ammatinharjoittamisen ulkopuolisia tarkoituksia varten).<\/p>\n<h1>Peruutusehdot<\/h1>\n<h3>Peruuttamisoikeus<\/h3>\n<p>Sinulla on oikeus peruuttaa t\u00e4m\u00e4 sopimus nelj\u00e4ntoista p\u00e4iv\u00e4n kuluessa ilman syyt\u00e4.<\/p>\n<p>Peruuttamisaika on nelj\u00e4toista p\u00e4iv\u00e4\u00e4 p\u00e4iv\u00e4st\u00e4,<\/p>\n<ul>\n<li>jolloin te tai teid\u00e4n nime\u00e4m\u00e4nne kolmas osapuoli, joka ei ole rahdinkuljettaja, on ottanut tai on ottanut tavarat haltuunsa, edellytt\u00e4en, ett\u00e4 olette tilannut yhden tai useamman tavaran osana yht\u00e4 tilausta ja ett\u00e4 ne toimitetaan tai tullaan toimittamaan yhten\u00e4isesti, tai<\/li>\n<li>jolloin te tai teid\u00e4n nime\u00e4m\u00e4nne kolmas osapuoli, joka ei ole rahdinkuljettaja, on ottanut viimeisen tavaran haltuunsa, jos olette tilannut useita tavaroita osana yht\u00e4 tilausta ja ne toimitetaan erikseen, tai<\/li>\n<li>jolloin te tai teid\u00e4n nime\u00e4m\u00e4nne kolmas osapuoli, joka ei ole rahdinkuljettaja, on ottanut haltuunsa viimeisen osittaisl\u00e4hetyksen tai viimeisen kappaleen, jos olette tilannut tavaroita, jotka toimitetaan useina osittaisl\u00e4hetyksin\u00e4 tai kappaleina, tai<\/li>\n<li>jolloin sin\u00e4 tai nime\u00e4m\u00e4si kolmas osapuoli, joka ei ole rahdinkuljettaja, on ottanut ensimm\u00e4iset tavarat haltuunsa, edellytt\u00e4en, ett\u00e4 olet tehnyt sopimuksen tavaroiden s\u00e4\u00e4nn\u00f6llisest\u00e4 toimittamisesta m\u00e4\u00e4r\u00e4ajaksi.<\/li>\n<\/ul>\n<p>Peruuttamisoikeuden k\u00e4ytt\u00e4miseksi sinun on ilmoitettava meille (Loeger GmbH, Hauptstra\u00dfe 57, Deutschland, Telefonnummer: +49(0)815892101, E-Mail-Adresse: info@mini-bob.com) p\u00e4\u00e4t\u00f6ksest\u00e4si peruuttaa t\u00e4m\u00e4 sopimus selke\u00e4ll\u00e4 ilmoituksella (esim. postitse l\u00e4hetetyll\u00e4 kirjeell\u00e4 tai s\u00e4hk\u00f6postilla). Voit k\u00e4ytt\u00e4\u00e4 oheista peruutuslomakkeen mallia, mutta se ei ole pakollista. <\/p>\n<p>Peruutusajan noudattamiseksi riitt\u00e4\u00e4, ett\u00e4 l\u00e4het\u00e4t ilmoituksen peruutusoikeuden k\u00e4ytt\u00e4misest\u00e4 ennen peruutusajan p\u00e4\u00e4ttymist\u00e4.<\/p>\n<h3>Peruuttamisen seuraukset<\/h3>\n<p>Jos peruutat t\u00e4m\u00e4n sopimuksen, palautamme sinulle kaikki sinulta saamasi maksut, mukaan lukien toimituskustannukset (lukuun ottamatta lis\u00e4kustannuksia, jotka johtuvat siit\u00e4, ett\u00e4 olet valinnut muun toimitustyypin kuin edullisimman tarjoamamme vakiotoimitustyypin), ilman aiheetonta viivytyst\u00e4 ja joka tapauksessa viimeist\u00e4\u00e4n 14 p\u00e4iv\u00e4n kuluessa siit\u00e4 p\u00e4iv\u00e4st\u00e4, jona saamme tiedon p\u00e4\u00e4t\u00f6ksest\u00e4si peruuttaa t\u00e4m\u00e4 sopimus. T\u00e4ss\u00e4 takaisinmaksussa k\u00e4yt\u00e4mme samaa maksuv\u00e4linett\u00e4, jota k\u00e4ytit alkuper\u00e4isess\u00e4 kaupassa, ellei kanssasi ole nimenomaisesti toisin sovittu; sinulta ei miss\u00e4\u00e4n tapauksessa perit\u00e4 mit\u00e4\u00e4n maksuja t\u00e4st\u00e4 takaisinmaksusta. <\/p>\n<p>Voimme kielt\u00e4yty\u00e4 maksamasta sinulle hyvityst\u00e4 ennen kuin olemme vastaanottaneet tavarat takaisin tai ennen kuin olet toimittanut todisteen siit\u00e4, ett\u00e4 olet palauttanut tavarat, riippuen siit\u00e4, kumpi on aikaisempi ajankohta.<\/p>\n<p>Sinun on palautettava tai luovutettava tavarat meille v\u00e4litt\u00f6m\u00e4sti ja joka tapauksessa viimeist\u00e4\u00e4n nelj\u00e4ntoista p\u00e4iv\u00e4n kuluessa siit\u00e4 p\u00e4iv\u00e4st\u00e4, jona olet ilmoittanut meille t\u00e4m\u00e4n sopimuksen peruuttamisesta. M\u00e4\u00e4r\u00e4aikaa noudatetaan, jos l\u00e4het\u00e4tte tavarat ennen nelj\u00e4ntoista p\u00e4iv\u00e4n m\u00e4\u00e4r\u00e4ajan p\u00e4\u00e4ttymist\u00e4. <\/p>\n<p>Sin\u00e4 vastaat tavaroiden palauttamisesta aiheutuvista v\u00e4litt\u00f6mist\u00e4 kustannuksista.<\/p>\n<p>Sinun on maksettava tavaran arvon alenemisesta vain, jos arvon aleneminen johtuu tavaran k\u00e4sittelyst\u00e4, joka ei ole v\u00e4ltt\u00e4m\u00e4t\u00f6nt\u00e4 tavaran kunnon, ominaisuuksien ja toimivuuden tarkistamiseksi.<\/p>\n<h2>N\u00e4yte peruutuslomakkeesta<\/h2>\n<p>(Jos haluat peruuttaa sopimuksen, t\u00e4yt\u00e4 ja palauta t\u00e4m\u00e4 lomake).<\/p>\n<p>- To<\/p>\n<p>Loeger GmbH, Hauptstra\u00dfe 57, Saksa, puhelinnumero: +49(0)815892101, s\u00e4hk\u00f6postiosoite: info@mini-bob.com.<\/p>\n<p>- Min\u00e4\/me (*) peruutan\/peruutamme (*) sopimuksen, jonka min\u00e4\/me (*) olen\/me (*) tehnyt seuraavien tavaroiden ostamisesta (*)\/ seuraavan palvelun tarjoamisesta (*).<\/p>\n<p>- Tilattu (*)\/vastaanotettu (*)<\/p>\n<p>- Kuluttajan (kuluttajien) nimi<\/p>\n<p>- Kuluttajan (kuluttajien) osoite<\/p>\n<p>- Kuluttajan (kuluttajien) allekirjoitus (vain paperilla teht\u00e4v\u00e4ss\u00e4 ilmoituksessa).<\/p>\n<p>- p\u00e4iv\u00e4m\u00e4\u00e4r\u00e4<\/p>\n<p>___________<br \/>\n(*) Tarpeeton yliviivataan.<\/p>\n","protected":false},"excerpt":{"rendered":"<p>Kuluttajien peruutusoikeus (Kuluttajalla tarkoitetaan luonnollista henkil\u00f6\u00e4, joka tekee oikeustoimen p\u00e4\u00e4asiassa elinkeinon-, liikkeen- tai ammatinharjoittamisen ulkopuolisia tarkoituksia varten). Peruutusehdot Peruuttamisoikeus Sinulla on oikeus peruuttaa t\u00e4m\u00e4 sopimus nelj\u00e4ntoista p\u00e4iv\u00e4n kuluessa ilman syyt\u00e4. Peruuttamisaika on nelj\u00e4toista p\u00e4iv\u00e4\u00e4 p\u00e4iv\u00e4st\u00e4, jolloin te tai teid\u00e4n nime\u00e4m\u00e4nne kolmas osapuoli, joka ei ole rahdinkuljettaja, on ottanut tai on ottanut tavarat haltuunsa, edellytt\u00e4en, ett\u00e4&hellip;<\/p>\n","protected":false},"author":1,"featured_media":0,"parent":0,"menu_order":0,"comment_status":"closed","ping_status":"closed","template":"","meta":{"_acf_changed":false,"footnotes":""},"class_list":["post-161129","page","type-page","status-publish","hentry","description-off"],"acf":[],"_links":{"self":[{"href":"https:\/\/mini-bob.com\/fi\/wp-json\/wp\/v2\/pages\/161129","targetHints":{"allow":["GET"]}}],"collection":[{"href":"https:\/\/mini-bob.com\/fi\/wp-json\/wp\/v2\/pages"}],"about":[{"href":"https:\/\/mini-bob.com\/fi\/wp-json\/wp\/v2\/types\/page"}],"author":[{"embeddable":true,"href":"https:\/\/mini-bob.com\/fi\/wp-json\/wp\/v2\/users\/1"}],"replies":[{"embeddable":true,"href":"https:\/\/mini-bob.com\/fi\/wp-json\/wp\/v2\/comments?post=161129"}],"version-history":[{"count":0,"href":"https:\/\/mini-bob.com\/fi\/wp-json\/wp\/v2\/pages\/161129\/revisions"}],"wp:attachment":[{"href":"https:\/\/mini-bob.com\/fi\/wp-json\/wp\/v2\/media?parent=161129"}],"curies":[{"name":"wp","href":"https:\/\/api.w.org\/{rel}","templated":true}]}}