{"id":161134,"date":"2015-10-27T16:34:53","date_gmt":"2015-10-27T15:34:53","guid":{"rendered":"https:\/\/mini-bob.com\/oranssi-mini-bob-zipflbob\/"},"modified":"2025-11-25T10:31:53","modified_gmt":"2025-11-25T09:31:53","slug":"oranssi-mini-bob-zipflbob","status":"publish","type":"page","link":"https:\/\/mini-bob.com\/fi\/oranssi-mini-bob-zipflbob\/","title":{"rendered":"oranssi mini bob \/ zipflbob"},"content":{"rendered":"<div class=\"wpb-content-wrapper\"><p>[vc_row][vc_column width=&#8221;1\/2&#8243;][vc_single_image image=&#8221;161135&#8243; img_size=&#8221;large&#8221;][\/vc_column][vc_column width=&#8221;1\/2&#8243;][vc_custom_heading text=&#8221;Alkuper\u00e4inen mini bob (zipflbob) oranssina.&#8221; google_fonts=&#8221;font_family:Roboto%20Condensed%3A300%2C300italic%2Cregular%2Citalic%2C700%2C700italic|font_style:400%20regular%3A400%3Anormal&#8221;][vc_column_text]Oranssi mini bob (Zipfelbob) korvasi keltaisen mini bobin vuonna 2010, ja sit\u00e4 valmistettiin ja myytiin vuoteen 2014 asti.<\/p>\n<p>Retromuotoilun erikoisv\u00e4rin\u00e4 oranssi zipflbob - mini bob on tarkoitettu muistuttamaan 1970-luvulla suosittuja v\u00e4rej\u00e4.<\/p>\n<p>Oranssi v\u00e4ri hallitsi arkiel\u00e4m\u00e4\u00e4 1970-luvulla. Autot olivat oranssin v\u00e4risi\u00e4, sein\u00e4t tapetoitiin oranssin ja keltaisen v\u00e4risin\u00e4, ja keitti\u00f6koneita ja huonekaluja valmistettiin oranssin v\u00e4risin\u00e4.[\/vc_column_text][vc_empty_space]<style type=\"text\/css\" data-type=\"the7_shortcodes-inline-css\">#default-btn-d8e1833bdfa22b111e6ba396b2bea75f.ico-right-side > i {\n  margin-right: 0px;\n  margin-left: 8px;\n}\n#default-btn-d8e1833bdfa22b111e6ba396b2bea75f > i {\n  margin-right: 8px;\n}<\/style><a href=\"https:\/\/mini-bob.com\/fi\/alkuperaeinen-mini-bob-zipfelbob-kauppa\/\" class=\"default-btn-shortcode dt-btn dt-btn-l pulse animate-element animation-builder link-hover-off btn-inline-left \" id=\"default-btn-d8e1833bdfa22b111e6ba396b2bea75f\" title=\"Original mini bob (Zipfelbob) Shop\"><span>KLIKKAA T\u00c4ST\u00c4 SIIRTY\u00c4KSESI SUORAAN KAUPPAAN<\/span><\/a>[\/vc_column][\/vc_row][vc_row][vc_column][vc_empty_space][\/vc_column][\/vc_row][vc_row][vc_column width=&#8221;1\/2&#8243;][vc_empty_space][vc_empty_space]<style type=\"text\/css\" data-type=\"the7_shortcodes-inline-css\">#default-btn-8ba596aa557375a98b24d9f7a3f21a47.ico-right-side > i {\n  margin-right: 0px;\n  margin-left: 8px;\n}\n#default-btn-8ba596aa557375a98b24d9f7a3f21a47 > i {\n  margin-right: 8px;\n}<\/style><div class=\"btn-align-center\"><a href=\"https:\/\/mini-bob.com\/fi\/mini-bob\/\" class=\"default-btn-shortcode dt-btn dt-btn-l pulse animate-element animation-builder link-hover-off \" id=\"default-btn-8ba596aa557375a98b24d9f7a3f21a47\" title=\"der mini bob\"><span>MINI BOB MUISSA V\u00c4REISS\u00c4<\/span><\/a><\/div>[\/vc_column][vc_column width=&#8221;1\/2&#8243;][vc_single_image image=&#8221;161136&#8243; img_size=&#8221;large&#8221;][\/vc_column][\/vc_row]<\/p>\n<\/div>","protected":false},"excerpt":{"rendered":"<p>[vc_row][vc_column width=&#8221;1\/2&#8243;][vc_single_image image=&#8221;161135&#8243; img_size=&#8221;large&#8221;][\/vc_column][vc_column width=&#8221;1\/2&#8243;][vc_custom_heading text=&#8221;Alkuper\u00e4inen mini bob (zipflbob) oranssina.&#8221; google_fonts=&#8221;font_family:Roboto%20Condensed%3A300%2C300italic%2Cregular%2Citalic%2C700%2C700italic|font_style:400%20regular%3A400%3Anormal&#8221;][vc_column_text]Oranssi mini bob (Zipfelbob) korvasi keltaisen mini bobin vuonna 2010, ja sit\u00e4 valmistettiin ja myytiin vuoteen 2014 asti. Retromuotoilun erikoisv\u00e4rin\u00e4 oranssi zipflbob - mini bob on tarkoitettu muistuttamaan 1970-luvulla suosittuja v\u00e4rej\u00e4. Oranssi v\u00e4ri hallitsi arkiel\u00e4m\u00e4\u00e4 1970-luvulla. Autot olivat oranssin v\u00e4risi\u00e4, sein\u00e4t tapetoitiin oranssin ja keltaisen&hellip;<\/p>\n","protected":false},"author":1,"featured_media":0,"parent":0,"menu_order":0,"comment_status":"closed","ping_status":"closed","template":"","meta":{"_acf_changed":false,"footnotes":""},"class_list":["post-161134","page","type-page","status-publish","hentry","description-off"],"acf":[],"_links":{"self":[{"href":"https:\/\/mini-bob.com\/fi\/wp-json\/wp\/v2\/pages\/161134","targetHints":{"allow":["GET"]}}],"collection":[{"href":"https:\/\/mini-bob.com\/fi\/wp-json\/wp\/v2\/pages"}],"about":[{"href":"https:\/\/mini-bob.com\/fi\/wp-json\/wp\/v2\/types\/page"}],"author":[{"embeddable":true,"href":"https:\/\/mini-bob.com\/fi\/wp-json\/wp\/v2\/users\/1"}],"replies":[{"embeddable":true,"href":"https:\/\/mini-bob.com\/fi\/wp-json\/wp\/v2\/comments?post=161134"}],"version-history":[{"count":5,"href":"https:\/\/mini-bob.com\/fi\/wp-json\/wp\/v2\/pages\/161134\/revisions"}],"predecessor-version":[{"id":161374,"href":"https:\/\/mini-bob.com\/fi\/wp-json\/wp\/v2\/pages\/161134\/revisions\/161374"}],"wp:attachment":[{"href":"https:\/\/mini-bob.com\/fi\/wp-json\/wp\/v2\/media?parent=161134"}],"curies":[{"name":"wp","href":"https:\/\/api.w.org\/{rel}","templated":true}]}}