{"id":161150,"date":"2015-10-25T14:47:40","date_gmt":"2015-10-25T13:47:40","guid":{"rendered":"https:\/\/mini-bob.com\/sininen-mini-bob-zipflbob\/"},"modified":"2025-11-25T10:31:53","modified_gmt":"2025-11-25T09:31:53","slug":"sininen-mini-bob-zipflbob","status":"publish","type":"page","link":"https:\/\/mini-bob.com\/fi\/sininen-mini-bob-zipflbob\/","title":{"rendered":"sininen mini bob \/ zipflbob"},"content":{"rendered":"<div class=\"wpb-content-wrapper\"><p>[vc_row][vc_column width=&#8221;1\/2&#8243;][vc_single_image image=&#8221;160769&#8243; img_size=&#8221;large&#8221;][\/vc_column][vc_column width=&#8221;1\/2&#8243;][vc_custom_heading text=&#8221;Alkuper\u00e4inen mini bob (zipflbob) sinisen\u00e4.&#8221; google_fonts=&#8221;font_family:Roboto%20Condensed%3A300%2C300italic%2Cregular%2Citalic%2C700%2C700italic|font_style:400%20regular%3A400%3Anormal&#8221;][vc_column_text]Alkuper\u00e4ist\u00e4 mini boba (zipflbob) on ollut saatavana sinisen\u00e4 vuodesta 1976 l\u00e4htien, aivan kuten punaista mini boba (zipflbob).<\/p>\n<p>Kuten punaista mini boba, my\u00f6s sinist\u00e4 zipflbobia valmistettiin ja myytiin aluksi kokonaan sinisen\u00e4 - vasta my\u00f6hemmin sinisen zipflbobin kahvassa (Zipfl) ja istuimessa oli musta kontrasti.<\/p>\n<p>Ensimm\u00e4inen sinisen s\u00e4vy oli viel\u00e4 melko tumma, ja se muuttui paljon vaaleammaksi, kun se yhdistettiin mustaan. Monet kutsuvat sinist\u00e4 mini boba my\u00f6s &#8221;smurffibobiksi&#8221;, sill\u00e4 v\u00e4ri muistuttaa hyvin paljon pieni\u00e4 smurffeja.[\/vc_column_text]<style type=\"text\/css\" data-type=\"the7_shortcodes-inline-css\">#default-btn-a80ff68ba47e3f9515a3ca784f9286a7.ico-right-side > i {\n  margin-right: 0px;\n  margin-left: 8px;\n}\n#default-btn-a80ff68ba47e3f9515a3ca784f9286a7 > i {\n  margin-right: 8px;\n}<\/style><a href=\"https:\/\/mini-bob.com\/fi\/produkt\/alkuperaeinen-mini-bob-zipfelbob-kelkka-sinisenae\/\" class=\"default-btn-shortcode dt-btn dt-btn-l pulse animate-element animation-builder link-hover-off btn-inline-left  vc_custom_1661157285387\" id=\"default-btn-a80ff68ba47e3f9515a3ca784f9286a7\" title=\"original mini bob (Zipfelbob) in blau\"><span>OSTAA SININEN ZIPFELBOB<\/span><\/a>[\/vc_column][\/vc_row][vc_row][vc_column][vc_empty_space][\/vc_column][\/vc_row][vc_row][vc_column width=&#8221;1\/2&#8243;][vc_custom_heading text=&#8221;Sininen Zipfelbob (mini bob) 1970-luvulla.&#8221; font_container=&#8221;tag:h3|text_align:left&#8221; google_fonts=&#8221;font_family:Roboto%20Condensed%3A300%2C300italic%2Cregular%2Citalic%2C700%2C700italic|font_style:400%20regular%3A400%3Anormal&#8221;][vc_column_text]Muutama vuosi alkuper\u00e4isen keltaisen ja punaisen mini bobin j\u00e4lkeen seurasi Zipfelbobin toinen v\u00e4ri. Nopeasti k\u00e4vi selv\u00e4ksi, ett\u00e4 kyseess\u00e4 olisi sininen zipflbob. <\/p>\n<p>Alkuper\u00e4inen sininen mini bob, jossa on tyypillinen zipflbob, n\u00e4kyy my\u00f6s t\u00e4ss\u00e4 sinisen\u00e4. T\u00e4ss\u00e4 n\u00e4kyy selv\u00e4sti: 70-luvulla suosittu muovibob v\u00e4rj\u00e4ttiin kokonaan vastaavalla v\u00e4rill\u00e4, my\u00f6s alkuper\u00e4inen sininen mini bob - sill\u00e4 v\u00e4lin Zipfibobin musta kahva (Zipfl) ja musta istuin ovat tulleet tunnistettaviksi ja antaneet aihetta kopiointiin. <\/p>\n<p>Nyky\u00e4\u00e4n sininen Zipfelbob on punaisen Zipfelbobin ohella yksi suosituimmista mini bob-muunnoksista. Erityisesti Schlumpfbobista on tullut korvaamaton.[\/vc_column_text][vc_empty_space height=&#8221;20px&#8221;]<style type=\"text\/css\" data-type=\"the7_shortcodes-inline-css\">#default-btn-f1c9ccbfb8fae0af7fbcfcaf063e9163.ico-right-side > i {\n  margin-right: 0px;\n  margin-left: 8px;\n}\n#default-btn-f1c9ccbfb8fae0af7fbcfcaf063e9163 > i {\n  margin-right: 8px;\n}<\/style><a href=\"https:\/\/mini-bob.com\/fi\/mini-bob\/\" class=\"default-btn-shortcode dt-btn dt-btn-l pulse animate-element animation-builder link-hover-off btn-inline-left \" id=\"default-btn-f1c9ccbfb8fae0af7fbcfcaf063e9163\" title=\"der mini bob\"><span>MINI BOB MUISSA V\u00c4REISS\u00c4<\/span><\/a>[vc_empty_space]<style type=\"text\/css\" data-type=\"the7_shortcodes-inline-css\">#default-btn-d8e1833bdfa22b111e6ba396b2bea75f.ico-right-side > i {\n  margin-right: 0px;\n  margin-left: 8px;\n}\n#default-btn-d8e1833bdfa22b111e6ba396b2bea75f > i {\n  margin-right: 8px;\n}<\/style><a href=\"https:\/\/mini-bob.com\/fi\/alkuperaeinen-mini-bob-zipfelbob-kauppa\/\" class=\"default-btn-shortcode dt-btn dt-btn-l pulse animate-element animation-builder link-hover-off btn-inline-left \" id=\"default-btn-d8e1833bdfa22b111e6ba396b2bea75f\" title=\"Original mini bob (Zipfelbob) Shop\"><span>KLIKKAA T\u00c4ST\u00c4 SIIRTY\u00c4KSESI SUORAAN KAUPPAAN<\/span><\/a>[\/vc_column][vc_column width=&#8221;1\/2&#8243;][vc_single_image image=&#8221;161151&#8243; img_size=&#8221;large&#8221;][vc_column_text]Alkuper\u00e4inen sininen minibob (Zipfybob, zipflbob) 1970-luvulta.[\/vc_column_text][\/vc_column][\/vc_row]<\/p>\n<\/div>","protected":false},"excerpt":{"rendered":"<p>[vc_row][vc_column width=&#8221;1\/2&#8243;][vc_single_image image=&#8221;160769&#8243; img_size=&#8221;large&#8221;][\/vc_column][vc_column width=&#8221;1\/2&#8243;][vc_custom_heading text=&#8221;Alkuper\u00e4inen mini bob (zipflbob) sinisen\u00e4.&#8221; google_fonts=&#8221;font_family:Roboto%20Condensed%3A300%2C300italic%2Cregular%2Citalic%2C700%2C700italic|font_style:400%20regular%3A400%3Anormal&#8221;][vc_column_text]Alkuper\u00e4ist\u00e4 mini boba (zipflbob) on ollut saatavana sinisen\u00e4 vuodesta 1976 l\u00e4htien, aivan kuten punaista mini boba (zipflbob). Kuten punaista mini boba, my\u00f6s sinist\u00e4 zipflbobia valmistettiin ja myytiin aluksi kokonaan sinisen\u00e4 - vasta my\u00f6hemmin sinisen zipflbobin kahvassa (Zipfl) ja istuimessa oli musta kontrasti. Ensimm\u00e4inen sinisen s\u00e4vy&hellip;<\/p>\n","protected":false},"author":1,"featured_media":0,"parent":0,"menu_order":0,"comment_status":"closed","ping_status":"closed","template":"","meta":{"_acf_changed":false,"footnotes":""},"class_list":["post-161150","page","type-page","status-publish","hentry","description-off"],"acf":[],"_links":{"self":[{"href":"https:\/\/mini-bob.com\/fi\/wp-json\/wp\/v2\/pages\/161150","targetHints":{"allow":["GET"]}}],"collection":[{"href":"https:\/\/mini-bob.com\/fi\/wp-json\/wp\/v2\/pages"}],"about":[{"href":"https:\/\/mini-bob.com\/fi\/wp-json\/wp\/v2\/types\/page"}],"author":[{"embeddable":true,"href":"https:\/\/mini-bob.com\/fi\/wp-json\/wp\/v2\/users\/1"}],"replies":[{"embeddable":true,"href":"https:\/\/mini-bob.com\/fi\/wp-json\/wp\/v2\/comments?post=161150"}],"version-history":[{"count":8,"href":"https:\/\/mini-bob.com\/fi\/wp-json\/wp\/v2\/pages\/161150\/revisions"}],"predecessor-version":[{"id":161375,"href":"https:\/\/mini-bob.com\/fi\/wp-json\/wp\/v2\/pages\/161150\/revisions\/161375"}],"wp:attachment":[{"href":"https:\/\/mini-bob.com\/fi\/wp-json\/wp\/v2\/media?parent=161150"}],"curies":[{"name":"wp","href":"https:\/\/api.w.org\/{rel}","templated":true}]}}