{"id":161155,"date":"2015-10-25T14:32:44","date_gmt":"2015-10-25T13:32:44","guid":{"rendered":"https:\/\/mini-bob.com\/vihreae-mini-bob-zipflbob-zipfelbob-vihreaenae\/"},"modified":"2025-11-25T10:31:48","modified_gmt":"2025-11-25T09:31:48","slug":"vihreae-mini-bob-zipflbob-zipfelbob-vihreaenae","status":"publish","type":"page","link":"https:\/\/mini-bob.com\/fi\/vihreae-mini-bob-zipflbob-zipfelbob-vihreaenae\/","title":{"rendered":"vihre\u00e4 mini bob \/ zipflbob \/ zipfelbob vihre\u00e4n\u00e4"},"content":{"rendered":"<div class=\"wpb-content-wrapper\"><p>[vc_row][vc_column][vc_custom_heading text=&#8221;alkuper\u00e4inen Zipfelbob vihre\u00e4n\u00e4&#8221; font_container=&#8221;tag:h1|text_align:left&#8221; google_fonts=&#8221;font_family:Roboto%20Condensed%3A300%2C300italic%2Cregular%2Citalic%2C700%2C700italic|font_style:400%20regular%3A400%3Anormal&#8221;][\/vc_column][\/vc_row][vc_row][vc_column width=&#8221;1\/2&#8243;][vc_single_image image=&#8221;160882&#8243; img_size=&#8221;large&#8221;][\/vc_column][vc_column width=&#8221;1\/2&#8243;][vc_custom_heading text=&#8221;alkuper\u00e4inen mini bob (zipflbob) vihre\u00e4n\u00e4 (zipflbob)&#8221; google_fonts=&#8221;font_family:Roboto%20Condensed%3A300%2C300italic%2Cregular%2Citalic%2C700%2C700italic|font_style:400%20regular%3A400%3Anormal&#8221;][vc_column_text]Alkuper\u00e4ist\u00e4 mini boba (zipflbob) on valmistettu ja myyty vihre\u00e4n eri s\u00e4vyiss\u00e4 vuodesta 1976 l\u00e4htien.<\/p>\n<p>Esimerkiksi 1990-luvulla oli suosittu neonvihre\u00e4 erikoisversio, jota valmistettiin ja myytiin vain kahden vuoden ajan.<\/p>\n<p>Erikoispainos &#8221;green-glitter&#8221;, jota on rajoitettu 300 kappaleeseen, on nyt saatavilla my\u00f6s verkkokaupastamme.<\/p>\n<p>Vihre\u00e4 on hyvin suosittu v\u00e4ri, jolla on erilaisia merkityksi\u00e4 monissa uskonnoissa ja kulttuureissa. Vihre\u00e4 symboloi esimerkiksi usein yl\u00f6snousemusta ja kev\u00e4\u00e4n her\u00e4\u00e4mist\u00e4. <\/p>\n<p>Vihre\u00e4 mini bob \/ zipflbob on todellinen katseenvangitsija rinteess\u00e4 ja on erityisen tehokas auringonvalossa.[\/vc_column_text]<style type=\"text\/css\" data-type=\"the7_shortcodes-inline-css\">#default-btn-d8e1833bdfa22b111e6ba396b2bea75f.ico-right-side > i {\n  margin-right: 0px;\n  margin-left: 8px;\n}\n#default-btn-d8e1833bdfa22b111e6ba396b2bea75f > i {\n  margin-right: 8px;\n}<\/style><a href=\"https:\/\/mini-bob.com\/fi\/alkuperaeinen-mini-bob-zipfelbob-kauppa\/\" class=\"default-btn-shortcode dt-btn dt-btn-l pulse animate-element animation-builder link-hover-off btn-inline-left \" id=\"default-btn-d8e1833bdfa22b111e6ba396b2bea75f\" title=\"Original mini bob (Zipfelbob) Shop\"><span>KLIKKAA T\u00c4ST\u00c4 KAUPPAAN!<\/span><\/a>[\/vc_column][\/vc_row][vc_row][vc_column width=&#8221;1\/2&#8243;][vc_custom_heading text=&#8221;Zipfelbob vihre\u00e4 vuodelta 2018&#8243; google_fonts=&#8221;font_family:Roboto%20Condensed%3A300%2C300italic%2Cregular%2Citalic%2C700%2C700italic|font_style:400%20regular%3A400%3Anormal&#8221;][vc_single_image image=&#8221;160738&#8243; img_size=&#8221;large&#8221; add_caption=&#8221;yes&#8221;][\/vc_column][vc_column width=&#8221;1\/2&#8243;][vc_custom_heading text=&#8221;Alkuper\u00e4inen minibob vihre\u00e4n\u00e4&#8221; google_fonts=&#8221;font_family:Roboto%20Condensed%3A300%2C300italic%2Cregular%2Citalic%2C700%2C700italic|font_style:400%20regular%3A400%3Anormal&#8221;][vc_single_image image=&#8221;160865&#8243; img_size=&#8221;large&#8221; add_caption=&#8221;yes&#8221;][\/vc_column][\/vc_row][vc_row][vc_column width=&#8221;1\/2&#8243;][vc_custom_heading text=&#8221;Erikoispainos vihre\u00e4 metalliv\u00e4ri lumessa&#8221; google_fonts=&#8221;font_family:Roboto%20Condensed%3A300%2C300italic%2Cregular%2Citalic%2C700%2C700italic|font_style:400%20regular%3A400%3Anormal&#8221;][vc_single_image image=&#8221;161156&#8243; img_size=&#8221;large&#8221; add_caption=&#8221;yes&#8221;][\/vc_column][vc_column width=&#8221;1\/2&#8243;][vc_custom_heading text=&#8221;vihre\u00e4 muovibob - mini bob&#8221; google_fonts=&#8221;font_family:Roboto%20Condensed%3A300%2C300italic%2Cregular%2Citalic%2C700%2C700italic|font_style:400%20regular%3A400%3Anormal&#8221;][vc_single_image image=&#8221;160691&#8243; img_size=&#8221;large&#8221; add_caption=&#8221;yes&#8221;][\/vc_column][\/vc_row]<\/p>\n<\/div>","protected":false},"excerpt":{"rendered":"<p>[vc_row][vc_column][vc_custom_heading text=&#8221;alkuper\u00e4inen Zipfelbob vihre\u00e4n\u00e4&#8221; font_container=&#8221;tag:h1|text_align:left&#8221; google_fonts=&#8221;font_family:Roboto%20Condensed%3A300%2C300italic%2Cregular%2Citalic%2C700%2C700italic|font_style:400%20regular%3A400%3Anormal&#8221;][\/vc_column][\/vc_row][vc_row][vc_column width=&#8221;1\/2&#8243;][vc_single_image image=&#8221;160882&#8243; img_size=&#8221;large&#8221;][\/vc_column][vc_column width=&#8221;1\/2&#8243;][vc_custom_heading text=&#8221;alkuper\u00e4inen mini bob (zipflbob) vihre\u00e4n\u00e4 (zipflbob)&#8221; google_fonts=&#8221;font_family:Roboto%20Condensed%3A300%2C300italic%2Cregular%2Citalic%2C700%2C700italic|font_style:400%20regular%3A400%3Anormal&#8221;][vc_column_text]Alkuper\u00e4ist\u00e4 mini boba (zipflbob) on valmistettu ja myyty vihre\u00e4n eri s\u00e4vyiss\u00e4 vuodesta 1976 l\u00e4htien. Esimerkiksi 1990-luvulla oli suosittu neonvihre\u00e4 erikoisversio, jota valmistettiin ja myytiin vain kahden vuoden ajan. Erikoispainos &#8221;green-glitter&#8221;, jota on rajoitettu 300 kappaleeseen, on nyt saatavilla my\u00f6s&hellip;<\/p>\n","protected":false},"author":1,"featured_media":0,"parent":0,"menu_order":0,"comment_status":"closed","ping_status":"closed","template":"","meta":{"_acf_changed":false,"footnotes":""},"class_list":["post-161155","page","type-page","status-publish","hentry","description-off"],"acf":[],"_links":{"self":[{"href":"https:\/\/mini-bob.com\/fi\/wp-json\/wp\/v2\/pages\/161155","targetHints":{"allow":["GET"]}}],"collection":[{"href":"https:\/\/mini-bob.com\/fi\/wp-json\/wp\/v2\/pages"}],"about":[{"href":"https:\/\/mini-bob.com\/fi\/wp-json\/wp\/v2\/types\/page"}],"author":[{"embeddable":true,"href":"https:\/\/mini-bob.com\/fi\/wp-json\/wp\/v2\/users\/1"}],"replies":[{"embeddable":true,"href":"https:\/\/mini-bob.com\/fi\/wp-json\/wp\/v2\/comments?post=161155"}],"version-history":[{"count":5,"href":"https:\/\/mini-bob.com\/fi\/wp-json\/wp\/v2\/pages\/161155\/revisions"}],"predecessor-version":[{"id":161369,"href":"https:\/\/mini-bob.com\/fi\/wp-json\/wp\/v2\/pages\/161155\/revisions\/161369"}],"wp:attachment":[{"href":"https:\/\/mini-bob.com\/fi\/wp-json\/wp\/v2\/media?parent=161155"}],"curies":[{"name":"wp","href":"https:\/\/api.w.org\/{rel}","templated":true}]}}