{"id":161161,"date":"2015-10-25T13:37:22","date_gmt":"2015-10-25T12:37:22","guid":{"rendered":"https:\/\/mini-bob.com\/punainen-mini-bob-zipflbob\/"},"modified":"2025-11-25T10:31:48","modified_gmt":"2025-11-25T09:31:48","slug":"punainen-mini-bob-zipflbob","status":"publish","type":"page","link":"https:\/\/mini-bob.com\/fi\/punainen-mini-bob-zipflbob\/","title":{"rendered":"punainen mini bob \/ zipflbob"},"content":{"rendered":"<div class=\"wpb-content-wrapper\"><p>[vc_row][vc_column width=&#8221;1\/2&#8243;]\n\t\t\t\t<p class=\"rs-p-wp-fix\"><\/p>\n\t\t\t\t<sr7-module data-alias=\"mini-bob-detail\" data-id=\"2\" id=\"SR7_2_1\" data-version=\"6.7.53\">\n\t\t\t\t\t<sr7-adjuster><\/sr7-adjuster>\n\t\t\t\t\t<sr7-content>\n\t\t\t\t\t\t<sr7-slide id=\"SR7_2_1-5\" data-key=\"5\">\n\t\t\t\t\t\t\t<sr7-bg id=\"SR7_2_1-5-slidebg\" class=\"sr7-layer\"><noscript><img decoding=\"async\" src=\"https:\/\/mini-bob.com\/wp-content\/uploads\/2015\/02\/IMG_2427-500.jpg\" alt=\"\" title=\"punainen mini bob \/ zipflbob\"><\/noscript><\/sr7-bg>\n\t\t\t\t\t\t<\/sr7-slide>\n\t\t\t\t\t\t<sr7-slide id=\"SR7_2_1-6\" data-key=\"6\">\n\t\t\t\t\t\t\t<sr7-bg id=\"SR7_2_1-6-slidebg\" class=\"sr7-layer\"><noscript><img decoding=\"async\" src=\"https:\/\/mini-bob.com\/wp-content\/uploads\/2015\/02\/IMG_2529-500.jpg\" alt=\"\" title=\"punainen mini bob \/ zipflbob\"><\/noscript><\/sr7-bg>\n\t\t\t\t\t\t<\/sr7-slide>\n\t\t\t\t\t\t<sr7-slide id=\"SR7_2_1-7\" data-key=\"7\">\n\t\t\t\t\t\t\t<sr7-bg id=\"SR7_2_1-7-slidebg\" class=\"sr7-layer\"><noscript><img decoding=\"async\" src=\"https:\/\/mini-bob.com\/wp-content\/uploads\/2015\/02\/IMG_2517-500.jpg\" alt=\"\" title=\"punainen mini bob \/ zipflbob\"><\/noscript><\/sr7-bg>\n\t\t\t\t\t\t<\/sr7-slide>\n\t\t\t\t\t\t<sr7-slide id=\"SR7_2_1-8\" data-key=\"8\">\n\t\t\t\t\t\t\t<sr7-bg id=\"SR7_2_1-8-slidebg\" class=\"sr7-layer\"><noscript><img decoding=\"async\" src=\"https:\/\/mini-bob.com\/wp-content\/uploads\/2015\/02\/IMG_2442-500.jpg\" alt=\"\" title=\"punainen mini bob \/ zipflbob\"><\/noscript><\/sr7-bg>\n\t\t\t\t\t\t<\/sr7-slide>\n\t\t\t\t\t\t<sr7-slide id=\"SR7_2_1-9\" data-key=\"9\">\n\t\t\t\t\t\t\t<sr7-bg id=\"SR7_2_1-9-slidebg\" class=\"sr7-layer\"><noscript><img decoding=\"async\" src=\"https:\/\/mini-bob.com\/wp-content\/uploads\/2015\/02\/IMG_2435-500.jpg\" alt=\"\" title=\"punainen mini bob \/ zipflbob\"><\/noscript><\/sr7-bg>\n\t\t\t\t\t\t<\/sr7-slide>\n\t\t\t\t\t\t<sr7-slide id=\"SR7_2_1-10\" data-key=\"10\">\n\t\t\t\t\t\t\t<sr7-bg id=\"SR7_2_1-10-slidebg\" class=\"sr7-layer\"><noscript><img decoding=\"async\" src=\"https:\/\/mini-bob.com\/wp-content\/uploads\/2015\/02\/IMG_2418-500.jpg\" alt=\"\" title=\"punainen mini bob \/ zipflbob\"><\/noscript><\/sr7-bg>\n\t\t\t\t\t\t<\/sr7-slide>\n\t\t\t\t\t\t<sr7-slide id=\"SR7_2_1-11\" data-key=\"11\">\n\t\t\t\t\t\t\t<sr7-bg id=\"SR7_2_1-11-slidebg\" class=\"sr7-layer\"><noscript><img decoding=\"async\" src=\"https:\/\/mini-bob.com\/wp-content\/uploads\/2015\/02\/IMG_2495-500.jpg\" alt=\"\" title=\"punainen mini bob \/ zipflbob\"><\/noscript><\/sr7-bg>\n\t\t\t\t\t\t<\/sr7-slide>\n\t\t\t\t\t\t<sr7-slide id=\"SR7_2_1-47\" data-key=\"47\">\n\t\t\t\t\t\t<\/sr7-slide>\n\t\t\t\t\t<\/sr7-content>\n\t\t\t\t<\/sr7-module>\n\t\t\t\t<script>\n\t\t\t\t\twindow.SR7 ??={};SR7.PMH ??={}; SR7.PMH[\"SR7_2_1\"] = {cn:100,state:false,fn: function() { if (window._tpt!==undefined && window._tpt.prepareModuleHeight !== undefined) {  _tpt.prepareModuleHeight({id:\"SR7_2_1\",el:[],type:'standard',shdw:'1',gh:[350],gw:[200],vpt:['-200px'],size:{fullWidth:false, fullHeight:false},mh:'0',onh:0,onw:0,bg:{color:'#E9E9E9'},plType:'0',plColor:'#FFFFFF'});   SR7.PMH[\"SR7_2_1\"].state=true;} else if(SR7.PMH[\"SR7_2_1\"].cn-->0)\tsetTimeout( SR7.PMH[\"SR7_2_1\"].fn,19);}};SR7.PMH[\"SR7_2_1\" ].fn();\n\t\t\t\t<\/script>\n[\/vc_column][vc_column width=&#8221;1\/2&#8243;][vc_custom_heading text=&#8221;Alkuper\u00e4inen mini bob (zipflbob) punaisena.&#8221; google_fonts=&#8221;font_family:Roboto%20Condensed%3A300%2C300italic%2Cregular%2Citalic%2C700%2C700italic|font_style:400%20regular%3A400%3Anormal&#8221;][vc_wp_text]Alkuper\u00e4ist\u00e4 punaista mini boba (Zipfelbob) on valmistettu vuodesta 1976 l\u00e4htien.<\/p>\n<p>Kaukoid\u00e4n valmistajat k\u00e4ytt\u00e4v\u00e4t kopioissaan nyt my\u00f6s v\u00e4riyhdistelm\u00e4\u00e4 &#8221;punainen ja musta&#8221; antaakseen vaikutelman, ett\u00e4 kyseess\u00e4 on alkuper\u00e4inen mini bob. Vain alkuper\u00e4isen mini bobin logon kanssa punainen zipflbob on todella alkuper\u00e4inen punainen mini bob! <\/p>\n<p>Olipa kyseess\u00e4 mies tai nainen, nuori tai vanha - hauskanpito mini bobin kanssa on taattu kaikille![\/vc_wp_text]<style type=\"text\/css\" data-type=\"the7_shortcodes-inline-css\">#default-btn-2829e7e17949ef38b562918d4dd366f1.ico-right-side > i {\n  margin-right: 0px;\n  margin-left: 8px;\n}\n#default-btn-2829e7e17949ef38b562918d4dd366f1 > i {\n  margin-right: 8px;\n}<\/style><a href=\"https:\/\/mini-bob.com\/fi\/produkt\/alkuperaeinen-mini-bob-zipfelbob-kelkka-punaisena\/\" class=\"default-btn-shortcode dt-btn dt-btn-l pulse animate-element animation-builder link-hover-off btn-inline-left \" id=\"default-btn-2829e7e17949ef38b562918d4dd366f1\" title=\"der mini bob\"><span>OSTAA PUNAINEN ZIPFELBOB<\/span><\/a>[\/vc_column][\/vc_row][vc_row][vc_column width=&#8221;1\/2&#8243;][vc_empty_space height=&#8221;110px&#8221;][vc_column_text]Alkuper\u00e4ist\u00e4 mini boba, joka tunnetaan my\u00f6s nimell\u00e4 Zipfelbob tai muovibob, valmistettiin keksint\u00f6ns\u00e4 alussa kauttaaltaan punaisena, mutta vasta my\u00f6hemmin p\u00e4\u00e4tettiin k\u00e4ytt\u00e4\u00e4 kontrastiv\u00e4rej\u00e4 punainen ja musta (&#8221;Zipfl&#8221; ja istuin mustana, Zipflbobin runko punaisena), kuten sit\u00e4 voi ostaa nyky\u00e4\u00e4nkin.<\/p>\n<p>Punainen mini bob erottuu erityisen hyvin lumivalkoisesta pinnasta, ja se on tuonut v\u00e4ri\u00e4 lumeen vuodesta 1976 l\u00e4htien.<\/p>\n<p>1970-luvun v\u00e4rikk\u00e4iden aikojen vaikutuksesta punainen zipflbob tekee edelleen vaikutuksen m\u00e4iss\u00e4 ja laskettelurinteiss\u00e4 - ikivihre\u00e4 punaisena.[\/vc_column_text][vc_empty_space]<style type=\"text\/css\" data-type=\"the7_shortcodes-inline-css\">#default-btn-f1c9ccbfb8fae0af7fbcfcaf063e9163.ico-right-side > i {\n  margin-right: 0px;\n  margin-left: 8px;\n}\n#default-btn-f1c9ccbfb8fae0af7fbcfcaf063e9163 > i {\n  margin-right: 8px;\n}<\/style><a href=\"https:\/\/mini-bob.com\/fi\/mini-bob\/\" class=\"default-btn-shortcode dt-btn dt-btn-l pulse animate-element animation-builder link-hover-off btn-inline-left \" id=\"default-btn-f1c9ccbfb8fae0af7fbcfcaf063e9163\" title=\"der mini bob\"><span>MINI BOB MUISSA V\u00c4REISS\u00c4<\/span><\/a>[vc_empty_space]<style type=\"text\/css\" data-type=\"the7_shortcodes-inline-css\">#default-btn-d8e1833bdfa22b111e6ba396b2bea75f.ico-right-side > i {\n  margin-right: 0px;\n  margin-left: 8px;\n}\n#default-btn-d8e1833bdfa22b111e6ba396b2bea75f > i {\n  margin-right: 8px;\n}<\/style><a href=\"https:\/\/mini-bob.com\/fi\/alkuperaeinen-mini-bob-zipfelbob-kauppa\/\" class=\"default-btn-shortcode dt-btn dt-btn-l pulse animate-element animation-builder link-hover-off btn-inline-left \" id=\"default-btn-d8e1833bdfa22b111e6ba396b2bea75f\" title=\"Original mini bob (Zipfelbob) Shop\"><span>KLIKKAA T\u00c4ST\u00c4 SIIRTY\u00c4KSESI SUORAAN KAUPPAAN<\/span><\/a>[\/vc_column][vc_column width=&#8221;1\/2&#8243; css=&#8221;.vc_custom_1660905577148{padding-top: 70px !important;}&#8221;][vc_single_image image=&#8221;160828&#8243; img_size=&#8221;large&#8221;][\/vc_column][\/vc_row][vc_row][vc_column][vc_single_image image=&#8221;160801&#8243; img_size=&#8221;full&#8221;][\/vc_column][\/vc_row][vc_row][vc_column][vc_wp_text]Alkuper\u00e4inen mini bob klassisessa punamustassa v\u00e4riss\u00e4 - muovibobien ikivihre\u00e4 tuote.[\/vc_wp_text][\/vc_column][\/vc_row]<\/p>\n<\/div>","protected":false},"excerpt":{"rendered":"<p>[vc_row][vc_column width=&#8221;1\/2&#8243;][\/vc_column][vc_column width=&#8221;1\/2&#8243;][vc_custom_heading text=&#8221;Alkuper\u00e4inen mini bob (zipflbob) punaisena.&#8221; google_fonts=&#8221;font_family:Roboto%20Condensed%3A300%2C300italic%2Cregular%2Citalic%2C700%2C700italic|font_style:400%20regular%3A400%3Anormal&#8221;][vc_wp_text]Alkuper\u00e4ist\u00e4 punaista mini boba (Zipfelbob) on valmistettu vuodesta 1976 l\u00e4htien. Kaukoid\u00e4n valmistajat k\u00e4ytt\u00e4v\u00e4t kopioissaan nyt my\u00f6s v\u00e4riyhdistelm\u00e4\u00e4 &#8221;punainen ja musta&#8221; antaakseen vaikutelman, ett\u00e4 kyseess\u00e4 on alkuper\u00e4inen mini bob. Vain alkuper\u00e4isen mini bobin logon kanssa punainen zipflbob on todella alkuper\u00e4inen punainen mini bob! Olipa kyseess\u00e4 mies tai nainen,&hellip;<\/p>\n","protected":false},"author":1,"featured_media":0,"parent":0,"menu_order":0,"comment_status":"closed","ping_status":"closed","template":"","meta":{"_acf_changed":false,"footnotes":""},"class_list":["post-161161","page","type-page","status-publish","hentry","description-off"],"acf":[],"_links":{"self":[{"href":"https:\/\/mini-bob.com\/fi\/wp-json\/wp\/v2\/pages\/161161","targetHints":{"allow":["GET"]}}],"collection":[{"href":"https:\/\/mini-bob.com\/fi\/wp-json\/wp\/v2\/pages"}],"about":[{"href":"https:\/\/mini-bob.com\/fi\/wp-json\/wp\/v2\/types\/page"}],"author":[{"embeddable":true,"href":"https:\/\/mini-bob.com\/fi\/wp-json\/wp\/v2\/users\/1"}],"replies":[{"embeddable":true,"href":"https:\/\/mini-bob.com\/fi\/wp-json\/wp\/v2\/comments?post=161161"}],"version-history":[{"count":5,"href":"https:\/\/mini-bob.com\/fi\/wp-json\/wp\/v2\/pages\/161161\/revisions"}],"predecessor-version":[{"id":161368,"href":"https:\/\/mini-bob.com\/fi\/wp-json\/wp\/v2\/pages\/161161\/revisions\/161368"}],"wp:attachment":[{"href":"https:\/\/mini-bob.com\/fi\/wp-json\/wp\/v2\/media?parent=161161"}],"curies":[{"name":"wp","href":"https:\/\/api.w.org\/{rel}","templated":true}]}}