{"id":161184,"date":"2015-02-28T15:18:16","date_gmt":"2015-02-28T14:18:16","guid":{"rendered":"https:\/\/mini-bob.com\/osta-mini-bob-zipfelbob\/"},"modified":"2025-11-25T10:31:41","modified_gmt":"2025-11-25T09:31:41","slug":"osta-mini-bob-zipfelbob","status":"publish","type":"page","link":"https:\/\/mini-bob.com\/fi\/osta-mini-bob-zipfelbob\/","title":{"rendered":"osta mini bob (Zipfelbob)"},"content":{"rendered":"<div class=\"wpb-content-wrapper\"><p>[vc_row][vc_column][vc_custom_heading text=&#8221;Zipfelbob - osta alkuper\u00e4inen mini bob kaupoista&#8221; google_fonts=&#8221;font_family:Roboto%20Condensed%3A300%2C300italic%2Cregular%2Citalic%2C700%2C700italic|font_style:400%20regular%3A400%3Anormal&#8221;][vc_column_text]Voit ostaa Original mini bobin (Zipfelbob) hyvin varustellusta urheilu- ja lelukaupasta l\u00e4helt\u00e4si!<\/p>\n<p>Jos paikallisella j\u00e4lleenmyyj\u00e4ll\u00e4si ei ole Original mini bobia, voit mielell\u00e4ni ohjata heid\u00e4t meille <a href=\"https:\/\/mini-bob.com\/fi\/odotamme-mielenkiinnolla-kyselyaesi\/?v=3a52f3c22ed6\">- otamme mielell\u00e4mme vastaan j\u00e4lleenmyyjien tiedustelut<\/a>.[\/vc_column_text]<style type=\"text\/css\" data-type=\"the7_shortcodes-inline-css\">#default-btn-3ab9bc353ed4d789d49b709ec1dad79c.ico-right-side > i {\n  margin-right: 0px;\n  margin-left: 8px;\n}\n#default-btn-3ab9bc353ed4d789d49b709ec1dad79c > i {\n  margin-right: 8px;\n}<\/style><a href=\"https:\/\/mini-bob.com\/fi\/alkuperaeinen-mini-bob-zipfelbob-kauppa\/\" class=\"default-btn-shortcode dt-btn dt-btn-l link-hover-off btn-inline-left \" id=\"default-btn-3ab9bc353ed4d789d49b709ec1dad79c\" title=\"Original mini bob (Zipfelbob) Shop\"><span>KLIKKAA T\u00c4ST\u00c4 KAUPPAAN<\/span><\/a>[vc_empty_space][vc_column_text]Voit ostaa alkuper\u00e4isen mini bobin (Zipfelbob) seuraavilta j\u00e4lleenmyyjilt\u00e4:[\/vc_column_text][\/vc_column][\/vc_row][vc_row][vc_column width=&#8221;1\/2&#8243;][vc_wp_text]<img decoding=\"async\" src=\"\/wp-content\/uploads\/2015\/02\/deutschland.gif\" alt=\"\" width=\"\" height=\"\">  <img decoding=\"async\" src=\"\/wp-content\/uploads\/2015\/02\/oestereich.gif\" alt=\"\" width=\"\" height=\"\">  <img decoding=\"async\" src=\"\/wp-content\/uploads\/2015\/02\/schweiz02.gif\" alt=\"\" width=\"\" height=\"\"><\/p>\n<p>Saksa, It\u00e4valta ja Sveitsi<\/p>\n<p>T\u00e4\u00e4lt\u00e4 saat alkuper\u00e4isten mini bobien <strong>erikoispainokset<\/strong> netist\u00e4:<\/p>\n<p><strong>mini bob Verkkokauppa<\/strong><br \/>\ns\u00e4hk\u00f6posti: vertrieb@mini-bob.com<\/p>\n<p>&nbsp;<\/p>\n<p><strong>Voit hankkia alkuper\u00e4isen mini bobin kaikissa muissa v\u00e4reiss\u00e4 netist\u00e4 t\u00e4\u00e4lt\u00e4:<\/strong><\/p>\n<p><strong>Rodelfuehrer.de<\/strong><br \/>\nFr\u00fchlingstr. 13<br \/>\n<strong>D-82223 Eichenau<\/strong><br \/>\nPuhelin: +49(0)89\/381695562<br \/>\n<a href=\"https:\/\/www.rodelfuehrer.de\/rodel-shop\/Zipflbob-Minibob\" target=\"_blank\" rel=\"nofollow noopener\">Verkkokauppa<\/a>: www.rodelfuehrer.de.<\/p>\n<p>&nbsp;<\/p>\n<p><strong>OBI Landsberg<\/strong><br \/>\nAm Penzinger Feld 21<br \/>\n<strong>D-86899 Landsberg<\/strong> am Lech<br \/>\nPuhelin: +49(0)8191 973900<br \/>\nVerkkosivusto: <a href=\"https:\/\/www.obi.de\/baumarkt\/landsberg-am-lech\/\" target=\"_blank\" rel=\"nofollow noopener\">OBI Landsberg<\/a><\/p>\n<p>&nbsp;<\/p>\n<p><strong>JAKO-O M\u00f6bel und Spielmittel f\u00fcr die junge Familie GmbH<\/strong><br \/>\nAugust-Grosch-Stra\u00dfe 28-38<br \/>\n<strong>D-96476 Bad<\/strong> Rodach<br \/>\n<a href=\"https:\/\/www.jako-o.de\/produkte-sport-kinder-sportgeraete-wintersport-mini-bob--047626.html\" target=\"_blank\" rel=\"nofollow noopener\">Verkkokauppa<\/a>: www.jako-o.de<\/p>\n<p>&nbsp;<\/p>\n<p><strong>JAKO-O It\u00e4valta verkkokauppa<\/strong><br \/>\n<strong>AT<\/strong><br \/>\n<a href=\"https:\/\/www.jako-o.at\/produkte-sport-sportarten-wintersport-mini-bob--047626.html\" target=\"_blank\" rel=\"nofollow noopener\">Verkkokauppa<\/a>: www.jako-o.at<\/p>\n<p>&nbsp;<\/p>\n<p><strong>Kastner &amp; \u00d6hler Mode GmbH<\/strong><br \/>\nSackstra\u00dfe 7-13<br \/>\n<strong>AT-8010 Graz<\/strong><br \/>\nPuhelin: +43 (0)316 870-0<br \/>\nS\u00e4hk\u00f6posti: <a href=\"https:\/\/www.kastner-oehler.at\/ZipflBob.html\" target=\"_blank\" rel=\"nofollow noopener\">kontakt@kastner-oehler<\/a>.at<br \/>\nVerkkokauppa: www.kastner-oehler.at.<\/p>\n<p>&nbsp;<\/p>\n<p><strong>McTREK ( <\/strong>YEAH! AG)<br \/>\nKeltenstr. 20b<br \/>\n<strong>D-63486 Bruchk\u00f6bel<\/strong><br \/>\nTel: +49 (0)6181-952630<br \/>\nWebshop: www.mctrek.de.<\/p>\n<p>&nbsp;<\/p>\n<p><strong>Globetrotter Equipment GmbH<\/strong><br \/>\n<strong>Saksan laajuinen<\/strong><br \/>\nOsta paikan p\u00e4\u00e4ll\u00e4: <a href=\"https:\/\/www.globetrotter.de\/filialen\/\" target=\"_blank\" rel=\"nofollow noopener\">Myym\u00e4l\u00e4haku<\/a><br \/>\n<a href=\"https:\/\/www.globetrotter.de\/shop\/zipflbob-308405\/\" target=\"_blank\" rel=\"nofollow noopener\">Verkkokauppa<\/a>: www.globetrotter.de<\/p>\n<p>&nbsp;<\/p>\n<p><strong>SchuhSki<\/strong><br \/>\nSalzburger Stra\u00dfe 92<br \/>\n<strong>AT-4820 Bad<\/strong> Ischl<br \/>\nPuhelin: +43 720 530 936<br \/>\nS\u00e4hk\u00f6posti: <a href=\"https:\/\/www.schuhski.com\/e-vendo.php?SessionId=&amp;a=search&amp;SearchStr=mini-bob\" target=\"_blank\" rel=\"nofollow noopener\">support@schuhski<\/a>.com<br \/>\nVerkkokauppa: www.schuhski.com.<\/p>\n<p>&nbsp;<\/p>\n<p><strong>Sport M\u00fcller<\/strong><br \/>\nPassauer Strasse 24<br \/>\n<strong>D-94060 Pocking<\/strong><br \/>\nPuhelin: +49(0)8531 4803<br \/>\nS\u00e4hk\u00f6posti: <a href=\"https:\/\/www.sportmueller-pocking.de\" target=\"_blank\" rel=\"nofollow noopener\">info@sportmueller-pocking<\/a>.de<br \/>\nVerkkokauppa: www.sportmueller-pocking.de.<\/p>\n<p>&nbsp;<\/p>\n<p><strong>Probst Household Goods<\/strong><br \/>\nBahnhofstr. 2<br \/>\n<strong>D-83661 Lenggries<\/strong><br \/>\nPuhelin: +49(0)8042 8931<br \/>\nS\u00e4hk\u00f6posti: <a href=\"https:\/\/www.haushaltswaren-lenggries.de\/\" target=\"_blank\" rel=\"nofollow noopener\">probst@haushaltswaren-lenggries<\/a>.de<br \/>\nWeb: https:\/\/haushaltswaren-lenggries.de.<\/p>\n<p>&nbsp;<\/p>\n<p><strong>Sport EDER + BERGER GmbH &amp; Co. KG<\/strong><br \/>\nSulzbacher Str. 1<br \/>\n<strong>D- 94152<\/strong> Neuhaus am Inn<br \/>\nPuhelin: +49(0)8503 86 10<br \/>\nS\u00e4hk\u00f6posti: <a href=\"https:\/\/www.tauchshop-online.de\/zipflbob_minibob-onlineshop.php\" target=\"_blank\" rel=\"nofollow noopener\">versand@eder-tauchsport<\/a>.de<br \/>\nWebshop: www.tauchshop-online.de.<\/p>\n<p>&nbsp;<\/p>\n<p><strong>Urheiluammattilainen<\/strong><br \/>\nFalkenburg 102<br \/>\n<strong>AT-8952 Irdning<\/strong>( <strong>verkkotoimitus Sveitsi!)<\/strong><br \/>\nPuhelin: +43 (0) 3682 229527<br \/>\nS\u00e4hk\u00f6posti: office@sportsprofi. <a href=\"https:\/\/www.sportsprofi.com\/Sportarten\/Rodelsport\/Bobs\/Bob-mit-Stiel-Zipfelbob.html\" target=\"_blank\" rel=\"nofollow noopener\">com<br \/>\n<\/a> Verkkokauppa: www.sportsprofi.com.<\/p>\n<p>&nbsp;<\/p>\n<p><strong>Sportworld24 GmbH<\/strong><br \/>\nGehringstrasse 26a<br \/>\n<strong>D-93444 Bad<\/strong> K\u00f6tzting<br \/>\nS\u00e4hk\u00f6posti: <a href=\"https:\/\/www.sportworld24.de\/de\/mini-bob-schlitten-bob-mini.html\" target=\"_blank\" rel=\"nofollow noopener\">info@sportworld24.de<br \/>\n<\/a> Verkkokauppa: www.sportworld24.de.[\/vc_wp_text][\/vc_column][vc_column width=&#8221;1\/2&#8243;][vc_wp_text]<\/p>\n<p>&nbsp;<\/p>\n<p><img loading=\"lazy\" decoding=\"async\" src=\"\/wp-content\/uploads\/2015\/02\/deutschland.gif\" width=\"46\" height=\"31\" alt=\"\"><\/p>\n<p><strong>INTERSPORT Multichannel GmbH<\/strong><br \/>\nWannen\u00e4ckerstrasse 36<br \/>\n<strong>D-74078 Heilbronn<\/strong><br \/>\nPuhelin: +49 7131 123 00 90<br \/>\nS\u00e4hk\u00f6posti: service@intersport.de.<\/p>\n<p>J\u00e4lleenmyyj\u00e4n paikannus: www. <a href=\"https:\/\/www.intersport.de\/suche?SearchTerm=M%C3%BCnchen&amp;SelectedSearchResult=MerchantSearch\" target=\"_blank\" rel=\"nofollow noopener\">intersport<\/a>.de<\/p>\n<p>&nbsp;<\/p>\n<p><img decoding=\"async\" src=\"\/wp-content\/uploads\/2015\/02\/oestereich.gif\" alt=\"\" width=\"\" height=\"\"><\/p>\n<p><strong>INTERSPORT Austria Gesellschaft mbH<\/strong><br \/>\nFlugplatzstra\u00dfe 10<br \/>\n<strong>AT-4600 Wels<\/strong><br \/>\nPuhelin: +43 7242 233 - 0<br \/>\n<a href=\"https:\/\/www.intersport.at\" target=\"_blank\" rel=\"nofollow noopener\">E-mail: headoffice@intersport<\/a>.at<br \/>\nWeb: www.intersport.at.<\/p>\n<p>J\u00e4lleenmyyj\u00e4n paikannus: www. <a href=\"https:\/\/www.intersport.at\/standorte\/index.html\" target=\"_blank\" rel=\"nofollow noopener\">intersport<\/a>.at<\/p>\n<p>Verkkokauppa: www. <a href=\"https:\/\/www.intersport.at\/eshop\/Snow-Ice\/Bobs-Schlitten\/Minibob-mit-Stiel-rot-30-000.html\" target=\"_blank\" rel=\"nofollow noopener\">intersport<\/a>.at<\/p>\n<p>&nbsp;<\/p>\n<p><img decoding=\"async\" src=\"\/wp-content\/uploads\/2017\/06\/spanien.gif\" alt=\"\" width=\"\" height=\"\">  <img loading=\"lazy\" decoding=\"async\" src=\"\/wp-content\/uploads\/2017\/06\/andorra.gif\" alt=\"\" width=\"46\" height=\"31\">  <img loading=\"lazy\" decoding=\"async\" src=\"\/wp-content\/uploads\/2017\/06\/portugal.gif\" alt=\"\" width=\"46\" height=\"31\"><\/p>\n<p><strong>Espanja, Andorra ja Portugali<br \/>\n<\/strong><\/p>\n<p><strong>Whitefun Sports<\/strong><br \/>\nc\/North 8<br \/>\n<strong>ES 25550<\/strong> Bossost<br \/>\nPuhelin: + 34 667594488<br \/>\nS\u00e4hk\u00f6posti <a href=\"https:\/\/www.whitefun.com\/sports\/es\/home\/70-minibob.html\" target=\"_blank\" rel=\"nofollow noopener\">: info@whitefun<\/a>.com<br \/>\nVerkkokauppa: www.whitefun.com.<\/p>\n<p>&nbsp;<\/p>\n<p><img loading=\"lazy\" decoding=\"async\" src=\"\/wp-content\/uploads\/2018\/01\/frankreich.gif\" width=\"46\" height=\"31\" alt=\"\"><\/p>\n<p><strong>Ranska<br \/>\n<\/strong><\/p>\n<p><strong>Val d&#8217;Allos Sport<\/strong><br \/>\n04260 La Foux d&#8217;Allos<br \/>\nOuvert toute la saison d&#8217;hiver 7\/7<br \/>\nPuhelin: + <a class=\"_sEo iGHZATw6ZO1Y-6WH35iSZ2V0 rllt__link\" style=\"padding-right: 0;\" tabindex=\"0\" role=\"link\" data-rtid=\"iGHZATw6ZO1Y\" data-cid=\"1123861482795003801\" data-ved=\"0ahUKEwi_u-SP1cjYAhWB2KQKHee6BxIQyTMILzAA\"><span class=\"rllt__details lqhpac\">33 6 24 82 57 73<\/span><\/a><br \/>\nS\u00e4hk\u00f6posti: info@valdallossport.fr<br \/>\nVerkkokauppa: www.valdallossport.fr.<\/p>\n<p>&nbsp;<\/p>\n<p><img loading=\"lazy\" decoding=\"async\" src=\"\/wp-content\/uploads\/2018\/11\/hu.png\" width=\"46\" height=\"31\" alt=\"\"><\/p>\n<p><strong>Unkari<br \/>\n<\/strong><\/p>\n<p><strong>SKI TRAVEL UTAZASI IRODA<\/strong><br \/>\n8200 Veszprem<br \/>\n<span class=\"rllt__details lqhpac\">Budapest ut 89\/A.<\/span><br \/>\n<span class=\"rllt__details lqhpac\"> Puhelin: + 36 88 567 401<br \/>\nS\u00e4hk\u00f6posti: sitanoda@skitravel.hu<br \/>\nWebshop: www.sitanoda.hu.<\/span><\/p>\n<p>&nbsp;<\/p>\n<p><img decoding=\"async\" src=\"\/wp-content\/uploads\/2015\/02\/rumaenien.gif\" alt=\"\" width=\"\" height=\"\"><\/p>\n<p><strong>Romania<\/strong><\/p>\n<p><strong>SC Toptools SRL<\/strong><br \/>\nStr. Meteor 71B<br \/>\nCluj Napoca 400492<br \/>\nPuhelin: <a href=\"https:\/\/www.sanius.ro\" target=\"_blank\" rel=\"nofollow noopener\">+40264438490<br \/>\n<\/a> S\u00e4hk\u00f6posti: info@sanuis.ro<br \/>\nVerkkokauppa: www.sanius.ro.<\/p>\n<p>&nbsp;<\/p>\n<p><img decoding=\"async\" src=\"\/wp-content\/uploads\/2015\/02\/europa.gif\" alt=\"\" width=\"\" height=\"\"><\/p>\n<p><strong style=\"font-style: normal;\">IIC-INTERSPORT International Corporation<\/strong><br \/>\nWeb: www.intersport.com.<\/p>\n<p>&nbsp;<\/p>\n<p><img loading=\"lazy\" decoding=\"async\" src=\"\/wp-content\/uploads\/2016\/08\/norwegen.gif\" alt=\"\" width=\"46\" height=\"31\">  <img loading=\"lazy\" decoding=\"async\" src=\"\/wp-content\/uploads\/2016\/08\/finnland.gif\" alt=\"\" width=\"46\" height=\"31\">  <img loading=\"lazy\" decoding=\"async\" src=\"\/wp-content\/uploads\/2016\/08\/schweden.gif\" alt=\"\" width=\"46\" height=\"31\"><\/p>\n<p>mini bob\/Zipflbob Skandinaviassa:<\/p>\n<p>Norja:<\/p>\n<p><strong style=\"font-style: normal;\">Snowcon<\/strong><br \/>\nWeb: www.snowcon.no<br \/>\nmail: kundeservice@snowcon.no<\/p>\n<p>Ruotsi:<\/p>\n<p><strong style=\"font-style: normal;\">Snowcon<\/strong><br \/>\nWeb: www.snowcon.se<br \/>\nmail: kundeservice@snowcon.se<\/p>\n<p>Suomi:<\/p>\n<p><strong style=\"font-style: normal;\">Snowcon<\/strong><br \/>\nWeb: www.snowcon.fi<br \/>\nmail: kundeservice@snowcon.fi<\/p>\n<p>[\/vc_wp_text][\/vc_column][\/vc_row][vc_row][vc_column][vc_empty_space][\/vc_column][\/vc_row][vc_row][vc_column][vc_custom_heading text=&#8221;Haluatko tulla alkuper\u00e4iseksi mini bob -j\u00e4lleenmyyj\u00e4ksi?&#8221; google_fonts=&#8221;font_family:Roboto%20Condensed%3A300%2C300italic%2Cregular%2Citalic%2C700%2C700italic|font_style:400%20regular%3A400%3Anormal&#8221;]<style type=\"text\/css\" data-type=\"the7_shortcodes-inline-css\">#default-btn-eb9a28d63dd345943139cdd1a5e3c9fc.ico-right-side > i {\n  margin-right: 0px;\n  margin-left: 8px;\n}\n#default-btn-eb9a28d63dd345943139cdd1a5e3c9fc > i {\n  margin-right: 8px;\n}<\/style><a href=\"https:\/\/mini-bob.com\/fi\/odotamme-mielenkiinnolla-kyselyaesi\/\" class=\"default-btn-shortcode dt-btn dt-btn-l pulse animate-element animation-builder link-hover-off btn-inline-left \" id=\"default-btn-eb9a28d63dd345943139cdd1a5e3c9fc\" title=\"Wir freuen uns auf Ihre Anfrage!\"><span>RYHDY J\u00c4LLEENMYYJ\u00c4KSI<\/span><\/a>[\/vc_column][\/vc_row][vc_row][vc_column][vc_empty_space][\/vc_column][\/vc_row][vc_row][vc_column][vc_column_text]Kun ostat mini bobin (tai Zipfybobin, zipflbobin tai Zipfelbobin), varmista aina, ett\u00e4 se on alkuper\u00e4inen mini bob! Tunnistat sen alkuper\u00e4isest\u00e4 mini bobin logosta. Lis\u00e4tietoa t\u00e4st\u00e4 l\u00f6yd\u00e4t osoitteesta: <a href=\"https:\/\/mini-bob.com\/fi\/mini-bob\/\">mini bob<\/a>.  <\/p>\n<p>Jos etsit \u00e4\u00e4rimm\u00e4ist\u00e4 <a href=\"https:\/\/mini-bob.com\/fi\/plastic-bob-osta-muovikelkat\/\">muovibobia, popo<\/a> <a href=\"https:\/\/mini-bob.com\/fi\/poporutscher-muovikulho-vai-mini-bob\/\">-liukum\u00e4ke\u00e4,<\/a> <a href=\"https:\/\/mini-bob.com\/fi\/plastic-bob-osta-muovikelkat\/\">muovikelkkaa, bobia tai<\/a> <a href=\"https:\/\/mini-bob.com\/fi\/billet-bob-osta\/\">bob-kelkkaa<\/a>, <a href=\"https:\/\/mini-bob.com\/fi\/bob-sledge-min-bob-modernin-kelkkailun-perimmaeinen-tuote\/\">sinun kannattaa valita <\/a>alkuper\u00e4inen mini bob!<\/p>\n<p>Osta alkuper\u00e4inen Zipfelbob - Saksassa valmistettu laatu vuodesta 1976 l\u00e4htien.[\/vc_column_text][\/vc_column][\/vc_row]<\/p>\n<\/div>","protected":false},"excerpt":{"rendered":"<p>[vc_row][vc_column][vc_custom_heading text=&#8221;Zipfelbob - osta alkuper\u00e4inen mini bob kaupoista&#8221; google_fonts=&#8221;font_family:Roboto%20Condensed%3A300%2C300italic%2Cregular%2Citalic%2C700%2C700italic|font_style:400%20regular%3A400%3Anormal&#8221;][vc_column_text]Voit ostaa Original mini bobin (Zipfelbob) hyvin varustellusta urheilu- ja lelukaupasta l\u00e4helt\u00e4si! Jos paikallisella j\u00e4lleenmyyj\u00e4ll\u00e4si ei ole Original mini bobia, voit mielell\u00e4ni ohjata heid\u00e4t meille - otamme mielell\u00e4mme vastaan j\u00e4lleenmyyjien tiedustelut.[\/vc_column_text][vc_empty_space][vc_column_text]Voit ostaa alkuper\u00e4isen mini bobin (Zipfelbob) seuraavilta j\u00e4lleenmyyjilt\u00e4:[\/vc_column_text][\/vc_column][\/vc_row][vc_row][vc_column width=&#8221;1\/2&#8243;][vc_wp_text] Saksa, It\u00e4valta ja Sveitsi T\u00e4\u00e4lt\u00e4 saat alkuper\u00e4isten mini&hellip;<\/p>\n","protected":false},"author":1,"featured_media":0,"parent":0,"menu_order":0,"comment_status":"closed","ping_status":"closed","template":"","meta":{"_acf_changed":false,"footnotes":""},"class_list":["post-161184","page","type-page","status-publish","hentry","description-off"],"acf":[],"_links":{"self":[{"href":"https:\/\/mini-bob.com\/fi\/wp-json\/wp\/v2\/pages\/161184","targetHints":{"allow":["GET"]}}],"collection":[{"href":"https:\/\/mini-bob.com\/fi\/wp-json\/wp\/v2\/pages"}],"about":[{"href":"https:\/\/mini-bob.com\/fi\/wp-json\/wp\/v2\/types\/page"}],"author":[{"embeddable":true,"href":"https:\/\/mini-bob.com\/fi\/wp-json\/wp\/v2\/users\/1"}],"replies":[{"embeddable":true,"href":"https:\/\/mini-bob.com\/fi\/wp-json\/wp\/v2\/comments?post=161184"}],"version-history":[{"count":2,"href":"https:\/\/mini-bob.com\/fi\/wp-json\/wp\/v2\/pages\/161184\/revisions"}],"predecessor-version":[{"id":161361,"href":"https:\/\/mini-bob.com\/fi\/wp-json\/wp\/v2\/pages\/161184\/revisions\/161361"}],"wp:attachment":[{"href":"https:\/\/mini-bob.com\/fi\/wp-json\/wp\/v2\/media?parent=161184"}],"curies":[{"name":"wp","href":"https:\/\/api.w.org\/{rel}","templated":true}]}}