{"id":161215,"date":"2014-05-30T13:54:44","date_gmt":"2014-05-30T11:54:44","guid":{"rendered":"https:\/\/mini-bob.com\/mini-bobin-koti-alkuperaeinen-zipflbobin-koti\/"},"modified":"2026-01-01T21:34:54","modified_gmt":"2026-01-01T20:34:54","slug":"mini-bobin-koti-alkuperaeinen-zipflbobin-koti","status":"publish","type":"page","link":"https:\/\/mini-bob.com\/fi\/","title":{"rendered":"Mini bobin koti - alkuper\u00e4inen zipflbobin koti"},"content":{"rendered":"<div class=\"wpb-content-wrapper\"><p>[vc_row][vc_column][vc_custom_heading text=&#8221;alkuper\u00e4inen Zipfelbob vuodesta 1976 - mini bob&#8221; font_container=&#8221;tag:h3|text_align:left&#8221; google_fonts=&#8221;font_family:Roboto%20Condensed%3A300%2C300italic%2Cregular%2Citalic%2C700%2C700italic|font_style:400%20regular%3A400%3Anormal&#8221;][vc_empty_space]<script>console.log(\"mini bob intro 1: No active slides found\")<\/script>\n[vc_separator][vc_custom_heading text=&#8221;Saksassa valmistettua laatua vuodesta 1976&#8243; font_container=&#8221;tag:h3|text_align:left&#8221; google_fonts=&#8221;font_family:Roboto%20Condensed%3A300%2C300italic%2Cregular%2Citalic%2C700%2C700italic|font_style:400%20regular%3A400%3Anormal&#8221;][vc_separator][vc_column_text css=&#8221;&#8221;]Mini bob (alkuper\u00e4inen zipflbob) on jo yli 50 vuoden ajan osoittanut, mist\u00e4 se on tehty. It\u00e4vallassa 1970-luvulla syntynyt mini bob, joka tunnetaan alppialueella my\u00f6s hell\u00e4sti nimell\u00e4 zipflbob, el\u00e4\u00e4 edelleen innostuneen faniyhteis\u00f6ns\u00e4 ideoiden ja luovuuden ansiosta. Yksi asia on kuitenkin aina ollut etualalla&#8230;. MAXISPASS nuorille ja vanhoille alkuper\u00e4isell\u00e4 mini bobilla.[\/vc_column_text][vc_empty_space][\/vc_column][\/vc_row][vc_row][vc_column width=&#8221;1\/2&#8243;][vc_wp_text]<\/p>\n<p style=\"margin-left: 60px; margin-top: 47px;\"><img loading=\"lazy\" decoding=\"async\" title=\"alkuper\u00e4inen Zipfelbob - zipflbob punainen\" src=\"\/wp-content\/uploads\/2015\/01\/mini-bob-rot-500px.png\" alt=\"mini bob - alkuper\u00e4inen zipflbob Zipfelbob Zipfelbob\" width=\"500\" height=\"433\"><\/p>\n<p>[\/vc_wp_text][\/vc_column][vc_column width=&#8221;1\/2&#8243;][vc_accordion active_tab=&#8221;1&#8243; title=&#8221;mini bob - Miksi alkuper\u00e4inen?&#8221;][vc_accordion_tab title=&#8221;Menestyksek\u00e4s ja muuttumaton vuodesta 1976&#8243;][vc_column_text]1970-luvulla tapahtuneesta kehittelyst\u00e4\u00e4n l\u00e4htien mini bob on kokenut monia kehitysvaiheita, kunnes se on saavuttanut sen muodon ja t\u00e4ydellisyyden, joka sill\u00e4 on nyky\u00e4\u00e4nkin.<\/p>\n<p>Mini bob on valmistettu Saksassa t\u00e4ydellistetyll\u00e4 mallilla vuodesta 1976 l\u00e4htien - jo tuolloin materiaaleissa ja tuotannossa otettiin huomioon toiminnallisuus, muotoilu, kest\u00e4vyys ja ymp\u00e4rist\u00f6yst\u00e4v\u00e4llisyys.<\/p>\n<p>Mini bobissa on ergonominen istuinmuoto ja t\u00e4ydellisesti muotoiltu kahva, mik\u00e4 takaa maksimaalisen hauskuuden ja turvallisuuden nuorille ja nuorille.<\/p>\n<p>Joystickin ja erikoismuodon ansiosta mini bob voidaan ohjata tarkasti, nopeasti ja turvallisesti. Intuitiivisen toimintakonseptin ansiosta sill\u00e4 on ilo ajaa heti ensimm\u00e4isest\u00e4 minuutista l\u00e4htien. <\/p>\n<p>Jo vuosia ennen asiaa koskevan lains\u00e4\u00e4d\u00e4nn\u00f6n k\u00e4ytt\u00f6\u00f6nottoa huolehdittiin siit\u00e4, ett\u00e4 mini bob valmistettiin ilman ftalaatteja (ilman pehmittimi\u00e4). Viel\u00e4 nyky\u00e4\u00e4nkin mini bob l\u00e4p\u00e4isee korkeimmat materiaali- ja turvallisuustestit ilman valituksia.[\/vc_column_text][\/vc_accordion_tab][vc_accordion_tab title=&#8221;Bob.art Industry Award 2014 -kunniamaininta j\u00e4lleen kerran!&#8221;][vc_column_text]Painon, nopeuden, vakauden, t\u00e4ydellisen tasapainon ja muotoilun yhdistelm\u00e4 ei ole tae voitoista ainoastaan Formula 1:ss\u00e4!<\/p>\n<p>Toisin kuin tuotteidemme j\u00e4ljenn\u00f6kset, t\u00e4m\u00e4 takuu on ollut osa alkuper\u00e4ist\u00e4 mini boba alusta alkaen. T\u00e4m\u00e4 takaa sinulle mahdollisimman korkean tason turvallista ajohupia.[\/vc_column_text][\/vc_accordion_tab][vc_accordion_tab title=&#8221;Keksitty It\u00e4vallassa - Tehty Saksassa&#8221;][vc_column_text]1970-luvulla tapahtuneesta keksinn\u00f6st\u00e4\u00e4n l\u00e4htien mini boba on valmistettu yksinomaan Saksassa. T\u00e4m\u00e4 takaa t\u00e4lle korkealaatuiselle tuotteelle asetetut korkeat vaatimukset ja takaa k\u00e4ytt\u00e4j\u00e4lle maksimaalisen turvallisuuden ja kest\u00e4vyyden. <\/p>\n<p>Alkuper\u00e4inen mini bob on sukupolvien laatutuote - ei vain tyls\u00e4 muovibob.[\/vc_column_text][\/vc_accordion_tab][\/vc_accordion][\/vc_column][\/vc_row][vc_row][vc_column][vc_separator][\/vc_column][\/vc_row][vc_row][vc_column][vc_empty_space][vc_cta h2=&#8221;Klikkaa t\u00e4st\u00e4 siirty\u00e4ksesi verkkokauppaan&#8221; txt_align=&#8221;justify&#8221; shape=&#8221;square&#8221; add_button=&#8221;left&#8221; btn_title=&#8221;mini bob shopiin&#8221; btn_shape=&#8221;square&#8221; btn_color=&#8221;danger&#8221; btn_size=&#8221;lg&#8221; btn_align=&#8221;right&#8221; btn_i_type=&#8221;the7&#8243; btn_i_icon_the7=&#8221;icomoon-the7-font-the7-arrow-27&#8243; btn_button_block=&#8221;true&#8221; btn_add_icon=&#8221;true&#8221; btn_link=&#8221;url:https%3A%2F%2Fmini-bob.com%2Fmini-bob-zipfelbob-shop%2F|title:osta%20mini%20bob%20%28Zipfelbob%29|&#8221;]Voit my\u00f6s ostaa kaikki t\u00e4ll\u00e4 hetkell\u00e4 saatavilla olevat v\u00e4rit verkkokaupastamme.[\/vc_cta][vc_cta h2=&#8221;ostaa mini bob - zipflbob?&#8221; txt_align=&#8221;justify&#8221; shape=&#8221;square&#8221; add_button=&#8221;left&#8221; btn_title=&#8221;ostaa mini bob&#8221; btn_shape=&#8221;square&#8221; btn_color=&#8221;danger&#8221; btn_size=&#8221;lg&#8221; btn_i_type=&#8221;the7&#8243; btn_i_icon_the7=&#8221;icomoon-the7-font-the7-arrow-27&#8243; btn_add_icon=&#8221;true&#8221; btn_link=&#8221;url:https%3A%2F%2Fmini-bob.com%2Ffi%2Fosta-mini-bob-zipfelbob%2F|title:osta%20mini%20bob%20%28Zipfelbob%29|&#8221;]Voit ostaa alkuper\u00e4isen mini bobin sertifioiduilta j\u00e4lleenmyyjilt\u00e4 t\u00e4\u00e4lt\u00e4![\/vc_cta][vc_cta h2=&#8221;Ryhdytk\u00f6 kauppakumppaniksi?&#8221; txt_align=&#8221;justify&#8221; shape=&#8221;square&#8221; add_button=&#8221;left&#8221; btn_title=&#8221;Kumppanitiedustelu&#8221; btn_shape=&#8221;square&#8221; btn_color=&#8221;danger&#8221; btn_size=&#8221;lg&#8221; btn_align=&#8221;right&#8221; btn_i_type=&#8221;the7&#8243; btn_i_icon_the7=&#8221;icomoon-the7-font-the7-arrow-27&#8243; btn_button_block=&#8221;true&#8221; btn_add_icon=&#8221;true&#8221; btn_link=&#8221;url:https%3A%2F%2Fmini-bob.com%2Ffi%2Fodotamme-mielenkiinnolla-kyselyaesi%2F|title:osta%20mini%20bob%20%28Zipfelbob%29|&#8221;]Onko sinulla kauppa tai verkkokauppa ja haluaisitko myyd\u00e4 alkuper\u00e4ist\u00e4 mini bobia?[\/vc_cta][\/vc_column][\/vc_row][vc_row][vc_column][vc_empty_space][vc_basic_grid post_type=&#8221;post&#8221; max_items=&#8221;10&#8243; element_width=&#8221;3&#8243; grid_id=&#8221;vc_gid:1767299586999-9e25d1ab-97fc-2&#8243;][\/vc_column][\/vc_row]<\/p>\n<\/div>","protected":false},"excerpt":{"rendered":"<p>[vc_row][vc_column][vc_custom_heading text=&#8221;alkuper\u00e4inen Zipfelbob vuodesta 1976 - mini bob&#8221; font_container=&#8221;tag:h3|text_align:left&#8221; google_fonts=&#8221;font_family:Roboto%20Condensed%3A300%2C300italic%2Cregular%2Citalic%2C700%2C700italic|font_style:400%20regular%3A400%3Anormal&#8221;][vc_empty_space][vc_separator][vc_custom_heading text=&#8221;Saksassa valmistettua laatua vuodesta 1976&#8243; font_container=&#8221;tag:h3|text_align:left&#8221; google_fonts=&#8221;font_family:Roboto%20Condensed%3A300%2C300italic%2Cregular%2Citalic%2C700%2C700italic|font_style:400%20regular%3A400%3Anormal&#8221;][vc_separator][vc_column_text css=&#8221;&#8221;]Mini bob (alkuper\u00e4inen zipflbob) on jo yli 50 vuoden ajan osoittanut, mist\u00e4 se on tehty. It\u00e4vallassa 1970-luvulla syntynyt mini bob, joka tunnetaan alppialueella my\u00f6s hell\u00e4sti nimell\u00e4 zipflbob, el\u00e4\u00e4 edelleen innostuneen faniyhteis\u00f6ns\u00e4 ideoiden ja luovuuden ansiosta. Yksi asia on&hellip;<\/p>\n","protected":false},"author":1,"featured_media":0,"parent":0,"menu_order":0,"comment_status":"closed","ping_status":"closed","template":"","meta":{"_acf_changed":false,"footnotes":""},"class_list":["post-161215","page","type-page","status-publish","hentry","description-off"],"acf":[],"_links":{"self":[{"href":"https:\/\/mini-bob.com\/fi\/wp-json\/wp\/v2\/pages\/161215","targetHints":{"allow":["GET"]}}],"collection":[{"href":"https:\/\/mini-bob.com\/fi\/wp-json\/wp\/v2\/pages"}],"about":[{"href":"https:\/\/mini-bob.com\/fi\/wp-json\/wp\/v2\/types\/page"}],"author":[{"embeddable":true,"href":"https:\/\/mini-bob.com\/fi\/wp-json\/wp\/v2\/users\/1"}],"replies":[{"embeddable":true,"href":"https:\/\/mini-bob.com\/fi\/wp-json\/wp\/v2\/comments?post=161215"}],"version-history":[{"count":17,"href":"https:\/\/mini-bob.com\/fi\/wp-json\/wp\/v2\/pages\/161215\/revisions"}],"predecessor-version":[{"id":165357,"href":"https:\/\/mini-bob.com\/fi\/wp-json\/wp\/v2\/pages\/161215\/revisions\/165357"}],"wp:attachment":[{"href":"https:\/\/mini-bob.com\/fi\/wp-json\/wp\/v2\/media?parent=161215"}],"curies":[{"name":"wp","href":"https:\/\/api.w.org\/{rel}","templated":true}]}}