{"id":161222,"date":"2015-02-05T15:21:38","date_gmt":"2015-02-05T14:21:38","guid":{"rendered":"https:\/\/mini-bob.com\/ajo-ohjeet\/"},"modified":"2025-11-23T19:14:37","modified_gmt":"2025-11-23T18:14:37","slug":"ajo-ohjeet","status":"publish","type":"page","link":"https:\/\/mini-bob.com\/fi\/ajo-ohjeet\/","title":{"rendered":"Ajo-ohjeet"},"content":{"rendered":"<div class=\"wpb-content-wrapper\"><p>[vc_row][vc_column][vc_custom_heading text=&#8221;Zipfelbobin ajo-ohjeet&#8221; google_fonts=&#8221;font_family:Roboto%20Condensed%3A300%2C300italic%2Cregular%2Citalic%2C700%2C700italic|font_style:400%20regular%3A400%3Anormal&#8221;][vc_column_text]Opit hallitsemaan mini bobin turvallisesti hetkess\u00e4!<br \/>\nKokeile ja opettele ratsastustekniikkaa ensin maastossa, jossa on loiva kaltevuus, ennen kuin k\u00e4yt\u00e4t mini boba jyrkiss\u00e4 rinteiss\u00e4 - auta lapsia oppimaan![\/vc_column_text][\/vc_column][\/vc_row][vc_row][vc_column width=&#8221;1\/2&#8243;][vc_single_image image=&#8221;161225&#8243; img_size=&#8221;large&#8221;][\/vc_column][vc_column width=&#8221;1\/2&#8243;][vc_single_image image=&#8221;161226&#8243; img_size=&#8221;large&#8221;][\/vc_column][\/vc_row][vc_row][vc_column][vc_column_text]<strong>Aloitteleville kuljettajille:<\/strong><\/p>\n<p>Jarrutus: Ved\u00e4 ohjaussauvaa vartaloa kohti (t\u00e4h\u00e4n k\u00e4ytet\u00e4\u00e4n vain mini bobin takareunaa) ja pid\u00e4 yl\u00e4vartalo suorassa. \u00c4l\u00e4 k\u00e4yt\u00e4 jalkojasi jarruttamiseen - ne ovat vain vakauden vuoksi! <\/p>\n<p>Ohjaus: Siirr\u00e4 yl\u00e4vartaloasi vasemmalle tai oikealle sen mukaan, mihin suuntaan haluat ohjata, ja pid\u00e4 aina tukevasti kiinni kahvasta!<\/p>\n<p>Ratsastaa: Istu mukavasti mini bobin p\u00e4\u00e4lle ja tartu ohjaustankoon molemmin k\u00e4sin. Jalkojesi on aina lev\u00e4tt\u00e4v\u00e4 tukipinnalla - jalat eiv\u00e4t saa koskettaa maata ajon aikana. <\/p>\n<p><strong>Vinkkej\u00e4 ammattilaisille:<\/strong><\/p>\n<p>Aloitus \/ tasaiset osuudet: Tarkista, ett\u00e4 istut tukevasti mini bobin p\u00e4\u00e4ll\u00e4 ja kiinnit\u00e4 ohjaussauva jalkojesi v\u00e4liin. Voit nyt antaa ty\u00f6nt\u00f6voimaa molemmilla k\u00e4sivarsilla. <\/p>\n<p>Ohjaus: Jos haluat ohjata jyrkki\u00e4 mutkia, voit my\u00f6s irrottaa mutkan sis\u00e4puolella olevan k\u00e4den kahvasta ja ojentaa sen sivulle, jolloin kurotat kevyesti lumeen. (Varmista, ett\u00e4 k\u00e4yt\u00e4t sopivia k\u00e4sineit\u00e4 ja olet tietoinen mahdollisista vaaroista, kuten kivist\u00e4 lumessa). <\/p>\n<p>Nopeus: Ammattilaiset v\u00e4hent\u00e4v\u00e4t ilmanvastusta siirt\u00e4m\u00e4ll\u00e4 yl\u00e4vartalonsa mahdollisimman kauas taaksep\u00e4in ja ojentamalla jalkansa (\u00e4l\u00e4 p\u00e4\u00e4st\u00e4 irti kahvasta!) - n\u00e4in he optimoivat ajonopeutensa.<\/p>\n<p><strong>Huomaa: Jalkoja<\/strong> ja jalkateri\u00e4 ei tarvita ajo-operaatioissa. Ne vain takaavat vakauden! Lue my\u00f6s vaatetusohjeet usein <a title=\"FAQ\" href=\"https:\/\/mini-bob.com\/faq\/\">kysytyist\u00e4 kysymyksist\u00e4.<\/a> Kaikilla on mini bob turvallisesti hallinnassa, sill\u00e4 se tottelee ajajaansa, olipa h\u00e4n sitten nuori tai vanha, &#8221;sanasta sanaan&#8221;. Istu sen p\u00e4\u00e4lle ja l\u00e4hde liikkeelle.[\/vc_column_text][\/vc_column][\/vc_row][vc_row][vc_column][vc_custom_heading text=&#8221;Historialliset ajo-ohjeet vuodelta 1970&#8243; google_fonts=&#8221;font_family:Roboto%20Condensed%3A300%2C300italic%2Cregular%2Citalic%2C700%2C700italic|font_style:400%20regular%3A400%3Anormal&#8221;][vc_single_image image=&#8221;161227&#8243; img_size=&#8221;large&#8221;][\/vc_column][\/vc_row]<\/p>\n<\/div>","protected":false},"excerpt":{"rendered":"<p>[vc_row][vc_column][vc_custom_heading text=&#8221;Zipfelbobin ajo-ohjeet&#8221; google_fonts=&#8221;font_family:Roboto%20Condensed%3A300%2C300italic%2Cregular%2Citalic%2C700%2C700italic|font_style:400%20regular%3A400%3Anormal&#8221;][vc_column_text]Opit hallitsemaan mini bobin turvallisesti hetkess\u00e4! Kokeile ja opettele ratsastustekniikkaa ensin maastossa, jossa on loiva kaltevuus, ennen kuin k\u00e4yt\u00e4t mini boba jyrkiss\u00e4 rinteiss\u00e4 - auta lapsia oppimaan![\/vc_column_text][\/vc_column][\/vc_row][vc_row][vc_column width=&#8221;1\/2&#8243;][vc_single_image image=&#8221;161225&#8243; img_size=&#8221;large&#8221;][\/vc_column][vc_column width=&#8221;1\/2&#8243;][vc_single_image image=&#8221;161226&#8243; img_size=&#8221;large&#8221;][\/vc_column][\/vc_row][vc_row][vc_column][vc_column_text]Aloitteleville kuljettajille: Jarrutus: Ved\u00e4 ohjaussauvaa vartaloa kohti (t\u00e4h\u00e4n k\u00e4ytet\u00e4\u00e4n vain mini bobin takareunaa) ja pid\u00e4 yl\u00e4vartalo suorassa. \u00c4l\u00e4 k\u00e4yt\u00e4 jalkojasi&hellip;<\/p>\n","protected":false},"author":1,"featured_media":0,"parent":0,"menu_order":0,"comment_status":"closed","ping_status":"closed","template":"","meta":{"_acf_changed":false,"footnotes":""},"class_list":["post-161222","page","type-page","status-publish","hentry","description-off"],"acf":[],"_links":{"self":[{"href":"https:\/\/mini-bob.com\/fi\/wp-json\/wp\/v2\/pages\/161222","targetHints":{"allow":["GET"]}}],"collection":[{"href":"https:\/\/mini-bob.com\/fi\/wp-json\/wp\/v2\/pages"}],"about":[{"href":"https:\/\/mini-bob.com\/fi\/wp-json\/wp\/v2\/types\/page"}],"author":[{"embeddable":true,"href":"https:\/\/mini-bob.com\/fi\/wp-json\/wp\/v2\/users\/1"}],"replies":[{"embeddable":true,"href":"https:\/\/mini-bob.com\/fi\/wp-json\/wp\/v2\/comments?post=161222"}],"version-history":[{"count":2,"href":"https:\/\/mini-bob.com\/fi\/wp-json\/wp\/v2\/pages\/161222\/revisions"}],"predecessor-version":[{"id":161250,"href":"https:\/\/mini-bob.com\/fi\/wp-json\/wp\/v2\/pages\/161222\/revisions\/161250"}],"wp:attachment":[{"href":"https:\/\/mini-bob.com\/fi\/wp-json\/wp\/v2\/media?parent=161222"}],"curies":[{"name":"wp","href":"https:\/\/api.w.org\/{rel}","templated":true}]}}