{"id":161235,"date":"2014-03-25T15:34:11","date_gmt":"2014-03-25T14:34:11","guid":{"rendered":"https:\/\/mini-bob.com\/faq\/"},"modified":"2025-11-23T19:14:34","modified_gmt":"2025-11-23T18:14:34","slug":"faq","status":"publish","type":"page","link":"https:\/\/mini-bob.com\/fi\/faq\/","title":{"rendered":"FAQ"},"content":{"rendered":"<div class=\"wpb-content-wrapper\"><p>[vc_row][vc_column][vc_custom_heading text=&#8221;Kysymyksi\u00e4? Me vastaamme niihin! &#8221; font_container=&#8221;tag:h4|text_align:left&#8221; google_fonts=&#8221;font_family:Roboto%20Condensed%3A300%2C300italic%2Cregular%2Citalic%2C700%2C700italic|font_style:400%20regular%3A400%3Anormal&#8221;][vc_column_text]Yrit\u00e4mme t\u00e4ss\u00e4 vastata kaikkiin kysymyksiisi mini bobista - jos tarvitset viel\u00e4 lis\u00e4tietoja, \u00e4l\u00e4 ep\u00e4r\u00f6i ottaa meihin yhteytt\u00e4![\/vc_column_text][\/vc_column][\/vc_row][vc_row][vc_column][vc_toggle title=&#8221;Mist\u00e4 voin tunnistaa alkuper\u00e4isen mini bobin?&#8221; style=&#8221;round&#8221;]Alkuper\u00e4isen mini bobin tunnistaa sen etupuolelle kohokuvioidusta, suojattua mini bob -logoa muistuttavasta erottamattomasta merkist\u00e4.<\/p>\n<p><img decoding=\"async\" src=\"\/wp-content\/uploads\/2015\/02\/MaxispassmitMinibob.gif\" alt=\"\" width=\"300\">[\/vc_toggle][vc_toggle title=&#8221;Mik\u00e4 on zipflbob?&#8221; style=&#8221;round&#8221;]Mini bob tunnetaan my\u00f6s hell\u00e4sti (murteesta riippuen) nimill\u00e4 &#8221;zipflbob&#8221;, &#8221;Zipfelbob&#8221;, &#8221;Zipfibob&#8221; tai &#8221;Zipfybob&#8221;. Termi on per\u00e4isin Tirolin vuoristosta sen ainutlaatuisen muodon vuoksi. <\/p>\n<p>Joten vain alkuper\u00e4inen mini bob on my\u00f6s todellinen &#8217;zipflbob&#8217;![\/vc_toggle][vc_toggle title=&#8221;Kuinka kauan mini bob on ollut olemassa?&#8221; style=&#8221;round&#8221;]Idea syntyi hiihtolomalla Kitzb\u00fcheliss\u00e4 1970-luvulla.<br \/>\nLoeger GmbH on valmistanut ja myynyt mini boba l\u00e4hes muuttumattomana Saksassa vuodesta 1976 l\u00e4htien.[\/vc_toggle][vc_toggle title=&#8221;Kuka keksi mini bob?&#8221; style=&#8221;round&#8221;]Siegmund Loeger ja Johann Uttenthaler kehittiv\u00e4t ja patentoivat mini bobin 1970-luvulla. Johann Uttenthalerin kuoleman j\u00e4lkeen patenttioikeudet siirtyiv\u00e4t Loeger GmbH:lle, joka on siit\u00e4 l\u00e4htien ollut mini bobin yksinomainen valmistaja ja jakelija.[\/vc_toggle][vc_toggle title=&#8221;Miss\u00e4 mini bob on valmistettu?&#8221; style=&#8221;round&#8221;]Mini bob on valmistettu Saksassa vuodesta 1976 l\u00e4htien. Teemme yhteisty\u00f6t\u00e4 pienten ja keskisuurten perheyritysten kanssa.[\/vc_toggle][vc_toggle title=&#8221;Mini bobilla on kaksi reik\u00e4\u00e4. Onko se normaalia? &#8221; style=&#8221;round&#8221;]Mini bobin valmistuksen aikana puhallusmuotissa oleva niin sanottu &#8221;istuinkansi&#8221; ripustetaan\/kiinnitet\u00e4\u00e4n kahteen &#8221;piikkiin&#8221;. N\u00e4m\u00e4 kaksi piikki\u00e4 j\u00e4tt\u00e4v\u00e4t istuimen pintaan tyypilliset painaumat (ks. kuva). N\u00e4m\u00e4 eiv\u00e4t ole reiki\u00e4, vaan pelkk\u00e4 painauma materiaalissa, joka ei vaikuta mini bobin toimintaan ja turvallisuuteen.  <\/p>\n<p>&nbsp;<\/p>\n<p><img loading=\"lazy\" decoding=\"async\" src=\"\/wp-content\/uploads\/2017\/01\/Loch-in-mini-bob-zipflbob.jpg\" alt=\"Reik\u00e4 mini bobissa - istuinrei\u00e4t\" width=\"350\" height=\"382\">[\/vc_toggle][vc_toggle title=&#8221;Onko mini bob turvallinen terveydelle?&#8221; style=&#8221;round&#8221;]1970-luvulla tapahtuneesta keksinn\u00f6st\u00e4\u00e4n l\u00e4htien mini bob on suunniteltu my\u00f6s lasten kelkaksi. Materiaaleja kehitett\u00e4ess\u00e4 ja valittaessa on alusta alkaen kiinnitetty huomiota ihon yhteensopivuuteen. Esimerkiksi alkuper\u00e4isess\u00e4 mini bobissa ei k\u00e4ytet\u00e4 pehmittimi\u00e4 (ftalaatiton).  <\/p>\n<p>K\u00e4ytetty HD PE -materiaali on elintarvikehyv\u00e4ksytty\u00e4, elintarvikekelpoista ja fysiologisesti vaaratonta. HD PE:t\u00e4 k\u00e4ytet\u00e4\u00e4n esimerkiksi my\u00f6s keitti\u00f6n leikkuulaudoissa ja elintarvikkeiden kanssa kosketuksiin joutuvissa s\u00e4ilytyslaatikoissa.[\/vc_toggle][vc_toggle title=&#8221;Voiko mini bobin kierr\u00e4tt\u00e4\u00e4?&#8221; style=&#8221;round&#8221;]Mini bob on valmistettu eritt\u00e4in lujasta ja kest\u00e4v\u00e4st\u00e4 HD-PE-materiaalista, joka tarkoittaa suuritiheyksist\u00e4 polyeteeni\u00e4. HD-PE:ll\u00e4 on suuri sitkeys ja j\u00e4ykkyys (jopa hyvin alhaisissa l\u00e4mp\u00f6tiloissa) ja eritt\u00e4in hyv\u00e4 kemikaalien kest\u00e4vyys. Original mini bob on sukupolvien tuote, ja se on suunniteltu pitk\u00e4ik\u00e4iseksi.  <\/p>\n<p>Jos kuitenkin haluat h\u00e4vitt\u00e4\u00e4 mini bobin, se ei ole ongelma. HD-PE koostuu yksinomaan hiilest\u00e4 ja vedyst\u00e4, joten se on eritt\u00e4in ymp\u00e4rist\u00f6yst\u00e4v\u00e4llist\u00e4 h\u00e4vitt\u00e4\u00e4. Mini bob yksinkertaisesti l\u00e4himp\u00e4\u00e4n kierr\u00e4tyskeskukseen, jotta se voidaan kierr\u00e4tt\u00e4\u00e4 asianmukaisesti.[\/vc_toggle][vc_toggle title=&#8221;Vahingoittaako mini bob pintaa\/uraa?&#8221; style=&#8221;round&#8221;]Alapuolisen tasaisen rakenteensa ansiosta mini bob on erityisen hell\u00e4varainen kelkka- ja hiihtorinteiss\u00e4. Toisin kuin klassinen puinen kelkka, jossa on juoksupy\u00f6r\u00e4t, mini bob jopa &#8221;rullaa&#8221; pintaa sen sijaan, ett\u00e4 tuhoaisi sit\u00e4. Mini bob ei siis ole kielteisi\u00e4 vaikutuksia kasvillisuuteen tai hoidettuun rinteeseen.[\/vc_toggle][vc_toggle title=&#8221;Mink\u00e4 ik\u00e4isen\u00e4 voin ajaa mini bobilla?&#8221; style=&#8221;round&#8221;]Mini bob sopii kaikille 3-99-vuotiaille. Mini bob ei tunne ik\u00e4rajaa. Matalan istuinkorkeuden ansiosta pieni muovikelkka tuskin kaatuu, joten pienimm\u00e4tkin lapset voivat ajaa sill\u00e4. Pieni paino, vain noin 1,6 kg, tekee siit\u00e4 yhden markkinoiden kevyimmist\u00e4 muovikelkoista, joten pienimm\u00e4tkin mini bob -fanit voivat vet\u00e4\u00e4 sit\u00e4 vaivattomasti rinteeseen narun varassa.[\/vc_toggle][vc_toggle title=&#8221;Mihin painoon asti voin ajaa mini bolla?&#8221; style=&#8221;round&#8221;]S\u00e4rkym\u00e4tt\u00f6m\u00e4n muovimateriaalin ansiosta mini bob on eritt\u00e4in kest\u00e4v\u00e4, ja sill\u00e4 voi ajaa 100 kg:n painoon asti.[\/vc_toggle][vc_toggle title=&#8221;Mist\u00e4 voin ostaa mini bobin?&#8221; style=&#8221;round&#8221;]Mini bob on saatavilla hyvin varustetuista urheilu- ja lelukaupoista sek\u00e4 monista internet-portaaleista.<br \/>\nL\u00f6yd\u00e4t kaikki<a href=\"https:\/\/mini-bob.com\/fi\/osta-mini-bob-zipfelbob\/\">tuntemamme j\u00e4lleenmyyj\u00e4t osoitteesta &#8221;osta<\/a> mini bob&#8221;.<\/p>\n<p><a href=\"https:\/\/mini-bob.com\/mini-bob-zipfelbob-shop\/\">Ja tietysti<\/a> myym\u00e4l\u00e4st\u00e4![\/vc_toggle][vc_toggle title=&#8221;Miss\u00e4 v\u00e4reiss\u00e4 mini bob on saatavana?&#8221; style=&#8221;round&#8221;]Mini bob on t\u00e4ll\u00e4 hetkell\u00e4 saatavilla punaisena, vaaleanpunaisena ja sinisen\u00e4.<\/p>\n<p>Punainen ja keltainen v\u00e4ri ovat olleet k\u00e4yt\u00f6ss\u00e4 siit\u00e4 l\u00e4htien, kun 1970-luvulla keksittiin mini bob. Lyhyen aikaa mini bob oli saatavilla my\u00f6s trendiv\u00e4rein\u00e4 neonvihre\u00e4, neonpinkki ja musta, jossa oli keltainen istuin. <\/p>\n<p>Vuonna 2010 k\u00e4yt\u00f6ss\u00e4 oli oranssi zipflbob, joka korvattiin &#8221;uudella&#8221; keltaisella zipflbobilla vuonna 2014. Vuonna 2013 mini bobista oli saatavana pronssimetallinen, vihre\u00e4metallinen ja helmi\u00e4isvalkoinen erikoispainos rajoitettuina erin\u00e4. Vuonna 2015 pient\u00e4 muovibobia oli saatavana my\u00f6s violetin v\u00e4risen\u00e4. Viimeinen erikoisv\u00e4ri &#8221;pinkki&#8221; valmistettiin vuonna 2020.   <\/p>\n<p>Jotta se ei koskaan k\u00e4visi tyls\u00e4ksi, suunnittelemme jo uutta erikoisv\u00e4ri\u00e4!<\/p>\n<p>Kannattaa siis vierailla sivuillamme s\u00e4\u00e4nn\u00f6llisesti :-)[\/vc_toggle][vc_toggle title=&#8221;Voinko ostaa mini bobin my\u00f6s yksitt\u00e4isin\u00e4 v\u00e4rein\u00e4?&#8221; style=&#8221;round&#8221;]Yleens\u00e4 on mahdollista valmistaa mini bob yksitt\u00e4isiss\u00e4 v\u00e4reiss\u00e4, mutta se on mahdollista vain tietyst\u00e4 m\u00e4\u00e4r\u00e4st\u00e4. Esimerkiksi yrityksille ja suurasiakkaille voimme tarjota mini boba yksitt\u00e4isin\u00e4 v\u00e4riyhdistelmin\u00e4 mainostuotteena (ks. &#8221;Referenssit&#8221;)<a href=\"https:\/\/mini-bob.com\/fi\/mainosmateriaali\/\">.<\/a> <\/p>\n<p>Olemme iloisia saadessamme tiedustelusi![\/vc_toggle][vc_toggle title=&#8221;Miten voin osallistua mini bob-kilpailuihin?&#8221; style=&#8221;round&#8221;]Useimmissa tapauksissa kuka tahansa voi osallistua mini bob -kilpailuun. Yleens\u00e4 kilpailu jaetaan miesten ja naisten luokkiin ja osallistujien i\u00e4n mukaan. Usein on my\u00f6s harraste- ja ammattilaisluokkia. Voittajat ratkaistaan sitten tyrm\u00e4ysj\u00e4rjestelm\u00e4ll\u00e4. Kyp\u00e4r\u00e4n k\u00e4ytt\u00f6 on pakollista, ja suojaimia suositellaan. Kunkin tapahtuman tarkat ehdot saat selville j\u00e4rjest\u00e4j\u00e4lt\u00e4.[\/vc_toggle][vc_toggle title=&#8221;Onko mini bob-kisoja?&#8221; style=&#8221;round&#8221;]Nyky\u00e4\u00e4n on j\u00e4rjestetty suuri m\u00e4\u00e4r\u00e4 kilpailutapahtumia eri luokissa. Ajankohdat ja kilpailuraportit l\u00f6ytyv\u00e4t &#8221;Uutiset&#8221;-osiosta. On olemassa zipflbobin maailmansarja sek\u00e4 monia alueellisia tapahtumia.  <\/p>\n<p>Jos j\u00e4rjest\u00e4t itse Zipfelbobrennenin, tuemme sinua mielell\u00e4mme! K\u00e4yt\u00e4 vain yhteydenottolomakettamme <a href=\"https:\/\/mini-bob.com\/fi\/odotamme-mielenkiinnolla-kyselyaesi\/?v=3a52f3c22ed6\">!<\/a>[\/vc_toggle][vc_toggle title=&#8221;Onko olemassa mini bob-kerhoja?&#8221; style=&#8221;round&#8221;]Kyll\u00e4, nyt on olemassa hyvin organisoituja mini bob \/ zipflbob-kerhoja.<\/p>\n<p>Jos haluatte kerhona julkaista kisaraportin tai ilmoituksen zipflbob-kilpailusta sivustollamme, <a href=\"https:\/\/mini-bob.com\/fi\/odotamme-mielenkiinnolla-kyselyaesi\/?v=3a52f3c22ed6\">ottakaa yhteytt\u00e4<\/a> - tuemme teit\u00e4 mielell\u00e4mme![\/vc_toggle][vc_toggle title=&#8221;Miss\u00e4 voin ajaa mini bobilla?&#8221; style=&#8221;round&#8221;]Mini bob voi k\u00e4ytt\u00e4\u00e4 l\u00e4hes miss\u00e4 tahansa. Talviurheiluv\u00e4lineen\u00e4 se tuntuu yht\u00e4 kotoisalta pienill\u00e4 lumirinteill\u00e4 kuin jyrkill\u00e4 laskettelurinteill\u00e4kin. Jotkut ovat ajaneet mini bobilla jopa hiekalla +30 C:ssa. T\u00e4m\u00e4 on mahdollista esimerkiksi Monte Kaolinolla Saksassa. Lis\u00e4\u00e4 kelkkailualueita Alpeilla lumitietoineen ja latuolosuhteineen l\u00f6yd\u00e4t kohdasta &#8221;Kelkkailuopas&#8221;.[\/vc_toggle][vc_toggle title=&#8221;Mit\u00e4 tarvitsen minibobbaukseen? Tarvitsenko erityisi\u00e4 vaatteita? &#8221; style=&#8221;round&#8221;]Minibobbaus ei vaadi erityist\u00e4 vaatetusta, mutta kuten kaikissa talviurheilulajeissa, on t\u00e4rke\u00e4\u00e4 pukeutua s\u00e4\u00e4h\u00e4n sopivasti. Vain vedenpit\u00e4v\u00e4ll\u00e4 vaatetuksella voit todella nauttia hauskanpidosta.<x id=\"gid_0\"><\/x>Suosittelemme my\u00f6s tukevia jalkineita (esim. lumilautakeng\u00e4t) sek\u00e4 hiihtolaseja, suojaimia ja kyp\u00e4r\u00e4\u00e4.<x id=\"gid_1\"><\/x>Kyp\u00e4r\u00e4 on pakollinen kilpailutapahtumissa, ja my\u00f6s suojaimia on k\u00e4ytett\u00e4v\u00e4. Mini bob-kilpailuissa saavutetaan toisinaan suuria nopeuksia, joten &#8221;turvallisuus ensin&#8221; on aina etusijalla![\/vc_toggle][vc_toggle title=&#8221;Haluan j\u00e4rjest\u00e4\u00e4 itse mini bob -kilpailun, mit\u00e4 minun on otettava huomioon?&#8221; style=&#8221;round&#8221;]Autamme sinua mielell\u00e4mme kokemuksellamme tapahtuman valmistelussa ja v\u00e4lit\u00e4mme sinulle yhteyden ammattimaisiin j\u00e4rjest\u00e4jiin. Saat t\u00e4rkeit\u00e4 vinkkej\u00e4 onnistuneeseen ja j\u00e4nnitt\u00e4v\u00e4\u00e4n tapahtumaan. Julkaisemme tapahtuman my\u00f6s mielell\u00e4mme virallisella mini bobin kotisivullamme ja Facebook-sivullamme sek\u00e4 kilpailuraportit tekstin, valokuvien ja videoiden kera. L\u00e4het\u00e4 meille vain tiedustelu <a href=\"https:\/\/mini-bob.com\/fi\/odotamme-mielenkiinnolla-kyselyaesi\/?v=3a52f3c22ed6\">yhteydenottolomakkeellamme!<\/a>[\/vc_toggle][\/vc_column][\/vc_row]<\/p>\n<\/div>","protected":false},"excerpt":{"rendered":"<p>[vc_row][vc_column][vc_custom_heading text=&#8221;Kysymyksi\u00e4? Me vastaamme niihin! &#8221; font_container=&#8221;tag:h4|text_align:left&#8221; google_fonts=&#8221;font_family:Roboto%20Condensed%3A300%2C300italic%2Cregular%2Citalic%2C700%2C700italic|font_style:400%20regular%3A400%3Anormal&#8221;][vc_column_text]Yrit\u00e4mme t\u00e4ss\u00e4 vastata kaikkiin kysymyksiisi mini bobista - jos tarvitset viel\u00e4 lis\u00e4tietoja, \u00e4l\u00e4 ep\u00e4r\u00f6i ottaa meihin yhteytt\u00e4![\/vc_column_text][\/vc_column][\/vc_row][vc_row][vc_column][vc_toggle title=&#8221;Mist\u00e4 voin tunnistaa alkuper\u00e4isen mini bobin?&#8221; style=&#8221;round&#8221;]Alkuper\u00e4isen mini bobin tunnistaa sen etupuolelle kohokuvioidusta, suojattua mini bob -logoa muistuttavasta erottamattomasta merkist\u00e4. [\/vc_toggle][vc_toggle title=&#8221;Mik\u00e4 on zipflbob?&#8221; style=&#8221;round&#8221;]Mini bob tunnetaan my\u00f6s hell\u00e4sti (murteesta riippuen)&hellip;<\/p>\n","protected":false},"author":1,"featured_media":0,"parent":0,"menu_order":0,"comment_status":"closed","ping_status":"closed","template":"","meta":{"_acf_changed":false,"footnotes":""},"class_list":["post-161235","page","type-page","status-publish","hentry","description-off"],"acf":[],"_links":{"self":[{"href":"https:\/\/mini-bob.com\/fi\/wp-json\/wp\/v2\/pages\/161235","targetHints":{"allow":["GET"]}}],"collection":[{"href":"https:\/\/mini-bob.com\/fi\/wp-json\/wp\/v2\/pages"}],"about":[{"href":"https:\/\/mini-bob.com\/fi\/wp-json\/wp\/v2\/types\/page"}],"author":[{"embeddable":true,"href":"https:\/\/mini-bob.com\/fi\/wp-json\/wp\/v2\/users\/1"}],"replies":[{"embeddable":true,"href":"https:\/\/mini-bob.com\/fi\/wp-json\/wp\/v2\/comments?post=161235"}],"version-history":[{"count":1,"href":"https:\/\/mini-bob.com\/fi\/wp-json\/wp\/v2\/pages\/161235\/revisions"}],"predecessor-version":[{"id":161244,"href":"https:\/\/mini-bob.com\/fi\/wp-json\/wp\/v2\/pages\/161235\/revisions\/161244"}],"wp:attachment":[{"href":"https:\/\/mini-bob.com\/fi\/wp-json\/wp\/v2\/media?parent=161235"}],"curies":[{"name":"wp","href":"https:\/\/api.w.org\/{rel}","templated":true}]}}