{"id":161246,"date":"2015-02-05T14:23:28","date_gmt":"2015-02-05T13:23:28","guid":{"rendered":"https:\/\/mini-bob.com\/jaelki\/"},"modified":"2015-02-05T14:23:28","modified_gmt":"2015-02-05T13:23:28","slug":"jaelki","status":"publish","type":"page","link":"https:\/\/mini-bob.com\/fi\/jaelki\/","title":{"rendered":"J\u00e4lki"},"content":{"rendered":"<p>T\u00e4m\u00e4 oikeudellinen ilmoitus on voimassa my\u00f6s yrityssivuillamme <a href=\"https:\/\/www.facebook.com\/zipflbob\/\" target=\"_blank\" rel=\"noopener nofollow\">Facebookissa,<\/a> <a href=\"https:\/\/www.youtube.com\/channel\/UCn3eWIhTjy0_Tq4BEy463OQ\" target=\"_blank\" rel=\"noopener nofollow\">YouTubessa.<\/a><\/p>\n<h1>J\u00e4lki<\/h1>\n<h2>TMG:n 5 \u00a7:n mukaiset tiedot<\/h2>\n<p>Loeger GmbH<br \/>\nHauptstr. 57<br \/>\n82327 Tutzing Tutzing <\/p>\n<h2>Edustajana<\/h2>\n<p>Siegmund L\u00f6ger<\/p>\n<h2>Ota yhteytt\u00e4<\/h2>\n<p>Puhelin: +49 (0)8158 92101.<br \/>\nFaksi: +49 (0)8158 7288.<br \/>\nS\u00e4hk\u00f6posti: info@mini-bob.com<\/p>\n<h2>Rekisterimerkint\u00e4<\/h2>\n<p>Merkint\u00e4 kaupparekisteriin.<br \/>\nRekisterituomioistuin: M\u00fcnchen HRB 54019<br \/>\nRekisterinumero: HRB 54019<\/p>\n<h2>Arvonlis\u00e4vero<\/h2>\n<p>Myyntiverolain 27 a \u00a7:n mukainen liikevaihtoverotunniste:<br \/>\nDE128234280<\/p>\n<h2>Riitojen ratkaiseminen<\/h2>\n<p>Euroopan komissio tarjoaa foorumin verkkov\u00e4litteist\u00e4 riidanratkaisua varten: https <a href=\"https:\/\/ec.europa.eu\/consumers\/odr\" target=\"_blank\" rel=\"noopener nofollow\">:\/\/ec.europa.eu\/consumers\/odr<\/a>.<br \/>\nS\u00e4hk\u00f6postiosoitteemme l\u00f6yd\u00e4t yll\u00e4 olevasta oikeudellisesta ilmoituksesta.<\/p>\n<p>Emme ole halukkaita tai velvollisia osallistumaan riidanratkaisumenettelyyn kuluttajasovittelulautakunnassa.<\/p>\n<h3>Vastuu sis\u00e4ll\u00f6st\u00e4<\/h3>\n<p>Palveluntarjoajana olemme vastuussa n\u00e4iden sivujen sis\u00e4ll\u00f6st\u00e4 yleisen lains\u00e4\u00e4d\u00e4nn\u00f6n mukaisesti. Palveluntarjoajana meill\u00e4 ei kuitenkaan ole velvollisuutta valvoa siirrettyj\u00e4 tai tallennettuja kolmannen osapuolen tietoja tai tutkia olosuhteita, jotka viittaavat laittomaan toimintaan. <\/p>\n<p>T\u00e4m\u00e4 ei vaikuta yleisen lains\u00e4\u00e4d\u00e4nn\u00f6n mukaisiin velvollisuuksiin poistaa tai est\u00e4\u00e4 tietojen k\u00e4ytt\u00f6. Vastuu t\u00e4ss\u00e4 suhteessa on kuitenkin mahdollista vasta siit\u00e4 l\u00e4htien, kun saamme tiet\u00e4\u00e4 tietyst\u00e4 rikkomuksesta. Heti kun saamme tiet\u00e4\u00e4 t\u00e4llaisista rikkomuksista, poistamme kyseisen sis\u00e4ll\u00f6n v\u00e4litt\u00f6m\u00e4sti.  <\/p>\n<h3>Linkkien vastuu<\/h3>\n<p>Verkkosivustomme sis\u00e4lt\u00e4\u00e4 linkkej\u00e4 kolmansien osapuolten ulkopuolisille verkkosivustoille, joiden sis\u00e4lt\u00f6\u00f6n emme voi vaikuttaa. Siksi emme voi ottaa mit\u00e4\u00e4n vastuuta t\u00e4st\u00e4 kolmannen osapuolen sis\u00e4ll\u00f6st\u00e4. Linkitettyjen sivujen sis\u00e4ll\u00f6st\u00e4 on aina vastuussa kyseisten sivujen tarjoaja tai yll\u00e4pit\u00e4j\u00e4. Linkitetyt sivut on tarkistettu mahdollisten lainrikkomusten varalta linkitt\u00e4mishetkell\u00e4. Laitonta sis\u00e4lt\u00f6\u00e4 ei ollut tunnistettavissa linkitt\u00e4mishetkell\u00e4.    <\/p>\n<p>Linkitettyjen sivujen sis\u00e4ll\u00f6n jatkuva seuranta ei kuitenkaan ole j\u00e4rkev\u00e4\u00e4 ilman konkreettisia todisteita rikkomuksesta. Jos saamme tietoiseksi lainrikkomuksista, poistamme t\u00e4llaiset linkit v\u00e4litt\u00f6m\u00e4sti. <\/p>\n<h3>Tekij\u00e4noikeus<\/h3>\n<p>Sivuston yll\u00e4pit\u00e4jien n\u00e4ill\u00e4 sivuilla luoma sis\u00e4lt\u00f6 ja teokset ovat Saksan tekij\u00e4noikeuslain alaisia. Monistaminen, k\u00e4sittely, jakelu ja kaikenlainen k\u00e4ytt\u00f6 tekij\u00e4noikeuslain rajojen ulkopuolella edellytt\u00e4\u00e4 asianomaisen tekij\u00e4n tai luojan kirjallista suostumusta. T\u00e4m\u00e4n sivuston lataaminen ja kopioiminen on sallittua vain yksityiseen, ei-kaupalliseen k\u00e4ytt\u00f6\u00f6n.  <\/p>\n<p>Silt\u00e4 osin kuin t\u00e4m\u00e4n sivuston sis\u00e4lt\u00f6 ei ole operaattorin luomaa, kolmansien osapuolten tekij\u00e4noikeuksia kunnioitetaan. Erityisesti kolmansien osapuolten sis\u00e4lt\u00f6 on merkitty sellaiseksi. Jos kuitenkin havaitset tekij\u00e4noikeusrikkomuksen, ilmoita siit\u00e4 meille. Jos saamme tiet\u00e4\u00e4 tekij\u00e4noikeusrikkomuksista, poistamme t\u00e4llaisen sis\u00e4ll\u00f6n v\u00e4litt\u00f6m\u00e4sti.<br \/>\n<div class=\"woocommerce woocommerce-gzd woocommerce-gzd-complaints-shortcode\">\n\t\t\t<h3>Alternative Dispute Resolution in accordance with Art. 14 (1) ODR-VO and \u00a7 36 VSBG:<\/h3>\n\t\nZur Teilnahme an einem Streitbeilegungsverfahren vor einer Verbraucherschlichtungsstelle sind wir nicht verpflichtet und nicht bereit.<\/div>\n","protected":false},"excerpt":{"rendered":"<p>T\u00e4m\u00e4 oikeudellinen ilmoitus on voimassa my\u00f6s yrityssivuillamme Facebookissa, YouTubessa. J\u00e4lki TMG:n 5 \u00a7:n mukaiset tiedot Loeger GmbH Hauptstr. 57 82327 Tutzing Tutzing Edustajana Siegmund L\u00f6ger Ota yhteytt\u00e4 Puhelin: +49 (0)8158 92101. Faksi: +49 (0)8158 7288. S\u00e4hk\u00f6posti: info@mini-bob.com Rekisterimerkint\u00e4 Merkint\u00e4 kaupparekisteriin. Rekisterituomioistuin: M\u00fcnchen HRB 54019 Rekisterinumero: HRB 54019 Arvonlis\u00e4vero Myyntiverolain 27 a \u00a7:n mukainen liikevaihtoverotunniste: DE128234280&hellip;<\/p>\n","protected":false},"author":1,"featured_media":0,"parent":0,"menu_order":0,"comment_status":"closed","ping_status":"closed","template":"","meta":{"_acf_changed":false,"footnotes":""},"class_list":["post-161246","page","type-page","status-publish","hentry","description-off"],"acf":[],"_links":{"self":[{"href":"https:\/\/mini-bob.com\/fi\/wp-json\/wp\/v2\/pages\/161246","targetHints":{"allow":["GET"]}}],"collection":[{"href":"https:\/\/mini-bob.com\/fi\/wp-json\/wp\/v2\/pages"}],"about":[{"href":"https:\/\/mini-bob.com\/fi\/wp-json\/wp\/v2\/types\/page"}],"author":[{"embeddable":true,"href":"https:\/\/mini-bob.com\/fi\/wp-json\/wp\/v2\/users\/1"}],"replies":[{"embeddable":true,"href":"https:\/\/mini-bob.com\/fi\/wp-json\/wp\/v2\/comments?post=161246"}],"version-history":[{"count":0,"href":"https:\/\/mini-bob.com\/fi\/wp-json\/wp\/v2\/pages\/161246\/revisions"}],"wp:attachment":[{"href":"https:\/\/mini-bob.com\/fi\/wp-json\/wp\/v2\/media?parent=161246"}],"curies":[{"name":"wp","href":"https:\/\/api.w.org\/{rel}","templated":true}]}}