{"id":160541,"date":"2024-10-21T15:37:08","date_gmt":"2024-10-21T13:37:08","guid":{"rendered":"https:\/\/mini-bob.com\/produkt\/sonderedition-alkuperaeinen-mini-bob-zipfelbob-kelkka-kirkkaan-keltaisena\/"},"modified":"2024-10-21T15:37:08","modified_gmt":"2024-10-21T13:37:08","slug":"sonderedition-alkuperaeinen-mini-bob-zipfelbob-kelkka-kirkkaan-keltaisena","status":"publish","type":"product","link":"https:\/\/mini-bob.com\/fi\/tuote\/sonderedition-alkuperaeinen-mini-bob-zipfelbob-kelkka-kirkkaan-keltaisena\/","title":{"rendered":"++SONDEREDITION++ Alkuper\u00e4inen mini bob (Zipfelbob-kelkka) kirkkaan keltaisena"},"content":{"rendered":"<h2>++ ERIKOISPAINOS KIRKKAAN KELTAINEN ++<\/h2>\n<p>alkuper\u00e4inen mini bob kirkkaan keltainen<\/p>\n<p>&nbsp;<\/p>\n<h2>Alkuper\u00e4inen mini bob (Zipfelbob) kirkkaan keltainen<\/h2>\n<p>It\u00e4vallassa 1970-luvulla keksitty <strong>alkuper\u00e4inen mini bob (<\/strong> tunnetaan <strong>my\u00f6s<\/strong> nimill\u00e4 &#8221;zipflbob&#8221;, &#8221;Zipfelbob&#8221; tai &#8221;Zipfybob&#8221;) on valmistettu Saksassa vuodesta 1976 l\u00e4htien, osittain edelleen k\u00e4sity\u00f6n\u00e4.<\/p>\n<p>Jo vuosikymmenien ajan menestyksekk\u00e4\u00e4sti testatun, murtumattoman ja kompaktin muovisen onttorunkorakenteensa ansiosta kirkkaan keltainen mini bob <strong>on l\u00e4hes<\/strong> tuhoutumaton ja noin 1,7 kilon painollaan silti eritt\u00e4in kevyt. Sen matala, vartaloon mukautettu istuma-asento mahdollistaa mukavan ja v\u00e4sym\u00e4tt\u00f6m\u00e4n talvihupailun niin nuorille kuin vanhoillekin. Sen 1970-luvulla tapahtuneesta keksimisest\u00e4 l\u00e4htien kolme sukupolvea on voinut seurata iskulauseen: &#8221;Maxi fun <g id=\"gid_1\"> with mini bob&#8221;.<\/g> <g id=\"gid_2\">Kirkkaankeltainen mini bob sopii<\/g> kaikille sen turvallisen k\u00e4sittelyn ansiosta! Hauskuus on taattu lyhyill\u00e4 ja tasaisilla kelkkarinteill\u00e4 sek\u00e4 kilparadoilla. Sen vakaan rakenteen ja \u00e4\u00e4rimm\u00e4isen ketteryyden ansiosta suuret nopeudet eiv\u00e4t ole ongelma.     <\/p>\n<blockquote><p><span style=\"color: #ff0000;\">!! Huomio !!! Duplikaatteja tarjotaan eri verkkokaupoissa. Kun ostat, etsi lisensoitu j\u00e4lleenmyyj\u00e4 ja mini bob logo!!!!  <\/span><\/p><\/blockquote>\n<p>Alkuper\u00e4inen mini bob on moninkertainen voittaja kansallisissa ja kansainv\u00e4lisiss\u00e4 zipflbob-mestaruuskilpailuissa.<\/p>\n<p>Tiedot:<\/p>\n<h3>kirkkaan keltainen ter\u00e4v\u00e4k\u00e4rkinen polkkatukka (mini bob)<\/h3>\n<p>Paino: noin 1,7 kg<br \/>\nMitat L x S x K (cm): 53 x 33 x 40<br \/>\nMateriaali: HD PE (ftalaatiton)<br \/>\nSallittu kuormitus: max 100 kg<\/p>\n<p>Valmistettu Saksassa - Made in Germany<\/p>\n<p>Varoitus: Ei sovellu alle kolmivuotiaille lapsille. K\u00e4yt\u00e4 aikuisten suorassa valvonnassa.  K\u00e4ytet\u00e4\u00e4n suojavarusteiden kanssa.<\/p>\n<p>Tavaroihimme sovelletaan lakis\u00e4\u00e4teisi\u00e4 takuuoikeuksia. Huomioi turvallisuusohjeet ja <a href=\"https:\/\/mini-bob.com\/fi\/faq\/\" target=\"_blank\" rel=\"noopener noreferrer\">FAQ!<\/a> <\/p>\n<p>L\u00f6yd\u00e4t lis\u00e4\u00e4 mielenkiintoista tietoa <strong>alkuper\u00e4isest\u00e4<\/strong> <strong>kirkkaan keltaisesta<\/strong> <strong>Zipfelbobista<\/strong> <strong>mini bobin verkkosivuilta:<\/strong><strong><a href=\"https:\/\/mini-bob.com\/fi\/mini-bob\/\" target=\"_blank\" rel=\"noopener noreferrer\">alkuper\u00e4inen mini bobin verkkosivusto<\/a><\/strong><\/p>\n<p>Myynti vain tavanomaisissa kotitalousm\u00e4\u00e4riss\u00e4 - vain yksityisk\u00e4ytt\u00f6\u00f6n! Kaupallinen j\u00e4lleenmyynti (lis\u00e4maksusta) on kielletty! <\/p>\n","protected":false},"excerpt":{"rendered":"<h3><strong>+ERIKOISPAINOS+<\/strong><\/h3>\n<p>Alkuper\u00e4inen mini bob kirkkaan keltainen - zipflbob kirkkaan keltainen. kirkkaan keltainen ter\u00e4v\u00e4 bob<\/p>\n","protected":false},"featured_media":160550,"comment_status":"open","ping_status":"closed","template":"","meta":{"_acf_changed":false},"product_brand":[],"product_cat":[1509,1510],"product_tag":[],"class_list":{"0":"post-160541","1":"product","2":"type-product","3":"status-publish","4":"has-post-thumbnail","6":"product_cat-mini-bob-special-edition","7":"product_cat-minibob","8":"product_shipping_class-minibob","9":"description-off","11":"first","12":"instock","13":"featured","14":"taxable","15":"shipping-taxable","16":"purchasable","17":"product-type-simple"},"acf":[],"_links":{"self":[{"href":"https:\/\/mini-bob.com\/fi\/wp-json\/wp\/v2\/product\/160541","targetHints":{"allow":["GET"]}}],"collection":[{"href":"https:\/\/mini-bob.com\/fi\/wp-json\/wp\/v2\/product"}],"about":[{"href":"https:\/\/mini-bob.com\/fi\/wp-json\/wp\/v2\/types\/product"}],"replies":[{"embeddable":true,"href":"https:\/\/mini-bob.com\/fi\/wp-json\/wp\/v2\/comments?post=160541"}],"wp:featuredmedia":[{"embeddable":true,"href":"https:\/\/mini-bob.com\/fi\/wp-json\/wp\/v2\/media\/160550"}],"wp:attachment":[{"href":"https:\/\/mini-bob.com\/fi\/wp-json\/wp\/v2\/media?parent=160541"}],"wp:term":[{"taxonomy":"product_brand","embeddable":true,"href":"https:\/\/mini-bob.com\/fi\/wp-json\/wp\/v2\/product_brand?post=160541"},{"taxonomy":"product_cat","embeddable":true,"href":"https:\/\/mini-bob.com\/fi\/wp-json\/wp\/v2\/product_cat?post=160541"},{"taxonomy":"product_tag","embeddable":true,"href":"https:\/\/mini-bob.com\/fi\/wp-json\/wp\/v2\/product_tag?post=160541"}],"curies":[{"name":"wp","href":"https:\/\/api.w.org\/{rel}","templated":true}]}}