{"id":160580,"date":"2024-01-21T19:01:47","date_gmt":"2024-01-21T18:01:47","guid":{"rendered":"https:\/\/mini-bob.com\/produkt\/musta-edition-dark-orange-alkuperaeinen-mini-bob-zipfelbob-kelkka-mustan-oranssina\/"},"modified":"2026-01-17T13:07:19","modified_gmt":"2026-01-17T12:07:19","slug":"musta-edition-dark-orange-alkuperaeinen-mini-bob-zipfelbob-kelkka-mustan-oranssina","status":"publish","type":"product","link":"https:\/\/mini-bob.com\/fi\/tuote\/musta-edition-dark-orange-alkuperaeinen-mini-bob-zipfelbob-kelkka-mustan-oranssina\/","title":{"rendered":"+MUSTA EDITION DARK ORANGE+ Alkuper\u00e4inen mini bob (Zipfelbob-kelkka) mustan-oranssina."},"content":{"rendered":"<h2>++ MUSTA PAINOS TUMMA ORANSSI ++<\/h2>\n<p>Uusi musta versio alkuper\u00e4isest\u00e4 mini bobista vuodelta 2010, jossa on v\u00e4rillinen istuin!<\/p>\n<p>&nbsp;<\/p>\n<h2>Alkuper\u00e4inen mini bob (Zipfelbob) musta oranssilla istuimella.<\/h2>\n<p>It\u00e4vallassa 1970-luvulla keksitty <strong>alkuper\u00e4inen mini bob (<\/strong> tunnetaan <strong>my\u00f6s<\/strong> nimill\u00e4 &#8221;zipflbob&#8221;, &#8221;Zipfelbob&#8221; tai &#8221;Zipfybob&#8221;) on valmistettu Saksassa vuodesta 1976 l\u00e4htien, osittain edelleen k\u00e4sity\u00f6n\u00e4.<\/p>\n<p><strong>Musta<\/strong> <strong>mini bob on<\/strong> l\u00e4hes tuhoutumaton murtumattoman ja kompaktin muovisen onttorunkorakenteensa ansiosta, jota on testattu menestyksekk\u00e4\u00e4sti vuosikymmeni\u00e4, ja se on silti eritt\u00e4in kevyt, noin 1,7 kiloa. Sen matala, vartaloon mukautettu istuma-asento mahdollistaa mukavan ja v\u00e4sym\u00e4tt\u00f6m\u00e4n talvihupailun niin nuorille kuin vanhoillekin.  Sen keksimisest\u00e4 1970-luvulla l\u00e4htien kolme sukupolvea on voinut seurata iskulauseen: &#8221;Maxi fun <strong> with mini bob&#8221;.<\/strong> <strong>Musta mini bob sopii <\/strong>kaikille sen turvallisen k\u00e4sittelyn ansiosta! Hauskuus on taattu lyhyill\u00e4 ja tasaisilla kelkkarinteill\u00e4 sek\u00e4 kilparadoilla. Sen vakaan rakenteen ja \u00e4\u00e4rimm\u00e4isen ketteryyden ansiosta suuret nopeudet eiv\u00e4t ole ongelma.   <\/p>\n<blockquote><p><span style=\"color: #ff0000;\">!! Huomio !!! Duplikaatteja tarjotaan useissa verkkokaupoissa. Kun ostat, etsi lisensoitu j\u00e4lleenmyyj\u00e4 ja mini bob -logo!<\/span><\/p><\/blockquote>\n<p>Alkuper\u00e4inen mini bob on moninkertainen voittaja kansallisissa ja kansainv\u00e4lisiss\u00e4 zipflbob-mestaruuskilpailuissa.<\/p>\n<p>Tiedot:<\/p>\n<h3>musta ter\u00e4v\u00e4 bob (mini bob Black Edition tumma oranssi)<\/h3>\n<p>Paino: noin 1,7 kg<br \/>\nMitat L x S x K (cm): 53 x 33 x 40<br \/>\nMateriaali: HD PE (ftalaatiton)<br \/>\nSallittu kuormitus: max 100 kg<\/p>\n<p>Valmistettu Saksassa - Made in Germany<\/p>\n<p>Varoitus: Ei sovellu alle kolmivuotiaille lapsille. K\u00e4yt\u00e4 aikuisten suorassa valvonnassa.  K\u00e4ytet\u00e4\u00e4n suojavarusteiden kanssa.<\/p>\n<p>Tavaroihimme sovelletaan lakis\u00e4\u00e4teisi\u00e4 takuuoikeuksia. Huomioi turvallisuusohjeet ja <a href=\"https:\/\/mini-bob.com\/fi\/faq\/\" target=\"_blank\" rel=\"noopener noreferrer\">FAQ!<\/a> <\/p>\n<p>L\u00f6yd\u00e4t lis\u00e4\u00e4 mielenkiintoista tietoa <strong>alkuper\u00e4isest\u00e4<\/strong> <strong>mustan\/oranssin v\u00e4risest\u00e4 <\/strong> <strong>Zipfelbobista<\/strong> <strong>mini bobin verkkosivuilta:<\/strong><strong><a href=\"https:\/\/mini-bob.com\/fi\/mini-bob\/\" target=\"_blank\" rel=\"noopener noreferrer\">alkuper\u00e4inen mini bobin verkkosivusto<\/a><\/strong><\/p>\n<p>Myynti vain tavanomaisissa kotitalousm\u00e4\u00e4riss\u00e4 - vain yksityisk\u00e4ytt\u00f6\u00f6n! Kaupallinen j\u00e4lleenmyynti (lis\u00e4maksusta) on kielletty! <\/p>\n","protected":false},"excerpt":{"rendered":"<h3><strong>+MUSTA PAINOS TUMMA ORANSSI+<\/strong><\/h3>\n<p>Uusi painos mustasta mini bobista - Alkuper\u00e4inen mini bob mustana oranssilla istuimella - zipflbob musta. musta ter\u00e4v\u00e4k\u00e4rkinen polkkatukka <\/p>\n","protected":false},"featured_media":160581,"comment_status":"open","ping_status":"closed","template":"","meta":{"_acf_changed":false},"product_brand":[],"product_cat":[1510,1519,1509],"product_tag":[],"class_list":{"0":"post-160580","1":"product","2":"type-product","3":"status-publish","4":"has-post-thumbnail","6":"product_cat-minibob","7":"product_cat-zipfelbob-musta","8":"product_cat-mini-bob-special-edition","9":"product_shipping_class-minibob","10":"description-off","12":"first","13":"outofstock","14":"taxable","15":"shipping-taxable","16":"purchasable","17":"product-type-simple"},"acf":[],"_links":{"self":[{"href":"https:\/\/mini-bob.com\/fi\/wp-json\/wp\/v2\/product\/160580","targetHints":{"allow":["GET"]}}],"collection":[{"href":"https:\/\/mini-bob.com\/fi\/wp-json\/wp\/v2\/product"}],"about":[{"href":"https:\/\/mini-bob.com\/fi\/wp-json\/wp\/v2\/types\/product"}],"replies":[{"embeddable":true,"href":"https:\/\/mini-bob.com\/fi\/wp-json\/wp\/v2\/comments?post=160580"}],"wp:featuredmedia":[{"embeddable":true,"href":"https:\/\/mini-bob.com\/fi\/wp-json\/wp\/v2\/media\/160581"}],"wp:attachment":[{"href":"https:\/\/mini-bob.com\/fi\/wp-json\/wp\/v2\/media?parent=160580"}],"wp:term":[{"taxonomy":"product_brand","embeddable":true,"href":"https:\/\/mini-bob.com\/fi\/wp-json\/wp\/v2\/product_brand?post=160580"},{"taxonomy":"product_cat","embeddable":true,"href":"https:\/\/mini-bob.com\/fi\/wp-json\/wp\/v2\/product_cat?post=160580"},{"taxonomy":"product_tag","embeddable":true,"href":"https:\/\/mini-bob.com\/fi\/wp-json\/wp\/v2\/product_tag?post=160580"}],"curies":[{"name":"wp","href":"https:\/\/api.w.org\/{rel}","templated":true}]}}