{"id":160589,"date":"2019-11-01T11:18:24","date_gmt":"2019-11-01T10:18:24","guid":{"rendered":"https:\/\/mini-bob.com\/produkt\/original-mini-bob-zipfelbob-huppari-lapsille-tummansininen\/"},"modified":"2019-11-01T11:18:24","modified_gmt":"2019-11-01T10:18:24","slug":"original-mini-bob-zipfelbob-huppari-lapsille-tummansininen","status":"publish","type":"product","link":"https:\/\/mini-bob.com\/fi\/tuote\/original-mini-bob-zipfelbob-huppari-lapsille-tummansininen\/","title":{"rendered":"Original mini bob - Zipfelbob huppari lapsille - Tummansininen"},"content":{"rendered":"<h2>Alkuper\u00e4inen mini bob (Zipfelbob) huppari lapsille - Tummansininen<\/h2>\n<ul>\n<li>80 % puuvillaa, kammattua ja rengaskehr\u00e4tty\u00e4, 20 % polyesteri\u00e4 (3-kertainen).<\/li>\n<li>Hieno ja eritt\u00e4in sile\u00e4 pinta 100 % puuvillaa<\/li>\n<li>Harjattu fleece-kangas sis\u00e4puolella<\/li>\n<li>Kaksikerroksinen huppu (ei kiristysnauhaa)<\/li>\n<li>Helma ja hihansuut leikattu leve\u00e4mm\u00e4ksi ja elastaanilla.<\/li>\n<li>Sivusaumat optimaalista istuvuutta varten<\/li>\n<li>Kengurutasku<\/li>\n<li>Peittosaumat k\u00e4dentien, hihansuiden ja vy\u00f6t\u00e4r\u00f6nauhan kohdalla.<\/li>\n<li>Leve\u00e4mm\u00e4t uurretut hihansuut ja vy\u00f6t\u00e4r\u00f6nauha.<\/li>\n<li>Alkuper\u00e4inen mini bob &#8221;Silhouette&#8221; edess\u00e4 - korkealaatuinen tulostus<\/li>\n<li>Alkuper\u00e4inen mini bob -logo takana - korkealaatuinen painatus<\/li>\n<li>40\u00b0C konepesu, sopii rumpukuivaukseen (matala l\u00e4mp\u00f6tila).<\/li>\n<\/ul>\n","protected":false},"excerpt":{"rendered":"<p>Lasten huppari 80% puuvillaa 20% polyesteri\u00e4 Zipfelbobin logolla, v\u00e4ri ranskan laivastonsininen (tummansininen).<\/p>\n","protected":false},"featured_media":160591,"comment_status":"closed","ping_status":"closed","template":"","meta":{"_acf_changed":false},"product_brand":[],"product_cat":[1520],"product_tag":[],"class_list":{"0":"post-160589","1":"product","2":"type-product","3":"status-publish","4":"has-post-thumbnail","6":"product_cat-zipfelbob-huppari-lapset","7":"product_shipping_class-minibob","8":"description-off","10":"first","11":"instock","12":"taxable","13":"shipping-taxable","14":"purchasable","15":"product-type-variable"},"acf":[],"_links":{"self":[{"href":"https:\/\/mini-bob.com\/fi\/wp-json\/wp\/v2\/product\/160589","targetHints":{"allow":["GET"]}}],"collection":[{"href":"https:\/\/mini-bob.com\/fi\/wp-json\/wp\/v2\/product"}],"about":[{"href":"https:\/\/mini-bob.com\/fi\/wp-json\/wp\/v2\/types\/product"}],"replies":[{"embeddable":true,"href":"https:\/\/mini-bob.com\/fi\/wp-json\/wp\/v2\/comments?post=160589"}],"wp:featuredmedia":[{"embeddable":true,"href":"https:\/\/mini-bob.com\/fi\/wp-json\/wp\/v2\/media\/160591"}],"wp:attachment":[{"href":"https:\/\/mini-bob.com\/fi\/wp-json\/wp\/v2\/media?parent=160589"}],"wp:term":[{"taxonomy":"product_brand","embeddable":true,"href":"https:\/\/mini-bob.com\/fi\/wp-json\/wp\/v2\/product_brand?post=160589"},{"taxonomy":"product_cat","embeddable":true,"href":"https:\/\/mini-bob.com\/fi\/wp-json\/wp\/v2\/product_cat?post=160589"},{"taxonomy":"product_tag","embeddable":true,"href":"https:\/\/mini-bob.com\/fi\/wp-json\/wp\/v2\/product_tag?post=160589"}],"curies":[{"name":"wp","href":"https:\/\/api.w.org\/{rel}","templated":true}]}}