{"id":160601,"date":"2020-01-23T12:11:17","date_gmt":"2020-01-23T11:11:17","guid":{"rendered":"https:\/\/mini-bob.com\/produkt\/alkuperaeinen-mini-bob-zipfelbob-kelkka-oranssina\/"},"modified":"2026-01-04T15:58:34","modified_gmt":"2026-01-04T14:58:34","slug":"alkuperaeinen-mini-bob-zipfelbob-kelkka-oranssina","status":"publish","type":"product","link":"https:\/\/mini-bob.com\/fi\/tuote\/alkuperaeinen-mini-bob-zipfelbob-kelkka-oranssina\/","title":{"rendered":"Alkuper\u00e4inen mini bob (Zipfelbob kelkka) oranssina."},"content":{"rendered":"<h2>Alkuper\u00e4inen mini bob (Zipfelbob) oranssi<\/h2>\n<p>It\u00e4vallassa 1970-luvulla keksitty <strong>alkuper\u00e4inen mini bob (<\/strong> tunnetaan <strong>my\u00f6s<\/strong> nimill\u00e4 &#8221;zipflbob&#8221;, &#8221;Zipfelbob&#8221; tai &#8221;Zipfybob&#8221;) on valmistettu Saksassa vuodesta 1976 l\u00e4htien, osittain edelleen k\u00e4sity\u00f6n\u00e4.<\/p>\n<p>Vuosikymmenien ajan menestyksekk\u00e4\u00e4sti testatun, murtumattoman ja kompaktin muovisen onttorunkorakenteensa ansiosta oranssi mini bob <strong>on l\u00e4hes<\/strong> tuhoutumaton ja silti eritt\u00e4in kevyt, noin 1,7 kiloa. Sen matala, vartaloon mukautettu istuma-asento mahdollistaa mukavan ja v\u00e4sym\u00e4tt\u00f6m\u00e4n talvihupailun niin nuorille kuin vanhoillekin. Sen 1970-luvulla tapahtuneesta keksimisest\u00e4 l\u00e4htien kolme sukupolvea on voinut seurata iskulauseen: &#8221;Maxi fun <strong> with mini bob&#8221;.<\/strong> <strong>Oranssinv\u00e4rinen mini bob sopii<\/strong> kaikille turvallisen ajok\u00e4ytt\u00e4ytymisens\u00e4 ansiosta! Hauskuus on taattu lyhyill\u00e4 ja tasaisilla kelkkarinteill\u00e4 sek\u00e4 kilparadoilla. Sen vakaan rakenteen ja \u00e4\u00e4rimm\u00e4isen ketteryyden ansiosta suuret nopeudet eiv\u00e4t ole ongelma.     <\/p>\n<blockquote><p><span style=\"color: #ff0000\">!! Huomio !!! Aasialaisia duplikaatteja tarjotaan useissa verkkokaupoissa. Kun ostat, etsi lisensoitu j\u00e4lleenmyyj\u00e4 ja mini bob -logo!<\/span><\/p><\/blockquote>\n<p>Alkuper\u00e4inen oranssi mini bob on moninkertainen voittaja kansallisissa ja kansainv\u00e4lisiss\u00e4 &#8221;zipflbob&#8221;-mestaruuskilpailuissa.<\/p>\n<p>Tiedot:<\/p>\n<h3>oranssi ter\u00e4v\u00e4k\u00e4rkinen polkkatukka (mini bob)<\/h3>\n<p>Paino: noin 1,7 kg<br \/>\nMitat L x S x K (cm): 53 x 33 x 40<br \/>\nMateriaali: HD PE (ftalaatiton)<br \/>\nSallittu kuormitus: max 100 kg<\/p>\n<p>Valmistettu Saksassa - Made in Germany<\/p>\n<p>Varoitus: Ei sovellu alle kolmivuotiaille lapsille. K\u00e4yt\u00e4 aikuisten suorassa valvonnassa.  K\u00e4ytet\u00e4\u00e4n suojavarusteiden kanssa.<\/p>\n<p>Tavaroihimme sovelletaan lakis\u00e4\u00e4teisi\u00e4 takuuoikeuksia. Huomioi turvallisuusohjeet ja <a href=\"https:\/\/mini-bob.com\/fi\/faq\/\" target=\"_blank\" rel=\"noopener noreferrer\">FAQ!<\/a> <\/p>\n<p>L\u00f6yd\u00e4t lis\u00e4\u00e4 mielenkiintoista tietoa alkuper\u00e4isest\u00e4 oranssinv\u00e4risest\u00e4 Zipfelbobista <strong>mini bobin verkkosivuilta:<\/strong><strong><a href=\"https:\/\/mini-bob.com\/fi\/mini-bob\/\" target=\"_blank\" rel=\"noopener noreferrer\">alkuper\u00e4inen mini bobin verkkosivusto<\/a><\/strong><\/p>\n<p>Myynti vain tavanomaisissa kotitalousm\u00e4\u00e4riss\u00e4 - vain yksityisk\u00e4ytt\u00f6\u00f6n! Kaupallinen j\u00e4lleenmyynti (lis\u00e4maksusta) on kielletty! <\/p>\n","protected":false},"excerpt":{"rendered":"<p>Alkuper\u00e4inen mini bob oranssina - zipflbob Orange - oranssi k\u00e4rkinen bobbob<\/p>\n","protected":false},"featured_media":160605,"comment_status":"open","ping_status":"closed","template":"","meta":{"_acf_changed":false},"product_brand":[],"product_cat":[1509,1510],"product_tag":[],"class_list":{"0":"post-160601","1":"product","2":"type-product","3":"status-publish","4":"has-post-thumbnail","6":"product_cat-mini-bob-special-edition","7":"product_cat-minibob","8":"product_shipping_class-minibob","9":"description-off","11":"first","12":"outofstock","13":"featured","14":"taxable","15":"shipping-taxable","16":"purchasable","17":"product-type-simple"},"acf":[],"_links":{"self":[{"href":"https:\/\/mini-bob.com\/fi\/wp-json\/wp\/v2\/product\/160601","targetHints":{"allow":["GET"]}}],"collection":[{"href":"https:\/\/mini-bob.com\/fi\/wp-json\/wp\/v2\/product"}],"about":[{"href":"https:\/\/mini-bob.com\/fi\/wp-json\/wp\/v2\/types\/product"}],"replies":[{"embeddable":true,"href":"https:\/\/mini-bob.com\/fi\/wp-json\/wp\/v2\/comments?post=160601"}],"wp:featuredmedia":[{"embeddable":true,"href":"https:\/\/mini-bob.com\/fi\/wp-json\/wp\/v2\/media\/160605"}],"wp:attachment":[{"href":"https:\/\/mini-bob.com\/fi\/wp-json\/wp\/v2\/media?parent=160601"}],"wp:term":[{"taxonomy":"product_brand","embeddable":true,"href":"https:\/\/mini-bob.com\/fi\/wp-json\/wp\/v2\/product_brand?post=160601"},{"taxonomy":"product_cat","embeddable":true,"href":"https:\/\/mini-bob.com\/fi\/wp-json\/wp\/v2\/product_cat?post=160601"},{"taxonomy":"product_tag","embeddable":true,"href":"https:\/\/mini-bob.com\/fi\/wp-json\/wp\/v2\/product_tag?post=160601"}],"curies":[{"name":"wp","href":"https:\/\/api.w.org\/{rel}","templated":true}]}}