{"id":160660,"date":"2019-11-01T10:54:42","date_gmt":"2019-11-01T09:54:42","guid":{"rendered":"https:\/\/mini-bob.com\/produkt\/mini-bob-zipfelbob-organic-t-paita-lapsille-eri-vaerejae\/"},"modified":"2019-11-01T10:54:42","modified_gmt":"2019-11-01T09:54:42","slug":"mini-bob-zipfelbob-organic-t-paita-lapsille-eri-vaerejae","status":"publish","type":"product","link":"https:\/\/mini-bob.com\/fi\/tuote\/mini-bob-zipfelbob-organic-t-paita-lapsille-eri-vaerejae\/","title":{"rendered":"mini bob - Zipfelbob Organic T-paita lapsille - eri v\u00e4rej\u00e4"},"content":{"rendered":"<h2>Alkuper\u00e4inen mini bob (Zipfelbob) Orgaaninen t-paita Lapset<\/h2>\n<ul>\n<li>100 % puuvillaa (luomu), kammattu ja rengaskehr\u00e4tty.<\/li>\n<li>Sile\u00e4 pinta<\/li>\n<li>Kapea kaulus, jossa on elastaania<\/li>\n<li>Olkap\u00e4\u00e4st\u00e4 olkap\u00e4\u00e4h\u00e4n ulottuva kaulanauha<\/li>\n<li>Moderni vartaloa my\u00f6t\u00e4ilev\u00e4 istuvuus<\/li>\n<li>Alkuper\u00e4inen mini bob &#8221;Silhouette&#8221; edess\u00e4 - korkealaatuinen tulostus<\/li>\n<li>Alkuper\u00e4inen mini bob logo hihassa - korkealaatuinen tulostus<\/li>\n<li>40\u00b0C konepesu, sopii rumpukuivaukseen (matala l\u00e4mp\u00f6tila).<\/li>\n<\/ul>\n","protected":false},"excerpt":{"rendered":"<p>Lasten T-paita 100 % luomupuuvillasta, jossa on Zipfelbob &amp; &#8221;mini bob&#8221; -logo.<\/p>\n","protected":false},"featured_media":160679,"comment_status":"closed","ping_status":"closed","template":"","meta":{"_acf_changed":false},"product_brand":[],"product_cat":[1547],"product_tag":[],"class_list":{"0":"post-160660","1":"product","2":"type-product","3":"status-publish","4":"has-post-thumbnail","6":"product_cat-zipfelbob-t-paita-lapset","7":"product_shipping_class-minibob","8":"description-off","10":"first","11":"instock","12":"taxable","13":"shipping-taxable","14":"purchasable","15":"product-type-variable"},"acf":[],"_links":{"self":[{"href":"https:\/\/mini-bob.com\/fi\/wp-json\/wp\/v2\/product\/160660","targetHints":{"allow":["GET"]}}],"collection":[{"href":"https:\/\/mini-bob.com\/fi\/wp-json\/wp\/v2\/product"}],"about":[{"href":"https:\/\/mini-bob.com\/fi\/wp-json\/wp\/v2\/types\/product"}],"replies":[{"embeddable":true,"href":"https:\/\/mini-bob.com\/fi\/wp-json\/wp\/v2\/comments?post=160660"}],"wp:featuredmedia":[{"embeddable":true,"href":"https:\/\/mini-bob.com\/fi\/wp-json\/wp\/v2\/media\/160679"}],"wp:attachment":[{"href":"https:\/\/mini-bob.com\/fi\/wp-json\/wp\/v2\/media?parent=160660"}],"wp:term":[{"taxonomy":"product_brand","embeddable":true,"href":"https:\/\/mini-bob.com\/fi\/wp-json\/wp\/v2\/product_brand?post=160660"},{"taxonomy":"product_cat","embeddable":true,"href":"https:\/\/mini-bob.com\/fi\/wp-json\/wp\/v2\/product_cat?post=160660"},{"taxonomy":"product_tag","embeddable":true,"href":"https:\/\/mini-bob.com\/fi\/wp-json\/wp\/v2\/product_tag?post=160660"}],"curies":[{"name":"wp","href":"https:\/\/api.w.org\/{rel}","templated":true}]}}