{"id":160701,"date":"2018-01-20T19:46:28","date_gmt":"2018-01-20T18:46:28","guid":{"rendered":"https:\/\/mini-bob.com\/produkt\/edition-mini-bob-zipfelbob-kelkka-helmiaeisvalkoinen-helmiaeisvaerinen-versio\/"},"modified":"2018-01-20T19:46:28","modified_gmt":"2018-01-20T18:46:28","slug":"edition-mini-bob-zipfelbob-kelkka-helmiaeisvalkoinen-helmiaeisvaerinen-versio","status":"publish","type":"product","link":"https:\/\/mini-bob.com\/fi\/tuote\/edition-mini-bob-zipfelbob-kelkka-helmiaeisvalkoinen-helmiaeisvaerinen-versio\/","title":{"rendered":"Edition mini bob (Zipfelbob kelkka) helmi\u00e4isvalkoinen helmi\u00e4isv\u00e4rinen versio"},"content":{"rendered":"<h2>Alkuper\u00e4inen mini bob (ter\u00e4v\u00e4 bob) helmi\u00e4isvalkoinen valkoinen<\/h2>\n<p>It\u00e4vallassa 1970-luvulla keksitty <strong>alkuper\u00e4inen mini bob (<\/strong> tunnetaan <strong>my\u00f6s<\/strong> nimill\u00e4 &#8221;zipflbob&#8221;, &#8221;Zipfelbob&#8221; tai &#8221;Zipfybob&#8221;) on valmistettu Saksassa vuodesta 1976 l\u00e4htien, osittain edelleen k\u00e4sity\u00f6n\u00e4.<\/p>\n<p>Jo vuosikymmenien ajan menestyksekk\u00e4\u00e4sti testatun, murtumattoman ja kompaktin muovisen onttorunkorakenteensa ansiosta helmi\u00e4isvalkoinen mini bob <strong>on l\u00e4hes<\/strong> tuhoutumaton ja noin 1,7 kilon painoisella painollaan silti eritt\u00e4in kevyt. Sen matala, vartaloon mukautettu istuma-asento mahdollistaa mukavan ja v\u00e4sym\u00e4tt\u00f6m\u00e4n talvihupailun niin nuorille kuin vanhoillekin. Sen 1970-luvulla tapahtuneesta keksimisest\u00e4 l\u00e4htien kolme sukupolvea on voinut seurata iskulauseen: &#8221;Maxi fun <g id=\"gid_1\"> with mini bob&#8221;.<\/g> <g id=\"gid_2\">Valkoisessa helmi\u00e4isv\u00e4riss\u00e4 oleva mini bob sopii<\/g> kaikille turvallisen ajok\u00e4ytt\u00e4ytymisens\u00e4 ansiosta!    Hauskanpito on taattu lyhyill\u00e4 ja tasaisilla kelkkarinteill\u00e4 sek\u00e4 kilparadoilla. Vakaan rakenteen ja \u00e4\u00e4rimm\u00e4isen ketteryyden ansiosta suuret nopeudet eiv\u00e4t ole ongelma. <\/p>\n<p>Alkuper\u00e4inen valkoinen mini bob on moninkertainen voittaja kansallisissa ja kansainv\u00e4lisiss\u00e4 zipflbob-mestaruuskilpailuissa.<\/p>\n<p>&nbsp;<\/p>\n<p><span style=\"color: #ff0000;\">!! Huomio !!! Duplikaatteja tarjotaan eri verkkokaupoissa. Ostaessasi etsi lisensoitu j\u00e4lleenmyyj\u00e4 ja mini bob logo!  <\/span><\/p>\n<p>&nbsp;<\/p>\n<p>Tiedot:<\/p>\n<h3>helmi\u00e4isvalkoinen ter\u00e4v\u00e4k\u00e4rkinen polkkatukka (mini bob)<\/h3>\n<p>Paino: noin 1,7 kg<br \/>\nMitat L x S x K (cm): 53 x 33 x 40<br \/>\nMateriaali: HD PE (ftalaatiton)<br \/>\nSallittu kuormitus: max 100 kg<br \/>\nValmistettu Saksassa - Made in Germany<\/p>\n<p>Varoitus: Ei sovellu alle kolmivuotiaille lapsille. K\u00e4yt\u00e4 aikuisten suorassa valvonnassa.  K\u00e4ytet\u00e4\u00e4n suojavarusteiden kanssa.<\/p>\n<p>Tavaroihimme sovelletaan lakis\u00e4\u00e4teisi\u00e4 takuuoikeuksia. Huomioi turvallisuusohjeet ja <a href=\"https:\/\/mini-bob.com\/fi\/faq\/\" target=\"_blank\" rel=\"noopener noreferrer\">FAQ!<\/a> <\/p>\n<p>Lis\u00e4\u00e4 mielenkiintoista tietoa alkuper\u00e4isest\u00e4 Zipfelbobista l\u00f6yd\u00e4t <strong>mini bobin verkkosivuilta:<\/strong><strong><a href=\"https:\/\/mini-bob.com\/fi\/mini-bob\/\" target=\"_blank\" rel=\"noopener noreferrer\">alkuper\u00e4inen mini bobin verkkosivusto<\/a><\/strong><\/p>\n<p>Myynti vain tavanomaisissa kotitalousm\u00e4\u00e4riss\u00e4 - vain yksityisk\u00e4ytt\u00f6\u00f6n! Kaupallinen j\u00e4lleenmyynti (lis\u00e4maksusta) on kielletty! <\/p>\n","protected":false},"excerpt":{"rendered":"<p>Erikoissarja helmi\u00e4isvalkoisena. Valon vaikutuksesta t\u00e4m\u00e4 <strong>alkuper\u00e4inen mini bob saa<\/strong> erityisen <strong>kiillon<\/strong>. <\/p>\n<p><strong>Tuotanto on rajoitettu vain muutamaan kappaleeseen.<\/strong>  Ole siis nopea, jotta voit olla yksi onnekkaista!<\/p>\n","protected":false},"featured_media":160702,"comment_status":"open","ping_status":"closed","template":"","meta":{"_acf_changed":false},"product_brand":[],"product_cat":[1509,1510],"product_tag":[1557,1558,1559,1560,1561,1562],"class_list":{"0":"post-160701","1":"product","2":"type-product","3":"status-publish","4":"has-post-thumbnail","6":"product_cat-mini-bob-special-edition","7":"product_cat-minibob","8":"product_tag-mini-bob-special-edition","9":"product_tag-zipfybob-valkoinen","10":"product_tag-muovi-bob-valkoinen","11":"product_tag-zipfelbob-valkoinen","12":"product_tag-minibob-valkoinen","13":"product_tag-kelkka-valkoinen","14":"product_shipping_class-minibob","15":"description-off","17":"first","18":"outofstock","19":"taxable","20":"shipping-taxable","21":"purchasable","22":"product-type-simple"},"acf":[],"_links":{"self":[{"href":"https:\/\/mini-bob.com\/fi\/wp-json\/wp\/v2\/product\/160701","targetHints":{"allow":["GET"]}}],"collection":[{"href":"https:\/\/mini-bob.com\/fi\/wp-json\/wp\/v2\/product"}],"about":[{"href":"https:\/\/mini-bob.com\/fi\/wp-json\/wp\/v2\/types\/product"}],"replies":[{"embeddable":true,"href":"https:\/\/mini-bob.com\/fi\/wp-json\/wp\/v2\/comments?post=160701"}],"wp:featuredmedia":[{"embeddable":true,"href":"https:\/\/mini-bob.com\/fi\/wp-json\/wp\/v2\/media\/160702"}],"wp:attachment":[{"href":"https:\/\/mini-bob.com\/fi\/wp-json\/wp\/v2\/media?parent=160701"}],"wp:term":[{"taxonomy":"product_brand","embeddable":true,"href":"https:\/\/mini-bob.com\/fi\/wp-json\/wp\/v2\/product_brand?post=160701"},{"taxonomy":"product_cat","embeddable":true,"href":"https:\/\/mini-bob.com\/fi\/wp-json\/wp\/v2\/product_cat?post=160701"},{"taxonomy":"product_tag","embeddable":true,"href":"https:\/\/mini-bob.com\/fi\/wp-json\/wp\/v2\/product_tag?post=160701"}],"curies":[{"name":"wp","href":"https:\/\/api.w.org\/{rel}","templated":true}]}}