{"id":160707,"date":"2022-09-15T17:03:16","date_gmt":"2022-09-15T15:03:16","guid":{"rendered":"https:\/\/mini-bob.com\/produkt\/sonderedition-mini-bob-zipflbob-kelkka-vihreae-metallinen\/"},"modified":"2026-02-20T21:34:04","modified_gmt":"2026-02-20T20:34:04","slug":"sonderedition-mini-bob-zipflbob-kelkka-vihreae-metallinen","status":"publish","type":"product","link":"https:\/\/mini-bob.com\/fi\/tuote\/sonderedition-mini-bob-zipflbob-kelkka-vihreae-metallinen\/","title":{"rendered":"++SONDEREDITION++ mini bob (zipflbob kelkka) vihre\u00e4 metallinen"},"content":{"rendered":"<p><strong>+ERIKOISPAINOS+<\/strong><\/p>\n<h2>Alkuper\u00e4inen mini bob (Zipfelbob) vihre\u00e4 metallinen<\/h2>\n<p>It\u00e4vallassa 1970-luvulla keksitty <strong>alkuper\u00e4inen mini bob (<\/strong> tunnetaan <strong>my\u00f6s<\/strong> nimill\u00e4 &#8221;zipflbob&#8221;, &#8221;Zipfelbob&#8221; tai &#8221;Zipfybob&#8221;) on valmistettu Saksassa vuodesta 1976 l\u00e4htien, osittain edelleen k\u00e4sity\u00f6n\u00e4.<\/p>\n<p>Vihre\u00e4n\u00e4 hohtava mini bob <strong>on<\/strong> murtumattomasta ja kompaktista muovista valmistetun onttorunkorakenteensa ansiosta, jota on menestyksekk\u00e4\u00e4sti kokeiltu ja testattu vuosikymmenien ajan, <strong>l\u00e4hes<\/strong> tuhoutumaton ja noin 1,7 kilon painoisella painollaan silti eritt\u00e4in kevyt. Sen matala, vartaloon mukautettu istuma-asento mahdollistaa mukavan ja v\u00e4sym\u00e4tt\u00f6m\u00e4n talvihupailun niin nuorille kuin vanhoillekin. Sen 1970-luvulla tapahtuneesta keksimisest\u00e4 l\u00e4htien kolme sukupolvea on voinut seurata iskulauseen: &#8221;Maxi fun <strong> with mini bob&#8221;.<\/strong> <strong>Metallinvihre\u00e4 mini bob sopii<\/strong> kaikille sen turvallisen k\u00e4sittelyn ansiosta! Hauskuus on taattu lyhyill\u00e4 ja tasaisilla kelkkarinteill\u00e4 sek\u00e4 kilparadoilla. Sen vakaan rakenteen ja \u00e4\u00e4rimm\u00e4isen ohjattavuuden ansiosta suuret nopeudet eiv\u00e4t ole ongelma.     <\/p>\n<p>Alkuper\u00e4inen metallinvihre\u00e4 mini bob on moninkertainen voittaja kansallisissa ja kansainv\u00e4lisiss\u00e4 &#8221;zipflbob&#8221;-mestaruuskilpailuissa.<\/p>\n<p><span style=\"color: #ff0000\">!! Huomio !!! Duplikaatteja tarjotaan eri verkkokaupoissa. Ostaessasi etsi lisensoitu j\u00e4lleenmyyj\u00e4 ja mini bob logo!  <\/span><\/p>\n<p>Tiedot:<\/p>\n<h3>vihre\u00e4-metallinen Zipfelbob (mini bob)<\/h3>\n<p>Paino: noin 1,7 kg<br \/>\nMitat L x S x K (cm): 53 x 33 x 40<br \/>\nMateriaali: HD PE (ftalaatiton)<br \/>\nSallittu kuormitus: max 100 kg<br \/>\nValmistettu Saksassa - Made in Germany<\/p>\n<p>Varoitus: Ei sovellu alle kolmivuotiaille lapsille. K\u00e4yt\u00e4 aikuisten suorassa valvonnassa.  K\u00e4ytet\u00e4\u00e4n suojavarusteiden kanssa.<\/p>\n<p>Tavaroihimme sovelletaan lakis\u00e4\u00e4teisi\u00e4 takuuoikeuksia. Huomioi turvallisuusohjeet ja <a href=\"https:\/\/mini-bob.com\/fi\/faq\/\" target=\"_blank\" rel=\"noopener\">FAQ!<\/a> <\/p>\n<p>Lis\u00e4\u00e4 mielenkiintoista tietoa alkuper\u00e4isest\u00e4 Zipfelbobista l\u00f6yd\u00e4t <strong>mini bobin verkkosivuilta:<\/strong><strong><a href=\"https:\/\/mini-bob.com\/fi\/mini-bob\/\" target=\"_blank\" rel=\"noopener\">alkuper\u00e4inen mini bobin verkkosivusto<\/a><\/strong><\/p>\n<p>Myynti vain tavanomaisissa kotitalousm\u00e4\u00e4riss\u00e4 - vain yksityisk\u00e4ytt\u00f6\u00f6n! Kaupallinen j\u00e4lleenmyynti (lis\u00e4maksusta) on kielletty! <\/p>\n","protected":false},"excerpt":{"rendered":"<h3><strong>+ERIKOISPAINOS+<\/strong><\/h3>\n<p>Erikoissarja vihre\u00e4n\u00e4 metallinhohtoisena. Valon osumisesta riippuen t\u00e4m\u00e4 <strong>omaper\u00e4inen mini bob luo<\/strong> erityisen v\u00e4riefektin. <\/p>\n","protected":false},"featured_media":160735,"comment_status":"open","ping_status":"closed","template":"","meta":{"_acf_changed":false},"product_brand":[],"product_cat":[1550,1509,1510],"product_tag":[1551,1552,1553,1554,1557],"class_list":{"0":"post-160707","1":"product","2":"type-product","3":"status-publish","4":"has-post-thumbnail","6":"product_cat-zipflbob-vihreae","7":"product_cat-mini-bob-special-edition","8":"product_cat-minibob","9":"product_tag-mini-bob-vihreae","10":"product_tag-zipflbob-vihreae","11":"product_tag-zipfybob-vihreae","12":"product_tag-muovi-bob-vihreae","13":"product_tag-mini-bob-special-edition","14":"product_shipping_class-minibob","15":"description-off","17":"first","18":"outofstock","19":"featured","20":"taxable","21":"shipping-taxable","22":"purchasable","23":"product-type-simple"},"acf":[],"_links":{"self":[{"href":"https:\/\/mini-bob.com\/fi\/wp-json\/wp\/v2\/product\/160707","targetHints":{"allow":["GET"]}}],"collection":[{"href":"https:\/\/mini-bob.com\/fi\/wp-json\/wp\/v2\/product"}],"about":[{"href":"https:\/\/mini-bob.com\/fi\/wp-json\/wp\/v2\/types\/product"}],"replies":[{"embeddable":true,"href":"https:\/\/mini-bob.com\/fi\/wp-json\/wp\/v2\/comments?post=160707"}],"wp:featuredmedia":[{"embeddable":true,"href":"https:\/\/mini-bob.com\/fi\/wp-json\/wp\/v2\/media\/160735"}],"wp:attachment":[{"href":"https:\/\/mini-bob.com\/fi\/wp-json\/wp\/v2\/media?parent=160707"}],"wp:term":[{"taxonomy":"product_brand","embeddable":true,"href":"https:\/\/mini-bob.com\/fi\/wp-json\/wp\/v2\/product_brand?post=160707"},{"taxonomy":"product_cat","embeddable":true,"href":"https:\/\/mini-bob.com\/fi\/wp-json\/wp\/v2\/product_cat?post=160707"},{"taxonomy":"product_tag","embeddable":true,"href":"https:\/\/mini-bob.com\/fi\/wp-json\/wp\/v2\/product_tag?post=160707"}],"curies":[{"name":"wp","href":"https:\/\/api.w.org\/{rel}","templated":true}]}}