{"id":160776,"date":"2025-06-22T15:55:15","date_gmt":"2025-06-22T13:55:15","guid":{"rendered":"https:\/\/mini-bob.com\/produkt\/alkuperaeinen-mini-bob-zipfelbob-kelkka-punaisena\/"},"modified":"2026-02-16T00:09:49","modified_gmt":"2026-02-15T23:09:49","slug":"alkuperaeinen-mini-bob-zipfelbob-kelkka-punaisena","status":"publish","type":"product","link":"https:\/\/mini-bob.com\/fi\/tuote\/alkuperaeinen-mini-bob-zipfelbob-kelkka-punaisena\/","title":{"rendered":"Alkuper\u00e4inen mini bob (Zipfelbob-kelkka) punaisena."},"content":{"rendered":"<h2>Alkuper\u00e4inen mini bob (Zipfelbob) punainen<\/h2>\n<p>It\u00e4vallassa 1970-luvulla keksitty <strong>alkuper\u00e4inen mini bob (<\/strong> tunnetaan <strong>my\u00f6s<\/strong> nimill\u00e4 &#8221;zipflbob&#8221;, &#8221;zipfelbob&#8221; tai &#8221;zipfybob&#8221;) on valmistettu Saksassa vuodesta 1976 l\u00e4htien, osittain viel\u00e4 k\u00e4sity\u00f6n\u00e4, murtumattomana ja kevyen\u00e4 kelkkailukelkana.<\/p>\n<p>Alkuper\u00e4isess\u00e4 punaisessa mini bobissa on ergonominen istuin, jossa on erityinen istuinmateriaali, jota k\u00e4ytet\u00e4\u00e4n my\u00f6s autoteollisuudessa. Punaiseen (zipflbob) mini bobiin tukevasti kiinnitetty luja joystick on my\u00f6s ergonomisesti muotoiltu ja luistamaton, jotta se sopii k\u00e4den muotoon. Minibobin alapuolella olevat rataurat takaavat suuntavakavuuden ja suuntavakavuuden.  <\/p>\n<blockquote><p><span style=\"color: #ff0000;\">!! Huomio !!! Duplikaatteja tarjotaan eri verkkokaupoissa. Ostaessasi etsi lisensoitu j\u00e4lleenmyyj\u00e4 ja mini bob logo!  <\/span><\/p><\/blockquote>\n<p>Tiedot:<\/p>\n<h3>punainen ter\u00e4v\u00e4k\u00e4rkinen polkkatukka (mini bob)<\/h3>\n<p>Paino: noin 1,7 kg<br \/>\nMitat L x S x K (cm): 53 x 33 x 40<br \/>\nMateriaali: HD PE (ftalaatiton)<br \/>\nSallittu kuormitus: max 100 kg<br \/>\nValmistettu Saksassa - Made in Germany<\/p>\n<p>Varoitus: Ei sovellu alle kolmivuotiaille lapsille. K\u00e4yt\u00e4 aikuisten suorassa valvonnassa.  K\u00e4ytet\u00e4\u00e4n suojavarusteiden kanssa.<\/p>\n<p>Tavaroihimme sovelletaan lakis\u00e4\u00e4teisi\u00e4 takuuoikeuksia. Huomioi turvallisuusohjeet ja <a href=\"https:\/\/mini-bob.com\/fi\/faq\/\" target=\"_blank\" rel=\"noopener noreferrer\">FAQ!<\/a> <\/p>\n<p>Lis\u00e4\u00e4 mielenkiintoista tietoa alkuper\u00e4isest\u00e4 Zipfelbobista l\u00f6yd\u00e4t <strong>mini bobin verkkosivuilta:<\/strong><strong><a href=\"https:\/\/mini-bob.com\/fi\/mini-bob\/\">alkuper\u00e4inen mini bobin verkkosivusto<\/a><\/strong><\/p>\n<p>Myynti vain tavanomaisissa kotitalousm\u00e4\u00e4riss\u00e4 - vain yksityisk\u00e4ytt\u00f6\u00f6n! Kaupallinen j\u00e4lleenmyynti (lis\u00e4maksusta) on kielletty! <\/p>\n","protected":false},"excerpt":{"rendered":"<p>Alkuper\u00e4inen mini bob punaisena - zipflbob punainen - zipflbob punainen<\/p>\n","protected":false},"featured_media":160797,"comment_status":"open","ping_status":"closed","template":"","meta":{"_acf_changed":false},"product_brand":[],"product_cat":[1510,1576],"product_tag":[1591,1592,1593,1594,1590],"class_list":{"0":"post-160776","1":"product","2":"type-product","3":"status-publish","4":"has-post-thumbnail","6":"product_cat-minibob","7":"product_cat-minibobin-vakiopainokset","8":"product_tag-minibob-punainen","9":"product_tag-punainen-muovinen-bob","10":"product_tag-zipfybob-punainen","11":"product_tag-zipfy-punainen","12":"product_tag-zipflbob-punainen","13":"product_shipping_class-minibob","14":"description-off","16":"first","17":"instock","18":"featured","19":"taxable","20":"shipping-taxable","21":"purchasable","22":"product-type-simple"},"acf":[],"_links":{"self":[{"href":"https:\/\/mini-bob.com\/fi\/wp-json\/wp\/v2\/product\/160776","targetHints":{"allow":["GET"]}}],"collection":[{"href":"https:\/\/mini-bob.com\/fi\/wp-json\/wp\/v2\/product"}],"about":[{"href":"https:\/\/mini-bob.com\/fi\/wp-json\/wp\/v2\/types\/product"}],"replies":[{"embeddable":true,"href":"https:\/\/mini-bob.com\/fi\/wp-json\/wp\/v2\/comments?post=160776"}],"wp:featuredmedia":[{"embeddable":true,"href":"https:\/\/mini-bob.com\/fi\/wp-json\/wp\/v2\/media\/160797"}],"wp:attachment":[{"href":"https:\/\/mini-bob.com\/fi\/wp-json\/wp\/v2\/media?parent=160776"}],"wp:term":[{"taxonomy":"product_brand","embeddable":true,"href":"https:\/\/mini-bob.com\/fi\/wp-json\/wp\/v2\/product_brand?post=160776"},{"taxonomy":"product_cat","embeddable":true,"href":"https:\/\/mini-bob.com\/fi\/wp-json\/wp\/v2\/product_cat?post=160776"},{"taxonomy":"product_tag","embeddable":true,"href":"https:\/\/mini-bob.com\/fi\/wp-json\/wp\/v2\/product_tag?post=160776"}],"curies":[{"name":"wp","href":"https:\/\/api.w.org\/{rel}","templated":true}]}}