{"id":10124,"date":"2018-09-01T17:44:52","date_gmt":"2018-09-01T15:44:52","guid":{"rendered":"https:\/\/mini-bob.com\/widerrufsbelehrung\/"},"modified":"2025-11-23T18:13:32","modified_gmt":"2025-11-23T17:13:32","slug":"droit-de-revocation","status":"publish","type":"page","link":"https:\/\/mini-bob.com\/fr\/droit-de-revocation\/","title":{"rendered":"Informations sur le droit de r\u00e9tractation"},"content":{"rendered":"<h3>Droit de r\u00e9tractation pour les consommateurs<\/h3>\n<p>(Le consommateur est toute personne physique qui conclut un acte juridique \u00e0 des fins qui, pour la plupart, ne peuvent \u00eatre attribu\u00e9es ni \u00e0 son activit\u00e9 commerciale ni \u00e0 son activit\u00e9 professionnelle ind\u00e9pendante).<\/p>\n<h1>Informations sur le droit de r\u00e9tractation<\/h1>\n<h3>Droit de r\u00e9tractation<\/h3>\n<p>Tu as le droit de te r\u00e9tracter de ce contrat dans un d\u00e9lai de quatorze jours sans donner de raisons.<\/p>\n<p>Le d\u00e9lai de r\u00e9tractation est de quatorze jours \u00e0 compter du jour,<\/p>\n<ul>\n<li>le jour o\u00f9 toi, ou un tiers autre que le transporteur et d\u00e9sign\u00e9 par toi, a pris possession des marchandises, si tu as command\u00e9 une ou plusieurs marchandises dans le cadre d&rsquo;une commande unique et qu&rsquo;elles sont livr\u00e9es en une seule fois, ou<\/li>\n<li>le jour o\u00f9 toi ou un tiers d\u00e9sign\u00e9 par toi, qui n&rsquo;est pas le transporteur, a pris ou a pris possession du dernier produit, si tu as command\u00e9 plusieurs produits dans le cadre d&rsquo;une commande unique et que ceux-ci sont livr\u00e9s s\u00e9par\u00e9ment, ou<\/li>\n<li>\u00e0 laquelle toi, ou un tiers autre que le transporteur et d\u00e9sign\u00e9 par toi, a pris ou a pris possession du dernier envoi partiel ou de la derni\u00e8re pi\u00e8ce, si tu as command\u00e9 un produit livr\u00e9 en plusieurs envois partiels ou pi\u00e8ces, ou<\/li>\n<li>le jour o\u00f9 toi ou un tiers d\u00e9sign\u00e9 par toi et qui n&rsquo;est pas le transporteur, a pris ou a pris possession du premier produit, si tu as conclu un contrat pour la livraison r\u00e9guli\u00e8re de produits sur une p\u00e9riode d\u00e9termin\u00e9e.<\/li>\n<\/ul>\n<p>Pour exercer ton droit de r\u00e9tractation, tu dois nous informer (Loeger GmbH, Hauptstra\u00dfe 57, Allemagne, num\u00e9ro de t\u00e9l\u00e9phone : +49(0)815892101, adresse e-mail : info@mini-bob.com) de ta d\u00e9cision de te r\u00e9tracter du pr\u00e9sent contrat au moyen d&rsquo;une d\u00e9claration claire (par exemple, une lettre envoy\u00e9e par la poste, un e-mail). Pour ce faire, tu peux utiliser le mod\u00e8le de formulaire de r\u00e9tractation ci-joint, qui n&rsquo;est toutefois pas obligatoire. <\/p>\n<p>Pour que le d\u00e9lai de r\u00e9tractation soit respect\u00e9, il suffit que tu envoies la communication relative \u00e0 l&rsquo;exercice du droit de r\u00e9tractation avant l&rsquo;expiration du d\u00e9lai de r\u00e9tractation.<\/p>\n<h3>Cons\u00e9quences de la r\u00e9tractation<\/h3>\n<p>Si tu r\u00e9voques ce contrat, nous te rembourserons tous les paiements que nous avons re\u00e7us de toi, y compris les frais de livraison (\u00e0 l&rsquo;exception des frais suppl\u00e9mentaires d\u00e9coulant du fait que tu as choisi un mode de livraison autre que le mode de livraison standard le moins cher que nous proposons), sans d\u00e9lai et au plus tard dans les quatorze jours \u00e0 compter de la date \u00e0 laquelle nous avons re\u00e7u la communication de ta r\u00e9vocation de ce contrat. Pour ce remboursement, nous utilisons le m\u00eame moyen de paiement que celui que tu as utilis\u00e9 lors de la transaction initiale, sauf accord contraire explicite avec toi ; en aucun cas, tu n&rsquo;auras \u00e0 payer de frais pour ce remboursement. <\/p>\n<p>Nous pouvons refuser de te rembourser jusqu&rsquo;\u00e0 ce que nous ayons r\u00e9cup\u00e9r\u00e9 les marchandises ou jusqu&rsquo;\u00e0 ce que tu aies fourni la preuve que tu as renvoy\u00e9 les marchandises, la date retenue \u00e9tant la plus proche.<\/p>\n<p>Tu dois nous renvoyer ou nous remettre les marchandises sans d\u00e9lai et, dans tous les cas, au plus tard dans les quatorze jours \u00e0 compter du jour o\u00f9 tu nous as inform\u00e9s de la r\u00e9vocation du pr\u00e9sent contrat. Le d\u00e9lai est respect\u00e9 si tu envoies les marchandises avant l&rsquo;expiration du d\u00e9lai de quatorze jours. <\/p>\n<p>Les frais directs de renvoi des marchandises sont \u00e0 ta charge.<\/p>\n<p>Tu ne devras payer pour une \u00e9ventuelle perte de valeur des marchandises que si cette perte de valeur est due \u00e0 une manipulation non n\u00e9cessaire pour v\u00e9rifier les caract\u00e9ristiques, les propri\u00e9t\u00e9s et le fonctionnement des marchandises.<\/p>\n<h2>Mod\u00e8le de formulaire de r\u00e9tractation<\/h2>\n<p>(Si tu veux annuler le contrat, remplis ce formulaire et renvoie-le).<\/p>\n<p>- A<\/p>\n<p>Loeger GmbH, Hauptstra\u00dfe 57, Allemagne, num\u00e9ro de t\u00e9l\u00e9phone : +49(0)815892101, adresse e-mail : info@mini-bob.com<\/p>\n<p>- Par la pr\u00e9sente, je\/nous (*) annule(ons) le contrat que j&rsquo;ai\/nous avons (*) conclu pour l&rsquo;achat des marchandises suivantes (*)\/la fourniture du service suivant (*)<\/p>\n<p>- Command\u00e9 le (*)\/er- Command\u00e9 le (*)\/re\u00e7u le (*)halten am (*)<\/p>\n<p>- Nom du\/des consommateur(s)<\/p>\n<p>- Adresse du\/des consommateur(s)<\/p>\n<p>- Signature du\/des consommateur(s) (uniquement en cas de communication sur papier)<\/p>\n<p>- Date<\/p>\n<p>___________<br \/>\n(*) Biffer la mention inutile.<\/p>\n","protected":false},"excerpt":{"rendered":"<p>Droit de r\u00e9tractation pour les consommateurs (Le consommateur est toute personne physique qui conclut un acte juridique \u00e0 des fins qui, pour la plupart, ne peuvent \u00eatre attribu\u00e9es ni \u00e0 son activit\u00e9 commerciale ni \u00e0 son activit\u00e9 professionnelle ind\u00e9pendante). Informations sur le droit de r\u00e9tractation Droit de r\u00e9tractation Tu as le droit de te r\u00e9tracter&hellip;<\/p>\n","protected":false},"author":1,"featured_media":0,"parent":0,"menu_order":0,"comment_status":"closed","ping_status":"closed","template":"","meta":{"_acf_changed":false,"footnotes":""},"class_list":["post-10124","page","type-page","status-publish","hentry","description-off"],"acf":[],"_links":{"self":[{"href":"https:\/\/mini-bob.com\/fr\/wp-json\/wp\/v2\/pages\/10124","targetHints":{"allow":["GET"]}}],"collection":[{"href":"https:\/\/mini-bob.com\/fr\/wp-json\/wp\/v2\/pages"}],"about":[{"href":"https:\/\/mini-bob.com\/fr\/wp-json\/wp\/v2\/types\/page"}],"author":[{"embeddable":true,"href":"https:\/\/mini-bob.com\/fr\/wp-json\/wp\/v2\/users\/1"}],"replies":[{"embeddable":true,"href":"https:\/\/mini-bob.com\/fr\/wp-json\/wp\/v2\/comments?post=10124"}],"version-history":[{"count":5,"href":"https:\/\/mini-bob.com\/fr\/wp-json\/wp\/v2\/pages\/10124\/revisions"}],"predecessor-version":[{"id":158559,"href":"https:\/\/mini-bob.com\/fr\/wp-json\/wp\/v2\/pages\/10124\/revisions\/158559"}],"wp:attachment":[{"href":"https:\/\/mini-bob.com\/fr\/wp-json\/wp\/v2\/media?parent=10124"}],"curies":[{"name":"wp","href":"https:\/\/api.w.org\/{rel}","templated":true}]}}