{"id":10248,"date":"2018-10-13T20:22:50","date_gmt":"2018-10-13T18:22:50","guid":{"rendered":"https:\/\/mini-bob.com\/mode-de-livraison\/"},"modified":"2024-12-19T21:19:13","modified_gmt":"2024-12-19T20:19:13","slug":"mode-de-livraison","status":"publish","type":"page","link":"https:\/\/mini-bob.com\/fr\/mode-de-livraison\/","title":{"rendered":"Mode de livraison"},"content":{"rendered":"<p>Modes d&rsquo;exp\u00e9dition<br \/>\nInformations sur les prix<br \/>\nLes frais d&rsquo;exp\u00e9dition d\u00e9pendent de la quantit\u00e9 de marchandises command\u00e9es ainsi que du mode d&rsquo;exp\u00e9dition. Ils vous sont communiqu\u00e9s lors du processus de commande.<br \/>\nLa liste suivante est destin\u00e9e \u00e0 vous informer et \u00e0 vous orienter.<br \/>\nLes frais d&rsquo;exp\u00e9dition r\u00e9els sont calcul\u00e9s lors du processus de commande, qui peut \u00eatre interrompu \u00e0 tout moment.<br \/>\nFrais de livraison :<br \/>\nEn Allemagne, colis DHL, forfait de 4,99 EUR.<br \/>\nEn dehors de l&rsquo;Allemagne mais \u00e0 l&rsquo;int\u00e9rieur de l&rsquo;Europe* DHL Premium Paket, forfait de 10,50 EUR.<br \/>\nLes envois vers la Suisse sont trait\u00e9s par DHL en tant que colis assur\u00e9, forfait de 26,90 EUR - veuillez tenir compte des dispositions douani\u00e8res de votre pays !<br \/>\nLes envois en dehors de l&rsquo;UE et d&rsquo;autres pays (p. ex. Norv\u00e8ge, Finlande) sont trait\u00e9s par DHL en tant que colis assur\u00e9, forfait de 26,90 EUR - veuillez tenir compte des dispositions douani\u00e8res en vigueur dans votre pays !<br \/>\nEnvois contre remboursement, frais DHL de 4,00 EUR en sus.<br \/>\nTous les prix pour les adresses de livraison dans l&rsquo;UE incluent la TVA l\u00e9gale allemande de 19% - veuillez tenir compte des dispositions douani\u00e8res dans votre pays !<br \/>\n*Pour les livraisons en dehors de l&rsquo;Allemagne, des droits de douane, taxes et frais suppl\u00e9mentaires peuvent \u00eatre factur\u00e9s.<br \/>\nFrais de retour pour les colis DHL non distribuables (article 4, paragraphe 6 des CGV PAKET\/EXPRESS NATIONAL), si la non-livraison n&rsquo;est pas imputable \u00e0 DHL : 4,99 EUR par envoi.<br \/>\nLes frais de retour d&rsquo;un montant de 4,99 EUR sont \u00e9galement pr\u00e9lev\u00e9s en cas de disposition pr\u00e9alable (\u00ab Retour imm\u00e9diat \u00bb, \u00ab Avis de non-distribution \u00bb, \u00ab Livraison \u00e0 une date pr\u00e9cise \u00bb, \u00ab Pas de livraison \u00e0 proximit\u00e9 \u00bb) dans tous les cas o\u00f9 il y a un retour.<br \/>\nLes conditions g\u00e9n\u00e9rales de vente de DHL Paket\/Express National (AGB Paket\/Express National) dans leur version en vigueur (consultable sur www.dhl.de) sont applicables.<\/p>\n","protected":false},"excerpt":{"rendered":"<p>Modes d&rsquo;exp\u00e9dition Informations sur les prix Les frais d&rsquo;exp\u00e9dition d\u00e9pendent de la quantit\u00e9 de marchandises command\u00e9es ainsi que du mode d&rsquo;exp\u00e9dition. Ils vous sont communiqu\u00e9s lors du processus de commande. La liste suivante est destin\u00e9e \u00e0 vous informer et \u00e0 vous orienter. Les frais d&rsquo;exp\u00e9dition r\u00e9els sont calcul\u00e9s lors du processus de commande, qui peut&hellip;<\/p>\n","protected":false},"author":1,"featured_media":0,"parent":0,"menu_order":0,"comment_status":"closed","ping_status":"closed","template":"","meta":{"_acf_changed":false,"footnotes":""},"class_list":["post-10248","page","type-page","status-publish","hentry","description-off"],"acf":[],"_links":{"self":[{"href":"https:\/\/mini-bob.com\/fr\/wp-json\/wp\/v2\/pages\/10248","targetHints":{"allow":["GET"]}}],"collection":[{"href":"https:\/\/mini-bob.com\/fr\/wp-json\/wp\/v2\/pages"}],"about":[{"href":"https:\/\/mini-bob.com\/fr\/wp-json\/wp\/v2\/types\/page"}],"author":[{"embeddable":true,"href":"https:\/\/mini-bob.com\/fr\/wp-json\/wp\/v2\/users\/1"}],"replies":[{"embeddable":true,"href":"https:\/\/mini-bob.com\/fr\/wp-json\/wp\/v2\/comments?post=10248"}],"version-history":[{"count":4,"href":"https:\/\/mini-bob.com\/fr\/wp-json\/wp\/v2\/pages\/10248\/revisions"}],"predecessor-version":[{"id":155454,"href":"https:\/\/mini-bob.com\/fr\/wp-json\/wp\/v2\/pages\/10248\/revisions\/155454"}],"wp:attachment":[{"href":"https:\/\/mini-bob.com\/fr\/wp-json\/wp\/v2\/media?parent=10248"}],"curies":[{"name":"wp","href":"https:\/\/api.w.org\/{rel}","templated":true}]}}