{"id":12167,"date":"2017-01-20T21:03:33","date_gmt":"2017-01-20T20:03:33","guid":{"rendered":"https:\/\/mini-bob.com\/bob-sleigh-min-bob-le-traineau-moderne-par-excellence\/"},"modified":"2023-03-27T10:24:49","modified_gmt":"2023-03-27T08:24:49","slug":"bob-sleigh-min-bob-le-traineau-moderne-par-excellence","status":"publish","type":"page","link":"https:\/\/mini-bob.com\/fr\/bob-sleigh-min-bob-le-traineau-moderne-par-excellence\/","title":{"rendered":"bob sleigh min bob - le tra\u00eeneau moderne par excellence"},"content":{"rendered":"<div class=\"wpb-content-wrapper\"><p>[vc_row][vc_column][vc_custom_heading text=\u00a0\u00bbVoici \u00e0 quoi ressemble bob action aujourd&rsquo;hui !\u00a0\u00bb google_fonts=\u00a0\u00bbfont_family:Roboto%20Condensed%3A300%2C300italic%2Cregular%2Citalic%2C700%2C700italic|font_style:400%20regular%3A400%3Anormal\u00a0\u00bb][vc_column_text]La luge ultime pour les jeunes et les moins jeunes, \u00e9prouv\u00e9e par de nombreux tests - inchang\u00e9e et test\u00e9e depuis 1976.[\/vc_column_text][vc_video link=\u00a0\u00bbhttps:\/\/player.vimeo.com\/video\/200398022&Prime;][vc_column_text]Tu ne connais jusqu&rsquo;\u00e0 pr\u00e9sent que la luge en bois \u00ab\u00a0normale\u00a0\u00bb ou la luge dirigeable en plastique ? Alors tu devrais absolument tester le mini bob original ! Une luge innovante, bien qu&rsquo;elle existe d\u00e9j\u00e0 depuis 1976, son concept ne cesse d&rsquo;enthousiasmer en comparaison avec les luges en bois traditionnelles. Dans de nombreux tests comparatifs de luges, il prouve \u00e0 chaque fois \u00e0 quel point son concept est g\u00e9nial et simple \u00e0 la fois. C&rsquo;est pourquoi le minibob a \u00e9t\u00e9 copi\u00e9 \u00e0 plusieurs reprises et son concept de manche \u00e0 balai imit\u00e9.<\/p>\n<p>Lors de l&rsquo;achat d&rsquo;une luge, veille donc \u00e0 acheter un mini bob original - malheureusement, il existe aujourd&rsquo;hui de nombreuses copies bon march\u00e9 en provenance d&rsquo;Extr\u00eame-Orient, qui ne respectent souvent pas les normes de s\u00e9curit\u00e9 \u00e9lev\u00e9es requises.<\/p>\n<p>La luge 2.0 - le mini bob original ![\/vc_column_text][\/vc_column][\/vc_row][vc_row][vc_column][vc_empty_space][\/vc_column][\/vc_row][vc_row][vc_column][vc_custom_heading text=\u00a0\u00bble bobsleigh ultime d&rsquo;aujourd&rsquo;hui\u00a0\u00bb google_fonts=\u00a0\u00bbfont_family:Roboto%20Condensed%3A300%2C300italic%2Cregular%2Citalic%2C700%2C700italic|font_style:400%20regular%3A400%3Anormal\u00a0\u00bb][vc_column_text]Invent\u00e9 dans les ann\u00e9es 1970 et toujours aussi moderne - un classique intemporel, justement : le mini bob.<\/p>\n<p>Si vous cherchez une luge bob qui procure un sacr\u00e9 plaisir dans la neige et qui est ma\u00eetris\u00e9e rapidement, facilement et en toute s\u00e9curit\u00e9 par les jeunes comme par les moins jeunes, notre luge en plastique \u00ab\u00a0mini bob\u00a0\u00bb fera certainement votre bonheur !<\/p>\n<p>Depuis son invention dans les ann\u00e9es 70 en Autriche, le mini bob est produit en Allemagne et enthousiasme depuis des g\u00e9n\u00e9rations.<\/p>\n<p>Gr\u00e2ce \u00e0 sa construction l\u00e9g\u00e8re et robuste en plastique, le petit bob peut \u00eatre transport\u00e9 et ma\u00eetris\u00e9 par les plus petits. Gr\u00e2ce \u00e0 sa construction stable, m\u00eame les conducteurs grands et lourds n&rsquo;ont aucun probl\u00e8me avec la luge bob \u00ab\u00a0mini bob\u00a0\u00bb - jusqu&rsquo;\u00e0 100kg sont possibles ![\/vc_column_text][\/vc_column][\/vc_row][vc_row][vc_column][vc_custom_heading text=\u00a0\u00bbacheter bob luge mini bob\u00a0\u00bb google_fonts=\u00a0\u00bbfont_family:Roboto%20Condensed%3A300%2C300italic%2Cregular%2Citalic%2C700%2C700italic|font_style:400%20regular%3A400%3Anormal\u00a0\u00bb][vc_column_text]<\/p>\n<h4>ici vous pouvez acheter la luge bob ultime \u00ab\u00a0mini bob\u00a0\u00bb !<\/h4>\n<p>[\/vc_column_text]<style type=\"text\/css\" data-type=\"the7_shortcodes-inline-css\">#default-btn-20e6f494fdc235467788973b67c09298.ico-right-side > i {\n  margin-right: 0px;\n  margin-left: 8px;\n}\n#default-btn-20e6f494fdc235467788973b67c09298 > i {\n  margin-right: 8px;\n}<\/style><a href=\"https:\/\/mini-bob.com\/mini-bob-zipfelbob-shop\/\" class=\"default-btn-shortcode dt-btn dt-btn-l pulse animate-element animation-builder link-hover-off btn-inline-left \" id=\"default-btn-20e6f494fdc235467788973b67c09298\" title=\"Original mini bob (Luge) Shop\"><span>ACHETER LUGE MINI BOB<\/span><\/a>[\/vc_column][\/vc_row][vc_row][vc_column][vc_empty_space][\/vc_column][\/vc_row][vc_row][vc_column][vc_custom_heading text=\u00a0\u00bbToutes les informations sur la luge bob \u00ab\u00a0mini bob\u00ab\u00a0.\u00a0\u00bb google_fonts=\u00a0\u00bbfont_family:Roboto%20Condensed%3A300%2C300italic%2Cregular%2Citalic%2C700%2C700italic|font_style:400%20regular%3A400%3Anormal\u00a0\u00bb][vc_single_image image=\u00a0\u00bb10257&Prime; img_size=\u00a0\u00bblarge\u00a0\u00bb][vc_column_text]bob luge<\/p>\n<p>&nbsp;<\/p>\n<p>Sur notre site Internet, vous trouverez toutes les informations sur le mini bob, depuis sa cr\u00e9ation jusqu&rsquo;\u00e0 son d\u00e9veloppement actuel. Pour toute question, vous pouvez consulter notre vaste FAQ ou nous contacter directement.<\/p>\n<p>Si vous souhaitez acheter le mini bob original, vous le trouverez sous \u00ab\u00a0acheter mini bob\u00a0\u00bb. De l\u00e0, vous acc\u00e9dez \u00e0 notre boutique avec des \u00e9ditions sp\u00e9ciales ainsi qu&rsquo;aux commer\u00e7ants qui vendent le bob en ligne et dans les magasins.<\/p>\n<p>Si vous cherchez des informations sur le th\u00e8me de la luge, vous trouverez \u00e9galement quelques articles utiles dans nos actualit\u00e9s.[\/vc_column_text][\/vc_column][\/vc_row]<\/p>\n<\/div>","protected":false},"excerpt":{"rendered":"<p>[vc_row][vc_column][vc_custom_heading text=\u00a0\u00bbVoici \u00e0 quoi ressemble bob action aujourd&rsquo;hui !\u00a0\u00bb google_fonts=\u00a0\u00bbfont_family:Roboto%20Condensed%3A300%2C300italic%2Cregular%2Citalic%2C700%2C700italic|font_style:400%20regular%3A400%3Anormal\u00a0\u00bb][vc_column_text]La luge ultime pour les jeunes et les moins jeunes, \u00e9prouv\u00e9e par de nombreux tests - inchang\u00e9e et test\u00e9e depuis 1976.[\/vc_column_text][vc_video link=\u00a0\u00bbhttps:\/\/player.vimeo.com\/video\/200398022&Prime;][vc_column_text]Tu ne connais jusqu&rsquo;\u00e0 pr\u00e9sent que la luge en bois \u00ab\u00a0normale\u00a0\u00bb ou la luge dirigeable en plastique ? Alors tu devrais absolument tester le mini&hellip;<\/p>\n","protected":false},"author":1,"featured_media":0,"parent":0,"menu_order":0,"comment_status":"closed","ping_status":"closed","template":"","meta":{"_acf_changed":false,"footnotes":""},"class_list":["post-12167","page","type-page","status-publish","hentry","description-off"],"acf":[],"_links":{"self":[{"href":"https:\/\/mini-bob.com\/fr\/wp-json\/wp\/v2\/pages\/12167","targetHints":{"allow":["GET"]}}],"collection":[{"href":"https:\/\/mini-bob.com\/fr\/wp-json\/wp\/v2\/pages"}],"about":[{"href":"https:\/\/mini-bob.com\/fr\/wp-json\/wp\/v2\/types\/page"}],"author":[{"embeddable":true,"href":"https:\/\/mini-bob.com\/fr\/wp-json\/wp\/v2\/users\/1"}],"replies":[{"embeddable":true,"href":"https:\/\/mini-bob.com\/fr\/wp-json\/wp\/v2\/comments?post=12167"}],"version-history":[{"count":11,"href":"https:\/\/mini-bob.com\/fr\/wp-json\/wp\/v2\/pages\/12167\/revisions"}],"predecessor-version":[{"id":152024,"href":"https:\/\/mini-bob.com\/fr\/wp-json\/wp\/v2\/pages\/12167\/revisions\/152024"}],"wp:attachment":[{"href":"https:\/\/mini-bob.com\/fr\/wp-json\/wp\/v2\/media?parent=12167"}],"curies":[{"name":"wp","href":"https:\/\/api.w.org\/{rel}","templated":true}]}}