{"id":12216,"date":"2015-10-25T13:37:22","date_gmt":"2015-10-25T12:37:22","guid":{"rendered":"https:\/\/mini-bob.com\/le-mini-bob-rouge-bob-en-plastique\/"},"modified":"2022-09-26T17:56:53","modified_gmt":"2022-09-26T15:56:53","slug":"le-mini-bob-rouge-bob-en-plastique","status":"publish","type":"page","link":"https:\/\/mini-bob.com\/fr\/le-mini-bob-rouge-bob-en-plastique\/","title":{"rendered":"le mini bob \/ luge rouge"},"content":{"rendered":"<div class=\"wpb-content-wrapper\"><p>[vc_row][vc_column width=\u00a0\u00bb1\/2&Prime;]\n\t\t\t\t<p class=\"rs-p-wp-fix\"><\/p>\n\t\t\t\t<sr7-module data-alias=\"mini-bob-detail\" data-id=\"2\" id=\"SR7_2_1\" data-version=\"6.7.53\">\n\t\t\t\t\t<sr7-adjuster><\/sr7-adjuster>\n\t\t\t\t\t<sr7-content>\n\t\t\t\t\t\t<sr7-slide id=\"SR7_2_1-5\" data-key=\"5\">\n\t\t\t\t\t\t\t<sr7-bg id=\"SR7_2_1-5-slidebg\" class=\"sr7-layer\"><noscript><img decoding=\"async\" src=\"https:\/\/mini-bob.com\/wp-content\/uploads\/2015\/02\/IMG_2427-500.jpg\" alt=\"\" title=\"le mini bob \/ luge rouge\"><\/noscript><\/sr7-bg>\n\t\t\t\t\t\t<\/sr7-slide>\n\t\t\t\t\t\t<sr7-slide id=\"SR7_2_1-6\" data-key=\"6\">\n\t\t\t\t\t\t\t<sr7-bg id=\"SR7_2_1-6-slidebg\" class=\"sr7-layer\"><noscript><img decoding=\"async\" src=\"https:\/\/mini-bob.com\/wp-content\/uploads\/2015\/02\/IMG_2529-500.jpg\" alt=\"\" title=\"le mini bob \/ luge rouge\"><\/noscript><\/sr7-bg>\n\t\t\t\t\t\t<\/sr7-slide>\n\t\t\t\t\t\t<sr7-slide id=\"SR7_2_1-7\" data-key=\"7\">\n\t\t\t\t\t\t\t<sr7-bg id=\"SR7_2_1-7-slidebg\" class=\"sr7-layer\"><noscript><img decoding=\"async\" src=\"https:\/\/mini-bob.com\/wp-content\/uploads\/2015\/02\/IMG_2517-500.jpg\" alt=\"\" title=\"le mini bob \/ luge rouge\"><\/noscript><\/sr7-bg>\n\t\t\t\t\t\t<\/sr7-slide>\n\t\t\t\t\t\t<sr7-slide id=\"SR7_2_1-8\" data-key=\"8\">\n\t\t\t\t\t\t\t<sr7-bg id=\"SR7_2_1-8-slidebg\" class=\"sr7-layer\"><noscript><img decoding=\"async\" src=\"https:\/\/mini-bob.com\/wp-content\/uploads\/2015\/02\/IMG_2442-500.jpg\" alt=\"\" title=\"le mini bob \/ luge rouge\"><\/noscript><\/sr7-bg>\n\t\t\t\t\t\t<\/sr7-slide>\n\t\t\t\t\t\t<sr7-slide id=\"SR7_2_1-9\" data-key=\"9\">\n\t\t\t\t\t\t\t<sr7-bg id=\"SR7_2_1-9-slidebg\" class=\"sr7-layer\"><noscript><img decoding=\"async\" src=\"https:\/\/mini-bob.com\/wp-content\/uploads\/2015\/02\/IMG_2435-500.jpg\" alt=\"\" title=\"le mini bob \/ luge rouge\"><\/noscript><\/sr7-bg>\n\t\t\t\t\t\t<\/sr7-slide>\n\t\t\t\t\t\t<sr7-slide id=\"SR7_2_1-10\" data-key=\"10\">\n\t\t\t\t\t\t\t<sr7-bg id=\"SR7_2_1-10-slidebg\" class=\"sr7-layer\"><noscript><img decoding=\"async\" src=\"https:\/\/mini-bob.com\/wp-content\/uploads\/2015\/02\/IMG_2418-500.jpg\" alt=\"\" title=\"le mini bob \/ luge rouge\"><\/noscript><\/sr7-bg>\n\t\t\t\t\t\t<\/sr7-slide>\n\t\t\t\t\t\t<sr7-slide id=\"SR7_2_1-11\" data-key=\"11\">\n\t\t\t\t\t\t\t<sr7-bg id=\"SR7_2_1-11-slidebg\" class=\"sr7-layer\"><noscript><img decoding=\"async\" src=\"https:\/\/mini-bob.com\/wp-content\/uploads\/2015\/02\/IMG_2495-500.jpg\" alt=\"\" title=\"le mini bob \/ luge rouge\"><\/noscript><\/sr7-bg>\n\t\t\t\t\t\t<\/sr7-slide>\n\t\t\t\t\t\t<sr7-slide id=\"SR7_2_1-47\" data-key=\"47\">\n\t\t\t\t\t\t<\/sr7-slide>\n\t\t\t\t\t<\/sr7-content>\n\t\t\t\t<\/sr7-module>\n\t\t\t\t<script>\n\t\t\t\t\twindow.SR7 ??={};SR7.PMH ??={}; SR7.PMH[\"SR7_2_1\"] = {cn:100,state:false,fn: function() { if (window._tpt!==undefined && window._tpt.prepareModuleHeight !== undefined) {  _tpt.prepareModuleHeight({id:\"SR7_2_1\",el:[],type:'standard',shdw:'1',gh:[350],gw:[200],vpt:['-200px'],size:{fullWidth:false, fullHeight:false},mh:'0',onh:0,onw:0,bg:{color:'#E9E9E9'},plType:'0',plColor:'#FFFFFF'});   SR7.PMH[\"SR7_2_1\"].state=true;} else if(SR7.PMH[\"SR7_2_1\"].cn-->0)\tsetTimeout( SR7.PMH[\"SR7_2_1\"].fn,19);}};SR7.PMH[\"SR7_2_1\" ].fn();\n\t\t\t\t<\/script>\n[\/vc_column][vc_column width=\u00a0\u00bb1\/2&Prime;][vc_custom_heading text=\u00a0\u00bbLe mini bob original (luge) en rouge\u00a0\u00bb google_fonts=\u00a0\u00bbfont_family:Roboto%20Condensed%3A300%2C300italic%2Cregular%2Citalic%2C700%2C700italic|font_style:400%20regular%3A400%3Anormal\u00a0\u00bb][vc_wp_text]Le mini bob (luge) original existe depuis 1976 dans la couleur rouge.<\/p>\n<p>M\u00eame les fabricants d&rsquo;Extr\u00eame-Orient utilisent d\u00e9sormais la combinaison de couleurs \u00ab\u00a0rouge et noir\u00a0\u00bb dans leurs copies pour donner l&rsquo;impression qu&rsquo;il s&rsquo;agit du mini bob original. Ce n&rsquo;est qu&rsquo;avec le logo original mini bob qu&rsquo;une luge rouge est vraiment le mini bob rouge original !<\/p>\n<p>Que l&rsquo;on soit une femme ou un homme, jeune ou vieux, le plaisir avec le mini bob est garanti pour tous ![\/vc_wp_text]<style type=\"text\/css\" data-type=\"the7_shortcodes-inline-css\">#default-btn-bd640513eeac1631998a120010d0477d.ico-right-side > i {\n  margin-right: 0px;\n  margin-left: 8px;\n}\n#default-btn-bd640513eeac1631998a120010d0477d > i {\n  margin-right: 8px;\n}<\/style><a href=\"https:\/\/mini-bob.com\/fr\/produit\/mini-bob-zipfelbob-rouge\/\" class=\"default-btn-shortcode dt-btn dt-btn-l pulse animate-element animation-builder link-hover-off btn-inline-left \" id=\"default-btn-bd640513eeac1631998a120010d0477d\" title=\"la luge mini bob\"><span>ACHETER MINI BOB ROUGE<\/span><\/a>[\/vc_column][\/vc_row][vc_row][vc_column width=\u00a0\u00bb1\/2&Prime;][vc_empty_space height=\u00a0\u00bb110px\u00a0\u00bb][vc_column_text]Au d\u00e9but de son invention, le mini bob original, \u00e9galement connu sous le nom de Zipfybob ou bob en plastique, \u00e9tait encore produit en permanence en rouge. Ce n&rsquo;est que plus tard que l&rsquo;on a opt\u00e9 pour les couleurs contrast\u00e9es rouge et noir (\u00ab\u00a0Zipfi\u00a0\u00bb ainsi que l&rsquo;assise en noir, le corps du Zipfybob en rouge), comme on peut encore l&rsquo;acheter aujourd&rsquo;hui.<\/p>\n<p>Le mini bob rouge se distingue particuli\u00e8rement bien du fond blanc de la neige et donne ainsi de la couleur \u00e0 la neige depuis 1976 d\u00e9j\u00e0.<\/p>\n<p>Marqu\u00e9e par l&rsquo;\u00e9poque color\u00e9e des ann\u00e9es 1970, la \u00ab\u00a0mini luge bob\u00a0\u00bb rouge s\u00e9duit encore aujourd&rsquo;hui sur les collines et les pistes de ski - c&rsquo;est justement un evergreen en rouge.[\/vc_column_text][vc_empty_space]<style type=\"text\/css\" data-type=\"the7_shortcodes-inline-css\">#default-btn-640e1bbc219ac81ec2be63a0ac6da725.ico-right-side > i {\n  margin-right: 0px;\n  margin-left: 8px;\n}\n#default-btn-640e1bbc219ac81ec2be63a0ac6da725 > i {\n  margin-right: 8px;\n}<\/style><a href=\"https:\/\/mini-bob.com\/fr\/la-luge-mini-bob\/\" class=\"default-btn-shortcode dt-btn dt-btn-l pulse animate-element animation-builder link-hover-off btn-inline-left \" id=\"default-btn-640e1bbc219ac81ec2be63a0ac6da725\" title=\"la luge mini bob\"><span>LE MINI BOB DANS D&rsquo;AUTRES COULEURS<\/span><\/a>[vc_empty_space]<style type=\"text\/css\" data-type=\"the7_shortcodes-inline-css\">#default-btn-5d6d57d6baade5d325b4fd269005e0c6.ico-right-side > i {\n  margin-right: 0px;\n  margin-left: 8px;\n}\n#default-btn-5d6d57d6baade5d325b4fd269005e0c6 > i {\n  margin-right: 8px;\n}<\/style><a href=\"https:\/\/mini-bob.com\/mini-bob-zipfelbob-shop\/\" class=\"default-btn-shortcode dt-btn dt-btn-l pulse animate-element animation-builder link-hover-off btn-inline-left \" id=\"default-btn-5d6d57d6baade5d325b4fd269005e0c6\" title=\"Boutique originale mini bob (luge)\"><span>CLIQUEZ ICI POUR ACC\u00c9DER \u00c0 LA BOUTIQUE<\/span><\/a>[\/vc_column][vc_column width=\u00a0\u00bb1\/2&Prime; css=\u00a0\u00bb.vc_custom_1660905577148{padding-top: 70px !important;}\u00a0\u00bb][vc_single_image image=\u00a0\u00bb135202&Prime; img_size=\u00a0\u00bblarge\u00a0\u00bb][\/vc_column][\/vc_row][vc_row][vc_column][vc_single_image image=\u00a0\u00bb2224&Prime; img_size=\u00a0\u00bbfull\u00a0\u00bb][\/vc_column][\/vc_row][vc_row][vc_column][vc_wp_text]Le mini bob original dans la couleur classique rouge\/noir - l&rsquo;evergreen parmi les bobs en plastique[\/vc_wp_text][\/vc_column][\/vc_row]<\/p>\n<\/div>","protected":false},"excerpt":{"rendered":"<p>[vc_row][vc_column width=\u00a0\u00bb1\/2&Prime;][\/vc_column][vc_column width=\u00a0\u00bb1\/2&Prime;][vc_custom_heading text=\u00a0\u00bbLe mini bob original (luge) en rouge\u00a0\u00bb google_fonts=\u00a0\u00bbfont_family:Roboto%20Condensed%3A300%2C300italic%2Cregular%2Citalic%2C700%2C700italic|font_style:400%20regular%3A400%3Anormal\u00a0\u00bb][vc_wp_text]Le mini bob (luge) original existe depuis 1976 dans la couleur rouge. M\u00eame les fabricants d&rsquo;Extr\u00eame-Orient utilisent d\u00e9sormais la combinaison de couleurs \u00ab\u00a0rouge et noir\u00a0\u00bb dans leurs copies pour donner l&rsquo;impression qu&rsquo;il s&rsquo;agit du mini bob original. Ce n&rsquo;est qu&rsquo;avec le logo original mini bob&hellip;<\/p>\n","protected":false},"author":1,"featured_media":0,"parent":0,"menu_order":0,"comment_status":"closed","ping_status":"closed","template":"","meta":{"_acf_changed":false,"footnotes":""},"class_list":["post-12216","page","type-page","status-publish","hentry","description-off"],"acf":[],"_links":{"self":[{"href":"https:\/\/mini-bob.com\/fr\/wp-json\/wp\/v2\/pages\/12216","targetHints":{"allow":["GET"]}}],"collection":[{"href":"https:\/\/mini-bob.com\/fr\/wp-json\/wp\/v2\/pages"}],"about":[{"href":"https:\/\/mini-bob.com\/fr\/wp-json\/wp\/v2\/types\/page"}],"author":[{"embeddable":true,"href":"https:\/\/mini-bob.com\/fr\/wp-json\/wp\/v2\/users\/1"}],"replies":[{"embeddable":true,"href":"https:\/\/mini-bob.com\/fr\/wp-json\/wp\/v2\/comments?post=12216"}],"version-history":[{"count":6,"href":"https:\/\/mini-bob.com\/fr\/wp-json\/wp\/v2\/pages\/12216\/revisions"}],"predecessor-version":[{"id":147458,"href":"https:\/\/mini-bob.com\/fr\/wp-json\/wp\/v2\/pages\/12216\/revisions\/147458"}],"wp:attachment":[{"href":"https:\/\/mini-bob.com\/fr\/wp-json\/wp\/v2\/media?parent=12216"}],"curies":[{"name":"wp","href":"https:\/\/api.w.org\/{rel}","templated":true}]}}