{"id":12220,"date":"2017-01-08T13:29:04","date_gmt":"2017-01-08T12:29:04","guid":{"rendered":"https:\/\/mini-bob.com\/achetez-le-traineau-ultime-le-mini-bob-original\/"},"modified":"2023-03-19T18:34:37","modified_gmt":"2023-03-19T17:34:37","slug":"achetez-le-traineau-ultime-le-mini-bob-original","status":"publish","type":"page","link":"https:\/\/mini-bob.com\/fr\/achetez-le-traineau-ultime-le-mini-bob-original\/","title":{"rendered":"acheter la luge ultime - le mini bob original"},"content":{"rendered":"<div class=\"wpb-content-wrapper\"><p>[vc_row][vc_column][vc_custom_heading text=\u00a0\u00bbMaxi-plaisir avec mini bob - la luge ultime\u00a0\u00bb font_container=\u00a0\u00bbtag:h1|text_align:left\u00a0\u00bb google_fonts=\u00a0\u00bbfont_family:Roboto%20Condensed%3A300%2C300italic%2Cregular%2Citalic%2C700%2C700italic|font_style:400%20regular%3A400%3Anormal\u00a0\u00bb][\/vc_column][\/vc_row][vc_row][vc_column][vc_custom_heading text=\u00a0\u00bbSi tu veux faire de la luge, fais-le avec mini bob !\u00a0\u00bb font_container=\u00a0\u00bbtag:h2|text_align:center\u00a0\u00bb google_fonts=\u00a0\u00bbfont_family:Roboto%20Condensed%3A300%2C300italic%2Cregular%2Citalic%2C700%2C700italic|font_style:400%20regular%3A400%3Anormal\u00a0\u00bb][\/vc_column][\/vc_row][vc_row][vc_column][vc_single_image image=\u00a0\u00bb10257&Prime; img_size=\u00a0\u00bblarge\u00a0\u00bb alignment=\u00a0\u00bbcenter\u00a0\u00bb onclick=\u00a0\u00bbzoom\u00a0\u00bb lazy_loading=\u00a0\u00bbtrue\u00a0\u00bb][\/vc_column][\/vc_row][vc_row][vc_column][vc_custom_heading text=\u00a0\u00bbLa luge unique et peut-\u00eatre la meilleure pour les plaisirs de la neige - made in Germany depuis 1976 !\u00a0\u00bb font_container=\u00a0\u00bbtag:h2|text_align:center\u00a0\u00bb google_fonts=\u00a0\u00bbfont_family:Roboto%20Condensed%3A300%2C300italic%2Cregular%2Citalic%2C700%2C700italic|font_style:400%20regular%3A400%3Anormal\u00a0\u00bb][vc_column_text]Tu ne connais jusqu&rsquo;\u00e0 pr\u00e9sent que les luges en bois habituelles ? Alors laisse-toi surprendre par le plaisir que peut encore procurer la luge !<\/p>\n<p>Invent\u00e9 dans les Alpes autrichiennes et fabriqu\u00e9 en Allemagne depuis 1976 avec les plus hautes exigences de qualit\u00e9, le mini bob original offre un maximum de plaisir de conduite en toute s\u00e9curit\u00e9.<\/p>\n<p>Gr\u00e2ce \u00e0 sa forme et \u00e0 son concept uniques, le mini bob est bien sup\u00e9rieur aux luges normales. On apprend vite \u00e0 se diriger avec pr\u00e9cision et \u00e0 freiner rapidement et efficacement.<\/p>\n<p>de la simple descente d&rsquo;une petite colline aux cascades spectaculaires, tout est possible avec la petite mini luge.<\/p>\n<p>Le mini bob original est disponible dans le commerce dans de nombreuses couleurs diff\u00e9rentes. Ceux qui souhaitent acheter une luge ont donc d\u00e9sormais le choix entre de nombreuses couleurs vives, qui font particuli\u00e8rement bien leur effet dans la neige.[\/vc_column_text][\/vc_column][\/vc_row][vc_row][vc_column][vc_custom_heading text=\u00a0\u00bbmini bob - acheter la luge ultime ?\u00a0\u00bb google_fonts=\u00a0\u00bbfont_family:Roboto%20Condensed%3A300%2C300italic%2Cregular%2Citalic%2C700%2C700italic|font_style:400%20regular%3A400%3Anormal\u00a0\u00bb]<style type=\"text\/css\" data-type=\"the7_shortcodes-inline-css\">#default-btn-5d6d57d6baade5d325b4fd269005e0c6.ico-right-side > i {\n  margin-right: 0px;\n  margin-left: 8px;\n}\n#default-btn-5d6d57d6baade5d325b4fd269005e0c6 > i {\n  margin-right: 8px;\n}<\/style><a href=\"https:\/\/mini-bob.com\/mini-bob-zipfelbob-shop\/\" class=\"default-btn-shortcode dt-btn dt-btn-l pulse animate-element animation-builder link-hover-off btn-inline-left \" id=\"default-btn-5d6d57d6baade5d325b4fd269005e0c6\" title=\"Boutique originale mini bob (luge)\"><span>ACHETER MINI BOB !<\/span><\/a>[\/vc_column][\/vc_row][vc_row][vc_column][vc_empty_space][vc_masonry_media_grid initial_loading_animation=\u00a0\u00bbfadeIn\u00a0\u00bb grid_id=\u00a0\u00bbvc_gid:1662623660523-c096aec2-2791-10&Prime; include=\u00a0\u00bb145307,144821,144836,144604,144587&Prime;][\/vc_column][\/vc_row][vc_row][vc_column][vc_column_text]Le mini bob original n&rsquo;est pas fabriqu\u00e9 en bois comme une luge normale, mais dans un plastique indestructible qui est extr\u00eamement r\u00e9sistant et peut supporter les pistes de luge les plus dures. L\u00e0 o\u00f9 les luges en bois se brisent d\u00e9j\u00e0 ou les bobs \u00e0 coque plastique se cassent, le mini bob original continue de fonctionner. Il y a donc moins de risques de blessures qu&rsquo;avec les luges habituelles.<\/p>\n<p>Gr\u00e2ce \u00e0 son centre de gravit\u00e9 bas, m\u00eame en cas de chute, le risque de blessure est tr\u00e8s faible, c&rsquo;est pourquoi le mini bob peut \u00eatre utilis\u00e9 d\u00e8s l&rsquo;\u00e2ge de 3 \u00e0 99 ans.<\/p>\n<p>Ainsi, le mini bob offre le nec plus ultra de la luge pour les jeunes &amp; les moins jeunes.<\/p>\n<p>Gr\u00e2ce \u00e0 sa forme unique de freinage (il suffit de tirer le manche \u00e0 balai vers ton corps), le min bob peut \u00eatre arr\u00eat\u00e9 rapidement et en toute s\u00e9curit\u00e9.[\/vc_column_text][vc_custom_heading text=\u00a0\u00bbmini bob - la fa\u00e7on originale de faire de la luge !\u00a0\u00bb google_fonts=\u00a0\u00bbfont_family:Roboto%20Condensed%3A300%2C300italic%2Cregular%2Citalic%2C700%2C700italic|font_style:400%20regular%3A400%3Anormal\u00a0\u00bb][\/vc_column][\/vc_row][vc_row][vc_column][vc_column_text]Dans notre <a href=\"https:\/\/mini-bob.com\/fr\/faq\/\">FAQ<\/a> (questions et r\u00e9ponses), tu trouveras plus d&rsquo;informations sur le mini bob original.<\/p>\n<p>Dans la rubrique \u00ab\u00a0<a href=\"https:\/\/mini-bob.com\/fr\/la-luge-mini-bob\/\">le mini bob<\/a>\u00ab\u00a0, tu trouveras plus d&rsquo;informations techniques sur le mini bob original.<\/p>\n<p>Tu peux acheter le mini bob original dans un magasin sp\u00e9cialis\u00e9, ou en ligne - tu trouveras une liste de revendeurs ici : <a href=\"https:\/\/mini-bob.com\/fr\/pour-acheter-la-luge-mini-bob\/\">acheter le mini bob<\/a><\/p>\n<p>Si tu es parent et que tu as des questions sur le mini bob, n&rsquo;h\u00e9site pas \u00e0 nous <a href=\"https:\/\/mini-bob.com\/fr\/merci-pour-votre-demande\/\">contacter<\/a>, nous serons ravis de t&rsquo;aider ![\/vc_column_text][\/vc_column][\/vc_row]<\/p>\n<\/div>","protected":false},"excerpt":{"rendered":"<p>[vc_row][vc_column][vc_custom_heading text=\u00a0\u00bbMaxi-plaisir avec mini bob - la luge ultime\u00a0\u00bb font_container=\u00a0\u00bbtag:h1|text_align:left\u00a0\u00bb google_fonts=\u00a0\u00bbfont_family:Roboto%20Condensed%3A300%2C300italic%2Cregular%2Citalic%2C700%2C700italic|font_style:400%20regular%3A400%3Anormal\u00a0\u00bb][\/vc_column][\/vc_row][vc_row][vc_column][vc_custom_heading text=\u00a0\u00bbSi tu veux faire de la luge, fais-le avec mini bob !\u00a0\u00bb font_container=\u00a0\u00bbtag:h2|text_align:center\u00a0\u00bb google_fonts=\u00a0\u00bbfont_family:Roboto%20Condensed%3A300%2C300italic%2Cregular%2Citalic%2C700%2C700italic|font_style:400%20regular%3A400%3Anormal\u00a0\u00bb][\/vc_column][\/vc_row][vc_row][vc_column][vc_single_image image=\u00a0\u00bb10257&Prime; img_size=\u00a0\u00bblarge\u00a0\u00bb alignment=\u00a0\u00bbcenter\u00a0\u00bb onclick=\u00a0\u00bbzoom\u00a0\u00bb lazy_loading=\u00a0\u00bbtrue\u00a0\u00bb][\/vc_column][\/vc_row][vc_row][vc_column][vc_custom_heading text=\u00a0\u00bbLa luge unique et peut-\u00eatre la meilleure pour les plaisirs de la neige - made in Germany depuis 1976 !\u00a0\u00bb font_container=\u00a0\u00bbtag:h2|text_align:center\u00a0\u00bb google_fonts=\u00a0\u00bbfont_family:Roboto%20Condensed%3A300%2C300italic%2Cregular%2Citalic%2C700%2C700italic|font_style:400%20regular%3A400%3Anormal\u00a0\u00bb][vc_column_text]Tu ne connais jusqu&rsquo;\u00e0&hellip;<\/p>\n","protected":false},"author":1,"featured_media":0,"parent":0,"menu_order":0,"comment_status":"closed","ping_status":"closed","template":"","meta":{"_acf_changed":false,"footnotes":""},"class_list":["post-12220","page","type-page","status-publish","hentry","description-off"],"acf":[],"_links":{"self":[{"href":"https:\/\/mini-bob.com\/fr\/wp-json\/wp\/v2\/pages\/12220","targetHints":{"allow":["GET"]}}],"collection":[{"href":"https:\/\/mini-bob.com\/fr\/wp-json\/wp\/v2\/pages"}],"about":[{"href":"https:\/\/mini-bob.com\/fr\/wp-json\/wp\/v2\/types\/page"}],"author":[{"embeddable":true,"href":"https:\/\/mini-bob.com\/fr\/wp-json\/wp\/v2\/users\/1"}],"replies":[{"embeddable":true,"href":"https:\/\/mini-bob.com\/fr\/wp-json\/wp\/v2\/comments?post=12220"}],"version-history":[{"count":10,"href":"https:\/\/mini-bob.com\/fr\/wp-json\/wp\/v2\/pages\/12220\/revisions"}],"predecessor-version":[{"id":151774,"href":"https:\/\/mini-bob.com\/fr\/wp-json\/wp\/v2\/pages\/12220\/revisions\/151774"}],"wp:attachment":[{"href":"https:\/\/mini-bob.com\/fr\/wp-json\/wp\/v2\/media?parent=12220"}],"curies":[{"name":"wp","href":"https:\/\/api.w.org\/{rel}","templated":true}]}}